{"id":413,"date":"2024-04-03T17:42:49","date_gmt":"2024-04-03T17:42:49","guid":{"rendered":"https:\/\/studioeditori.com\/digident\/?page_id=413"},"modified":"2024-04-30T09:06:25","modified_gmt":"2024-04-30T09:06:25","slug":"kombinirani-radovi","status":"publish","type":"page","link":"https:\/\/studioeditori.com\/digident\/kombinirani-radovi\/","title":{"rendered":"Kombinirani radovi"},"content":{"rendered":"\t\t<div data-elementor-type=\"wp-page\" data-elementor-id=\"413\" class=\"elementor elementor-413\" data-elementor-post-type=\"page\">\n\t\t\t\t\t\t<section class=\"elementor-section elementor-top-section elementor-element elementor-element-250fbe16 elementor-section-height-min-height elementor-section-content-middle elementor-section-boxed elementor-section-height-default elementor-section-items-middle\" data-id=\"250fbe16\" data-element_type=\"section\" data-settings=\"{&quot;background_background&quot;:&quot;classic&quot;}\">\n\t\t\t\t\t\t\t<div class=\"elementor-background-overlay\"><\/div>\n\t\t\t\t\t\t\t<div class=\"elementor-container elementor-column-gap-default\">\n\t\t\t\t\t<div class=\"elementor-column elementor-col-100 elementor-top-column elementor-element elementor-element-3a194386\" data-id=\"3a194386\" data-element_type=\"column\">\n\t\t\t<div class=\"elementor-widget-wrap elementor-element-populated\">\n\t\t\t\t\t\t<div class=\"elementor-element elementor-element-1a6f7d de_scroll_animation_no elementor-invisible elementor-widget elementor-widget-heading\" data-id=\"1a6f7d\" data-element_type=\"widget\" data-settings=\"{&quot;_animation&quot;:&quot;fadeInUp&quot;}\" data-widget_type=\"heading.default\">\n\t\t\t\t<div class=\"elementor-widget-container\">\n\t\t\t<style>\/*! elementor - v3.22.0 - 26-06-2024 *\/\n.elementor-heading-title{padding:0;margin:0;line-height:1}.elementor-widget-heading .elementor-heading-title[class*=elementor-size-]>a{color:inherit;font-size:inherit;line-height:inherit}.elementor-widget-heading .elementor-heading-title.elementor-size-small{font-size:15px}.elementor-widget-heading .elementor-heading-title.elementor-size-medium{font-size:19px}.elementor-widget-heading .elementor-heading-title.elementor-size-large{font-size:29px}.elementor-widget-heading .elementor-heading-title.elementor-size-xl{font-size:39px}.elementor-widget-heading .elementor-heading-title.elementor-size-xxl{font-size:59px}<\/style><h2 class=\"elementor-heading-title elementor-size-default\">Kombinirani radovi<\/h2>\t\t<\/div>\n\t\t\t\t<\/div>\n\t\t\t\t<div class=\"elementor-element elementor-element-65fc6c18 de_scroll_animation_no elementor-widget elementor-widget-jkit_heading\" data-id=\"65fc6c18\" data-element_type=\"widget\" data-widget_type=\"jkit_heading.default\">\n\t\t\t\t<div class=\"elementor-widget-container\">\n\t\t\t<div  class=\"jeg-elementor-kit jkit-heading  align-center align-tablet- align-mobile- jeg_module___69eb648092a12\" ><div class=\"heading-section-title  display-inline-block\"><h2 class=\"heading-title\">Naslovna<span class=\"style-color\"><span>&gt;<\/span><\/span>Kombinirani radovi<\/h2><\/div><\/div>\t\t<\/div>\n\t\t\t\t<\/div>\n\t\t\t\t\t<\/div>\n\t\t<\/div>\n\t\t\t\t\t<\/div>\n\t\t<\/section>\n\t\t\t\t<section class=\"elementor-section elementor-top-section elementor-element elementor-element-6443848b elementor-section-boxed elementor-section-height-default elementor-section-height-default\" data-id=\"6443848b\" data-element_type=\"section\">\n\t\t\t\t\t\t<div class=\"elementor-container elementor-column-gap-default\">\n\t\t\t\t\t<div class=\"elementor-column elementor-col-66 elementor-top-column elementor-element elementor-element-9176974\" data-id=\"9176974\" data-element_type=\"column\">\n\t\t\t<div class=\"elementor-widget-wrap elementor-element-populated\">\n\t\t\t\t\t\t<div class=\"elementor-element elementor-element-575795cb de_scroll_animation_no elementor-invisible elementor-widget elementor-widget-image\" data-id=\"575795cb\" data-element_type=\"widget\" data-settings=\"{&quot;_animation&quot;:&quot;fadeInUp&quot;}\" data-widget_type=\"image.default\">\n\t\t\t\t<div class=\"elementor-widget-container\">\n\t\t\t<style>\/*! elementor - v3.22.0 - 26-06-2024 *\/\n.elementor-widget-image{text-align:center}.elementor-widget-image a{display:inline-block}.elementor-widget-image a img[src$=\".svg\"]{width:48px}.elementor-widget-image img{vertical-align:middle;display:inline-block}<\/style>\t\t\t\t\t\t\t\t\t\t<img fetchpriority=\"high\" decoding=\"async\" width=\"800\" height=\"534\" src=\"https:\/\/studioeditori.com\/digident\/wp-content\/uploads\/2024\/04\/kombinirani2-1024x683.jpg\" class=\"attachment-large size-large wp-image-352\" alt=\"\" srcset=\"https:\/\/studioeditori.com\/digident\/wp-content\/uploads\/2024\/04\/kombinirani2-1024x683.jpg 1024w, https:\/\/studioeditori.com\/digident\/wp-content\/uploads\/2024\/04\/kombinirani2-300x200.jpg 300w, https:\/\/studioeditori.com\/digident\/wp-content\/uploads\/2024\/04\/kombinirani2-768x512.jpg 768w, https:\/\/studioeditori.com\/digident\/wp-content\/uploads\/2024\/04\/kombinirani2.jpg 1200w\" sizes=\"(max-width: 800px) 100vw, 800px\" \/>\t\t\t\t\t\t\t\t\t\t\t\t\t<\/div>\n\t\t\t\t<\/div>\n\t\t\t\t<div class=\"elementor-element elementor-element-4382f623 de_scroll_animation_no elementor-invisible elementor-widget elementor-widget-heading\" data-id=\"4382f623\" data-element_type=\"widget\" data-settings=\"{&quot;_animation&quot;:&quot;fadeInUp&quot;}\" data-widget_type=\"heading.default\">\n\t\t\t\t<div class=\"elementor-widget-container\">\n\t\t\t<h2 class=\"elementor-heading-title elementor-size-default\">Kombinirani radovi<\/h2>\t\t<\/div>\n\t\t\t\t<\/div>\n\t\t\t\t<div class=\"elementor-element elementor-element-3f01e78b de_scroll_animation_no elementor-invisible elementor-widget elementor-widget-text-editor\" data-id=\"3f01e78b\" data-element_type=\"widget\" data-settings=\"{&quot;_animation&quot;:&quot;fadeInUp&quot;}\" data-widget_type=\"text-editor.default\">\n\t\t\t\t<div class=\"elementor-widget-container\">\n\t\t\t<style>\/*! elementor - v3.22.0 - 26-06-2024 *\/\n.elementor-widget-text-editor.elementor-drop-cap-view-stacked .elementor-drop-cap{background-color:#69727d;color:#fff}.elementor-widget-text-editor.elementor-drop-cap-view-framed .elementor-drop-cap{color:#69727d;border:3px solid;background-color:transparent}.elementor-widget-text-editor:not(.elementor-drop-cap-view-default) .elementor-drop-cap{margin-top:8px}.elementor-widget-text-editor:not(.elementor-drop-cap-view-default) .elementor-drop-cap-letter{width:1em;height:1em}.elementor-widget-text-editor .elementor-drop-cap{float:left;text-align:center;line-height:1;font-size:50px}.elementor-widget-text-editor .elementor-drop-cap-letter{display:inline-block}<\/style>\t\t\t\t<p>Sastoje se od fiksnog i mobilnoga dijela. Fiksni dio je cementiran u usnoj \u0161upljini, dok je mobilni predvi\u0111en za svakodnevno va\u0111enje i \u010di\u0161\u0107enje.<span class=\"Apple-converted-space\">\u00a0<\/span><\/p>\t\t\t\t\t\t<\/div>\n\t\t\t\t<\/div>\n\t\t\t\t<section class=\"elementor-section elementor-inner-section elementor-element elementor-element-5a1f6ba7 elementor-section-boxed elementor-section-height-default elementor-section-height-default\" data-id=\"5a1f6ba7\" data-element_type=\"section\">\n\t\t\t\t\t\t<div class=\"elementor-container elementor-column-gap-default\">\n\t\t\t\t\t<div class=\"elementor-column elementor-col-33 elementor-inner-column elementor-element elementor-element-60afabc0\" data-id=\"60afabc0\" data-element_type=\"column\">\n\t\t\t<div class=\"elementor-widget-wrap elementor-element-populated\">\n\t\t\t\t\t\t<div class=\"elementor-element elementor-element-65fd5d7a de_scroll_animation_no elementor-invisible elementor-widget elementor-widget-image\" data-id=\"65fd5d7a\" data-element_type=\"widget\" data-settings=\"{&quot;_animation&quot;:&quot;fadeInUp&quot;}\" data-widget_type=\"image.default\">\n\t\t\t\t<div class=\"elementor-widget-container\">\n\t\t\t\t\t\t\t\t\t\t\t\t\t\t<a href=\"https:\/\/studioeditori.com\/digident\/wp-content\/uploads\/2024\/04\/kombinirani1.jpg\" data-elementor-open-lightbox=\"yes\" data-elementor-lightbox-title=\"kombinirani1\" data-e-action-hash=\"#elementor-action%3Aaction%3Dlightbox%26settings%3DeyJpZCI6MzUzLCJ1cmwiOiJodHRwczpcL1wvc3R1ZGlvZWRpdG9yaS5jb21cL2RpZ2lkZW50XC93cC1jb250ZW50XC91cGxvYWRzXC8yMDI0XC8wNFwva29tYmluaXJhbmkxLmpwZyJ9\">\n\t\t\t\t\t\t\t<img decoding=\"async\" width=\"800\" height=\"534\" src=\"https:\/\/studioeditori.com\/digident\/wp-content\/uploads\/2024\/04\/kombinirani1-1024x683.jpg\" class=\"attachment-large size-large wp-image-353\" alt=\"\" srcset=\"https:\/\/studioeditori.com\/digident\/wp-content\/uploads\/2024\/04\/kombinirani1-1024x683.jpg 1024w, https:\/\/studioeditori.com\/digident\/wp-content\/uploads\/2024\/04\/kombinirani1-300x200.jpg 300w, https:\/\/studioeditori.com\/digident\/wp-content\/uploads\/2024\/04\/kombinirani1-768x512.jpg 768w, https:\/\/studioeditori.com\/digident\/wp-content\/uploads\/2024\/04\/kombinirani1.jpg 1200w\" sizes=\"(max-width: 800px) 100vw, 800px\" \/>\t\t\t\t\t\t\t\t<\/a>\n\t\t\t\t\t\t\t\t\t\t\t\t\t<\/div>\n\t\t\t\t<\/div>\n\t\t\t\t\t<\/div>\n\t\t<\/div>\n\t\t\t\t<div class=\"elementor-column elementor-col-33 elementor-inner-column elementor-element elementor-element-2a12e331\" data-id=\"2a12e331\" data-element_type=\"column\">\n\t\t\t<div class=\"elementor-widget-wrap elementor-element-populated\">\n\t\t\t\t\t\t<div class=\"elementor-element elementor-element-33f8e3aa de_scroll_animation_no elementor-invisible elementor-widget elementor-widget-image\" data-id=\"33f8e3aa\" data-element_type=\"widget\" data-settings=\"{&quot;_animation&quot;:&quot;fadeInUp&quot;}\" data-widget_type=\"image.default\">\n\t\t\t\t<div class=\"elementor-widget-container\">\n\t\t\t\t\t\t\t\t\t\t\t\t\t\t<a href=\"https:\/\/studioeditori.com\/digident\/wp-content\/uploads\/2024\/04\/kombinirani3.jpg\" data-elementor-open-lightbox=\"yes\" data-elementor-lightbox-title=\"kombinirani3\" data-e-action-hash=\"#elementor-action%3Aaction%3Dlightbox%26settings%3DeyJpZCI6MzUxLCJ1cmwiOiJodHRwczpcL1wvc3R1ZGlvZWRpdG9yaS5jb21cL2RpZ2lkZW50XC93cC1jb250ZW50XC91cGxvYWRzXC8yMDI0XC8wNFwva29tYmluaXJhbmkzLmpwZyJ9\">\n\t\t\t\t\t\t\t<img decoding=\"async\" width=\"800\" height=\"534\" src=\"https:\/\/studioeditori.com\/digident\/wp-content\/uploads\/2024\/04\/kombinirani3-1024x683.jpg\" class=\"attachment-large size-large wp-image-351\" alt=\"\" srcset=\"https:\/\/studioeditori.com\/digident\/wp-content\/uploads\/2024\/04\/kombinirani3-1024x683.jpg 1024w, https:\/\/studioeditori.com\/digident\/wp-content\/uploads\/2024\/04\/kombinirani3-300x200.jpg 300w, https:\/\/studioeditori.com\/digident\/wp-content\/uploads\/2024\/04\/kombinirani3-768x512.jpg 768w, https:\/\/studioeditori.com\/digident\/wp-content\/uploads\/2024\/04\/kombinirani3.jpg 1200w\" sizes=\"(max-width: 800px) 100vw, 800px\" \/>\t\t\t\t\t\t\t\t<\/a>\n\t\t\t\t\t\t\t\t\t\t\t\t\t<\/div>\n\t\t\t\t<\/div>\n\t\t\t\t\t<\/div>\n\t\t<\/div>\n\t\t\t\t<div class=\"elementor-column elementor-col-33 elementor-inner-column elementor-element elementor-element-714368c7\" data-id=\"714368c7\" data-element_type=\"column\">\n\t\t\t<div class=\"elementor-widget-wrap elementor-element-populated\">\n\t\t\t\t\t\t<div class=\"elementor-element elementor-element-7bd5d53d de_scroll_animation_no elementor-invisible elementor-widget elementor-widget-image\" data-id=\"7bd5d53d\" data-element_type=\"widget\" data-settings=\"{&quot;_animation&quot;:&quot;fadeInUp&quot;}\" data-widget_type=\"image.default\">\n\t\t\t\t<div class=\"elementor-widget-container\">\n\t\t\t\t\t\t\t\t\t\t\t\t\t\t<a href=\"https:\/\/studioeditori.com\/digident\/wp-content\/uploads\/2024\/04\/kombinirani4.jpg\" data-elementor-open-lightbox=\"yes\" data-elementor-lightbox-title=\"kombinirani4\" data-e-action-hash=\"#elementor-action%3Aaction%3Dlightbox%26settings%3DeyJpZCI6MzUwLCJ1cmwiOiJodHRwczpcL1wvc3R1ZGlvZWRpdG9yaS5jb21cL2RpZ2lkZW50XC93cC1jb250ZW50XC91cGxvYWRzXC8yMDI0XC8wNFwva29tYmluaXJhbmk0LmpwZyJ9\">\n\t\t\t\t\t\t\t<img loading=\"lazy\" decoding=\"async\" width=\"800\" height=\"534\" src=\"https:\/\/studioeditori.com\/digident\/wp-content\/uploads\/2024\/04\/kombinirani4-1024x683.jpg\" class=\"attachment-large size-large wp-image-350\" alt=\"\" srcset=\"https:\/\/studioeditori.com\/digident\/wp-content\/uploads\/2024\/04\/kombinirani4-1024x683.jpg 1024w, https:\/\/studioeditori.com\/digident\/wp-content\/uploads\/2024\/04\/kombinirani4-300x200.jpg 300w, https:\/\/studioeditori.com\/digident\/wp-content\/uploads\/2024\/04\/kombinirani4-768x512.jpg 768w, https:\/\/studioeditori.com\/digident\/wp-content\/uploads\/2024\/04\/kombinirani4.jpg 1200w\" sizes=\"(max-width: 800px) 100vw, 800px\" \/>\t\t\t\t\t\t\t\t<\/a>\n\t\t\t\t\t\t\t\t\t\t\t\t\t<\/div>\n\t\t\t\t<\/div>\n\t\t\t\t\t<\/div>\n\t\t<\/div>\n\t\t\t\t\t<\/div>\n\t\t<\/section>\n\t\t\t\t<div class=\"elementor-element elementor-element-469e912c de_scroll_animation_no elementor-invisible elementor-widget elementor-widget-text-editor\" data-id=\"469e912c\" data-element_type=\"widget\" data-settings=\"{&quot;_animation&quot;:&quot;fadeInUp&quot;}\" data-widget_type=\"text-editor.default\">\n\t\t\t\t<div class=\"elementor-widget-container\">\n\t\t\t\t\t\t\t<p>Fiksni dio mo\u017ee biti izra\u0111en od cirkona ili metalkeramike koji na sebi sadr\u017ee attachmente, dok je mobilni dio metalna konstrukcija i akrilatna suprastruktura koji savr\u0161eno nalije\u017eu na fiksni dio koji je u ustima.<span class=\"Apple-converted-space\">\u00a0<\/span><\/p><p>Kombinirani radovi mogu uklju\u010divati kombinaciju dentalnih implantata i bru\u0161enih zuba i mobilnih proteza izra\u0111enih prema specifi\u010dnim potrebama pacijenta.<span class=\"Apple-converted-space\">\u00a0<\/span><\/p>\t\t\t\t\t\t<\/div>\n\t\t\t\t<\/div>\n\t\t\t\t<section class=\"elementor-section elementor-inner-section elementor-element elementor-element-eeb29bd elementor-section-boxed elementor-section-height-default elementor-section-height-default\" data-id=\"eeb29bd\" data-element_type=\"section\">\n\t\t\t\t\t\t<div class=\"elementor-container elementor-column-gap-default\">\n\t\t\t\t\t<div class=\"elementor-column elementor-col-50 elementor-inner-column elementor-element elementor-element-3a2f83c\" data-id=\"3a2f83c\" data-element_type=\"column\">\n\t\t\t<div class=\"elementor-widget-wrap elementor-element-populated\">\n\t\t\t\t\t\t<div class=\"elementor-element elementor-element-372dbbb de_scroll_animation_no elementor-invisible elementor-widget elementor-widget-image\" data-id=\"372dbbb\" data-element_type=\"widget\" data-settings=\"{&quot;_animation&quot;:&quot;fadeInUp&quot;}\" data-widget_type=\"image.default\">\n\t\t\t\t<div class=\"elementor-widget-container\">\n\t\t\t\t\t\t\t\t\t\t\t\t\t\t<a href=\"https:\/\/studioeditori.com\/digident\/wp-content\/uploads\/2024\/04\/kombinirani6.jpg\" data-elementor-open-lightbox=\"yes\" data-elementor-lightbox-title=\"kombinirani6\" data-e-action-hash=\"#elementor-action%3Aaction%3Dlightbox%26settings%3DeyJpZCI6MzQ4LCJ1cmwiOiJodHRwczpcL1wvc3R1ZGlvZWRpdG9yaS5jb21cL2RpZ2lkZW50XC93cC1jb250ZW50XC91cGxvYWRzXC8yMDI0XC8wNFwva29tYmluaXJhbmk2LmpwZyJ9\">\n\t\t\t\t\t\t\t<img loading=\"lazy\" decoding=\"async\" width=\"800\" height=\"534\" src=\"https:\/\/studioeditori.com\/digident\/wp-content\/uploads\/2024\/04\/kombinirani6-1024x683.jpg\" class=\"attachment-large size-large wp-image-348\" alt=\"\" srcset=\"https:\/\/studioeditori.com\/digident\/wp-content\/uploads\/2024\/04\/kombinirani6-1024x683.jpg 1024w, https:\/\/studioeditori.com\/digident\/wp-content\/uploads\/2024\/04\/kombinirani6-300x200.jpg 300w, https:\/\/studioeditori.com\/digident\/wp-content\/uploads\/2024\/04\/kombinirani6-768x512.jpg 768w, https:\/\/studioeditori.com\/digident\/wp-content\/uploads\/2024\/04\/kombinirani6.jpg 1200w\" sizes=\"(max-width: 800px) 100vw, 800px\" \/>\t\t\t\t\t\t\t\t<\/a>\n\t\t\t\t\t\t\t\t\t\t\t\t\t<\/div>\n\t\t\t\t<\/div>\n\t\t\t\t\t<\/div>\n\t\t<\/div>\n\t\t\t\t<div class=\"elementor-column elementor-col-50 elementor-inner-column elementor-element elementor-element-d029d0a\" data-id=\"d029d0a\" data-element_type=\"column\">\n\t\t\t<div class=\"elementor-widget-wrap elementor-element-populated\">\n\t\t\t\t\t\t<div class=\"elementor-element elementor-element-94a01f4 de_scroll_animation_no elementor-invisible elementor-widget elementor-widget-image\" data-id=\"94a01f4\" data-element_type=\"widget\" data-settings=\"{&quot;_animation&quot;:&quot;fadeInUp&quot;}\" data-widget_type=\"image.default\">\n\t\t\t\t<div class=\"elementor-widget-container\">\n\t\t\t\t\t\t\t\t\t\t\t\t\t\t<a href=\"https:\/\/studioeditori.com\/digident\/wp-content\/uploads\/2024\/04\/kombinirani5.jpg\" data-elementor-open-lightbox=\"yes\" data-elementor-lightbox-title=\"kombinirani5\" data-e-action-hash=\"#elementor-action%3Aaction%3Dlightbox%26settings%3DeyJpZCI6MzQ5LCJ1cmwiOiJodHRwczpcL1wvc3R1ZGlvZWRpdG9yaS5jb21cL2RpZ2lkZW50XC93cC1jb250ZW50XC91cGxvYWRzXC8yMDI0XC8wNFwva29tYmluaXJhbmk1LmpwZyJ9\">\n\t\t\t\t\t\t\t<img loading=\"lazy\" decoding=\"async\" width=\"800\" height=\"534\" src=\"https:\/\/studioeditori.com\/digident\/wp-content\/uploads\/2024\/04\/kombinirani5-1024x683.jpg\" class=\"attachment-large size-large wp-image-349\" alt=\"\" srcset=\"https:\/\/studioeditori.com\/digident\/wp-content\/uploads\/2024\/04\/kombinirani5-1024x683.jpg 1024w, https:\/\/studioeditori.com\/digident\/wp-content\/uploads\/2024\/04\/kombinirani5-300x200.jpg 300w, https:\/\/studioeditori.com\/digident\/wp-content\/uploads\/2024\/04\/kombinirani5-768x512.jpg 768w, https:\/\/studioeditori.com\/digident\/wp-content\/uploads\/2024\/04\/kombinirani5.jpg 1200w\" sizes=\"(max-width: 800px) 100vw, 800px\" \/>\t\t\t\t\t\t\t\t<\/a>\n\t\t\t\t\t\t\t\t\t\t\t\t\t<\/div>\n\t\t\t\t<\/div>\n\t\t\t\t\t<\/div>\n\t\t<\/div>\n\t\t\t\t\t<\/div>\n\t\t<\/section>\n\t\t\t\t\t<\/div>\n\t\t<\/div>\n\t\t\t\t<div class=\"elementor-column elementor-col-33 elementor-top-column elementor-element elementor-element-2ffc3eb2\" data-id=\"2ffc3eb2\" data-element_type=\"column\">\n\t\t\t<div class=\"elementor-widget-wrap elementor-element-populated\">\n\t\t\t\t\t\t<div class=\"elementor-element elementor-element-c762e2a jkit-equal-height-disable de_scroll_animation_no elementor-invisible elementor-widget elementor-widget-jkit_icon_box\" data-id=\"c762e2a\" data-element_type=\"widget\" data-settings=\"{&quot;_animation&quot;:&quot;fadeInUp&quot;}\" data-widget_type=\"jkit_icon_box.default\">\n\t\t\t\t<div class=\"elementor-widget-container\">\n\t\t\t<div  class=\"jeg-elementor-kit jkit-icon-box icon-position-left elementor-animation- jeg_module__1_69eb64809a8a9\" ><a href=\"https:\/\/studioeditori.com\/digident\/krunice-i-mostovi\/\" class=\"icon-box-link\" aria-label=\"Learn More\"><div class=\"jkit-icon-box-wrapper hover-from-right\"><div class=\"icon-box icon-box-header elementor-animation-\"><div class=\"icon style-color\"><svg viewBox=\"0 0 256 512\" xmlns=\"http:\/\/www.w3.org\/2000\/svg\"><path d=\"M31.7 239l136-136c9.4-9.4 24.6-9.4 33.9 0l22.6 22.6c9.4 9.4 9.4 24.6 0 33.9L127.9 256l96.4 96.4c9.4 9.4 9.4 24.6 0 33.9L201.7 409c-9.4 9.4-24.6 9.4-33.9 0l-136-136c-9.5-9.4-9.5-24.6-.1-34z\"><\/path><\/svg><\/div><\/div><div class=\"icon-box icon-box-body\">\n                <h2 class=\"title\">Krunice i mostovi<\/h2>\n            <\/div>\n            \n            <\/div><\/a><\/div>\t\t<\/div>\n\t\t\t\t<\/div>\n\t\t\t\t<div class=\"elementor-element elementor-element-2a37109 jkit-equal-height-disable de_scroll_animation_no elementor-invisible elementor-widget elementor-widget-jkit_icon_box\" data-id=\"2a37109\" data-element_type=\"widget\" data-settings=\"{&quot;_animation&quot;:&quot;fadeInUp&quot;}\" data-widget_type=\"jkit_icon_box.default\">\n\t\t\t\t<div class=\"elementor-widget-container\">\n\t\t\t<div  class=\"jeg-elementor-kit jkit-icon-box icon-position-left elementor-animation- jeg_module__2_69eb64809b163\" ><a href=\"https:\/\/studioeditori.com\/digident\/individualni-abutmenti\/\" class=\"icon-box-link\" aria-label=\"Learn More\"><div class=\"jkit-icon-box-wrapper hover-from-right\"><div class=\"icon-box icon-box-header elementor-animation-\"><div class=\"icon style-color\"><svg viewBox=\"0 0 256 512\" xmlns=\"http:\/\/www.w3.org\/2000\/svg\"><path d=\"M31.7 239l136-136c9.4-9.4 24.6-9.4 33.9 0l22.6 22.6c9.4 9.4 9.4 24.6 0 33.9L127.9 256l96.4 96.4c9.4 9.4 9.4 24.6 0 33.9L201.7 409c-9.4 9.4-24.6 9.4-33.9 0l-136-136c-9.5-9.4-9.5-24.6-.1-34z\"><\/path><\/svg><\/div><\/div><div class=\"icon-box icon-box-body\">\n                <h2 class=\"title\">INDIVIDUALNI ABUTMENTI<\/h2>\n            <\/div>\n            \n            <\/div><\/a><\/div>\t\t<\/div>\n\t\t\t\t<\/div>\n\t\t\t\t<div class=\"elementor-element elementor-element-43016bcc jkit-equal-height-disable de_scroll_animation_no elementor-invisible elementor-widget elementor-widget-jkit_icon_box\" data-id=\"43016bcc\" data-element_type=\"widget\" data-settings=\"{&quot;_animation&quot;:&quot;fadeInUp&quot;}\" data-widget_type=\"jkit_icon_box.default\">\n\t\t\t\t<div class=\"elementor-widget-container\">\n\t\t\t<div  class=\"jeg-elementor-kit jkit-icon-box icon-position-left elementor-animation- jeg_module__3_69eb64809b88a\" ><a href=\"https:\/\/studioeditori.com\/digident\/potpuna-i-djelomicna-protetika\/\" class=\"icon-box-link\" aria-label=\"Learn More\"><div class=\"jkit-icon-box-wrapper hover-from-right\"><div class=\"icon-box icon-box-header elementor-animation-\"><div class=\"icon style-color\"><svg viewBox=\"0 0 256 512\" xmlns=\"http:\/\/www.w3.org\/2000\/svg\"><path d=\"M31.7 239l136-136c9.4-9.4 24.6-9.4 33.9 0l22.6 22.6c9.4 9.4 9.4 24.6 0 33.9L127.9 256l96.4 96.4c9.4 9.4 9.4 24.6 0 33.9L201.7 409c-9.4 9.4-24.6 9.4-33.9 0l-136-136c-9.5-9.4-9.5-24.6-.1-34z\"><\/path><\/svg><\/div><\/div><div class=\"icon-box icon-box-body\">\n                <h2 class=\"title\">Potpuna i djelomi\u010dna protetika<\/h2>\n            <\/div>\n            \n            <\/div><\/a><\/div>\t\t<\/div>\n\t\t\t\t<\/div>\n\t\t\t\t<div class=\"elementor-element elementor-element-301132e5 jkit-equal-height-disable de_scroll_animation_no elementor-invisible elementor-widget elementor-widget-jkit_icon_box\" data-id=\"301132e5\" data-element_type=\"widget\" data-settings=\"{&quot;_animation&quot;:&quot;fadeInUp&quot;}\" data-widget_type=\"jkit_icon_box.default\">\n\t\t\t\t<div class=\"elementor-widget-container\">\n\t\t\t<div  class=\"jeg-elementor-kit jkit-icon-box icon-position-left elementor-animation- jeg_module__4_69eb64809bf9d\" ><a href=\"https:\/\/studioeditori.com\/digident\/all-on-4-all-on-6\/\" class=\"icon-box-link\" aria-label=\"Learn More\"><div class=\"jkit-icon-box-wrapper hover-from-right\"><div class=\"icon-box icon-box-header elementor-animation-\"><div class=\"icon style-color\"><svg viewBox=\"0 0 256 512\" xmlns=\"http:\/\/www.w3.org\/2000\/svg\"><path d=\"M31.7 239l136-136c9.4-9.4 24.6-9.4 33.9 0l22.6 22.6c9.4 9.4 9.4 24.6 0 33.9L127.9 256l96.4 96.4c9.4 9.4 9.4 24.6 0 33.9L201.7 409c-9.4 9.4-24.6 9.4-33.9 0l-136-136c-9.5-9.4-9.5-24.6-.1-34z\"><\/path><\/svg><\/div><\/div><div class=\"icon-box icon-box-body\">\n                <h2 class=\"title\">All-On-4\/All-On-6<\/h2>\n            <\/div>\n            \n            <\/div><\/a><\/div>\t\t<\/div>\n\t\t\t\t<\/div>\n\t\t\t\t<div class=\"elementor-element elementor-element-289f024c jkit-equal-height-disable de_scroll_animation_no elementor-invisible elementor-widget elementor-widget-jkit_icon_box\" data-id=\"289f024c\" data-element_type=\"widget\" data-settings=\"{&quot;_animation&quot;:&quot;fadeInUp&quot;}\" data-widget_type=\"jkit_icon_box.default\">\n\t\t\t\t<div class=\"elementor-widget-container\">\n\t\t\t<div  class=\"jeg-elementor-kit jkit-icon-box icon-position-left elementor-animation- jeg_module__5_69eb64809c6b4\" ><a href=\"https:\/\/studioeditori.com\/digident\/kombinirani-radovi\/\" class=\"icon-box-link\" aria-label=\"Learn More\"><div class=\"jkit-icon-box-wrapper hover-from-right\"><div class=\"icon-box icon-box-header elementor-animation-\"><div class=\"icon style-color\"><svg viewBox=\"0 0 256 512\" xmlns=\"http:\/\/www.w3.org\/2000\/svg\"><path d=\"M31.7 239l136-136c9.4-9.4 24.6-9.4 33.9 0l22.6 22.6c9.4 9.4 9.4 24.6 0 33.9L127.9 256l96.4 96.4c9.4 9.4 9.4 24.6 0 33.9L201.7 409c-9.4 9.4-24.6 9.4-33.9 0l-136-136c-9.5-9.4-9.5-24.6-.1-34z\"><\/path><\/svg><\/div><\/div><div class=\"icon-box icon-box-body\">\n                <h2 class=\"title\">Kombinirani radovi<\/h2>\n            <\/div>\n            \n            <\/div><\/a><\/div>\t\t<\/div>\n\t\t\t\t<\/div>\n\t\t\t\t<div class=\"elementor-element elementor-element-1c95f9f jkit-equal-height-disable de_scroll_animation_no elementor-invisible elementor-widget elementor-widget-jkit_icon_box\" data-id=\"1c95f9f\" data-element_type=\"widget\" data-settings=\"{&quot;_animation&quot;:&quot;fadeInUp&quot;}\" data-widget_type=\"jkit_icon_box.default\">\n\t\t\t\t<div class=\"elementor-widget-container\">\n\t\t\t<div  class=\"jeg-elementor-kit jkit-icon-box icon-position-left elementor-animation- jeg_module__6_69eb64809cdbe\" ><a href=\"https:\/\/studioeditori.com\/digident\/ostale-usluge\/\" class=\"icon-box-link\" aria-label=\"Learn More\"><div class=\"jkit-icon-box-wrapper hover-from-right\"><div class=\"icon-box icon-box-header elementor-animation-\"><div class=\"icon style-color\"><svg viewBox=\"0 0 256 512\" xmlns=\"http:\/\/www.w3.org\/2000\/svg\"><path d=\"M31.7 239l136-136c9.4-9.4 24.6-9.4 33.9 0l22.6 22.6c9.4 9.4 9.4 24.6 0 33.9L127.9 256l96.4 96.4c9.4 9.4 9.4 24.6 0 33.9L201.7 409c-9.4 9.4-24.6 9.4-33.9 0l-136-136c-9.5-9.4-9.5-24.6-.1-34z\"><\/path><\/svg><\/div><\/div><div class=\"icon-box icon-box-body\">\n                <h2 class=\"title\">Ostale usluge<\/h2>\n            <\/div>\n            \n            <\/div><\/a><\/div>\t\t<\/div>\n\t\t\t\t<\/div>\n\t\t\t\t\t<\/div>\n\t\t<\/div>\n\t\t\t\t\t<\/div>\n\t\t<\/section>\n\t\t\t\t<\/div>\n\t\t","protected":false},"excerpt":{"rendered":"<p>Kombinirani radovi Naslovna&gt;Kombinirani radovi Kombinirani radovi Sastoje se od fiksnog i mobilnoga dijela. Fiksni dio je cementiran u usnoj \u0161upljini, dok je mobilni predvi\u0111en za svakodnevno va\u0111enje i \u010di\u0161\u0107enje.\u00a0 Fiksni dio mo\u017ee biti izra\u0111en od cirkona ili metalkeramike koji na sebi sadr\u017ee attachmente, dok je mobilni dio metalna konstrukcija i akrilatna suprastruktura koji savr\u0161eno nalije\u017eu [&hellip;]<\/p>\n","protected":false},"author":1,"featured_media":0,"parent":0,"menu_order":0,"comment_status":"closed","ping_status":"closed","template":"elementor_header_footer","meta":{"footnotes":""},"class_list":["post-413","page","type-page","status-publish","hentry"],"_links":{"self":[{"href":"https:\/\/studioeditori.com\/digident\/wp-json\/wp\/v2\/pages\/413","targetHints":{"allow":["GET"]}}],"collection":[{"href":"https:\/\/studioeditori.com\/digident\/wp-json\/wp\/v2\/pages"}],"about":[{"href":"https:\/\/studioeditori.com\/digident\/wp-json\/wp\/v2\/types\/page"}],"author":[{"embeddable":true,"href":"https:\/\/studioeditori.com\/digident\/wp-json\/wp\/v2\/users\/1"}],"replies":[{"embeddable":true,"href":"https:\/\/studioeditori.com\/digident\/wp-json\/wp\/v2\/comments?post=413"}],"version-history":[{"count":20,"href":"https:\/\/studioeditori.com\/digident\/wp-json\/wp\/v2\/pages\/413\/revisions"}],"predecessor-version":[{"id":629,"href":"https:\/\/studioeditori.com\/digident\/wp-json\/wp\/v2\/pages\/413\/revisions\/629"}],"wp:attachment":[{"href":"https:\/\/studioeditori.com\/digident\/wp-json\/wp\/v2\/media?parent=413"}],"curies":[{"name":"wp","href":"https:\/\/api.w.org\/{rel}","templated":true}]}}