{"id":90,"date":"2023-05-29T18:37:26","date_gmt":"2023-05-29T18:37:26","guid":{"rendered":"https:\/\/studioeditori.com\/duje\/?page_id=90"},"modified":"2023-06-09T20:29:31","modified_gmt":"2023-06-09T20:29:31","slug":"privacy-policy","status":"publish","type":"page","link":"https:\/\/studioeditori.com\/duje\/privacy-policy\/","title":{"rendered":"Privacy Policy"},"content":{"rendered":"\t\t<div data-elementor-type=\"wp-page\" data-elementor-id=\"90\" class=\"elementor elementor-90\" data-elementor-post-type=\"page\">\n\t\t\t\t\t\t\t\t\t<section class=\"elementor-section elementor-top-section elementor-element elementor-element-067ebc9 elementor-section-boxed elementor-section-height-default elementor-section-height-default\" data-id=\"067ebc9\" data-element_type=\"section\" data-settings=\"{&quot;background_background&quot;:&quot;classic&quot;}\">\n\t\t\t\t\t\t\t<div class=\"elementor-background-overlay\"><\/div>\n\t\t\t\t\t\t\t<div class=\"elementor-container elementor-column-gap-default\">\n\t\t\t\t\t<div class=\"elementor-column elementor-col-100 elementor-top-column elementor-element elementor-element-3ae5e85\" data-id=\"3ae5e85\" data-element_type=\"column\">\n\t\t\t<div class=\"elementor-widget-wrap elementor-element-populated\">\n\t\t\t\t\t\t\t\t<section class=\"elementor-section elementor-inner-section elementor-element elementor-element-66421ed elementor-section-boxed elementor-section-height-default elementor-section-height-default\" data-id=\"66421ed\" data-element_type=\"section\">\n\t\t\t\t\t\t<div class=\"elementor-container elementor-column-gap-default\">\n\t\t\t\t\t<div class=\"elementor-column elementor-col-100 elementor-inner-column elementor-element elementor-element-3a1b18d\" data-id=\"3a1b18d\" data-element_type=\"column\">\n\t\t\t<div class=\"elementor-widget-wrap elementor-element-populated\">\n\t\t\t\t\t\t\t\t<div class=\"elementor-element elementor-element-db191d0 elementor-icon-list--layout-inline elementor-align-center elementor-list-item-link-full_width elementor-widget elementor-widget-icon-list\" data-id=\"db191d0\" data-element_type=\"widget\" data-widget_type=\"icon-list.default\">\n\t\t\t\t<div class=\"elementor-widget-container\">\n\t\t\t<link rel=\"stylesheet\" href=\"https:\/\/studioeditori.com\/duje\/wp-content\/plugins\/elementor\/assets\/css\/widget-icon-list.min.css\">\t\t<ul class=\"elementor-icon-list-items elementor-inline-items\">\n\t\t\t\t\t\t\t<li class=\"elementor-icon-list-item elementor-inline-item\">\n\t\t\t\t\t\t\t\t\t\t<span class=\"elementor-icon-list-text\">Home<\/span>\n\t\t\t\t\t\t\t\t\t<\/li>\n\t\t\t\t\t\t\t\t<li class=\"elementor-icon-list-item elementor-inline-item\">\n\t\t\t\t\t\t\t\t\t\t\t<span class=\"elementor-icon-list-icon\">\n\t\t\t\t\t\t\t<i aria-hidden=\"true\" class=\"fas fa-chevron-circle-right\"><\/i>\t\t\t\t\t\t<\/span>\n\t\t\t\t\t\t\t\t\t\t<span class=\"elementor-icon-list-text\">Privacy Policy<\/span>\n\t\t\t\t\t\t\t\t\t<\/li>\n\t\t\t\t\t\t<\/ul>\n\t\t\t\t<\/div>\n\t\t\t\t<\/div>\n\t\t\t\t<div class=\"elementor-element elementor-element-be424eb elementor-invisible elementor-widget elementor-widget-heading\" data-id=\"be424eb\" data-element_type=\"widget\" data-settings=\"{&quot;_animation&quot;:&quot;fadeInUp&quot;}\" data-widget_type=\"heading.default\">\n\t\t\t\t<div class=\"elementor-widget-container\">\n\t\t\t<style>\/*! elementor - v3.15.0 - 02-08-2023 *\/\n.elementor-heading-title{padding:0;margin:0;line-height:1}.elementor-widget-heading .elementor-heading-title[class*=elementor-size-]>a{color:inherit;font-size:inherit;line-height:inherit}.elementor-widget-heading .elementor-heading-title.elementor-size-small{font-size:15px}.elementor-widget-heading .elementor-heading-title.elementor-size-medium{font-size:19px}.elementor-widget-heading .elementor-heading-title.elementor-size-large{font-size:29px}.elementor-widget-heading .elementor-heading-title.elementor-size-xl{font-size:39px}.elementor-widget-heading .elementor-heading-title.elementor-size-xxl{font-size:59px}<\/style><h1 class=\"elementor-heading-title elementor-size-default\">Privacy Policy<\/h1>\t\t<\/div>\n\t\t\t\t<\/div>\n\t\t\t\t\t<\/div>\n\t\t<\/div>\n\t\t\t\t\t\t\t<\/div>\n\t\t<\/section>\n\t\t\t\t\t<\/div>\n\t\t<\/div>\n\t\t\t\t\t\t\t<\/div>\n\t\t<\/section>\n\t\t\t\t<section class=\"elementor-section elementor-top-section elementor-element elementor-element-ab59544 elementor-section-boxed elementor-section-height-default elementor-section-height-default\" data-id=\"ab59544\" data-element_type=\"section\">\n\t\t\t\t\t\t<div class=\"elementor-container elementor-column-gap-default\">\n\t\t\t\t\t<div class=\"elementor-column elementor-col-100 elementor-top-column elementor-element elementor-element-bbfe734\" data-id=\"bbfe734\" data-element_type=\"column\">\n\t\t\t<div class=\"elementor-widget-wrap elementor-element-populated\">\n\t\t\t\t\t\t\t\t<div class=\"elementor-element elementor-element-8df5e8a elementor-widget elementor-widget-text-editor\" data-id=\"8df5e8a\" data-element_type=\"widget\" data-widget_type=\"text-editor.default\">\n\t\t\t\t<div class=\"elementor-widget-container\">\n\t\t\t<style>\/*! elementor - v3.15.0 - 02-08-2023 *\/\n.elementor-widget-text-editor.elementor-drop-cap-view-stacked .elementor-drop-cap{background-color:#69727d;color:#fff}.elementor-widget-text-editor.elementor-drop-cap-view-framed .elementor-drop-cap{color:#69727d;border:3px solid;background-color:transparent}.elementor-widget-text-editor:not(.elementor-drop-cap-view-default) .elementor-drop-cap{margin-top:8px}.elementor-widget-text-editor:not(.elementor-drop-cap-view-default) .elementor-drop-cap-letter{width:1em;height:1em}.elementor-widget-text-editor .elementor-drop-cap{float:left;text-align:center;line-height:1;font-size:50px}.elementor-widget-text-editor .elementor-drop-cap-letter{display:inline-block}<\/style>\t\t\t\t<p>You satisfaction is very important to us\u00a0and we are ready to do everything that is necessary to ensure that your booking experience is secure, pleasant and worthy of recommendation.<\/p>\n<p>The data you enter onto our websites are protected and secured, with strict access control. Your personal data, such as delivery address or e-mail address, are stored in a secured system which can be accessed only by authorized employees. If you would like to gain access to, correct, amend or delete any personal information in our system, please send us an e-mail with your request for deletion or correction with the subject heading \u201cDeclaration of consent\u201d to\u00a0info@dujemarinegroup.com.<\/p>\n<p>Please note \u2013 your payment data (the credit card number and information) are not stored in our system, but only transferred to the WSpay\u2122 payment system. The entry and transfer of personal data and credit card information are protected by Standard Alpha SSL protocol with 256-bit encryption secured by SiteGround.com Inc. in accordance with PCI DSS standards. Credit card authorizations and payments are done using the WSpay\u2122 system for credit card authorization and payment in real time.<\/p>\n<p>The exchange of sensitive data between the WSpay\u2122 system which performs online payments and the authorization centres of credit card companies is performed over a private network which has no access to the internet and which is completely protected from unauthorized access using an ISO 8583 protocol.\u00a0We do not have insight into your payment data and none of our employees or partners will ask you to provide any such data.<\/p>\n<p>\u201cUslu\u017eni obrt Du\u0161ko Fazli\u0107 \u0106opi\u0107\u201d as the owner and publisher of the booking website www.dujemarinegroup.com shall ensure the protection of customers\u2019 personal data which are collected for the purpose and with the aim of fulfiling the obligations in relation to the customer.<\/p>\n<p><strong>Cookies<\/strong><br \/>In order for this website to work properly, and in order for us to be able to continue improving it with the aim of enhancing your browsing experience, this website has to store a small amount of information on your computer (Cookies). Almost all websites use cookies, however, in accordance with European Union regulations, since 25 March 2011 we must ask for your consent before storing any cookies. By using this website you agree to the use of cookies. If you disable cookies you will still be able to browse this website but you will not be able to use some of its functionalities.<\/p>\n<p><strong>What are cookies and why do websites use cookies?<\/strong><br \/>Cookies are information stored on your computer from websites you visit. Cookies usually store your settings and settings for web sites such as an address or preferred language. The next time you open the same web site, the internet browser sends back the cookies that belong to that website. This enables the site to show information which is customized to your needs. Cookies can store a wide range of information including personal information (such as your name or email address). However, this information can be stored only if you enable it \u2013 web sites cannot gain access to information or files on your computer if you haven\u2019t given them the access. Activities of storing and sending cookies that are set are not visible to you. However, you can change the settings in your internet browser in order to choose for yourself if you want to accept or reject the request for storing cookies, delete the stored cookies automatically when closing the internet browser etc.<\/p>\n<p><strong>Do all cookies have the same function?<\/strong><br \/>No. There are different types of cookies and different ways in which they are used. Cookies can be categorized according to their function, service life and according to who places them on a website.<\/p>\n<p><strong>How are cookies used?<\/strong><br \/>Our website uses the following types of cookies:<\/p>\n<ul>\n<li><em>Technical cookies:<\/em>\u00a0We try to provide our visitors with an advanced and user\u00adfriendly website that adapts automatically to their needs and wishes. To achieve this, we use technical cookies to show you our website, to make it function correctly, to create your user account, to sign you in and to manage your bookings. Technical cookies are absolutely necessary for our website to function properly.<\/li>\n<li><em>Functional cookies<\/em>: We also use functional cookies to remember your preferences and to help you use our website efficiently and effectively, for example by remembering your preferred currency and language, your searches and the accommodation units you previously viewed. These functional cookies are not strictly necessary for the functioning of our website, but they add functionality for you and enhance your user experience.<\/li>\n<li><em>Analytical cookies:<\/em>\u00a0We use these cookies to gain insight into how our visitors use our website, to find out what is good and what is not, to optimize and improve our website and to ensure that we continue to be interesting and relevant. The data we gather includes information on the websites you have visited, the websites from which you were redirected to our website, as well as the websites from which you left our website, which platform type you used, the date and time of your visit, and various other details such as the number of clicks on a certain web page, your mouse movements and scrolling activity, the search words you used and the text you typed while using our website. We also use analytical cookies as part of our online advertising campaigns to learn how users interact with our website after they have been shown an online advertisement, including advertisements of third\u00adparty websites. However, we will not know who you are, and will only obtain anonymous data. Our business partners may also use analytical cookies to learn if their visitors use the accommodation offers integrated into their websites.<\/li>\n<li><em>Commercial cookies<\/em>: We use third-party cookies to display personalized advertisements on our websites and on other websites. This procedure is called \u201cretargeting\u201d and it is based on your searches on our website, such as destinations you searched, accommodation facilities you viewed and prices that were displayed. Commercial cookies may also be used by selected third parties to display their products and services on our website.<\/li>\n<\/ul>\n<p><strong>How long do dujemarinegroup.com cookies remain active?<\/strong><br \/>The cookies we use have different service lives. The maximum service life set for some of them is three years from your last visit to our booking website. Cookies can be deleted in your browser at any moment. Our cookies can be found under your browser\u2019s settings.<\/p>\t\t\t\t\t\t<\/div>\n\t\t\t\t<\/div>\n\t\t\t\t\t<\/div>\n\t\t<\/div>\n\t\t\t\t\t\t\t<\/div>\n\t\t<\/section>\n\t\t\t\t\t\t\t<\/div>\n\t\t","protected":false},"excerpt":{"rendered":"<p>Home You satisfaction is very important to us\u00a0and we are ready to do everything that is necessary to ensure that your booking experience is secure, pleasant and worthy of recommendation. The data you enter onto our websites are protected and secured, with strict access control. Your personal data, such as delivery address or e-mail address, [&hellip;]<\/p>\n","protected":false},"author":1,"featured_media":0,"parent":0,"menu_order":0,"comment_status":"closed","ping_status":"closed","template":"elementor_header_footer","meta":{"footnotes":""},"categories":[],"tags":[],"class_list":["post-90","page","type-page","status-publish","hentry"],"_links":{"self":[{"href":"https:\/\/studioeditori.com\/duje\/wp-json\/wp\/v2\/pages\/90","targetHints":{"allow":["GET"]}}],"collection":[{"href":"https:\/\/studioeditori.com\/duje\/wp-json\/wp\/v2\/pages"}],"about":[{"href":"https:\/\/studioeditori.com\/duje\/wp-json\/wp\/v2\/types\/page"}],"author":[{"embeddable":true,"href":"https:\/\/studioeditori.com\/duje\/wp-json\/wp\/v2\/users\/1"}],"replies":[{"embeddable":true,"href":"https:\/\/studioeditori.com\/duje\/wp-json\/wp\/v2\/comments?post=90"}],"version-history":[{"count":3,"href":"https:\/\/studioeditori.com\/duje\/wp-json\/wp\/v2\/pages\/90\/revisions"}],"predecessor-version":[{"id":1166,"href":"https:\/\/studioeditori.com\/duje\/wp-json\/wp\/v2\/pages\/90\/revisions\/1166"}],"wp:attachment":[{"href":"https:\/\/studioeditori.com\/duje\/wp-json\/wp\/v2\/media?parent=90"}],"wp:term":[{"taxonomy":"category","embeddable":true,"href":"https:\/\/studioeditori.com\/duje\/wp-json\/wp\/v2\/categories?post=90"},{"taxonomy":"post_tag","embeddable":true,"href":"https:\/\/studioeditori.com\/duje\/wp-json\/wp\/v2\/tags?post=90"}],"curies":[{"name":"wp","href":"https:\/\/api.w.org\/{rel}","templated":true}]}}