{"id":1101,"date":"2026-02-09T20:04:44","date_gmt":"2026-02-09T20:04:44","guid":{"rendered":"https:\/\/studioeditori.com\/level21\/?page_id=1101"},"modified":"2026-02-09T20:40:11","modified_gmt":"2026-02-09T20:40:11","slug":"novo","status":"publish","type":"page","link":"https:\/\/studioeditori.com\/level21\/novo\/","title":{"rendered":"novo"},"content":{"rendered":"\t\t<div data-elementor-type=\"wp-page\" data-elementor-id=\"1101\" class=\"elementor elementor-1101\" data-elementor-post-type=\"page\">\n\t\t\t\t<div class=\"elementor-element elementor-element-45d11278 e-flex e-con-boxed e-con e-parent\" data-id=\"45d11278\" data-element_type=\"container\" data-settings=\"{&quot;background_background&quot;:&quot;classic&quot;}\">\n\t\t\t\t\t<div class=\"e-con-inner\">\n\t\t<div class=\"elementor-element elementor-element-286e1c3a e-con-full e-flex e-con e-child\" data-id=\"286e1c3a\" data-element_type=\"container\">\n\t\t\t\t<div class=\"elementor-element elementor-element-7921149 elementor-widget elementor-widget-heading\" data-id=\"7921149\" data-element_type=\"widget\" data-widget_type=\"heading.default\">\n\t\t\t\t<div class=\"elementor-widget-container\">\n\t\t\t\t\t<h1 class=\"elementor-heading-title elementor-size-default\">BLOG<\/h1>\t\t\t\t<\/div>\n\t\t\t\t<\/div>\n\t\t\t\t<\/div>\n\t\t\t\t\t<\/div>\n\t\t\t\t<\/div>\n\t\t<div class=\"elementor-element elementor-element-66d1f0a1 e-flex e-con-boxed e-con e-parent\" data-id=\"66d1f0a1\" data-element_type=\"container\">\n\t\t\t\t\t<div class=\"e-con-inner\">\n\t\t<div class=\"elementor-element elementor-element-78e55715 e-con-full e-flex e-con e-child\" data-id=\"78e55715\" data-element_type=\"container\">\n\t\t\t\t<div class=\"elementor-element elementor-element-fccd076 elementor-grid-3 elementor-grid-tablet-2 elementor-grid-mobile-1 elementor-posts--thumbnail-top elementor-card-shadow-yes elementor-posts__hover-gradient elementor-widget elementor-widget-posts\" data-id=\"fccd076\" data-element_type=\"widget\" data-settings=\"{&quot;cards_masonry&quot;:&quot;yes&quot;,&quot;cards_columns&quot;:&quot;3&quot;,&quot;cards_columns_tablet&quot;:&quot;2&quot;,&quot;cards_columns_mobile&quot;:&quot;1&quot;,&quot;cards_row_gap&quot;:{&quot;unit&quot;:&quot;px&quot;,&quot;size&quot;:35,&quot;sizes&quot;:[]},&quot;cards_row_gap_tablet&quot;:{&quot;unit&quot;:&quot;px&quot;,&quot;size&quot;:&quot;&quot;,&quot;sizes&quot;:[]},&quot;cards_row_gap_mobile&quot;:{&quot;unit&quot;:&quot;px&quot;,&quot;size&quot;:&quot;&quot;,&quot;sizes&quot;:[]}}\" data-widget_type=\"posts.cards\">\n\t\t\t\t<div class=\"elementor-widget-container\">\n\t\t\t\t\t\t\t<div class=\"elementor-posts-container elementor-posts elementor-posts--skin-cards elementor-grid\" role=\"list\">\n\t\t\t\t<article class=\"elementor-post elementor-grid-item post-1122 post type-post status-publish format-standard has-post-thumbnail hentry category-novo\" role=\"listitem\">\n\t\t\t<div class=\"elementor-post__card\">\n\t\t\t\t<a class=\"elementor-post__thumbnail__link\" href=\"https:\/\/studioeditori.com\/level21\/2026\/02\/09\/zvir-vino-koje-nosi-duh-hvara\/\" tabindex=\"-1\" ><div class=\"elementor-post__thumbnail\"><img fetchpriority=\"high\" decoding=\"async\" width=\"1500\" height=\"2000\" src=\"https:\/\/studioeditori.com\/level21\/wp-content\/uploads\/2026\/02\/WhatsApp-Image-2026-02-06-at-16.28.28.jpeg\" class=\"attachment-full size-full wp-image-1123\" alt=\"\" srcset=\"https:\/\/studioeditori.com\/level21\/wp-content\/uploads\/2026\/02\/WhatsApp-Image-2026-02-06-at-16.28.28.jpeg 1500w, https:\/\/studioeditori.com\/level21\/wp-content\/uploads\/2026\/02\/WhatsApp-Image-2026-02-06-at-16.28.28-225x300.jpeg 225w, https:\/\/studioeditori.com\/level21\/wp-content\/uploads\/2026\/02\/WhatsApp-Image-2026-02-06-at-16.28.28-768x1024.jpeg 768w, https:\/\/studioeditori.com\/level21\/wp-content\/uploads\/2026\/02\/WhatsApp-Image-2026-02-06-at-16.28.28-1152x1536.jpeg 1152w\" sizes=\"(max-width: 1500px) 100vw, 1500px\" \/><\/div><\/a>\n\t\t\t\t<div class=\"elementor-post__badge\">novo<\/div>\n\t\t\t\t<div class=\"elementor-post__text\">\n\t\t\t\t<h3 class=\"elementor-post__title\">\n\t\t\t<a href=\"https:\/\/studioeditori.com\/level21\/2026\/02\/09\/zvir-vino-koje-nosi-duh-hvara\/\" >\n\t\t\t\tZvir\u00a0\u2013 vino koje nosi duh Hvara.\t\t\t<\/a>\n\t\t<\/h3>\n\t\t\t\t<div class=\"elementor-post__excerpt\">\n\t\t\t<p>Vizualno rje\u0161enje nove etiekte na\u0161em dragom klijentu Bell Iakovu<\/p>\t\t<\/div>\n\t\t\n\t\t<a class=\"elementor-post__read-more\" href=\"https:\/\/studioeditori.com\/level21\/2026\/02\/09\/zvir-vino-koje-nosi-duh-hvara\/\" aria-label=\"Read more about Zvir\u00a0\u2013 vino koje nosi duh Hvara.\" tabindex=\"-1\" >\n\t\t\tvi\u0161e\t\t<\/a>\n\n\t\t\t\t<\/div>\n\t\t\t\t<div class=\"elementor-post__meta-data\">\n\t\t\t\t\t<span class=\"elementor-post-date\">\n\t\t\t9 velja\u010de, 2026\t\t<\/span>\n\t\t\t\t<span class=\"elementor-post-avatar\">\n\t\t\tNema komentara\t\t<\/span>\n\t\t\t\t<\/div>\n\t\t\t\t\t<\/div>\n\t\t<\/article>\n\t\t\t\t<article class=\"elementor-post elementor-grid-item post-1120 post type-post status-publish format-standard has-post-thumbnail hentry category-novo\" role=\"listitem\">\n\t\t\t<div class=\"elementor-post__card\">\n\t\t\t\t<a class=\"elementor-post__thumbnail__link\" href=\"https:\/\/studioeditori.com\/level21\/2026\/02\/09\/print-u-digitalnom-dobu-zasto-je-i-dalje-vazan\/\" tabindex=\"-1\" ><div class=\"elementor-post__thumbnail\"><img decoding=\"async\" width=\"2000\" height=\"2000\" src=\"https:\/\/studioeditori.com\/level21\/wp-content\/uploads\/2025\/03\/abstract-surrealism-shape-art-3d-rendering.jpg\" class=\"attachment-full size-full wp-image-830\" alt=\"Abstract surrealism shape art 3D rendering\" srcset=\"https:\/\/studioeditori.com\/level21\/wp-content\/uploads\/2025\/03\/abstract-surrealism-shape-art-3d-rendering.jpg 2000w, https:\/\/studioeditori.com\/level21\/wp-content\/uploads\/2025\/03\/abstract-surrealism-shape-art-3d-rendering-300x300.jpg 300w, https:\/\/studioeditori.com\/level21\/wp-content\/uploads\/2025\/03\/abstract-surrealism-shape-art-3d-rendering-1024x1024.jpg 1024w, https:\/\/studioeditori.com\/level21\/wp-content\/uploads\/2025\/03\/abstract-surrealism-shape-art-3d-rendering-150x150.jpg 150w, https:\/\/studioeditori.com\/level21\/wp-content\/uploads\/2025\/03\/abstract-surrealism-shape-art-3d-rendering-768x768.jpg 768w, https:\/\/studioeditori.com\/level21\/wp-content\/uploads\/2025\/03\/abstract-surrealism-shape-art-3d-rendering-1536x1536.jpg 1536w\" sizes=\"(max-width: 2000px) 100vw, 2000px\" \/><\/div><\/a>\n\t\t\t\t<div class=\"elementor-post__badge\">novo<\/div>\n\t\t\t\t<div class=\"elementor-post__text\">\n\t\t\t\t<h3 class=\"elementor-post__title\">\n\t\t\t<a href=\"https:\/\/studioeditori.com\/level21\/2026\/02\/09\/print-u-digitalnom-dobu-zasto-je-i-dalje-vazan\/\" >\n\t\t\t\tPrint u digitalnom dobu \u2013 za\u0161to je i dalje va\u017ean\t\t\t<\/a>\n\t\t<\/h3>\n\t\t\t\t<div class=\"elementor-post__excerpt\">\n\t\t\t<p>Iako \u017eivimo u digitalnom svijetu, tiskani materijali i dalje imaju sna\u017ean utjecaj. Print stvara fizi\u010dki do\u017eivljaj, budi emociju i ostavlja<\/p>\n\t\t<\/div>\n\t\t\n\t\t<a class=\"elementor-post__read-more\" href=\"https:\/\/studioeditori.com\/level21\/2026\/02\/09\/print-u-digitalnom-dobu-zasto-je-i-dalje-vazan\/\" aria-label=\"Read more about Print u digitalnom dobu \u2013 za\u0161to je i dalje va\u017ean\" tabindex=\"-1\" >\n\t\t\tvi\u0161e\t\t<\/a>\n\n\t\t\t\t<\/div>\n\t\t\t\t<div class=\"elementor-post__meta-data\">\n\t\t\t\t\t<span class=\"elementor-post-date\">\n\t\t\t9 velja\u010de, 2026\t\t<\/span>\n\t\t\t\t<span class=\"elementor-post-avatar\">\n\t\t\tNema komentara\t\t<\/span>\n\t\t\t\t<\/div>\n\t\t\t\t\t<\/div>\n\t\t<\/article>\n\t\t\t\t<article class=\"elementor-post elementor-grid-item post-1 post type-post status-publish format-standard has-post-thumbnail hentry category-novo\" role=\"listitem\">\n\t\t\t<div class=\"elementor-post__card\">\n\t\t\t\t<a class=\"elementor-post__thumbnail__link\" href=\"https:\/\/studioeditori.com\/level21\/2025\/02\/01\/hello-world\/\" tabindex=\"-1\" ><div class=\"elementor-post__thumbnail\"><img decoding=\"async\" width=\"2000\" height=\"1500\" src=\"https:\/\/studioeditori.com\/level21\/wp-content\/uploads\/2025\/03\/abstract-vinyl-discs.jpg\" class=\"attachment-full size-full wp-image-835\" alt=\"abstract vinyl discs\" srcset=\"https:\/\/studioeditori.com\/level21\/wp-content\/uploads\/2025\/03\/abstract-vinyl-discs.jpg 2000w, https:\/\/studioeditori.com\/level21\/wp-content\/uploads\/2025\/03\/abstract-vinyl-discs-300x225.jpg 300w, https:\/\/studioeditori.com\/level21\/wp-content\/uploads\/2025\/03\/abstract-vinyl-discs-1024x768.jpg 1024w, https:\/\/studioeditori.com\/level21\/wp-content\/uploads\/2025\/03\/abstract-vinyl-discs-768x576.jpg 768w, https:\/\/studioeditori.com\/level21\/wp-content\/uploads\/2025\/03\/abstract-vinyl-discs-1536x1152.jpg 1536w\" sizes=\"(max-width: 2000px) 100vw, 2000px\" \/><\/div><\/a>\n\t\t\t\t<div class=\"elementor-post__badge\">novo<\/div>\n\t\t\t\t<div class=\"elementor-post__text\">\n\t\t\t\t<h3 class=\"elementor-post__title\">\n\t\t\t<a href=\"https:\/\/studioeditori.com\/level21\/2025\/02\/01\/hello-world\/\" >\n\t\t\t\tZa\u0161to dobar dizajn nije samo estetika\t\t\t<\/a>\n\t\t<\/h3>\n\t\t\t\t<div class=\"elementor-post__excerpt\">\n\t\t\t<p>Dizajn \u010desto do\u017eivljavamo kao ne\u0161to \u201clijepo na oko\u201d, ali njegova prava vrijednost le\u017ei u funkciji i poruci koju prenosi. Dobar<\/p>\n\t\t<\/div>\n\t\t\n\t\t<a class=\"elementor-post__read-more\" href=\"https:\/\/studioeditori.com\/level21\/2025\/02\/01\/hello-world\/\" aria-label=\"Read more about Za\u0161to dobar dizajn nije samo estetika\" tabindex=\"-1\" >\n\t\t\tvi\u0161e\t\t<\/a>\n\n\t\t\t\t<\/div>\n\t\t\t\t<div class=\"elementor-post__meta-data\">\n\t\t\t\t\t<span class=\"elementor-post-date\">\n\t\t\t1 velja\u010de, 2025\t\t<\/span>\n\t\t\t\t<span class=\"elementor-post-avatar\">\n\t\t\t1 komentar\t\t<\/span>\n\t\t\t\t<\/div>\n\t\t\t\t\t<\/div>\n\t\t<\/article>\n\t\t\t\t<\/div>\n\t\t\n\t\t\t\t\t\t<\/div>\n\t\t\t\t<\/div>\n\t\t\t\t<\/div>\n\t\t<div class=\"elementor-element elementor-element-2de0a087 e-con-full e-flex e-con e-child\" data-id=\"2de0a087\" data-element_type=\"container\">\n\t\t<div class=\"elementor-element elementor-element-547fec1e e-con-full e-flex e-con e-child\" data-id=\"547fec1e\" data-element_type=\"container\">\n\t\t<div class=\"elementor-element elementor-element-11f15c90 e-con-full e-flex e-con e-child\" data-id=\"11f15c90\" data-element_type=\"container\" data-settings=\"{&quot;background_background&quot;:&quot;classic&quot;}\">\n\t\t\t\t<div class=\"elementor-element elementor-element-68180157 elementor-widget elementor-widget-image\" data-id=\"68180157\" data-element_type=\"widget\" data-widget_type=\"image.default\">\n\t\t\t\t<div class=\"elementor-widget-container\">\n\t\t\t\t\t\t\t\t\t\t\t\t\t\t\t<img loading=\"lazy\" decoding=\"async\" width=\"800\" height=\"800\" src=\"https:\/\/studioeditori.com\/level21\/wp-content\/uploads\/2025\/03\/runda_Artboard-1_portrait-min.jpeg\" class=\"attachment-large size-large wp-image-770\" alt=\"\" srcset=\"https:\/\/studioeditori.com\/level21\/wp-content\/uploads\/2025\/03\/runda_Artboard-1_portrait-min.jpeg 1000w, https:\/\/studioeditori.com\/level21\/wp-content\/uploads\/2025\/03\/runda_Artboard-1_portrait-min-300x300.jpeg 300w, https:\/\/studioeditori.com\/level21\/wp-content\/uploads\/2025\/03\/runda_Artboard-1_portrait-min-150x150.jpeg 150w, https:\/\/studioeditori.com\/level21\/wp-content\/uploads\/2025\/03\/runda_Artboard-1_portrait-min-768x768.jpeg 768w\" sizes=\"(max-width: 800px) 100vw, 800px\" \/>\t\t\t\t\t\t\t\t\t\t\t\t\t\t\t<\/div>\n\t\t\t\t<\/div>\n\t\t\t\t<div class=\"elementor-element elementor-element-279774e3 elementor-widget elementor-widget-heading\" data-id=\"279774e3\" data-element_type=\"widget\" data-widget_type=\"heading.default\">\n\t\t\t\t<div class=\"elementor-widget-container\">\n\t\t\t\t\t<h2 class=\"elementor-heading-title elementor-size-default\">LINDA STRIS<\/h2>\t\t\t\t<\/div>\n\t\t\t\t<\/div>\n\t\t\t\t<div class=\"elementor-element elementor-element-77598fd6 elementor-widget elementor-widget-text-editor\" data-id=\"77598fd6\" data-element_type=\"widget\" data-widget_type=\"text-editor.default\">\n\t\t\t\t<div class=\"elementor-widget-container\">\n\t\t\t\t\t\t\t\t\t<p>Life is like a boat<\/p>\t\t\t\t\t\t\t\t<\/div>\n\t\t\t\t<\/div>\n\t\t\t\t<div class=\"elementor-element elementor-element-34efc731 elementor-shape-circle elementor-grid-3 elementor-grid-mobile-3 e-grid-align-mobile-center e-grid-align-center elementor-widget elementor-widget-social-icons\" data-id=\"34efc731\" data-element_type=\"widget\" data-widget_type=\"social-icons.default\">\n\t\t\t\t<div class=\"elementor-widget-container\">\n\t\t\t\t\t\t\t<div class=\"elementor-social-icons-wrapper elementor-grid\" role=\"list\">\n\t\t\t\t\t\t\t<span class=\"elementor-grid-item\" role=\"listitem\">\n\t\t\t\t\t<a class=\"elementor-icon elementor-social-icon elementor-social-icon-facebook elementor-repeater-item-71dd998\" target=\"_blank\">\n\t\t\t\t\t\t<span class=\"elementor-screen-only\">Facebook<\/span>\n\t\t\t\t\t\t<svg aria-hidden=\"true\" class=\"e-font-icon-svg e-fab-facebook\" viewBox=\"0 0 512 512\" xmlns=\"http:\/\/www.w3.org\/2000\/svg\"><path d=\"M504 256C504 119 393 8 256 8S8 119 8 256c0 123.78 90.69 226.38 209.25 245V327.69h-63V256h63v-54.64c0-62.15 37-96.48 93.67-96.48 27.14 0 55.52 4.84 55.52 4.84v61h-31.28c-30.8 0-40.41 19.12-40.41 38.73V256h68.78l-11 71.69h-57.78V501C413.31 482.38 504 379.78 504 256z\"><\/path><\/svg>\t\t\t\t\t<\/a>\n\t\t\t\t<\/span>\n\t\t\t\t\t\t\t<span class=\"elementor-grid-item\" role=\"listitem\">\n\t\t\t\t\t<a class=\"elementor-icon elementor-social-icon elementor-social-icon-twitter elementor-repeater-item-7da5224\" target=\"_blank\">\n\t\t\t\t\t\t<span class=\"elementor-screen-only\">Twitter<\/span>\n\t\t\t\t\t\t<svg aria-hidden=\"true\" class=\"e-font-icon-svg e-fab-twitter\" viewBox=\"0 0 512 512\" xmlns=\"http:\/\/www.w3.org\/2000\/svg\"><path d=\"M459.37 151.716c.325 4.548.325 9.097.325 13.645 0 138.72-105.583 298.558-298.558 298.558-59.452 0-114.68-17.219-161.137-47.106 8.447.974 16.568 1.299 25.34 1.299 49.055 0 94.213-16.568 130.274-44.832-46.132-.975-84.792-31.188-98.112-72.772 6.498.974 12.995 1.624 19.818 1.624 9.421 0 18.843-1.3 27.614-3.573-48.081-9.747-84.143-51.98-84.143-102.985v-1.299c13.969 7.797 30.214 12.67 47.431 13.319-28.264-18.843-46.781-51.005-46.781-87.391 0-19.492 5.197-37.36 14.294-52.954 51.655 63.675 129.3 105.258 216.365 109.807-1.624-7.797-2.599-15.918-2.599-24.04 0-57.828 46.782-104.934 104.934-104.934 30.213 0 57.502 12.67 76.67 33.137 23.715-4.548 46.456-13.32 66.599-25.34-7.798 24.366-24.366 44.833-46.132 57.827 21.117-2.273 41.584-8.122 60.426-16.243-14.292 20.791-32.161 39.308-52.628 54.253z\"><\/path><\/svg>\t\t\t\t\t<\/a>\n\t\t\t\t<\/span>\n\t\t\t\t\t\t\t<span class=\"elementor-grid-item\" role=\"listitem\">\n\t\t\t\t\t<a class=\"elementor-icon elementor-social-icon elementor-social-icon-youtube elementor-repeater-item-1bfb9a2\" target=\"_blank\">\n\t\t\t\t\t\t<span class=\"elementor-screen-only\">Youtube<\/span>\n\t\t\t\t\t\t<svg aria-hidden=\"true\" class=\"e-font-icon-svg e-fab-youtube\" viewBox=\"0 0 576 512\" xmlns=\"http:\/\/www.w3.org\/2000\/svg\"><path d=\"M549.655 124.083c-6.281-23.65-24.787-42.276-48.284-48.597C458.781 64 288 64 288 64S117.22 64 74.629 75.486c-23.497 6.322-42.003 24.947-48.284 48.597-11.412 42.867-11.412 132.305-11.412 132.305s0 89.438 11.412 132.305c6.281 23.65 24.787 41.5 48.284 47.821C117.22 448 288 448 288 448s170.78 0 213.371-11.486c23.497-6.321 42.003-24.171 48.284-47.821 11.412-42.867 11.412-132.305 11.412-132.305s0-89.438-11.412-132.305zm-317.51 213.508V175.185l142.739 81.205-142.739 81.201z\"><\/path><\/svg>\t\t\t\t\t<\/a>\n\t\t\t\t<\/span>\n\t\t\t\t\t<\/div>\n\t\t\t\t\t\t<\/div>\n\t\t\t\t<\/div>\n\t\t\t\t<\/div>\n\t\t\t\t<\/div>\n\t\t\t\t<div class=\"elementor-element elementor-element-1f1e088d elementor-widget elementor-widget-heading\" data-id=\"1f1e088d\" data-element_type=\"widget\" data-widget_type=\"heading.default\">\n\t\t\t\t<div class=\"elementor-widget-container\">\n\t\t\t\t\t<h2 class=\"elementor-heading-title elementor-size-default\">CATEGORIES<\/h2>\t\t\t\t<\/div>\n\t\t\t\t<\/div>\n\t\t\t\t<div class=\"elementor-element elementor-element-23d1fb3e elementor-widget elementor-widget-heading\" data-id=\"23d1fb3e\" data-element_type=\"widget\" data-widget_type=\"heading.default\">\n\t\t\t\t<div class=\"elementor-widget-container\">\n\t\t\t\t\t<h2 class=\"elementor-heading-title elementor-size-default\">GALLERY<\/h2>\t\t\t\t<\/div>\n\t\t\t\t<\/div>\n\t\t<div class=\"elementor-element elementor-element-6dc57b0e e-con-full e-flex e-con e-child\" data-id=\"6dc57b0e\" data-element_type=\"container\">\n\t\t<div class=\"elementor-element elementor-element-99662d8 e-con-full e-flex e-con e-child\" data-id=\"99662d8\" data-element_type=\"container\">\n\t\t\t\t<div class=\"elementor-element elementor-element-4527644c elementor-widget elementor-widget-image\" data-id=\"4527644c\" data-element_type=\"widget\" data-widget_type=\"image.default\">\n\t\t\t\t<div class=\"elementor-widget-container\">\n\t\t\t\t\t\t\t\t\t\t\t\t\t\t\t<img loading=\"lazy\" decoding=\"async\" width=\"800\" height=\"800\" src=\"https:\/\/studioeditori.com\/level21\/wp-content\/uploads\/2026\/02\/walling-52H5Nfi5WiE-unsplash_2-1024x1024.jpg\" class=\"attachment-large size-large wp-image-1104\" alt=\"\" srcset=\"https:\/\/studioeditori.com\/level21\/wp-content\/uploads\/2026\/02\/walling-52H5Nfi5WiE-unsplash_2-1024x1024.jpg 1024w, https:\/\/studioeditori.com\/level21\/wp-content\/uploads\/2026\/02\/walling-52H5Nfi5WiE-unsplash_2-300x300.jpg 300w, https:\/\/studioeditori.com\/level21\/wp-content\/uploads\/2026\/02\/walling-52H5Nfi5WiE-unsplash_2-150x150.jpg 150w, https:\/\/studioeditori.com\/level21\/wp-content\/uploads\/2026\/02\/walling-52H5Nfi5WiE-unsplash_2-768x768.jpg 768w, https:\/\/studioeditori.com\/level21\/wp-content\/uploads\/2026\/02\/walling-52H5Nfi5WiE-unsplash_2.jpg 1500w\" sizes=\"(max-width: 800px) 100vw, 800px\" \/>\t\t\t\t\t\t\t\t\t\t\t\t\t\t\t<\/div>\n\t\t\t\t<\/div>\n\t\t\t\t<div class=\"elementor-element elementor-element-56e01c0 elementor-widget elementor-widget-image\" data-id=\"56e01c0\" data-element_type=\"widget\" data-widget_type=\"image.default\">\n\t\t\t\t<div class=\"elementor-widget-container\">\n\t\t\t\t\t\t\t\t\t\t\t\t\t\t\t<img loading=\"lazy\" decoding=\"async\" width=\"800\" height=\"800\" src=\"https:\/\/studioeditori.com\/level21\/wp-content\/uploads\/2025\/03\/milad-b-fakurian-0_8gAoFrzbw-unsplash-1024x1024.jpg\" class=\"attachment-large size-large wp-image-746\" alt=\"\" srcset=\"https:\/\/studioeditori.com\/level21\/wp-content\/uploads\/2025\/03\/milad-b-fakurian-0_8gAoFrzbw-unsplash-1024x1024.jpg 1024w, https:\/\/studioeditori.com\/level21\/wp-content\/uploads\/2025\/03\/milad-b-fakurian-0_8gAoFrzbw-unsplash-300x300.jpg 300w, https:\/\/studioeditori.com\/level21\/wp-content\/uploads\/2025\/03\/milad-b-fakurian-0_8gAoFrzbw-unsplash-150x150.jpg 150w, https:\/\/studioeditori.com\/level21\/wp-content\/uploads\/2025\/03\/milad-b-fakurian-0_8gAoFrzbw-unsplash-768x768.jpg 768w, https:\/\/studioeditori.com\/level21\/wp-content\/uploads\/2025\/03\/milad-b-fakurian-0_8gAoFrzbw-unsplash.jpg 1500w\" sizes=\"(max-width: 800px) 100vw, 800px\" \/>\t\t\t\t\t\t\t\t\t\t\t\t\t\t\t<\/div>\n\t\t\t\t<\/div>\n\t\t\t\t<\/div>\n\t\t<div class=\"elementor-element elementor-element-56e024dc e-con-full e-flex e-con e-child\" data-id=\"56e024dc\" data-element_type=\"container\">\n\t\t\t\t<div class=\"elementor-element elementor-element-67ed240f elementor-widget elementor-widget-image\" data-id=\"67ed240f\" data-element_type=\"widget\" data-widget_type=\"image.default\">\n\t\t\t\t<div class=\"elementor-widget-container\">\n\t\t\t\t\t\t\t\t\t\t\t\t\t\t\t<img loading=\"lazy\" decoding=\"async\" width=\"800\" height=\"800\" src=\"https:\/\/studioeditori.com\/level21\/wp-content\/uploads\/2025\/03\/mae-mu-GnWKTJlMYsQ-unsplash_2-1024x1024.jpg\" class=\"attachment-large size-large wp-image-747\" alt=\"\" srcset=\"https:\/\/studioeditori.com\/level21\/wp-content\/uploads\/2025\/03\/mae-mu-GnWKTJlMYsQ-unsplash_2-1024x1024.jpg 1024w, https:\/\/studioeditori.com\/level21\/wp-content\/uploads\/2025\/03\/mae-mu-GnWKTJlMYsQ-unsplash_2-300x300.jpg 300w, https:\/\/studioeditori.com\/level21\/wp-content\/uploads\/2025\/03\/mae-mu-GnWKTJlMYsQ-unsplash_2-150x150.jpg 150w, https:\/\/studioeditori.com\/level21\/wp-content\/uploads\/2025\/03\/mae-mu-GnWKTJlMYsQ-unsplash_2-768x768.jpg 768w, https:\/\/studioeditori.com\/level21\/wp-content\/uploads\/2025\/03\/mae-mu-GnWKTJlMYsQ-unsplash_2.jpg 1500w\" sizes=\"(max-width: 800px) 100vw, 800px\" \/>\t\t\t\t\t\t\t\t\t\t\t\t\t\t\t<\/div>\n\t\t\t\t<\/div>\n\t\t\t\t<div class=\"elementor-element elementor-element-5df8aa0b elementor-widget elementor-widget-image\" data-id=\"5df8aa0b\" data-element_type=\"widget\" data-widget_type=\"image.default\">\n\t\t\t\t<div class=\"elementor-widget-container\">\n\t\t\t\t\t\t\t\t\t\t\t\t\t\t\t<img loading=\"lazy\" decoding=\"async\" width=\"800\" height=\"800\" src=\"https:\/\/studioeditori.com\/level21\/wp-content\/uploads\/2025\/03\/matheus-ferrero-OsMwKgqSGWU-unsplash-1024x1024.jpg\" class=\"attachment-large size-large wp-image-748\" alt=\"\" srcset=\"https:\/\/studioeditori.com\/level21\/wp-content\/uploads\/2025\/03\/matheus-ferrero-OsMwKgqSGWU-unsplash-1024x1024.jpg 1024w, https:\/\/studioeditori.com\/level21\/wp-content\/uploads\/2025\/03\/matheus-ferrero-OsMwKgqSGWU-unsplash-300x300.jpg 300w, https:\/\/studioeditori.com\/level21\/wp-content\/uploads\/2025\/03\/matheus-ferrero-OsMwKgqSGWU-unsplash-150x150.jpg 150w, https:\/\/studioeditori.com\/level21\/wp-content\/uploads\/2025\/03\/matheus-ferrero-OsMwKgqSGWU-unsplash-768x768.jpg 768w, https:\/\/studioeditori.com\/level21\/wp-content\/uploads\/2025\/03\/matheus-ferrero-OsMwKgqSGWU-unsplash.jpg 1500w\" sizes=\"(max-width: 800px) 100vw, 800px\" \/>\t\t\t\t\t\t\t\t\t\t\t\t\t\t\t<\/div>\n\t\t\t\t<\/div>\n\t\t\t\t<\/div>\n\t\t\t\t<\/div>\n\t\t<div class=\"elementor-element elementor-element-1617fcd e-con-full e-flex e-con e-child\" data-id=\"1617fcd\" data-element_type=\"container\">\n\t\t<div class=\"elementor-element elementor-element-6ad2661d e-con-full e-flex e-con e-child\" data-id=\"6ad2661d\" data-element_type=\"container\" data-settings=\"{&quot;background_background&quot;:&quot;classic&quot;}\">\n\t\t\t\t<div class=\"elementor-element elementor-element-2c5cd1eb elementor-widget-divider--view-line elementor-widget elementor-widget-divider\" data-id=\"2c5cd1eb\" data-element_type=\"widget\" data-widget_type=\"divider.default\">\n\t\t\t\t<div class=\"elementor-widget-container\">\n\t\t\t\t\t\t\t<div class=\"elementor-divider\">\n\t\t\t<span class=\"elementor-divider-separator\">\n\t\t\t\t\t\t<\/span>\n\t\t<\/div>\n\t\t\t\t\t\t<\/div>\n\t\t\t\t<\/div>\n\t\t\t\t<div class=\"elementor-element elementor-element-27652b9f elementor-widget elementor-widget-heading\" data-id=\"27652b9f\" data-element_type=\"widget\" data-widget_type=\"heading.default\">\n\t\t\t\t<div class=\"elementor-widget-container\">\n\t\t\t\t\t<h2 class=\"elementor-heading-title elementor-size-default\">NEED A DESIGN?<\/h2>\t\t\t\t<\/div>\n\t\t\t\t<\/div>\n\t\t\t\t<div class=\"elementor-element elementor-element-2cdbaaae elementor-widget elementor-widget-text-editor\" data-id=\"2cdbaaae\" data-element_type=\"widget\" data-widget_type=\"text-editor.default\">\n\t\t\t\t<div class=\"elementor-widget-container\">\n\t\t\t\t\t\t\t\t\t<p>let&#8217;s get to work<\/p>\t\t\t\t\t\t\t\t<\/div>\n\t\t\t\t<\/div>\n\t\t\t\t<div class=\"elementor-element elementor-element-1394a5bd elementor-align-left elementor-widget elementor-widget-button\" data-id=\"1394a5bd\" data-element_type=\"widget\" data-widget_type=\"button.default\">\n\t\t\t\t<div class=\"elementor-widget-container\">\n\t\t\t\t\t\t\t\t\t<div class=\"elementor-button-wrapper\">\n\t\t\t\t\t<a class=\"elementor-button elementor-button-link elementor-size-sm\" href=\"#\">\n\t\t\t\t\t\t<span class=\"elementor-button-content-wrapper\">\n\t\t\t\t\t\t<span class=\"elementor-button-icon\">\n\t\t\t\t<i aria-hidden=\"true\" class=\"icon icon-double-angle-pointing-to-right\"><\/i>\t\t\t<\/span>\n\t\t\t\t\t\t\t\t<\/span>\n\t\t\t\t\t<\/a>\n\t\t\t\t<\/div>\n\t\t\t\t\t\t\t\t<\/div>\n\t\t\t\t<\/div>\n\t\t\t\t<\/div>\n\t\t\t\t<\/div>\n\t\t\t\t<\/div>\n\t\t\t\t\t<\/div>\n\t\t\t\t<\/div>\n\t\t\t\t<\/div>\n\t\t","protected":false},"excerpt":{"rendered":"<p>BLOG LINDA STRIS Life is like a boat Facebook Twitter Youtube CATEGORIES GALLERY NEED A DESIGN? let&#8217;s get to work<\/p>\n","protected":false},"author":1,"featured_media":0,"parent":0,"menu_order":0,"comment_status":"closed","ping_status":"closed","template":"","meta":{"footnotes":""},"class_list":["post-1101","page","type-page","status-publish","hentry"],"_links":{"self":[{"href":"https:\/\/studioeditori.com\/level21\/wp-json\/wp\/v2\/pages\/1101","targetHints":{"allow":["GET"]}}],"collection":[{"href":"https:\/\/studioeditori.com\/level21\/wp-json\/wp\/v2\/pages"}],"about":[{"href":"https:\/\/studioeditori.com\/level21\/wp-json\/wp\/v2\/types\/page"}],"author":[{"embeddable":true,"href":"https:\/\/studioeditori.com\/level21\/wp-json\/wp\/v2\/users\/1"}],"replies":[{"embeddable":true,"href":"https:\/\/studioeditori.com\/level21\/wp-json\/wp\/v2\/comments?post=1101"}],"version-history":[{"count":16,"href":"https:\/\/studioeditori.com\/level21\/wp-json\/wp\/v2\/pages\/1101\/revisions"}],"predecessor-version":[{"id":1135,"href":"https:\/\/studioeditori.com\/level21\/wp-json\/wp\/v2\/pages\/1101\/revisions\/1135"}],"wp:attachment":[{"href":"https:\/\/studioeditori.com\/level21\/wp-json\/wp\/v2\/media?parent=1101"}],"curies":[{"name":"wp","href":"https:\/\/api.w.org\/{rel}","templated":true}]}}