{"id":8803,"date":"2024-04-06T20:45:07","date_gmt":"2024-04-06T18:45:07","guid":{"rendered":"https:\/\/studioeditori.com\/mdrus_new\/?page_id=8803"},"modified":"2024-10-30T17:18:32","modified_gmt":"2024-10-30T16:18:32","slug":"dokumenti","status":"publish","type":"page","link":"https:\/\/studioeditori.com\/mdrus_new\/dokumenti\/","title":{"rendered":"Dokumenti"},"content":{"rendered":"\t\t<div data-elementor-type=\"wp-page\" data-elementor-id=\"8803\" class=\"elementor elementor-8803\" data-elementor-post-type=\"page\">\n\t\t\t\t<div class=\"elementor-element elementor-element-a77cf9c e-flex e-con-boxed e-con e-parent\" data-id=\"a77cf9c\" data-element_type=\"container\" data-settings=\"{&quot;background_background&quot;:&quot;classic&quot;,&quot;jet_parallax_layout_list&quot;:[]}\">\n\t\t\t\t\t<div class=\"e-con-inner\">\n\t\t<div class=\"elementor-element elementor-element-7f6eaf61 e-con-full e-flex e-con e-child\" data-id=\"7f6eaf61\" data-element_type=\"container\" data-settings=\"{&quot;jet_parallax_layout_list&quot;:[]}\">\n\t\t\t\t<\/div>\n\t\t\t\t\t<\/div>\n\t\t\t\t<\/div>\n\t\t<div class=\"elementor-element elementor-element-32c8250 e-flex e-con-boxed e-con e-parent\" data-id=\"32c8250\" data-element_type=\"container\" data-settings=\"{&quot;jet_parallax_layout_list&quot;:[]}\">\n\t\t\t\t\t<div class=\"e-con-inner\">\n\t\t<div class=\"elementor-element elementor-element-5dcc0bc e-con-full e-flex e-con e-child\" data-id=\"5dcc0bc\" data-element_type=\"container\" data-settings=\"{&quot;jet_parallax_layout_list&quot;:[]}\">\n\t\t\t\t<div class=\"elementor-element elementor-element-e9df910 lista elementor-widget elementor-widget-text-editor\" data-id=\"e9df910\" data-element_type=\"widget\" data-widget_type=\"text-editor.default\">\n\t\t\t\t<div class=\"elementor-widget-container\">\n\t\t\t\t\t\t\t<p><a href=\"https:\/\/studioeditori.com\/mdrus_new\/wp-content\/uploads\/2024\/04\/Odluka-o-provedenom-natjecaju-za-zaposljavanje-na-radno-mjesto-kustos-na-neodredeno-radno-vrijeme-1.pdf\" target=\"_blank\" rel=\"noopener\">Odluka o provedenom natje\u010daju za zapo\u0161ljavanje na radno mjesto kustos na neodre\u0111eno radno vrijeme<\/a><\/p><p><a href=\"https:\/\/studioeditori.com\/mdrus_new\/wp-content\/uploads\/2024\/04\/Odluka-o-provedenom-natjecaju-za-zaposljavanje-na-radno-mjesto-kustos-na-odredeno-vrijeme-1.pdf\" target=\"_blank\" rel=\"noopener\">Odluka o provedenom natje\u010daju za zapo\u0161ljavanje na radno mjesto kustos na odre\u0111eno vrijeme<\/a><\/p><p><a href=\"https:\/\/studioeditori.com\/mdrus_new\/wp-content\/uploads\/2024\/04\/Zapisnik-revizije-muzejske-grade-MDRUS-2023.-.pdf\" target=\"_blank\" rel=\"noopener\">Zapisnik revizije muzejske gra\u0111e MDRUS 2023.<\/a><\/p><p><a href=\"https:\/\/studioeditori.com\/mdrus_new\/wp-content\/uploads\/2024\/04\/Prijedlog-Godisnjeg-izvjestaja-o-izvrsenju-financijskog-plana-MDRUS-za-2022.god_.pdf\" target=\"_blank\" rel=\"noopener\">Prijedlog Godis\u030cnjeg izvjes\u030ctaja o izvrs\u030cenju financijskog plana MDRUS za 2022.god.<\/a><\/p><p><a href=\"https:\/\/studioeditori.com\/mdrus_new\/wp-content\/uploads\/2024\/04\/Odluka-o-imenovanju-Komisije-za-provedbu-revizije-muzejske-grade-2023.pdf\" target=\"_blank\" rel=\"noopener\">Odluka o imenovanju Komisije za provedbu revizije muzejske gra\u0111e 2023.<\/a><\/p><p><a href=\"https:\/\/studioeditori.com\/mdrus_new\/wp-content\/uploads\/2024\/04\/Odluka-o-provedbi-i-metodologiji-revizije-muzejske-grade-2023.pdf\" target=\"_blank\" rel=\"noopener\">Odluka o provedbi i metodologiji revizije muzejske gra\u0111e 2023.<\/a><\/p><p><a href=\"https:\/\/studioeditori.com\/mdrus_new\/wp-content\/uploads\/2024\/04\/Statut-Muzeja-Domovinskog-rata-u-Splitu-1.pdf\" target=\"_blank\" rel=\"noopener\">Statut Muzeja Domovinskog rata u Splitu<\/a><\/p><p>Muzejski akti<\/p><ul><li><a href=\"https:\/\/studioeditori.com\/mdrus_new\/wp-content\/uploads\/2024\/04\/AKT-O-PROCEDURI-BLAGAJNICKOG-POSLOVANJA.pdf\" target=\"_blank\" rel=\"noopener\">Akt o proceduri blagajni\u010dkog poslovanja<\/a><\/li><li><a href=\"https:\/\/studioeditori.com\/mdrus_new\/wp-content\/uploads\/2024\/04\/AKT-O-PROCEDURI-STVARANJA-OBVEZA.pdf\" target=\"_blank\" rel=\"noopener\">Akt o proceduri stvaranja obveza<\/a><\/li><li><a href=\"https:\/\/studioeditori.com\/mdrus_new\/wp-content\/uploads\/2024\/04\/AKT-O-PROCEDURI-ZA-IZDAVANJE-I-OBRACUNAVANJE-PUTNIH-NALOGA.pdf\" target=\"_blank\" rel=\"noopener\">Akt o proceduri za izdavanje i obra\u010dunavanje putnih naloga<\/a><\/li><li><a href=\"https:\/\/studioeditori.com\/mdrus_new\/wp-content\/uploads\/2024\/04\/AKT-O-PROCEDURI-ZA-ZAPRIMANJE-RACUNA.pdf\" target=\"_blank\" rel=\"noopener\">Akt o proceduri za zaprimanje ra\u010duna<\/a><\/li><li><a href=\"https:\/\/studioeditori.com\/mdrus_new\/wp-content\/uploads\/2024\/04\/PROCEDURA-O-DOSTAVLJANJU-KOPIJE-UGOVORA-USTROJSTVENOJ-JEDINICI-ZA-FINANCIJE.pdf\" target=\"_blank\" rel=\"noopener\">Procedura o dostavljanju kopije ugovora ustrojstvenoj jedinici za financije<\/a><\/li><li><a href=\"https:\/\/studioeditori.com\/mdrus_new\/wp-content\/uploads\/2024\/04\/AKT-O-PROCEDURI-NAPLATE-PRIHODA.pdf\" target=\"_blank\" rel=\"noopener\">Akt o proceduri naplate prihoda<\/a><\/li><\/ul><p>Pravilnici:<\/p><ul><li><a href=\"https:\/\/studioeditori.com\/mdrus_new\/wp-content\/uploads\/2024\/04\/PRAVILNIK-O-RADU-MDRUS.pdf\" target=\"_blank\" rel=\"noopener\">Pravilnik o radu \u2013 MDRUS<\/a><\/li><\/ul><p>Javna nabava:<\/p><ul><li><a href=\"https:\/\/studioeditori.com\/mdrus_new\/wp-content\/uploads\/2024\/04\/Plan-javne-nabave-za-2024.g.pdf\" target=\"_blank\" rel=\"noopener\">Plan javne nabave za 2024.g.<\/a><\/li><li><a href=\"https:\/\/studioeditori.com\/mdrus_new\/wp-content\/uploads\/2024\/04\/Izjava-o-ne-postojanju-sukoba-interesa-zakona-o-javnoj-nabavi.pdf\" target=\"_blank\" rel=\"noopener\">Izjava o ne postojanju sukoba interesa zakona o javnoj nabavi<\/a><\/li><li><a href=\"https:\/\/studioeditori.com\/mdrus_new\/wp-content\/uploads\/2024\/04\/Plan-javne-nabave-za-2023.g.pdf\" target=\"_blank\" rel=\"noopener\">Plan javne nabave za 2023.g.<\/a><\/li><li><a href=\"https:\/\/studioeditori.com\/mdrus_new\/wp-content\/uploads\/2024\/04\/Izmjene-u-planu-javne-nabave-za-2023.pdf\" target=\"_blank\" rel=\"noopener\">Izmjene u planu javne nabave za 2023.<\/a><\/li><li><a href=\"https:\/\/studioeditori.com\/mdrus_new\/wp-content\/uploads\/2024\/04\/Izmjene-u-planu-javne-nabave-za-2022.g.pdf\" target=\"_blank\" rel=\"noopener\">Izmjene u planu javne nabave za 2022.g.<\/a><\/li><li><a href=\"https:\/\/studioeditori.com\/mdrus_new\/wp-content\/uploads\/2024\/04\/Plan-javne-nabave-za-2022.g.pdf\" target=\"_blank\" rel=\"noopener\">Plan javne nabave za 2022.<\/a><\/li><li><a href=\"https:\/\/studioeditori.com\/mdrus_new\/wp-content\/uploads\/2024\/04\/Plan-javne-nabave-za-2021_.pdf\" target=\"_blank\" rel=\"noopener\">Plan javne nabave za 2021.<\/a><\/li><li><a href=\"https:\/\/studioeditori.com\/mdrus_new\/wp-content\/uploads\/2024\/04\/PRAVILNIK-O-PROVEDBI-POSTUPKA-JEDNOSTAVNE-JAVNE-NABAVE.pdf\" target=\"_blank\" rel=\"noopener\">Pravilnik o javnoj nabavi Muzeja domovinskog rata u Splitu<\/a><\/li><li><a href=\"https:\/\/studioeditori.com\/mdrus_new\/wp-content\/uploads\/2024\/04\/Plan-javne-nabave-2020.pdf\" target=\"_blank\" rel=\"noopener\">Plan javne nabave za 2020.<\/a><\/li><\/ul><p>Natje\u010daji<\/p><ul><li><a href=\"https:\/\/studioeditori.com\/mdrus_new\/wp-content\/uploads\/2024\/06\/NATJECAJ-ZA-ZASNIVANJE-RADNOG-ODNOSA-NA-ODREDENO-KUSTOS-KUSTOSICA.pdf\" target=\"_blank\" rel=\"noopener\">NATJE\u010cAJ ZA ZASNIVANJE RADNOG ODNOSA NA ODRE\u0110ENO-KUSTOS-KUSTOSICA<\/a><\/li><li><a href=\"https:\/\/studioeditori.com\/mdrus_new\/wp-content\/uploads\/2024\/06\/NATJECAJ-za-zasnivanje-radnog-odnosa-KUSTOS-KUSTOSICA.pdf\" target=\"_blank\" rel=\"noopener\">NATJE\u010cAJ za zasnivanje radnog odnosa-KUSTOS-KUSTOSICA<\/a><\/li><li><a href=\"studioeditori.com\/mdrus_new\/wp-content\/uploads\/2024\/06\/2022_11_30_Tekst-natjecaja_Muzej-Domovinskog-rata.docx\" rel=\"noopener\">NATJE\u010cAJ za izbor i imenovanje ravnatelja\/ice Muzeja Domovinskog rata u Splitu<\/a><\/li><li id=\"menu-item-1170\" class=\"menu-item menu-item-type-custom menu-item-object-custom menu-item-1170\"><a href=\"https:\/\/studioeditori.com\/mdrus_new\/wp-content\/uploads\/2024\/062\/Odluka-o-zaposljavanju-na-radno-mjesto-restaurator.pdf\">Odluka o zapo\u0161ljavanju na radno mjesto restaurator<\/a><\/li><li id=\"menu-item-1170\" class=\"menu-item menu-item-type-custom menu-item-object-custom menu-item-1170\"><a href=\"https:\/\/studioeditori.com\/mdrus_new\/wp-content\/uploads\/2024\/06\/Javni-natjecaj-za-restauratora.pdf\">Javni natje\u010daj za zasnivanje radnog odnosa \u2013 RESTAURATOR<\/a><\/li><li id=\"menu-item-1170\" class=\"menu-item menu-item-type-custom menu-item-object-custom menu-item-1170\"><a href=\"https:\/\/studioeditori.com\/mdrus_new\/wp-content\/uploads\/2024\/06\/Odluka-o-zapo%C5%A1ljavanju-muzejskog-tehni%C4%8Dara-20.-08.-2019..pdf\">Odluka o zapo\u0161ljavanju muzejskog tehni\u010dara, 20. 08. 2019.<\/a><\/li><li><a href=\"studioeditori.com\/mdrus_new\/wp-content\/uploads\/2024\/06\/odluka-kustos-16.03.20..pdf\">Odluka o zapo\u0161ljavanju kustosa, 16.o\u017eujka 2020.<\/a><\/li><li><a href=\"studioeditori.com\/mdrus_new\/wp-content\/uploads\/2024\/06\/natje%C4%8Daj-kustos-24.-velja%C4%8De-2020..pdf\">Natje\u010daj za zasnivanje radnog odnosa \u2013 KUSTOS \/ KUSTOSICA<\/a><\/li><\/ul><p>Financijski planovi i izvje\u0161\u0107a<\/p><ul><li><a href=\"https:\/\/studioeditori.com\/mdrus_new\/wp-content\/uploads\/2024\/06\/Financijski-plan-MDRUS-za-2024.-s-projekcijom-na-2025.-2026.pdf\" target=\"_blank\" rel=\"noopener\">Financijski plan MDRUS za 2024. s projekcijom na 2025.-2026.<\/a><\/li><li><a href=\"https:\/\/studioeditori.com\/mdrus_new\/wp-content\/uploads\/2024\/06\/Godisnji-izvjestaj-o-izvrsenju-financijskog-plana-MDRUS-za-2023.pdf\" target=\"_blank\" rel=\"noopener\">Godi\u0161nji izvje\u0161taj o izvr\u0161enju financijskog plana MDRUS za 2023.<\/a><\/li><li>Financijsko izvje\u0161\u0107e 2023.<br \/><ul class=\"sub-menu\"><li><a href=\"https:\/\/studioeditori.com\/mdrus_new\/wp-content\/uploads\/2024\/06\/Referentna-stranica-izvjestaji.pdf\" target=\"_blank\" rel=\"noopener\">Referentna stranica-izvje\u0161taji<\/a><\/li><li><a href=\"https:\/\/studioeditori.com\/mdrus_new\/wp-content\/uploads\/2024\/06\/Potvrda-o-ucitanom-financijskom-izvjestaju.pdf\" target=\"_blank\" rel=\"noopener\">Potvrda o u\u010ditanom financijskom izvje\u0161taju<\/a><\/li><li><a href=\"https:\/\/studioeditori.com\/mdrus_new\/wp-content\/uploads\/2024\/06\/Bilanca.pdf\" target=\"_blank\" rel=\"noopener\">Bilanca<\/a><\/li><li><a href=\"https:\/\/studioeditori.com\/mdrus_new\/wp-content\/uploads\/2024\/06\/Izvjestaj-o-prihodima-i-rashodima-primicima-i-izdacima-2023.pdf\" target=\"_blank\" rel=\"noopener\">Izvje\u0161taj o prihodima i rashodima, primicima i izdacima-2023.<\/a><\/li><li><a href=\"https:\/\/studioeditori.com\/mdrus_new\/wp-content\/uploads\/2024\/06\/Izvjestaj-o-obvezama.pdf\" target=\"_blank\" rel=\"noopener\">Izvje\u0161taj o obvezama<\/a><\/li><li><a href=\"https:\/\/studioeditori.com\/mdrus_new\/wp-content\/uploads\/2024\/06\/Izvjestaj-o-rashodima-prema-funkcijskoj-klasifikaciji.pdf\" target=\"_blank\" rel=\"noopener\">Izvje\u0161taj o rashodima prema funkcijskoj klasifikaciji<\/a><\/li><li><a href=\"https:\/\/studioeditori.com\/mdrus_new\/wp-content\/uploads\/2024\/06\/Izvjestaj-o-promjenama-u-vrijednosti-i-obujmu-imovine-i-obveza.pdf\" target=\"_blank\" rel=\"noopener\">Izvje\u0161taj o promjenama u vrijednosti i obujmu imovine i obveza<\/a><\/li><li><a href=\"https:\/\/studioeditori.com\/mdrus_new\/wp-content\/uploads\/2024\/06\/Biljeske-uz-Financijski-izvjestaj-za-2023.pdf\" target=\"_blank\" rel=\"noopener\">Bilje\u0161ke uz Financijski izvje\u0161taj za 2023.<\/a><\/li><\/ul><\/li><li><a href=\"https:\/\/studioeditori.com\/mdrus_new\/wp-content\/uploads\/2024\/06\/Obrazlozenje-financijskog-plana-za-2023..pdf\" target=\"_blank\" rel=\"noopener\">Obrazlo\u017eenje financijskog plana za 2023.<\/a><\/li><li><a href=\"https:\/\/studioeditori.com\/mdrus_new\/wp-content\/uploads\/2024\/06\/Financijski-plan-MDRUS-za-2023.-i-projekcija-za-2024.i-2025.g..pdf\" target=\"_blank\" rel=\"noopener\">Financijski plan MDRUS za 2023. i projekcija za 2024.i 2025.g.<\/a><\/li><li><a href=\"https:\/\/studioeditori.com\/mdrus_new\/wp-content\/uploads\/2024\/06\/Financijsko-izvjesce-2022..zip\" target=\"_blank\" rel=\"noopener\">Financijsko izvje\u0161\u0107e 2022.<\/a><\/li><li><a href=\"https:\/\/studioeditori.com\/mdrus_new\/wp-content\/uploads\/2024\/06\/Financijsko-izvjesce-za-2021.g..pdf\" target=\"_blank\" rel=\"noopener\">Financijsko izvje\u0161\u0107e za 2021.<\/a><\/li><li><a href=\"https:\/\/studioeditori.com\/mdrus_new\/wp-content\/uploads\/2024\/06\/Financijski-plan-za-2022.pdf\" target=\"_blank\" rel=\"noopener\">Financijski plan 2022.<\/a><\/li><li id=\"menu-item-1202\" class=\"menu-item menu-item-type-custom menu-item-object-custom menu-item-1202\"><a href=\"https:\/\/studioeditori.com\/mdrus_new\/wp-content\/uploads\/2024\/06\/Prijedlog-financijskog-plana-2021_-2023_MDRS_1.pdf\" target=\"_blank\" rel=\"noopener\">Prijedlog financijskog plana 2021 \u2013 2023<\/a><\/li><li id=\"menu-item-1202\" class=\"menu-item menu-item-type-custom menu-item-object-custom menu-item-1202\"><a href=\"https:\/\/studioeditori.com\/mdrus_new\/wp-content\/uploads\/2024\/06\/Financijsko-izvjesce-za-2020._1.pdf\" target=\"_blank\" rel=\"noopener\">Financijsko izvje\u0161\u0107e za 2020.<\/a><\/li><li id=\"menu-item-1202\" class=\"menu-item menu-item-type-custom menu-item-object-custom menu-item-1202\"><a href=\"https:\/\/studioeditori.com\/mdrus_new\/wp-content\/uploads\/2024\/06\/Financijski-plan-za-2021_MDRUS-1.pdf\" target=\"_blank\" rel=\"noopener\">Financijski plan 2021.<\/a><\/li><li id=\"menu-item-1202\" class=\"menu-item menu-item-type-custom menu-item-object-custom menu-item-1202\"><a href=\"https:\/\/studioeditori.com\/mdrus_new\/wp-content\/uploads\/2024\/06\/Financijski-plan-MDRUS.pdf\" target=\"_blank\" rel=\"noopener\">Financijski plan 2020.<\/a><\/li><li id=\"menu-item-1201\" class=\"menu-item menu-item-type-custom menu-item-object-custom menu-item-1201\"><a href=\"https:\/\/studioeditori.com\/mdrus_new\/wp-content\/uploads\/2024\/06\/PRIJEDLOG-FINANCIJSKOG-PLANA-2020-2022-MDRS-1.xlsx\" target=\"_blank\" rel=\"noopener\">Prijedlog financijskog plana 2020-2022-MDRS<\/a><\/li><li id=\"menu-item-1085\" class=\"menu-item menu-item-type-custom menu-item-object-custom menu-item-1085\"><a href=\"https:\/\/studioeditori.com\/mdrus_new\/wp-content\/uploads\/2024\/06\/financijski-plan-za-2019.-Muzej-Domovinskog-rata-u-Splitu.pdf\" target=\"_blank\" rel=\"noopener\">Financijski plan 2019.<\/a><\/li><li id=\"menu-item-1084\" class=\"menu-item menu-item-type-custom menu-item-object-custom menu-item-1084\"><a href=\"https:\/\/studioeditori.com\/mdrus_new\/wp-content\/uploads\/2024\/06\/financijski-plan-za-2018..pdf\" target=\"_blank\" rel=\"noopener\">Financijski plan 2018.<\/a><\/li><li id=\"menu-item-1083\" class=\"menu-item menu-item-type-custom menu-item-object-custom menu-item-1083\"><a href=\"https:\/\/studioeditori.com\/mdrus_new\/wp-content\/uploads\/2024\/06\/MDRST-Financijsko-izvjesce-za-2018.g.xlsx\" target=\"_blank\" rel=\"noopener\">Financijsko izvje\u0161\u0107e za 2018.<\/a><\/li><li id=\"menu-item-1063\" class=\"menu-item menu-item-type-custom menu-item-object-custom menu-item-1063\"><a href=\"https:\/\/studioeditori.com\/mdrus_new\/wp-content\/uploads\/2024\/06\/MDRST-Biljeske-uz-financijsko-izvjesce-za-2018.g-1.pdf\" target=\"_blank\" rel=\"noopener\">Bilje\u0161ke Financijski plan 2018.<\/a><\/li><\/ul><p>Pristup informacijama i za\u0161tita podataka:<\/p><ul class=\"sub-menu\"><li id=\"menu-item-379\" class=\"menu-item menu-item-type-custom menu-item-object-custom menu-item-379\"><a href=\"https:\/\/studioeditori.com\/mdrus_new\/wp-content\/uploads\/2024\/06\/ZAHTJEV_ZA_PRISTUP_INFORMACIJAMA-MUZEJ-DOMOVINSKOG-RATA-U-SPLITU.doc\" target=\"_blank\" rel=\"noopener\">Zahtjev za pristup informacijama<\/a><\/li><li id=\"menu-item-1086\" class=\"menu-item menu-item-type-custom menu-item-object-custom menu-item-1086\"><a href=\"https:\/\/studioeditori.com\/mdrus_new\/wp-content\/uploads\/2024\/06\/Odluka-o-imenovanju-sluzbenika-za-informiranje-9.-kolovoza-201.pdf\" target=\"_blank\" rel=\"noopener\">Odluka o imenovanju slu\u017ebenika za informiranje<\/a><\/li><li id=\"menu-item-380\" class=\"menu-item menu-item-type-custom menu-item-object-custom menu-item-380\"><a href=\"https:\/\/studioeditori.com\/mdrus_new\/wp-content\/uploads\/2024\/06\/Zastita-osobnih-podataka.docx\" target=\"_blank\" rel=\"noopener\">Za\u0161tita osobnih podataka<\/a><\/li><li id=\"menu-item-1115\" class=\"menu-item menu-item-type-custom menu-item-object-custom menu-item-1115\"><a href=\"https:\/\/studioeditori.com\/mdrus_new\/wp-content\/uploads\/2024\/06\/Zahtjev_za_ponovnu_uporabu_informacija-Muzej-Domovinskog-rata-u-Splitu.docx\" target=\"_blank\" rel=\"noopener\">Zahtjev za ponovnu uporabu informacija<\/a><\/li><li id=\"menu-item-1116\" class=\"menu-item menu-item-type-custom menu-item-object-custom menu-item-1116\"><a href=\"https:\/\/studioeditori.com\/mdrus_new\/wp-content\/uploads\/2024\/06\/Zahtjev_za_dopunu_ispravak_informacije-Muzej-Domovinskog-rata-u-Splitu.doc\" target=\"_blank\" rel=\"noopener\">Zahtjev za dopunu ispravak informacije<\/a><\/li><li id=\"menu-item-1120\" class=\"menu-item menu-item-type-custom menu-item-object-custom menu-item-has-children menu-item-1120\"><a href=\"https:\/\/studioeditori.com\/mdrus_new\/wp-content\/uploads\/2024\/06\/Uvid_u_muzejsku_gradu_i_dokumentaciju.pdf\" target=\"_blank\" rel=\"noopener\">Uvid u muzejsku gradu i dokumentaciju<\/a><\/li><li id=\"menu-item-1121\" class=\"menu-item menu-item-type-custom menu-item-object-custom menu-item-1121\"><a href=\"studioeditori.com\/mdrus_new\/wp-content\/uploads\/2024\/06\/Zahtjev_za_uvid_u_muzejsku_gradu_-Muzej-Domovinskog-rata-u-Splitu.pdf\" target=\"_blank\" rel=\"noopener\">Zahtjev za uvid u muzejsku gra\u0111u Muzej Domovinskog rata u Splitu<\/a><\/li><\/ul><p>Informacija o tro\u0161enju sredstava<\/p><ul><li><a href=\"https:\/\/studioeditori.com\/mdrus_new\/wp-content\/uploads\/2024\/07\/Informacija-o-trosenju-sredstava-za-mjesec-svibanj-2024.pdf\" target=\"_blank\" rel=\"noopener\">Informacija o tro\u0161enju sredstava za mjesec svibanj 2024.<\/a><\/li><li><a href=\"https:\/\/studioeditori.com\/mdrus_new\/wp-content\/uploads\/2024\/07\/Informacija-o-trosenju-sredstava-za-mjesec-travanj-2024.pdf\" target=\"_blank\" rel=\"noopener\">Informacija o tro\u0161enju sredstava za mjesec travanj 2024.<\/a><\/li><li><a href=\"https:\/\/studioeditori.com\/mdrus_new\/wp-content\/uploads\/2024\/07\/Informacija-o-trosenju-sredstava-za-ozujak-2024.pdf\" target=\"_blank\" rel=\"noopener\">Informacija o tro\u0161enju sredstava za o\u017eujak 2024.<\/a><\/li><li><a href=\"https:\/\/studioeditori.com\/mdrus_new\/wp-content\/uploads\/2024\/07\/Informacija-o-trosenju-sredstava-za-veljacu-2024.pdf\" target=\"_blank\" rel=\"noopener\">Informacija o tro\u0161enju sredstava za velja\u010du 2024.<\/a><\/li><li><a href=\"https:\/\/studioeditori.com\/mdrus_new\/wp-content\/uploads\/2024\/07\/Informacija-o-trosenju-sredstava-za-sijecanj-2024.pdf\" target=\"_blank\" rel=\"noopener\">Informacija o tro\u0161enju sredstava za sije\u010danj 2024.<\/a><\/li><\/ul>\t\t\t\t\t\t<\/div>\n\t\t\t\t<\/div>\n\t\t\t\t<\/div>\n\t\t\t\t\t<\/div>\n\t\t\t\t<\/div>\n\t\t\t\t<\/div>\n\t\t","protected":false},"excerpt":{"rendered":"<p>Odluka o provedenom natje\u010daju za zapo\u0161ljavanje na radno mjesto kustos na neodre\u0111eno radno vrijeme Odluka o provedenom natje\u010daju za zapo\u0161ljavanje na radno mjesto kustos na odre\u0111eno vrijeme Zapisnik revizije muzejske gra\u0111e MDRUS 2023. Prijedlog Godis\u030cnjeg izvjes\u030ctaja o izvrs\u030cenju financijskog plana MDRUS za 2022.god. Odluka o imenovanju Komisije za provedbu revizije muzejske gra\u0111e 2023. Odluka o [&hellip;]<\/p>\n","protected":false},"author":1,"featured_media":0,"parent":0,"menu_order":0,"comment_status":"closed","ping_status":"closed","template":"","meta":{"footnotes":""},"class_list":["post-8803","page","type-page","status-publish","hentry"],"_links":{"self":[{"href":"https:\/\/studioeditori.com\/mdrus_new\/wp-json\/wp\/v2\/pages\/8803","targetHints":{"allow":["GET"]}}],"collection":[{"href":"https:\/\/studioeditori.com\/mdrus_new\/wp-json\/wp\/v2\/pages"}],"about":[{"href":"https:\/\/studioeditori.com\/mdrus_new\/wp-json\/wp\/v2\/types\/page"}],"author":[{"embeddable":true,"href":"https:\/\/studioeditori.com\/mdrus_new\/wp-json\/wp\/v2\/users\/1"}],"replies":[{"embeddable":true,"href":"https:\/\/studioeditori.com\/mdrus_new\/wp-json\/wp\/v2\/comments?post=8803"}],"version-history":[{"count":70,"href":"https:\/\/studioeditori.com\/mdrus_new\/wp-json\/wp\/v2\/pages\/8803\/revisions"}],"predecessor-version":[{"id":10861,"href":"https:\/\/studioeditori.com\/mdrus_new\/wp-json\/wp\/v2\/pages\/8803\/revisions\/10861"}],"wp:attachment":[{"href":"https:\/\/studioeditori.com\/mdrus_new\/wp-json\/wp\/v2\/media?parent=8803"}],"curies":[{"name":"wp","href":"https:\/\/api.w.org\/{rel}","templated":true}]}}