{"id":9309,"date":"2024-06-01T19:13:22","date_gmt":"2024-06-01T17:13:22","guid":{"rendered":"https:\/\/studioeditori.com\/mdrus_new\/?page_id=9309"},"modified":"2024-11-28T18:25:04","modified_gmt":"2024-11-28T17:25:04","slug":"planiraj-posjet","status":"publish","type":"page","link":"https:\/\/studioeditori.com\/mdrus_new\/planiraj-posjet\/","title":{"rendered":"Planiraj posjet"},"content":{"rendered":"\t\t<div data-elementor-type=\"wp-page\" data-elementor-id=\"9309\" class=\"elementor elementor-9309\" data-elementor-post-type=\"page\">\n\t\t\t\t<div class=\"elementor-element elementor-element-6df3bab e-flex e-con-boxed e-con e-parent\" data-id=\"6df3bab\" data-element_type=\"container\" data-settings=\"{&quot;background_background&quot;:&quot;classic&quot;,&quot;jet_parallax_layout_list&quot;:[]}\">\n\t\t\t\t\t<div class=\"e-con-inner\">\n\t\t<div class=\"elementor-element elementor-element-3e107eae e-con-full e-flex e-con e-child\" data-id=\"3e107eae\" data-element_type=\"container\" data-settings=\"{&quot;jet_parallax_layout_list&quot;:[]}\">\n\t\t\t\t<\/div>\n\t\t\t\t\t<\/div>\n\t\t\t\t<\/div>\n\t\t\t\t<section class=\"elementor-section elementor-top-section elementor-element elementor-element-f43c14d elementor-section-boxed elementor-section-height-default elementor-section-height-default\" data-id=\"f43c14d\" data-element_type=\"section\" data-settings=\"{&quot;jet_parallax_layout_list&quot;:[]}\">\n\t\t\t\t\t\t<div class=\"elementor-container elementor-column-gap-default\">\n\t\t\t\t\t<div class=\"elementor-column elementor-col-100 elementor-top-column elementor-element elementor-element-e02c4e5\" data-id=\"e02c4e5\" data-element_type=\"column\">\n\t\t\t<div class=\"elementor-widget-wrap\">\n\t\t\t\t\t\t\t<\/div>\n\t\t<\/div>\n\t\t\t\t\t<\/div>\n\t\t<\/section>\n\t\t<div class=\"elementor-element elementor-element-8f48316 e-flex e-con-boxed e-con e-parent\" data-id=\"8f48316\" data-element_type=\"container\" data-settings=\"{&quot;jet_parallax_layout_list&quot;:[]}\">\n\t\t\t\t\t<div class=\"e-con-inner\">\n\t\t<div class=\"elementor-element elementor-element-f2b0ff7 e-con-full e-flex e-con e-child\" data-id=\"f2b0ff7\" data-element_type=\"container\" data-settings=\"{&quot;jet_parallax_layout_list&quot;:[]}\">\n\t\t\t\t<div class=\"elementor-element elementor-element-16854d2 elementor-widget elementor-widget-heading\" data-id=\"16854d2\" data-element_type=\"widget\" data-widget_type=\"heading.default\">\n\t\t\t\t<div class=\"elementor-widget-container\">\n\t\t\t<h4 class=\"elementor-heading-title elementor-size-default\">Adresa muzejske galerije<\/h4>\t\t<\/div>\n\t\t\t\t<\/div>\n\t\t\t\t<div class=\"elementor-element elementor-element-0a93a83 elementor-widget elementor-widget-text-editor\" data-id=\"0a93a83\" data-element_type=\"widget\" data-widget_type=\"text-editor.default\">\n\t\t\t\t<div class=\"elementor-widget-container\">\n\t\t\t\t\t\t\t<p>Mike Tripala 6, 21000 Split<\/p>\t\t\t\t\t\t<\/div>\n\t\t\t\t<\/div>\n\t\t\t\t<div class=\"elementor-element elementor-element-9cf57a5 elementor-widget elementor-widget-heading\" data-id=\"9cf57a5\" data-element_type=\"widget\" data-widget_type=\"heading.default\">\n\t\t\t\t<div class=\"elementor-widget-container\">\n\t\t\t<h4 class=\"elementor-heading-title elementor-size-default\">Adresa muzejskog depoa<\/h4>\t\t<\/div>\n\t\t\t\t<\/div>\n\t\t\t\t<div class=\"elementor-element elementor-element-5c2be7a elementor-widget elementor-widget-text-editor\" data-id=\"5c2be7a\" data-element_type=\"widget\" data-widget_type=\"text-editor.default\">\n\t\t\t\t<div class=\"elementor-widget-container\">\n\t\t\t\t\t\t\t<p>Polji\u010dka cesta 39, 21000 Split<\/p><p>\u00a0<\/p>\t\t\t\t\t\t<\/div>\n\t\t\t\t<\/div>\n\t\t\t\t<\/div>\n\t\t<div class=\"elementor-element elementor-element-e93059a e-con-full e-flex e-con e-child\" data-id=\"e93059a\" data-element_type=\"container\" data-settings=\"{&quot;jet_parallax_layout_list&quot;:[]}\">\n\t\t\t\t<div class=\"elementor-element elementor-element-e285707 elementor-widget elementor-widget-heading\" data-id=\"e285707\" data-element_type=\"widget\" data-widget_type=\"heading.default\">\n\t\t\t\t<div class=\"elementor-widget-container\">\n\t\t\t<h4 class=\"elementor-heading-title elementor-size-default\">Adresa elektroni\u010dke po\u0161te<\/h4>\t\t<\/div>\n\t\t\t\t<\/div>\n\t\t\t\t<div class=\"elementor-element elementor-element-6a7b12f elementor-widget elementor-widget-text-editor\" data-id=\"6a7b12f\" data-element_type=\"widget\" data-widget_type=\"text-editor.default\">\n\t\t\t\t<div class=\"elementor-widget-container\">\n\t\t\t\t\t\t\t<a href=\"mailto:domovinski@mdrus.info\">domovinski@mdrus.info<\/a>\t\t\t\t\t\t<\/div>\n\t\t\t\t<\/div>\n\t\t\t\t<div class=\"elementor-element elementor-element-d831e93 elementor-widget elementor-widget-heading\" data-id=\"d831e93\" data-element_type=\"widget\" data-widget_type=\"heading.default\">\n\t\t\t\t<div class=\"elementor-widget-container\">\n\t\t\t<h4 class=\"elementor-heading-title elementor-size-default\">Kontakt<\/h4>\t\t<\/div>\n\t\t\t\t<\/div>\n\t\t\t\t<div class=\"elementor-element elementor-element-ffc8317 elementor-widget elementor-widget-text-editor\" data-id=\"ffc8317\" data-element_type=\"widget\" data-widget_type=\"text-editor.default\">\n\t\t\t\t<div class=\"elementor-widget-container\">\n\t\t\t\t\t\t\t<p>Ured djelatnika: +385 21 665 209<\/p><p>Ured ravnatelja: +385 21 665 212<\/p>\t\t\t\t\t\t<\/div>\n\t\t\t\t<\/div>\n\t\t\t\t<\/div>\n\t\t<div class=\"elementor-element elementor-element-be37cfa e-con-full e-flex e-con e-child\" data-id=\"be37cfa\" data-element_type=\"container\" data-settings=\"{&quot;jet_parallax_layout_list&quot;:[]}\">\n\t\t\t\t<div class=\"elementor-element elementor-element-d33b02b elementor-widget elementor-widget-heading\" data-id=\"d33b02b\" data-element_type=\"widget\" data-widget_type=\"heading.default\">\n\t\t\t\t<div class=\"elementor-widget-container\">\n\t\t\t<h4 class=\"elementor-heading-title elementor-size-default\">OIB<\/h4>\t\t<\/div>\n\t\t\t\t<\/div>\n\t\t\t\t<div class=\"elementor-element elementor-element-9780702 elementor-widget elementor-widget-text-editor\" data-id=\"9780702\" data-element_type=\"widget\" data-widget_type=\"text-editor.default\">\n\t\t\t\t<div class=\"elementor-widget-container\">\n\t\t\t\t\t\t\t66102312283\t\t\t\t\t\t<\/div>\n\t\t\t\t<\/div>\n\t\t\t\t<div class=\"elementor-element elementor-element-57d3621 elementor-widget elementor-widget-heading\" data-id=\"57d3621\" data-element_type=\"widget\" data-widget_type=\"heading.default\">\n\t\t\t\t<div class=\"elementor-widget-container\">\n\t\t\t<h4 class=\"elementor-heading-title elementor-size-default\">IBAN<\/h4>\t\t<\/div>\n\t\t\t\t<\/div>\n\t\t\t\t<div class=\"elementor-element elementor-element-4707bf7 elementor-widget elementor-widget-text-editor\" data-id=\"4707bf7\" data-element_type=\"widget\" data-widget_type=\"text-editor.default\">\n\t\t\t\t<div class=\"elementor-widget-container\">\n\t\t\t\t\t\t\t<p>HR0724070001100547571<\/p>\t\t\t\t\t\t<\/div>\n\t\t\t\t<\/div>\n\t\t\t\t<\/div>\n\t\t\t\t\t<\/div>\n\t\t\t\t<\/div>\n\t\t\t\t<section class=\"elementor-section elementor-top-section elementor-element elementor-element-4235ddf elementor-reverse-mobile elementor-section-boxed elementor-section-height-default elementor-section-height-default\" data-id=\"4235ddf\" data-element_type=\"section\" data-settings=\"{&quot;jet_parallax_layout_list&quot;:[]}\">\n\t\t\t\t\t\t<div class=\"elementor-container elementor-column-gap-default\">\n\t\t\t\t\t<div class=\"elementor-column elementor-col-100 elementor-top-column elementor-element elementor-element-508b597\" data-id=\"508b597\" data-element_type=\"column\">\n\t\t\t<div class=\"elementor-widget-wrap elementor-element-populated\">\n\t\t\t\t\t\t<div class=\"elementor-element elementor-element-5cab526 lista elementor-widget elementor-widget-toggle\" data-id=\"5cab526\" data-element_type=\"widget\" data-widget_type=\"toggle.default\">\n\t\t\t\t<div class=\"elementor-widget-container\">\n\t\t\t\t\t<div class=\"elementor-toggle\">\n\t\t\t\t\t\t\t<div class=\"elementor-toggle-item\">\n\t\t\t\t\t<div id=\"elementor-tab-title-9711\" class=\"elementor-tab-title\" data-tab=\"1\" role=\"button\" aria-controls=\"elementor-tab-content-9711\" aria-expanded=\"false\">\n\t\t\t\t\t\t\t\t\t\t\t\t<span class=\"elementor-toggle-icon elementor-toggle-icon-left\" aria-hidden=\"true\">\n\t\t\t\t\t\t\t\t\t\t\t\t\t\t\t<span class=\"elementor-toggle-icon-closed\"><svg class=\"e-font-icon-svg e-fas-caret-right\" viewBox=\"0 0 192 512\" xmlns=\"http:\/\/www.w3.org\/2000\/svg\"><path d=\"M0 384.662V127.338c0-17.818 21.543-26.741 34.142-14.142l128.662 128.662c7.81 7.81 7.81 20.474 0 28.284L34.142 398.804C21.543 411.404 0 402.48 0 384.662z\"><\/path><\/svg><\/span>\n\t\t\t\t\t\t\t\t<span class=\"elementor-toggle-icon-opened\"><svg class=\"elementor-toggle-icon-opened e-font-icon-svg e-fas-caret-up\" viewBox=\"0 0 320 512\" xmlns=\"http:\/\/www.w3.org\/2000\/svg\"><path d=\"M288.662 352H31.338c-17.818 0-26.741-21.543-14.142-34.142l128.662-128.662c7.81-7.81 20.474-7.81 28.284 0l128.662 128.662c12.6 12.599 3.676 34.142-14.142 34.142z\"><\/path><\/svg><\/span>\n\t\t\t\t\t\t\t\t\t\t\t\t\t<\/span>\n\t\t\t\t\t\t\t\t\t\t\t\t<a class=\"elementor-toggle-title\" tabindex=\"0\">LOKACIJA<\/a>\n\t\t\t\t\t<\/div>\n\n\t\t\t\t\t<div id=\"elementor-tab-content-9711\" class=\"elementor-tab-content elementor-clearfix\" data-tab=\"1\" role=\"region\" aria-labelledby=\"elementor-tab-title-9711\"><strong>GDJE SE NALAZIMO?<\/strong>\n\n<strong>\u00a0 <\/strong>Adresa: Mike Tripala 6, 21000 Split\n\n&nbsp;\n<div style=\"max-width: 100%; list-style: none; transition: none; overflow: hidden; width: 1200px; height: 500px; margin-top: 20px;\">\n<iframe src=\"https:\/\/www.google.com\/maps\/embed?pb=!1m18!1m12!1m3!1d2893.1840308556334!2d16.44336261162151!3d43.519354960957045!2m3!1f0!2f0!3f0!3m2!1i1024!2i768!4f13.1!3m3!1m2!1s0x13355e0bf0fe95c3%3A0xf52b054f407e9200!2sUl.%20Mike%20Tripala%206-000%2C%2021000%2C%20Split!5e0!3m2!1shr!2shr!4v1718305816559!5m2!1shr!2shr\" width=\"600\" height=\"450\" style=\"border:0;\" allowfullscreen=\"\" loading=\"lazy\" referrerpolicy=\"no-referrer-when-downgrade\"><\/iframe>\n\n<style>#embed-map-canvas .text-marker{}.map-generator{max-width: 100%; max-height: 100%; background: none;<\/style><\/div>\n&nbsp;\n<ul>\n \t<li>U blizini muzejske galerije nalaze se autobusna stajali\u0161ta autobusnih linija br. 1, 2A, 3, 3A, 9, 10, 16, 22, 7, 9, 14.<\/li>\n<\/ul>\nVozni red dostupan na: <a href=\"https:\/\/www.promet-split.hr\/vozni-red\/split\">https:\/\/www.promet-split.hr\/vozni-red\/split<\/a><\/div>\n\t\t\t\t<\/div>\n\t\t\t\t\t\t\t<div class=\"elementor-toggle-item\">\n\t\t\t\t\t<div id=\"elementor-tab-title-9712\" class=\"elementor-tab-title\" data-tab=\"2\" role=\"button\" aria-controls=\"elementor-tab-content-9712\" aria-expanded=\"false\">\n\t\t\t\t\t\t\t\t\t\t\t\t<span class=\"elementor-toggle-icon elementor-toggle-icon-left\" aria-hidden=\"true\">\n\t\t\t\t\t\t\t\t\t\t\t\t\t\t\t<span class=\"elementor-toggle-icon-closed\"><svg class=\"e-font-icon-svg e-fas-caret-right\" viewBox=\"0 0 192 512\" xmlns=\"http:\/\/www.w3.org\/2000\/svg\"><path d=\"M0 384.662V127.338c0-17.818 21.543-26.741 34.142-14.142l128.662 128.662c7.81 7.81 7.81 20.474 0 28.284L34.142 398.804C21.543 411.404 0 402.48 0 384.662z\"><\/path><\/svg><\/span>\n\t\t\t\t\t\t\t\t<span class=\"elementor-toggle-icon-opened\"><svg class=\"elementor-toggle-icon-opened e-font-icon-svg e-fas-caret-up\" viewBox=\"0 0 320 512\" xmlns=\"http:\/\/www.w3.org\/2000\/svg\"><path d=\"M288.662 352H31.338c-17.818 0-26.741-21.543-14.142-34.142l128.662-128.662c7.81-7.81 20.474-7.81 28.284 0l128.662 128.662c12.6 12.599 3.676 34.142-14.142 34.142z\"><\/path><\/svg><\/span>\n\t\t\t\t\t\t\t\t\t\t\t\t\t<\/span>\n\t\t\t\t\t\t\t\t\t\t\t\t<a class=\"elementor-toggle-title\" tabindex=\"0\">RADNO VRIJEME ZA POSJETITELJE  <\/a>\n\t\t\t\t\t<\/div>\n\n\t\t\t\t\t<div id=\"elementor-tab-content-9712\" class=\"elementor-tab-content elementor-clearfix\" data-tab=\"2\" role=\"region\" aria-labelledby=\"elementor-tab-title-9712\">Od 15. rujna do 15. lipnja:\n<ul>\n \t<li>Ponedjeljak \u2013 petak: 9:00 \u2013 15:00<\/li>\n<\/ul>\nOd 15. lipnja do 15. rujna:\n<ul>\n \t<li>Ponedjeljak \u2013 petak: 9:00 \u2013 15:00, 17:30 &#8211; 20:30<\/li>\n \t<li>Subota: 9:00 \u2013 13:00<\/li>\n<\/ul>\n* Za grupne posjete unutar ili van radnog vremena, potrebno je najaviti se.<\/div>\n\t\t\t\t<\/div>\n\t\t\t\t\t\t\t<div class=\"elementor-toggle-item\">\n\t\t\t\t\t<div id=\"elementor-tab-title-9713\" class=\"elementor-tab-title\" data-tab=\"3\" role=\"button\" aria-controls=\"elementor-tab-content-9713\" aria-expanded=\"false\">\n\t\t\t\t\t\t\t\t\t\t\t\t<span class=\"elementor-toggle-icon elementor-toggle-icon-left\" aria-hidden=\"true\">\n\t\t\t\t\t\t\t\t\t\t\t\t\t\t\t<span class=\"elementor-toggle-icon-closed\"><svg class=\"e-font-icon-svg e-fas-caret-right\" viewBox=\"0 0 192 512\" xmlns=\"http:\/\/www.w3.org\/2000\/svg\"><path d=\"M0 384.662V127.338c0-17.818 21.543-26.741 34.142-14.142l128.662 128.662c7.81 7.81 7.81 20.474 0 28.284L34.142 398.804C21.543 411.404 0 402.48 0 384.662z\"><\/path><\/svg><\/span>\n\t\t\t\t\t\t\t\t<span class=\"elementor-toggle-icon-opened\"><svg class=\"elementor-toggle-icon-opened e-font-icon-svg e-fas-caret-up\" viewBox=\"0 0 320 512\" xmlns=\"http:\/\/www.w3.org\/2000\/svg\"><path d=\"M288.662 352H31.338c-17.818 0-26.741-21.543-14.142-34.142l128.662-128.662c7.81-7.81 20.474-7.81 28.284 0l128.662 128.662c12.6 12.599 3.676 34.142-14.142 34.142z\"><\/path><\/svg><\/span>\n\t\t\t\t\t\t\t\t\t\t\t\t\t<\/span>\n\t\t\t\t\t\t\t\t\t\t\t\t<a class=\"elementor-toggle-title\" tabindex=\"0\">CIJENE ULAZNICA I STRU\u010cNOG VODSTVA\t\t<\/a>\n\t\t\t\t\t<\/div>\n\n\t\t\t\t\t<div id=\"elementor-tab-content-9713\" class=\"elementor-tab-content elementor-clearfix\" data-tab=\"3\" role=\"region\" aria-labelledby=\"elementor-tab-title-9713\"><table><tbody><tr><th>\u00a0<\/th><th>\u00a0<\/th><\/tr><tr><td>Odrasli \u2013 pojedina\u010dna ulaznica:<\/td><td>2 \u20ac<\/td><\/tr><tr><td>Odrasli \u2013 grupna ulaznica (od 10 i vi\u0161e osoba):<\/td><td>1 \u20ac po osobi<\/td><\/tr><tr><td>Djeca (od 7 godina), u\u010denici, studenti, umirovljenici, osobe s invaliditetom:<\/td><td>1 \u20ac<\/td><\/tr><tr><td>Stru\u010dno vodstvo na hrvatskom jeziku:<\/td><td>25 \u20ac<\/td><\/tr><tr><td>Stru\u010dno vodstvo na engleskom jeziku:<\/td><td>50 \u20ac<\/td><\/tr><\/tbody><\/table><ul><li>Besplatan ulaz: djeca (do 7 godina), hrvatski branitelji, \u010dlanovi ICOM-a, \u010dlanovi HMD-a, novinari, turisti\u010dki vodi\u010di, ostali samo uz pisanu odluku ravnatelja Muzeja<\/li><\/ul><p><em>\u00a0<\/em><\/p><p>* Stru\u010dna vodstva organiziraju se uz obaveznu prethodnu najavu. Nedjeljom i praznicima stru\u010dna vodstva mogu\u0107a su samo uz prethodnu najavu za grupe od 10 i vi\u0161e osoba po uve\u0107anoj cijeni od 35 \u20ac na hrvatskom i 70 \u20ac na engleskom\u00a0 jeziku. Za grupne posjete i stru\u010dna vodstva potrebna je najava telefonom na broj 021 665 209 ili mailom na: domovinski@mdrus.info barem 48 sati unaprijed.<\/p><p><em>\u00a0<\/em><\/p><\/div>\n\t\t\t\t<\/div>\n\t\t\t\t\t\t\t<div class=\"elementor-toggle-item\">\n\t\t\t\t\t<div id=\"elementor-tab-title-9714\" class=\"elementor-tab-title\" data-tab=\"4\" role=\"button\" aria-controls=\"elementor-tab-content-9714\" aria-expanded=\"false\">\n\t\t\t\t\t\t\t\t\t\t\t\t<span class=\"elementor-toggle-icon elementor-toggle-icon-left\" aria-hidden=\"true\">\n\t\t\t\t\t\t\t\t\t\t\t\t\t\t\t<span class=\"elementor-toggle-icon-closed\"><svg class=\"e-font-icon-svg e-fas-caret-right\" viewBox=\"0 0 192 512\" xmlns=\"http:\/\/www.w3.org\/2000\/svg\"><path d=\"M0 384.662V127.338c0-17.818 21.543-26.741 34.142-14.142l128.662 128.662c7.81 7.81 7.81 20.474 0 28.284L34.142 398.804C21.543 411.404 0 402.48 0 384.662z\"><\/path><\/svg><\/span>\n\t\t\t\t\t\t\t\t<span class=\"elementor-toggle-icon-opened\"><svg class=\"elementor-toggle-icon-opened e-font-icon-svg e-fas-caret-up\" viewBox=\"0 0 320 512\" xmlns=\"http:\/\/www.w3.org\/2000\/svg\"><path d=\"M288.662 352H31.338c-17.818 0-26.741-21.543-14.142-34.142l128.662-128.662c7.81-7.81 20.474-7.81 28.284 0l128.662 128.662c12.6 12.599 3.676 34.142-14.142 34.142z\"><\/path><\/svg><\/span>\n\t\t\t\t\t\t\t\t\t\t\t\t\t<\/span>\n\t\t\t\t\t\t\t\t\t\t\t\t<a class=\"elementor-toggle-title\" tabindex=\"0\">\u010cESTO POSTAVLJANA PITANJA<\/a>\n\t\t\t\t\t<\/div>\n\n\t\t\t\t\t<div id=\"elementor-tab-content-9714\" class=\"elementor-tab-content elementor-clearfix\" data-tab=\"4\" role=\"region\" aria-labelledby=\"elementor-tab-title-9714\"><p><strong>Je li dozvoljeno fotografiranje muzejskog postava?<\/strong><\/p><p>Muzejski postav smije se fotografirati. Iznimno, za fotografiranje i snimanje u komercijalne svrhe potrebno je zatra\u017eiti privolu.<\/p><p><strong>Smijem li do\u0107i s ku\u0107nim ljubimcem?<\/strong><\/p><p>Ulazak ku\u0107nih ljubimaca nije dozvoljen zbog osjetljivosti muzejske gra\u0111e. Iznimku predstavljaju psi vodi\u010di i psi pomaga\u010di za osobe s invaliditetom.<\/p><p><strong>Je li prostor pristupa\u010dan osobama s invaliditetom?<\/strong><\/p><p>Osobama smanjene pokretljivosti pristup muzejskoj galeriji mo\u017ee biti ote\u017ean zbog pristupnog stubi\u0161ta. U planu je postavljanje pristupne rampe namijenjene osobama s invaliditetom.<\/p><p><strong>S obzirom na tematiku Muzeja, preporu\u010duje li se posjet s djecom?<\/strong><\/p><p>Muzej Domovinskog rata pru\u017ea izvanredno iskustvo povijesnog u\u010denja prilago\u0111eno djeci svih dobnih skupina. Vizualni prikazi, audio snimke i interaktivne aktivnosti omogu\u0107uju im da shvate va\u017enost Domovinskog rata te cijene hrabrost i \u017ertve ljudi koji su u njemu sudjelovali. Uz to, muzejski djelatnici su uvijek prisutni da pru\u017ee dodatna obja\u0161njenja i odgovore na pitanja, pru\u017eaju\u0107i dodatnu podr\u0161ku i razumijevanje. Ovo iskustvo poti\u010de razvoj empatije, po\u0161tovanja prema pro\u0161losti i oblikuje budu\u0107e generacije osjetljivih i odgovornih gra\u0111ana. Muzej Domovinskog rata stvara okru\u017eenje koje poti\u010de na u\u010denje i razumijevanje povijesti, \u010dine\u0107i ga izvrsnim odredi\u0161tem za obrazovne posjete.<\/p><p><em>\u00a0<\/em><\/p><\/div>\n\t\t\t\t<\/div>\n\t\t\t\t\t\t\t<div class=\"elementor-toggle-item\">\n\t\t\t\t\t<div id=\"elementor-tab-title-9715\" class=\"elementor-tab-title\" data-tab=\"5\" role=\"button\" aria-controls=\"elementor-tab-content-9715\" aria-expanded=\"false\">\n\t\t\t\t\t\t\t\t\t\t\t\t<span class=\"elementor-toggle-icon elementor-toggle-icon-left\" aria-hidden=\"true\">\n\t\t\t\t\t\t\t\t\t\t\t\t\t\t\t<span class=\"elementor-toggle-icon-closed\"><svg class=\"e-font-icon-svg e-fas-caret-right\" viewBox=\"0 0 192 512\" xmlns=\"http:\/\/www.w3.org\/2000\/svg\"><path d=\"M0 384.662V127.338c0-17.818 21.543-26.741 34.142-14.142l128.662 128.662c7.81 7.81 7.81 20.474 0 28.284L34.142 398.804C21.543 411.404 0 402.48 0 384.662z\"><\/path><\/svg><\/span>\n\t\t\t\t\t\t\t\t<span class=\"elementor-toggle-icon-opened\"><svg class=\"elementor-toggle-icon-opened e-font-icon-svg e-fas-caret-up\" viewBox=\"0 0 320 512\" xmlns=\"http:\/\/www.w3.org\/2000\/svg\"><path d=\"M288.662 352H31.338c-17.818 0-26.741-21.543-14.142-34.142l128.662-128.662c7.81-7.81 20.474-7.81 28.284 0l128.662 128.662c12.6 12.599 3.676 34.142-14.142 34.142z\"><\/path><\/svg><\/span>\n\t\t\t\t\t\t\t\t\t\t\t\t\t<\/span>\n\t\t\t\t\t\t\t\t\t\t\t\t<a class=\"elementor-toggle-title\" tabindex=\"0\">NAJAM PROSTORA<\/a>\n\t\t\t\t\t<\/div>\n\n\t\t\t\t\t<div id=\"elementor-tab-content-9715\" class=\"elementor-tab-content elementor-clearfix\" data-tab=\"5\" role=\"region\" aria-labelledby=\"elementor-tab-title-9715\">Galerijski prostor mo\u017eete unajmiti za predstavljanja knjiga\/javna predavanja i sl.\n\nNajam prostora muzejske galerije uklju\u010duje opremu: stolice i prezentacijski stol, projektor.\n\nKapacitet: 30 sjede\u0107ih mjesta.\n\nCijena najma:\n<ul>\n \t<li>Dva sata: 70 \u20ac<\/li>\n \t<li>\u010cetiri sata: 130 \u20ac<\/li>\n<\/ul>\nCijena najma uve\u0107ava se za 50% nakon 19:00 sati, vikendom za 100%.\n\nPrilikom odr\u017eavanja doga\u0111aja mora se po\u0161tivati decentnost muzejskog ambijenta. Konzumacija hrane i pi\u0107a nije mogu\u0107a u galerijskom prostoru.<\/div>\n\t\t\t\t<\/div>\n\t\t\t\t\t\t\t\t<\/div>\n\t\t\t\t<\/div>\n\t\t\t\t<\/div>\n\t\t\t\t\t<\/div>\n\t\t<\/div>\n\t\t\t\t\t<\/div>\n\t\t<\/section>\n\t\t\t\t<\/div>\n\t\t","protected":false},"excerpt":{"rendered":"<p>Adresa muzejske galerije Mike Tripala 6, 21000 Split Adresa muzejskog depoa Polji\u010dka cesta 39, 21000 Split \u00a0 Adresa elektroni\u010dke po\u0161te domovinski@mdrus.info Kontakt Ured djelatnika: +385 21 665 209 Ured ravnatelja: +385 21 665 212 OIB 66102312283 IBAN HR0724070001100547571 LOKACIJA GDJE SE NALAZIMO? \u00a0 Adresa: Mike Tripala 6, 21000 Split &nbsp; &nbsp; U blizini muzejske galerije [&hellip;]<\/p>\n","protected":false},"author":1,"featured_media":0,"parent":0,"menu_order":0,"comment_status":"closed","ping_status":"closed","template":"","meta":{"footnotes":""},"class_list":["post-9309","page","type-page","status-publish","hentry"],"_links":{"self":[{"href":"https:\/\/studioeditori.com\/mdrus_new\/wp-json\/wp\/v2\/pages\/9309","targetHints":{"allow":["GET"]}}],"collection":[{"href":"https:\/\/studioeditori.com\/mdrus_new\/wp-json\/wp\/v2\/pages"}],"about":[{"href":"https:\/\/studioeditori.com\/mdrus_new\/wp-json\/wp\/v2\/types\/page"}],"author":[{"embeddable":true,"href":"https:\/\/studioeditori.com\/mdrus_new\/wp-json\/wp\/v2\/users\/1"}],"replies":[{"embeddable":true,"href":"https:\/\/studioeditori.com\/mdrus_new\/wp-json\/wp\/v2\/comments?post=9309"}],"version-history":[{"count":94,"href":"https:\/\/studioeditori.com\/mdrus_new\/wp-json\/wp\/v2\/pages\/9309\/revisions"}],"predecessor-version":[{"id":10997,"href":"https:\/\/studioeditori.com\/mdrus_new\/wp-json\/wp\/v2\/pages\/9309\/revisions\/10997"}],"wp:attachment":[{"href":"https:\/\/studioeditori.com\/mdrus_new\/wp-json\/wp\/v2\/media?parent=9309"}],"curies":[{"name":"wp","href":"https:\/\/api.w.org\/{rel}","templated":true}]}}