{"id":9729,"date":"2024-06-20T12:52:58","date_gmt":"2024-06-20T10:52:58","guid":{"rendered":"https:\/\/studioeditori.com\/mdrus_new\/?page_id=9729"},"modified":"2024-11-28T11:55:05","modified_gmt":"2024-11-28T10:55:05","slug":"veceri-dokumentarnog-filma","status":"publish","type":"page","link":"https:\/\/studioeditori.com\/mdrus_new\/veceri-dokumentarnog-filma\/","title":{"rendered":"Ve\u010deri dokumentarnog filma"},"content":{"rendered":"\t\t<div data-elementor-type=\"wp-page\" data-elementor-id=\"9729\" class=\"elementor elementor-9729\" data-elementor-post-type=\"page\">\n\t\t\t\t<div class=\"elementor-element elementor-element-a5d2747 e-flex e-con-boxed e-con e-parent\" data-id=\"a5d2747\" data-element_type=\"container\" data-settings=\"{&quot;background_background&quot;:&quot;classic&quot;,&quot;jet_parallax_layout_list&quot;:[]}\">\n\t\t\t\t\t<div class=\"e-con-inner\">\n\t\t<div class=\"elementor-element elementor-element-2246fede e-con-full e-flex e-con e-child\" data-id=\"2246fede\" data-element_type=\"container\" data-settings=\"{&quot;jet_parallax_layout_list&quot;:[]}\">\n\t\t\t\t<\/div>\n\t\t\t\t\t<\/div>\n\t\t\t\t<\/div>\n\t\t<div class=\"elementor-element elementor-element-2b7aeee e-flex e-con-boxed e-con e-parent\" data-id=\"2b7aeee\" data-element_type=\"container\" data-settings=\"{&quot;jet_parallax_layout_list&quot;:[]}\">\n\t\t\t\t\t<div class=\"e-con-inner\">\n\t\t\t\t\t<\/div>\n\t\t\t\t<\/div>\n\t\t<div class=\"elementor-element elementor-element-789b2ae e-flex e-con-boxed e-con e-parent\" data-id=\"789b2ae\" data-element_type=\"container\" data-settings=\"{&quot;jet_parallax_layout_list&quot;:[]}\">\n\t\t\t\t\t<div class=\"e-con-inner\">\n\t\t\t\t<div class=\"elementor-element elementor-element-63a01cb elementor-widget elementor-widget-text-editor\" data-id=\"63a01cb\" data-element_type=\"widget\" data-widget_type=\"text-editor.default\">\n\t\t\t\t<div class=\"elementor-widget-container\">\n\t\t\t\t\t\t\t<section class=\"elementor-section elementor-top-section elementor-element elementor-element-a4c23af elementor-section-stretched elementor-section-boxed elementor-section-height-default elementor-section-height-default\" data-id=\"a4c23af\" data-element_type=\"section\" data-settings=\"{&quot;stretch_section&quot;:&quot;section-stretched&quot;,&quot;background_background&quot;:&quot;classic&quot;}\"><div class=\"elementor-container elementor-column-gap-no\"><div class=\"elementor-column elementor-col-100 elementor-top-column elementor-element elementor-element-7c0fefe\" data-id=\"7c0fefe\" data-element_type=\"column\"><div class=\"elementor-widget-wrap elementor-element-populated\"><div class=\"elementor-element elementor-element-0b1f23a elementor-widget elementor-widget-aheto_heading animated slideInUp\" data-id=\"0b1f23a\" data-element_type=\"widget\" data-settings=\"{&quot;_animation&quot;:&quot;slideInUp&quot;}\" data-widget_type=\"aheto_heading.default\"><div class=\"elementor-widget-container\"><div class=\"aheto-heading aheto-heading--main  align-tablet-default align-mob-default aheto_heading_67484b23901c0 \"><p class=\"aheto-heading__title \">Muzej Domovinskog rata u Splitu<\/p><\/div><\/div><\/div><div class=\"elementor-element elementor-element-be73099 elementor-widget elementor-widget-text-editor\" data-id=\"be73099\" data-element_type=\"widget\" data-widget_type=\"text-editor.default\"><div class=\"elementor-widget-container\"><p>Muzej Domovinskog rata u Splitu od 2021. godine uspje\u0161no organizira \u201eVe\u010deri dokumentarnog filma\u201c. Ovaj program posve\u0107en je prikazivanju dokumentarnih filmova doma\u0107e i inozemne produkcije, s posebnim naglaskom na one koji promi\u010du istinu o Domovinskom ratu.<\/p><p>Cilj \u201eVe\u010deri dokumentarnog filma\u201c je ne samo educirati i informirati javnost o povijesnim \u010dinjenicama i doga\u0111ajima iz Domovinskog rata, ve\u0107 i osvijestiti gledatelje o u\u017easima i posljedicama aktualnih sukoba i ratova koji se i dalje vode u na\u0161em okru\u017eenju.<\/p><p>Manifestacija filmskim autorima pru\u017ea jedinstvenu priliku da predstave svoje radove publici u Splitu, stvaraju\u0107i platformu za razmjenu ideja i diskusiju o va\u017enim dru\u0161tvenim temama.<\/p><p>Tijekom proteklih godina, \u201eVe\u010deri dokumentarnog filma\u201c zabilje\u017eile su iznimnu posje\u0107enost, \u0161to svjedo\u010di o velikom interesu javnosti za ovu tematiku. Autori filmova izrazili su svoje zadovoljstvo zbog prilike da svoje radove prika\u017eu u ovom kontekstu, isti\u010du\u0107i va\u017enost podr\u0161ke koju su dobili kroz suradnju s Muzejom. Ovaj program postaje sve zna\u010dajniji kulturni doga\u0111aj koji ne samo da oboga\u0107uje kulturnu ponudu Splita, ve\u0107 i doprinosi \u0161irenju svijesti o va\u017enosti promicanja povijesne istine i razumijevanja slo\u017eenih dru\u0161tvenih pitanja.<\/p><\/div><\/div><\/div><\/div><\/div><\/section><div class=\"elementor-element elementor-element-cf4a20a e-grid e-con-boxed e-con e-parent e-lazyloaded\" data-id=\"cf4a20a\" data-element_type=\"container\"><div class=\"e-con-inner\"><div class=\"elementor-element elementor-element-e7056bd e-con-full izlozba e-flex e-con e-child\" data-id=\"e7056bd\" data-element_type=\"container\" data-settings=\"{&quot;background_background&quot;:&quot;classic&quot;}\"><div class=\"elementor-element elementor-element-b49948f elementor-widget elementor-widget-text-editor\" data-id=\"b49948f\" data-element_type=\"widget\" data-widget_type=\"text-editor.default\"><div class=\"elementor-widget-container\">\u00a0<\/div><\/div><\/div><\/div><\/div>\t\t\t\t\t\t<\/div>\n\t\t\t\t<\/div>\n\t\t\t\t<div class=\"elementor-element elementor-element-19ba9c5 elementor-grid-3 elementor-grid-tablet-2 elementor-grid-mobile-1 elementor-posts--thumbnail-top elementor-widget elementor-widget-posts\" data-id=\"19ba9c5\" data-element_type=\"widget\" data-settings=\"{&quot;classic_columns&quot;:&quot;3&quot;,&quot;classic_columns_tablet&quot;:&quot;2&quot;,&quot;classic_columns_mobile&quot;:&quot;1&quot;,&quot;classic_row_gap&quot;:{&quot;unit&quot;:&quot;px&quot;,&quot;size&quot;:35,&quot;sizes&quot;:[]},&quot;classic_row_gap_tablet&quot;:{&quot;unit&quot;:&quot;px&quot;,&quot;size&quot;:&quot;&quot;,&quot;sizes&quot;:[]},&quot;classic_row_gap_mobile&quot;:{&quot;unit&quot;:&quot;px&quot;,&quot;size&quot;:&quot;&quot;,&quot;sizes&quot;:[]}}\" data-widget_type=\"posts.classic\">\n\t\t\t\t<div class=\"elementor-widget-container\">\n\t\t\t\t\t<div class=\"elementor-posts-container elementor-posts elementor-posts--skin-classic elementor-grid\">\n\t\t\t\t<article class=\"elementor-post elementor-grid-item post-10758 post type-post status-publish format-standard has-post-thumbnail hentry category-novosti category-veceri-dokumentarnog-filma\">\n\t\t\t\t<a class=\"elementor-post__thumbnail__link\" href=\"https:\/\/studioeditori.com\/mdrus_new\/2024\/10\/30\/veceri-dokumentarnog-filma-2024\/\" tabindex=\"-1\" >\n\t\t\t<div class=\"elementor-post__thumbnail\"><img fetchpriority=\"high\" decoding=\"async\" width=\"768\" height=\"768\" src=\"https:\/\/studioeditori.com\/mdrus_new\/wp-content\/uploads\/2024\/10\/MDRUS_Najava_web_fb-1-scaled-1-768x768.jpg\" class=\"attachment-medium_large size-medium_large wp-image-10747\" alt=\"\" srcset=\"https:\/\/studioeditori.com\/mdrus_new\/wp-content\/uploads\/2024\/10\/MDRUS_Najava_web_fb-1-scaled-1-768x768.jpg 768w, https:\/\/studioeditori.com\/mdrus_new\/wp-content\/uploads\/2024\/10\/MDRUS_Najava_web_fb-1-scaled-1-300x300.jpg 300w, https:\/\/studioeditori.com\/mdrus_new\/wp-content\/uploads\/2024\/10\/MDRUS_Najava_web_fb-1-scaled-1-1024x1024.jpg 1024w, https:\/\/studioeditori.com\/mdrus_new\/wp-content\/uploads\/2024\/10\/MDRUS_Najava_web_fb-1-scaled-1-150x150.jpg 150w, https:\/\/studioeditori.com\/mdrus_new\/wp-content\/uploads\/2024\/10\/MDRUS_Najava_web_fb-1-scaled-1-1536x1536.jpg 1536w, https:\/\/studioeditori.com\/mdrus_new\/wp-content\/uploads\/2024\/10\/MDRUS_Najava_web_fb-1-scaled-1-2048x2048.jpg 2048w\" sizes=\"(max-width: 768px) 100vw, 768px\" \/><\/div>\n\t\t<\/a>\n\t\t\t\t<div class=\"elementor-post__text\">\n\t\t\t\t<h3 class=\"elementor-post__title\">\n\t\t\t<a href=\"https:\/\/studioeditori.com\/mdrus_new\/2024\/10\/30\/veceri-dokumentarnog-filma-2024\/\" >\n\t\t\t\tVe\u010deri dokumentarnog filma 2024.\t\t\t<\/a>\n\t\t<\/h3>\n\t\t\t\t<\/div>\n\t\t\t\t<\/article>\n\t\t\t\t<article class=\"elementor-post elementor-grid-item post-10778 post type-post status-publish format-standard has-post-thumbnail hentry category-portfolio category-veceri-dokumentarnog-filma\">\n\t\t\t\t<a class=\"elementor-post__thumbnail__link\" href=\"https:\/\/studioeditori.com\/mdrus_new\/2024\/08\/25\/veceri-dokumentarnog-filma-2023\/\" tabindex=\"-1\" >\n\t\t\t<div class=\"elementor-post__thumbnail\"><img decoding=\"async\" width=\"768\" height=\"1096\" src=\"https:\/\/studioeditori.com\/mdrus_new\/wp-content\/uploads\/2024\/08\/406486799_1025452488559701_2851015825158801004_n-768x1096.jpg\" class=\"attachment-medium_large size-medium_large wp-image-10594\" alt=\"\" srcset=\"https:\/\/studioeditori.com\/mdrus_new\/wp-content\/uploads\/2024\/08\/406486799_1025452488559701_2851015825158801004_n-768x1096.jpg 768w, https:\/\/studioeditori.com\/mdrus_new\/wp-content\/uploads\/2024\/08\/406486799_1025452488559701_2851015825158801004_n-210x300.jpg 210w, https:\/\/studioeditori.com\/mdrus_new\/wp-content\/uploads\/2024\/08\/406486799_1025452488559701_2851015825158801004_n-717x1024.jpg 717w, https:\/\/studioeditori.com\/mdrus_new\/wp-content\/uploads\/2024\/08\/406486799_1025452488559701_2851015825158801004_n-1076x1536.jpg 1076w, https:\/\/studioeditori.com\/mdrus_new\/wp-content\/uploads\/2024\/08\/406486799_1025452488559701_2851015825158801004_n.jpg 1121w\" sizes=\"(max-width: 768px) 100vw, 768px\" \/><\/div>\n\t\t<\/a>\n\t\t\t\t<div class=\"elementor-post__text\">\n\t\t\t\t<h3 class=\"elementor-post__title\">\n\t\t\t<a href=\"https:\/\/studioeditori.com\/mdrus_new\/2024\/08\/25\/veceri-dokumentarnog-filma-2023\/\" >\n\t\t\t\tVe\u010deri dokumentarnog filma 2023.\t\t\t<\/a>\n\t\t<\/h3>\n\t\t\t\t<\/div>\n\t\t\t\t<\/article>\n\t\t\t\t<article class=\"elementor-post elementor-grid-item post-198 post type-post status-publish format-standard has-post-thumbnail hentry category-portfolio category-veceri-dokumentarnog-filma\">\n\t\t\t\t<a class=\"elementor-post__thumbnail__link\" href=\"https:\/\/studioeditori.com\/mdrus_new\/2022\/08\/23\/veceri-dokumentarnog-filma-2022\/\" tabindex=\"-1\" >\n\t\t\t<div class=\"elementor-post__thumbnail\"><img decoding=\"async\" width=\"768\" height=\"1088\" src=\"https:\/\/studioeditori.com\/mdrus_new\/wp-content\/uploads\/2021\/09\/Screenshot-2024-04-09-at-14.34.08-768x1088.jpg\" class=\"attachment-medium_large size-medium_large wp-image-9086\" alt=\"\" srcset=\"https:\/\/studioeditori.com\/mdrus_new\/wp-content\/uploads\/2021\/09\/Screenshot-2024-04-09-at-14.34.08-768x1088.jpg 768w, https:\/\/studioeditori.com\/mdrus_new\/wp-content\/uploads\/2021\/09\/Screenshot-2024-04-09-at-14.34.08-212x300.jpg 212w, https:\/\/studioeditori.com\/mdrus_new\/wp-content\/uploads\/2021\/09\/Screenshot-2024-04-09-at-14.34.08-723x1024.jpg 723w, https:\/\/studioeditori.com\/mdrus_new\/wp-content\/uploads\/2021\/09\/Screenshot-2024-04-09-at-14.34.08-1084x1536.jpg 1084w, https:\/\/studioeditori.com\/mdrus_new\/wp-content\/uploads\/2021\/09\/Screenshot-2024-04-09-at-14.34.08-600x850.jpg 600w, https:\/\/studioeditori.com\/mdrus_new\/wp-content\/uploads\/2021\/09\/Screenshot-2024-04-09-at-14.34.08.jpg 1300w\" sizes=\"(max-width: 768px) 100vw, 768px\" \/><\/div>\n\t\t<\/a>\n\t\t\t\t<div class=\"elementor-post__text\">\n\t\t\t\t<h3 class=\"elementor-post__title\">\n\t\t\t<a href=\"https:\/\/studioeditori.com\/mdrus_new\/2022\/08\/23\/veceri-dokumentarnog-filma-2022\/\" >\n\t\t\t\tVe\u010deri dokumentarnog filma 2022.\t\t\t<\/a>\n\t\t<\/h3>\n\t\t\t\t<\/div>\n\t\t\t\t<\/article>\n\t\t\t\t<\/div>\n\t\t\n\t\t\t\t<\/div>\n\t\t\t\t<\/div>\n\t\t\t\t\t<\/div>\n\t\t\t\t<\/div>\n\t\t\t\t<\/div>\n\t\t","protected":false},"excerpt":{"rendered":"<p>Muzej Domovinskog rata u Splitu Muzej Domovinskog rata u Splitu od 2021. godine uspje\u0161no organizira \u201eVe\u010deri dokumentarnog filma\u201c. Ovaj program posve\u0107en je prikazivanju dokumentarnih filmova<\/p>\n","protected":false},"author":1,"featured_media":0,"parent":0,"menu_order":0,"comment_status":"closed","ping_status":"closed","template":"","meta":{"footnotes":""},"class_list":["post-9729","page","type-page","status-publish","hentry"],"_links":{"self":[{"href":"https:\/\/studioeditori.com\/mdrus_new\/wp-json\/wp\/v2\/pages\/9729","targetHints":{"allow":["GET"]}}],"collection":[{"href":"https:\/\/studioeditori.com\/mdrus_new\/wp-json\/wp\/v2\/pages"}],"about":[{"href":"https:\/\/studioeditori.com\/mdrus_new\/wp-json\/wp\/v2\/types\/page"}],"author":[{"embeddable":true,"href":"https:\/\/studioeditori.com\/mdrus_new\/wp-json\/wp\/v2\/users\/1"}],"replies":[{"embeddable":true,"href":"https:\/\/studioeditori.com\/mdrus_new\/wp-json\/wp\/v2\/comments?post=9729"}],"version-history":[{"count":14,"href":"https:\/\/studioeditori.com\/mdrus_new\/wp-json\/wp\/v2\/pages\/9729\/revisions"}],"predecessor-version":[{"id":10936,"href":"https:\/\/studioeditori.com\/mdrus_new\/wp-json\/wp\/v2\/pages\/9729\/revisions\/10936"}],"wp:attachment":[{"href":"https:\/\/studioeditori.com\/mdrus_new\/wp-json\/wp\/v2\/media?parent=9729"}],"curies":[{"name":"wp","href":"https:\/\/api.w.org\/{rel}","templated":true}]}}