{"id":20362,"date":"2022-03-29T10:53:18","date_gmt":"2022-03-29T10:53:18","guid":{"rendered":"https:\/\/studioeditori.com\/putnikovic\/?page_id=20362"},"modified":"2025-01-22T22:24:52","modified_gmt":"2025-01-22T22:24:52","slug":"peljesac-vino","status":"publish","type":"page","link":"https:\/\/studioeditori.com\/putnikovic\/crna-vina\/peljesac-vino\/","title":{"rendered":"Pelje\u0161ac vino"},"content":{"rendered":"\t\t<div data-elementor-type=\"wp-page\" data-elementor-id=\"20362\" class=\"elementor elementor-20362\" data-elementor-post-type=\"page\">\n\t\t\t\t\t\t<section class=\"elementor-section-with-custom-width elementor-section elementor-top-section elementor-element elementor-element-5950d8c9 elementor-section-stretched elementor-reverse-mobile elementor-section-content-middle elementor-section-boxed elementor-section-height-default elementor-section-height-default sc_fly_static\" data-id=\"5950d8c9\" data-element_type=\"section\" data-settings=\"{&quot;stretch_section&quot;:&quot;section-stretched&quot;,&quot;background_background&quot;:&quot;classic&quot;}\">\n\t\t\t\t\t\t<div class=\"elementor-container elementor-column-gap-no\">\n\t\t\t\t\t<div class=\"elementor-column elementor-col-50 elementor-top-column elementor-element elementor-element-5a75bac4 sc_content_align_inherit sc_layouts_column_icons_position_left sc_fly_static\" data-id=\"5a75bac4\" data-element_type=\"column\">\n\t\t\t<div class=\"elementor-widget-wrap elementor-element-populated\">\n\t\t\t\t\t\t<section class=\"elementor-section elementor-inner-section elementor-element elementor-element-d8af090 elementor-section-content-middle elementor-section-boxed elementor-section-height-default elementor-section-height-default sc_fly_static\" data-id=\"d8af090\" data-element_type=\"section\">\n\t\t\t\t\t\t<div class=\"elementor-container elementor-column-gap-no\">\n\t\t\t\t\t<div class=\"elementor-column elementor-col-100 elementor-inner-column elementor-element elementor-element-35bbdac sc_content_align_inherit sc_layouts_column_icons_position_left sc_fly_static\" data-id=\"35bbdac\" data-element_type=\"column\">\n\t\t\t<div class=\"elementor-widget-wrap elementor-element-populated\">\n\t\t\t\t\t\t<div class=\"elementor-element elementor-element-c6d9113 sc_fly_static elementor-widget elementor-widget-image\" data-id=\"c6d9113\" data-element_type=\"widget\" data-widget_type=\"image.default\">\n\t\t\t\t\t\t\t\t\t\t\t\t\t\t\t<img fetchpriority=\"high\" decoding=\"async\" width=\"682\" height=\"1024\" src=\"https:\/\/studioeditori.com\/putnikovic\/wp-content\/uploads\/2025\/01\/peljesac-0.75-4-682x1024.jpg\" class=\"attachment-large size-large wp-image-20964\" alt=\"\" srcset=\"https:\/\/studioeditori.com\/putnikovic\/wp-content\/uploads\/2025\/01\/peljesac-0.75-4-682x1024.jpg 682w, https:\/\/studioeditori.com\/putnikovic\/wp-content\/uploads\/2025\/01\/peljesac-0.75-4-200x300.jpg 200w, https:\/\/studioeditori.com\/putnikovic\/wp-content\/uploads\/2025\/01\/peljesac-0.75-4-768x1154.jpg 768w, https:\/\/studioeditori.com\/putnikovic\/wp-content\/uploads\/2025\/01\/peljesac-0.75-4-370x556.jpg 370w, https:\/\/studioeditori.com\/putnikovic\/wp-content\/uploads\/2025\/01\/peljesac-0.75-4-840x1262.jpg 840w, https:\/\/studioeditori.com\/putnikovic\/wp-content\/uploads\/2025\/01\/peljesac-0.75-4-410x616.jpg 410w, https:\/\/studioeditori.com\/putnikovic\/wp-content\/uploads\/2025\/01\/peljesac-0.75-4-600x901.jpg 600w, https:\/\/studioeditori.com\/putnikovic\/wp-content\/uploads\/2025\/01\/peljesac-0.75-4.jpg 852w\" sizes=\"(max-width: 682px) 100vw, 682px\" \/>\t\t\t\t\t\t\t\t\t\t\t\t\t\t\t<\/div>\n\t\t\t\t<div class=\"elementor-element elementor-element-7ee9795 sc_fly_static elementor-widget elementor-widget-image\" data-id=\"7ee9795\" data-element_type=\"widget\" data-widget_type=\"image.default\">\n\t\t\t\t\t\t\t\t\t\t\t\t\t\t\t<img decoding=\"async\" width=\"682\" height=\"1024\" src=\"https:\/\/studioeditori.com\/putnikovic\/wp-content\/uploads\/2025\/01\/peljesac-0.75-3-682x1024.jpg\" class=\"attachment-large size-large wp-image-20965\" alt=\"\" srcset=\"https:\/\/studioeditori.com\/putnikovic\/wp-content\/uploads\/2025\/01\/peljesac-0.75-3-682x1024.jpg 682w, https:\/\/studioeditori.com\/putnikovic\/wp-content\/uploads\/2025\/01\/peljesac-0.75-3-200x300.jpg 200w, https:\/\/studioeditori.com\/putnikovic\/wp-content\/uploads\/2025\/01\/peljesac-0.75-3-768x1154.jpg 768w, https:\/\/studioeditori.com\/putnikovic\/wp-content\/uploads\/2025\/01\/peljesac-0.75-3-370x556.jpg 370w, https:\/\/studioeditori.com\/putnikovic\/wp-content\/uploads\/2025\/01\/peljesac-0.75-3-840x1262.jpg 840w, https:\/\/studioeditori.com\/putnikovic\/wp-content\/uploads\/2025\/01\/peljesac-0.75-3-410x616.jpg 410w, https:\/\/studioeditori.com\/putnikovic\/wp-content\/uploads\/2025\/01\/peljesac-0.75-3-600x901.jpg 600w, https:\/\/studioeditori.com\/putnikovic\/wp-content\/uploads\/2025\/01\/peljesac-0.75-3.jpg 852w\" sizes=\"(max-width: 682px) 100vw, 682px\" \/>\t\t\t\t\t\t\t\t\t\t\t\t\t\t\t<\/div>\n\t\t\t\t\t<\/div>\n\t\t<\/div>\n\t\t\t\t\t<\/div>\n\t\t<\/section>\n\t\t\t\t\t<\/div>\n\t\t<\/div>\n\t\t\t\t<div class=\"elementor-column elementor-col-50 elementor-top-column elementor-element elementor-element-2a863cad sc_content_align_inherit sc_layouts_column_icons_position_left sc_fly_static\" data-id=\"2a863cad\" data-element_type=\"column\" data-settings=\"{&quot;background_background&quot;:&quot;classic&quot;}\">\n\t\t\t<div class=\"elementor-widget-wrap elementor-element-populated\">\n\t\t\t\t\t\t<div class=\"elementor-element elementor-element-70b37b82 sc_fly_static elementor-widget elementor-widget-heading\" data-id=\"70b37b82\" data-element_type=\"widget\" data-widget_type=\"heading.default\">\n\t\t\t\t\t<p class=\"elementor-heading-title elementor-size-default\">Godina: 2022<\/p>\t\t\t\t<\/div>\n\t\t\t\t<div class=\"elementor-element elementor-element-be50d88 sc_fly_static elementor-widget elementor-widget-spacer\" data-id=\"be50d88\" data-element_type=\"widget\" data-widget_type=\"spacer.default\">\n\t\t\t\t\t\t\t<div class=\"elementor-spacer\">\n\t\t\t<div class=\"elementor-spacer-inner\"><\/div>\n\t\t<\/div>\n\t\t\t\t\t\t<\/div>\n\t\t\t\t<div class=\"elementor-element elementor-element-1140c84e sc_fly_static elementor-widget elementor-widget-heading\" data-id=\"1140c84e\" data-element_type=\"widget\" data-widget_type=\"heading.default\">\n\t\t\t\t\t<h2 class=\"elementor-heading-title elementor-size-default\">PELJE\u0160AC - 0,75 L<\/h2>\t\t\t\t<\/div>\n\t\t\t\t<div class=\"elementor-element elementor-element-b81b9b5 sc_fly_static elementor-widget elementor-widget-spacer\" data-id=\"b81b9b5\" data-element_type=\"widget\" data-widget_type=\"spacer.default\">\n\t\t\t\t\t\t\t<div class=\"elementor-spacer\">\n\t\t\t<div class=\"elementor-spacer-inner\"><\/div>\n\t\t<\/div>\n\t\t\t\t\t\t<\/div>\n\t\t\t\t<div class=\"elementor-element elementor-element-fc93149 sc_fly_static elementor-widget elementor-widget-text-editor\" data-id=\"fc93149\" data-element_type=\"widget\" data-widget_type=\"text-editor.default\">\n\t\t\t\t\t\t\t\t\t<p class=\"Standard\">Pelje\u0161ac, 0,75 l, cijena: 10 eura, godina: 2022<\/p>\t\t\t\t\t\t\t\t<\/div>\n\t\t\t\t<div class=\"elementor-element elementor-element-078de63 sc_fly_static elementor-widget elementor-widget-spacer\" data-id=\"078de63\" data-element_type=\"widget\" data-widget_type=\"spacer.default\">\n\t\t\t\t\t\t\t<div class=\"elementor-spacer\">\n\t\t\t<div class=\"elementor-spacer-inner\"><\/div>\n\t\t<\/div>\n\t\t\t\t\t\t<\/div>\n\t\t\t\t<div class=\"elementor-element elementor-element-a913553 sc_fly_static elementor-widget elementor-widget-text-editor\" data-id=\"a913553\" data-element_type=\"widget\" data-widget_type=\"text-editor.default\">\n\t\t\t\t\t\t\t\t\t<table class=\"woocommerce-product-attributes shop_attributes table\">\n<tbody>\n<tr class=\"woocommerce-product-attributes-item woocommerce-product-attributes-item--attribute_tip-vina\">\n<th class=\"woocommerce-product-attributes-item__label\">Sorta:<\/th>\n<td class=\"woocommerce-product-attributes-item__value\">Plavac mali<\/td>\n<\/tr>\n<tr class=\"woocommerce-product-attributes-item woocommerce-product-attributes-item--attribute_sorta\">\n<th class=\"woocommerce-product-attributes-item__label\">Tip vina:<\/th>\n<td class=\"woocommerce-product-attributes-item__value\">Kvalitetno suho crno vino<\/td>\n<\/tr>\n<tr class=\"woocommerce-product-attributes-item woocommerce-product-attributes-item--attribute_godina\">\n<th class=\"woocommerce-product-attributes-item__label\">Lokalitet:<\/th>\n<td class=\"woocommerce-product-attributes-item__value\">\nPutnikovi\u0107\n<\/td>\n<\/tr>\n<tr class=\"woocommerce-product-attributes-item woocommerce-product-attributes-item--attribute_alkohol\">\n<th class=\"woocommerce-product-attributes-item__label\">Boja:<\/th>\n<td class=\"woocommerce-product-attributes-item__value\">Rubin<\/td>\n<\/tr>\n<tr class=\"woocommerce-product-attributes-item woocommerce-product-attributes-item--attribute_sadr%c5%beaj\">\n<th class=\"woocommerce-product-attributes-item__label\">Opis:<\/th>\n<td class=\"woocommerce-product-attributes-item__value\">\nTradicionalno i vo\u0107no\n<\/td>\n<\/tr>\n<tr class=\"woocommerce-product-attributes-item woocommerce-product-attributes-item--attribute_lokalitet\">\n<th class=\"woocommerce-product-attributes-item__label\">Okus:<\/th>\n<td class=\"woocommerce-product-attributes-item__value\">\nTamno bobi\u010dasto vo\u0107e i suhe \u0161ljive\n<\/td>\n<\/tr>\n<tr class=\"woocommerce-product-attributes-item woocommerce-product-attributes-item--attribute_lokalitet\">\n<th class=\"woocommerce-product-attributes-item__label\">Alkohol:<\/th>\n<td class=\"woocommerce-product-attributes-item__value\">12,5 %<\/td>\n<\/tr>\n<tr class=\"woocommerce-product-attributes-item woocommerce-product-attributes-item--attribute_lokalitet\">\n<th class=\"woocommerce-product-attributes-item__label\">Ostatak \u0161e\u0107era:<\/th>\n<td class=\"woocommerce-product-attributes-item__value\">&lt;2<\/td>\n<\/tr>\n<tr>\n<th>Tijelo:<\/th>\n<td>Puno<\/td>\n<\/tr>\n<tr>\n<th>Vinifikacija:<\/th>\n<td>\nMaceracija 3 dana, fermentacija 10 dana\n<\/td>\n<\/tr>\n<tr>\n<th>Dozrijevanje:<\/th>\n<td>6 mjeseci u boci<\/td>\n<\/tr>\n<tr>\n<th>Prijedlozi serviranja:<\/th>\n<td>\nMeso, riba, meki sirevi\n<\/td>\n<\/tr>\n<tr>\n<th>Temperatura konzumacije:<\/th>\n<td>18-20 \u00b0C<\/td>\n<\/tr>\n<tr>\n<th>Zanimljivosti:<\/th>\n<td>\nZa\u0161ti\u0107ena oznaka izvornosti\n<\/td>\n<\/tr>\n<\/tbody>\n<\/table>\t\t\t\t\t\t\t\t<\/div>\n\t\t\t\t<div class=\"elementor-element elementor-element-ab7c983 sc_fly_static elementor-widget elementor-widget-spacer\" data-id=\"ab7c983\" data-element_type=\"widget\" data-widget_type=\"spacer.default\">\n\t\t\t\t\t\t\t<div class=\"elementor-spacer\">\n\t\t\t<div class=\"elementor-spacer-inner\"><\/div>\n\t\t<\/div>\n\t\t\t\t\t\t<\/div>\n\t\t\t\t<div class=\"elementor-element elementor-element-1e42d1b sc_fly_static elementor-widget elementor-widget-wc-add-to-cart\" data-id=\"1e42d1b\" data-element_type=\"widget\" data-widget_type=\"wc-add-to-cart.default\">\n\t\t\t\t\t\t\t\t\t\t<a rel=\"nofollow\" href=\"?add-to-cart=20780\" data-quantity=\"1\" data-product_id=\"20780\" class=\"product_type_simple add_to_cart_button ajax_add_to_cart elementor-button elementor-size-lg\" role=\"button\">\n\t\t\t\t\t\t<span class=\"elementor-button-content-wrapper\">\n\t\t\t\t\t\t\t\t\t<span class=\"elementor-button-text\">KUPI<\/span>\n\t\t\t\t\t<\/span>\n\t\t\t\t\t<\/a>\n\t\t\t\t\t\t\t\t<\/div>\n\t\t\t\t\t<\/div>\n\t\t<\/div>\n\t\t\t\t\t<\/div>\n\t\t<\/section>\n\t\t\t\t<section class=\"elementor-section elementor-top-section elementor-element elementor-element-e8c8fcd elementor-section-boxed elementor-section-height-default elementor-section-height-default sc_fly_static\" data-id=\"e8c8fcd\" data-element_type=\"section\">\n\t\t\t\t\t\t<div class=\"elementor-container elementor-column-gap-extended\">\n\t\t\t\t\t<div class=\"elementor-column elementor-col-100 elementor-top-column elementor-element elementor-element-af8d1a9 sc_content_align_inherit sc_layouts_column_icons_position_left sc_fly_static\" data-id=\"af8d1a9\" data-element_type=\"column\">\n\t\t\t<div class=\"elementor-widget-wrap elementor-element-populated\">\n\t\t\t\t\t\t<div class=\"elementor-element elementor-element-73bb3d0 sc_fly_static elementor-widget elementor-widget-heading\" data-id=\"73bb3d0\" data-element_type=\"widget\" data-widget_type=\"heading.default\">\n\t\t\t\t\t<p class=\"elementor-heading-title elementor-size-default\">Opis vina<\/p>\t\t\t\t<\/div>\n\t\t\t\t<div class=\"elementor-element elementor-element-6c39c14 sc_fly_static elementor-widget elementor-widget-heading\" data-id=\"6c39c14\" data-element_type=\"widget\" data-widget_type=\"heading.default\">\n\t\t\t\t\t<h2 class=\"elementor-heading-title elementor-size-default\">Pelje\u0161ac<\/h2>\t\t\t\t<\/div>\n\t\t\t\t<section class=\"elementor-section elementor-inner-section elementor-element elementor-element-39d975a elementor-section-boxed elementor-section-height-default elementor-section-height-default sc_fly_static\" data-id=\"39d975a\" data-element_type=\"section\">\n\t\t\t\t\t\t<div class=\"elementor-container elementor-column-gap-extended\">\n\t\t\t\t\t<div class=\"elementor-column elementor-col-100 elementor-inner-column elementor-element elementor-element-1e43ee6 sc_content_align_inherit sc_layouts_column_icons_position_left sc_fly_static\" data-id=\"1e43ee6\" data-element_type=\"column\">\n\t\t\t<div class=\"elementor-widget-wrap elementor-element-populated\">\n\t\t\t\t\t\t<div class=\"elementor-element elementor-element-0d133d5 sc_fly_static elementor-widget elementor-widget-text-editor\" data-id=\"0d133d5\" data-element_type=\"widget\" data-widget_type=\"text-editor.default\">\n\t\t\t\t\t\t\t\t\t<p>Pelje\u0161ac je vino sorte plavac mali. Gro\u017e\u0111e za ovo vino se bere sa polo\u017eaja strane oko Putnikovi\u0107a. To su strane unutar poluotoka Pelje\u0161ca koje nisu okrenute prema moru. Vino je laganog vo\u0107nog okusa i rubin crvene boje.<\/p>\t\t\t\t\t\t\t\t<\/div>\n\t\t\t\t<div class=\"elementor-element elementor-element-c0ce5aa elementor-widget-divider--view-line sc_fly_static elementor-widget elementor-widget-divider\" data-id=\"c0ce5aa\" data-element_type=\"widget\" data-widget_type=\"divider.default\">\n\t\t\t\t\t\t\t<div class=\"elementor-divider\">\n\t\t\t<span class=\"elementor-divider-separator\">\n\t\t\t\t\t\t<\/span>\n\t\t<\/div>\n\t\t\t\t\t\t<\/div>\n\t\t\t\t<div class=\"elementor-element elementor-element-833f6a6 sc_fly_static elementor-widget elementor-widget-text-editor\" data-id=\"833f6a6\" data-element_type=\"widget\" data-widget_type=\"text-editor.default\">\n\t\t\t\t\t\t\t\t\t<p>Vino je laganog vo\u0107nog okusa i rubin crvene boje. Pristaje uz sva jela koja prate crna vina, a mo\u017ee se preporu\u010diti kod konzumiranja mesnih jela te se pije pri sobnoj temperaturi.<\/p>\t\t\t\t\t\t\t\t<\/div>\n\t\t\t\t\t<\/div>\n\t\t<\/div>\n\t\t\t\t\t<\/div>\n\t\t<\/section>\n\t\t\t\t\t<\/div>\n\t\t<\/div>\n\t\t\t\t\t<\/div>\n\t\t<\/section>\n\t\t\t\t<\/div>\n\t\t","protected":false},"excerpt":{"rendered":"<p>Godina: 2022 PELJE\u0160AC &#8211; 0,75 L Pelje\u0161ac, 0,75 l, cijena: 10 eura, godina: 2022 Sorta: Plavac mali Tip vina: Kvalitetno suho crno vino Lokalitet: Putnikovi\u0107 Boja: Rubin Opis: Tradicionalno i&hellip;<\/p>\n","protected":false},"author":1,"featured_media":0,"parent":20370,"menu_order":0,"comment_status":"closed","ping_status":"closed","template":"","meta":{"footnotes":""},"class_list":["post-20362","page","type-page","status-publish","hentry"],"_links":{"self":[{"href":"https:\/\/studioeditori.com\/putnikovic\/wp-json\/wp\/v2\/pages\/20362","targetHints":{"allow":["GET"]}}],"collection":[{"href":"https:\/\/studioeditori.com\/putnikovic\/wp-json\/wp\/v2\/pages"}],"about":[{"href":"https:\/\/studioeditori.com\/putnikovic\/wp-json\/wp\/v2\/types\/page"}],"author":[{"embeddable":true,"href":"https:\/\/studioeditori.com\/putnikovic\/wp-json\/wp\/v2\/users\/1"}],"replies":[{"embeddable":true,"href":"https:\/\/studioeditori.com\/putnikovic\/wp-json\/wp\/v2\/comments?post=20362"}],"version-history":[{"count":26,"href":"https:\/\/studioeditori.com\/putnikovic\/wp-json\/wp\/v2\/pages\/20362\/revisions"}],"predecessor-version":[{"id":20987,"href":"https:\/\/studioeditori.com\/putnikovic\/wp-json\/wp\/v2\/pages\/20362\/revisions\/20987"}],"up":[{"embeddable":true,"href":"https:\/\/studioeditori.com\/putnikovic\/wp-json\/wp\/v2\/pages\/20370"}],"wp:attachment":[{"href":"https:\/\/studioeditori.com\/putnikovic\/wp-json\/wp\/v2\/media?parent=20362"}],"curies":[{"name":"wp","href":"https:\/\/api.w.org\/{rel}","templated":true}]}}