{"id":20512,"date":"2022-03-29T19:34:27","date_gmt":"2022-03-29T19:34:27","guid":{"rendered":"https:\/\/studioeditori.com\/putnikovic\/?page_id=20512"},"modified":"2025-01-23T07:27:47","modified_gmt":"2025-01-23T07:27:47","slug":"peljeski-most","status":"publish","type":"page","link":"https:\/\/studioeditori.com\/putnikovic\/crna-vina\/peljeski-most\/","title":{"rendered":"Pelje\u0161ki most"},"content":{"rendered":"\t\t<div data-elementor-type=\"wp-page\" data-elementor-id=\"20512\" class=\"elementor elementor-20512\" data-elementor-post-type=\"page\">\n\t\t\t\t\t\t<section class=\"elementor-section-with-custom-width elementor-section elementor-top-section elementor-element elementor-element-5950d8c9 elementor-section-stretched elementor-reverse-mobile elementor-section-content-middle elementor-section-boxed elementor-section-height-default elementor-section-height-default sc_fly_static\" data-id=\"5950d8c9\" data-element_type=\"section\" data-settings=\"{&quot;stretch_section&quot;:&quot;section-stretched&quot;,&quot;background_background&quot;:&quot;classic&quot;}\">\n\t\t\t\t\t\t<div class=\"elementor-container elementor-column-gap-no\">\n\t\t\t\t\t<div class=\"elementor-column elementor-col-50 elementor-top-column elementor-element elementor-element-5a75bac4 sc_content_align_inherit sc_layouts_column_icons_position_left sc_fly_static\" data-id=\"5a75bac4\" data-element_type=\"column\">\n\t\t\t<div class=\"elementor-widget-wrap elementor-element-populated\">\n\t\t\t\t\t\t<div class=\"elementor-element elementor-element-c6d9113 sc_fly_static elementor-widget elementor-widget-image\" data-id=\"c6d9113\" data-element_type=\"widget\" data-widget_type=\"image.default\">\n\t\t\t\t\t\t\t\t\t\t\t\t\t\t\t<img fetchpriority=\"high\" decoding=\"async\" width=\"684\" height=\"1024\" src=\"https:\/\/studioeditori.com\/putnikovic\/wp-content\/uploads\/2022\/03\/peljeski_most-684x1024.png\" class=\"attachment-large size-large wp-image-20389\" alt=\"\" srcset=\"https:\/\/studioeditori.com\/putnikovic\/wp-content\/uploads\/2022\/03\/peljeski_most-684x1024.png 684w, https:\/\/studioeditori.com\/putnikovic\/wp-content\/uploads\/2022\/03\/peljeski_most-200x300.png 200w, https:\/\/studioeditori.com\/putnikovic\/wp-content\/uploads\/2022\/03\/peljeski_most-768x1151.png 768w, https:\/\/studioeditori.com\/putnikovic\/wp-content\/uploads\/2022\/03\/peljeski_most-1025x1536.png 1025w, https:\/\/studioeditori.com\/putnikovic\/wp-content\/uploads\/2022\/03\/peljeski_most-1367x2048.png 1367w, https:\/\/studioeditori.com\/putnikovic\/wp-content\/uploads\/2022\/03\/peljeski_most-370x554.png 370w, https:\/\/studioeditori.com\/putnikovic\/wp-content\/uploads\/2022\/03\/peljeski_most-840x1258.png 840w, https:\/\/studioeditori.com\/putnikovic\/wp-content\/uploads\/2022\/03\/peljeski_most-410x614.png 410w, https:\/\/studioeditori.com\/putnikovic\/wp-content\/uploads\/2022\/03\/peljeski_most-600x899.png 600w, https:\/\/studioeditori.com\/putnikovic\/wp-content\/uploads\/2022\/03\/peljeski_most.png 1600w\" sizes=\"(max-width: 684px) 100vw, 684px\" \/>\t\t\t\t\t\t\t\t\t\t\t\t\t\t\t<\/div>\n\t\t\t\t<section class=\"elementor-section elementor-inner-section elementor-element elementor-element-d8af090 elementor-section-content-middle elementor-section-boxed elementor-section-height-default elementor-section-height-default sc_fly_static\" data-id=\"d8af090\" data-element_type=\"section\">\n\t\t\t\t\t\t<div class=\"elementor-container elementor-column-gap-no\">\n\t\t\t\t\t<div class=\"elementor-column elementor-col-100 elementor-inner-column elementor-element elementor-element-35bbdac sc_content_align_inherit sc_layouts_column_icons_position_left sc_fly_static\" data-id=\"35bbdac\" data-element_type=\"column\">\n\t\t\t<div class=\"elementor-widget-wrap\">\n\t\t\t\t\t\t\t<\/div>\n\t\t<\/div>\n\t\t\t\t\t<\/div>\n\t\t<\/section>\n\t\t\t\t\t<\/div>\n\t\t<\/div>\n\t\t\t\t<div class=\"elementor-column elementor-col-50 elementor-top-column elementor-element elementor-element-2a863cad sc_content_align_inherit sc_layouts_column_icons_position_left sc_fly_static\" data-id=\"2a863cad\" data-element_type=\"column\" data-settings=\"{&quot;background_background&quot;:&quot;classic&quot;}\">\n\t\t\t<div class=\"elementor-widget-wrap elementor-element-populated\">\n\t\t\t\t\t\t<div class=\"elementor-element elementor-element-70b37b82 sc_fly_static elementor-widget elementor-widget-heading\" data-id=\"70b37b82\" data-element_type=\"widget\" data-widget_type=\"heading.default\">\n\t\t\t\t\t<p class=\"elementor-heading-title elementor-size-default\">2022<\/p>\t\t\t\t<\/div>\n\t\t\t\t<div class=\"elementor-element elementor-element-1140c84e sc_fly_static elementor-widget elementor-widget-heading\" data-id=\"1140c84e\" data-element_type=\"widget\" data-widget_type=\"heading.default\">\n\t\t\t\t\t<h2 class=\"elementor-heading-title elementor-size-default\">Pelje\u0161ki most<\/h2>\t\t\t\t<\/div>\n\t\t\t\t<div class=\"elementor-element elementor-element-36cc89f sc_fly_static elementor-widget elementor-widget-text-editor\" data-id=\"36cc89f\" data-element_type=\"widget\" data-widget_type=\"text-editor.default\">\n\t\t\t\t\t\t\t\t\t<p class=\"Standard\">Pelje\u0161ki most, 0,75 l, cijena: 10 eura, godina: 2022<\/p>\t\t\t\t\t\t\t\t<\/div>\n\t\t\t\t<div class=\"elementor-element elementor-element-e11a30f sc_fly_static elementor-widget elementor-widget-text-editor\" data-id=\"e11a30f\" data-element_type=\"widget\" data-widget_type=\"text-editor.default\">\n\t\t\t\t\t\t\t\t\t<p>Poslu\u017euje se uz laganija mesna i riblja jela, te sireve nje\u017enijeg okusa.<\/p>\t\t\t\t\t\t\t\t<\/div>\n\t\t\t\t<div class=\"elementor-element elementor-element-19d0cb3 sc_fly_static elementor-widget elementor-widget-text-editor\" data-id=\"19d0cb3\" data-element_type=\"widget\" data-widget_type=\"text-editor.default\">\n\t\t\t\t\t\t\t\t\t<table class=\"woocommerce-product-attributes shop_attributes table\"><tbody><tr class=\"woocommerce-product-attributes-item woocommerce-product-attributes-item--attribute_tip-vina\"><th class=\"woocommerce-product-attributes-item__label\">Sorta:<\/th><td class=\"woocommerce-product-attributes-item__value\">Plavac mali<\/td><\/tr><tr class=\"woocommerce-product-attributes-item woocommerce-product-attributes-item--attribute_sorta\"><th class=\"woocommerce-product-attributes-item__label\">Tip vina:<\/th><td class=\"woocommerce-product-attributes-item__value\">Kvalitetno suho crno vino<\/td><\/tr><tr class=\"woocommerce-product-attributes-item woocommerce-product-attributes-item--attribute_godina\"><th class=\"woocommerce-product-attributes-item__label\">Lokalitet:<\/th><td class=\"woocommerce-product-attributes-item__value\">Putnikovi\u0107<\/td><\/tr><tr class=\"woocommerce-product-attributes-item woocommerce-product-attributes-item--attribute_alkohol\"><th class=\"woocommerce-product-attributes-item__label\">Boja:<\/th><td class=\"woocommerce-product-attributes-item__value\">Tamno rubin crvena<\/td><\/tr><tr class=\"woocommerce-product-attributes-item woocommerce-product-attributes-item--attribute_sadr%c5%beaj\"><th class=\"woocommerce-product-attributes-item__label\">Opis:<\/th><td class=\"woocommerce-product-attributes-item__value\">Elegantno i vo\u0107no<\/td><\/tr><tr class=\"woocommerce-product-attributes-item woocommerce-product-attributes-item--attribute_lokalitet\"><th class=\"woocommerce-product-attributes-item__label\">Okus:<\/th><td class=\"woocommerce-product-attributes-item__value\">Tamno bobi\u010dasto vo\u0107e i suhe \u0161ljive<\/td><\/tr><tr class=\"woocommerce-product-attributes-item woocommerce-product-attributes-item--attribute_lokalitet\"><th class=\"woocommerce-product-attributes-item__label\">Alkohol:<\/th><td class=\"woocommerce-product-attributes-item__value\">13 %<\/td><\/tr><tr class=\"woocommerce-product-attributes-item woocommerce-product-attributes-item--attribute_lokalitet\"><th class=\"woocommerce-product-attributes-item__label\">Ostatak \u0161e\u0107era:<\/th><td class=\"woocommerce-product-attributes-item__value\">&lt;2<\/td><\/tr><tr><th>Tijelo:<\/th><td>Puno<\/td><\/tr><tr><th>Vinifikacija:<\/th><td>Maceracija 5 dana, fermentacija 10 dana<\/td><\/tr><tr><th>Dozrijevanje:<\/th><td>6 mjeseci u boci<\/td><\/tr><tr><th>Prijedlozi serviranja:<\/th><td>Meso, riba, pasta<\/td><\/tr><tr><th>Temperatura konzumacije:<\/th><td>18-20 \u00b0C<\/td><\/tr><tr><th>Zanimljivosti:<\/th><td><p>Vino je nazvano u \u010dast Pelje\u0161kog mosta<\/p><p>Za\u0161ti\u0107ena oznaka izvornosti<\/p><\/td><\/tr><\/tbody><\/table>\t\t\t\t\t\t\t\t<\/div>\n\t\t\t\t<div class=\"elementor-element elementor-element-26494f7 sc_fly_static elementor-widget elementor-widget-spacer\" data-id=\"26494f7\" data-element_type=\"widget\" data-widget_type=\"spacer.default\">\n\t\t\t\t\t\t\t<div class=\"elementor-spacer\">\n\t\t\t<div class=\"elementor-spacer-inner\"><\/div>\n\t\t<\/div>\n\t\t\t\t\t\t<\/div>\n\t\t\t\t<div class=\"elementor-element elementor-element-373bccf sc_fly_static elementor-widget elementor-widget-wc-add-to-cart\" data-id=\"373bccf\" data-element_type=\"widget\" data-widget_type=\"wc-add-to-cart.default\">\n\t\t\t\t\t\t\t\t\t\t<a rel=\"nofollow\" href=\"?add-to-cart=20788\" data-quantity=\"1\" data-product_id=\"20788\" class=\"product_type_simple add_to_cart_button ajax_add_to_cart elementor-button elementor-size-lg\" role=\"button\">\n\t\t\t\t\t\t<span class=\"elementor-button-content-wrapper\">\n\t\t\t\t\t\t\t\t\t<span class=\"elementor-button-text\">KUPI<\/span>\n\t\t\t\t\t<\/span>\n\t\t\t\t\t<\/a>\n\t\t\t\t\t\t\t\t<\/div>\n\t\t\t\t\t<\/div>\n\t\t<\/div>\n\t\t\t\t\t<\/div>\n\t\t<\/section>\n\t\t\t\t<section class=\"elementor-section elementor-top-section elementor-element elementor-element-e8c8fcd elementor-section-boxed elementor-section-height-default elementor-section-height-default sc_fly_static\" data-id=\"e8c8fcd\" data-element_type=\"section\">\n\t\t\t\t\t\t<div class=\"elementor-container elementor-column-gap-extended\">\n\t\t\t\t\t<div class=\"elementor-column elementor-col-100 elementor-top-column elementor-element elementor-element-af8d1a9 sc_content_align_inherit sc_layouts_column_icons_position_left sc_fly_static\" data-id=\"af8d1a9\" data-element_type=\"column\">\n\t\t\t<div class=\"elementor-widget-wrap elementor-element-populated\">\n\t\t\t\t\t\t<div class=\"elementor-element elementor-element-73bb3d0 sc_fly_static elementor-widget elementor-widget-heading\" data-id=\"73bb3d0\" data-element_type=\"widget\" data-widget_type=\"heading.default\">\n\t\t\t\t\t<p class=\"elementor-heading-title elementor-size-default\">Opis vina<\/p>\t\t\t\t<\/div>\n\t\t\t\t<div class=\"elementor-element elementor-element-6c39c14 sc_fly_static elementor-widget elementor-widget-heading\" data-id=\"6c39c14\" data-element_type=\"widget\" data-widget_type=\"heading.default\">\n\t\t\t\t\t<h2 class=\"elementor-heading-title elementor-size-default\">Pelje\u0161ki most<\/h2>\t\t\t\t<\/div>\n\t\t\t\t<section class=\"elementor-section elementor-inner-section elementor-element elementor-element-39d975a elementor-section-boxed elementor-section-height-default elementor-section-height-default sc_fly_static\" data-id=\"39d975a\" data-element_type=\"section\">\n\t\t\t\t\t\t<div class=\"elementor-container elementor-column-gap-extended\">\n\t\t\t\t\t<div class=\"elementor-column elementor-col-100 elementor-inner-column elementor-element elementor-element-1e43ee6 sc_content_align_inherit sc_layouts_column_icons_position_left sc_fly_static\" data-id=\"1e43ee6\" data-element_type=\"column\">\n\t\t\t<div class=\"elementor-widget-wrap elementor-element-populated\">\n\t\t\t\t\t\t<div class=\"elementor-element elementor-element-0d133d5 sc_fly_static elementor-widget elementor-widget-text-editor\" data-id=\"0d133d5\" data-element_type=\"widget\" data-widget_type=\"text-editor.default\">\n\t\t\t\t\t\t\t\t\t<div class=\"legend-line review-line icon-orestoranu\"><p>Izgradnja Pelje\u0161kog mosta i povezivanje najju\u017enijeg dijela teritorija od strate\u0161ke je va\u017enosti za Republiku Hrvatsku, a posebno\u00a0mu se raduju stanovnici Dubrova\u010dko-neretvanske \u017eupanije. Poljoprivredna zadruga Putnikovi\u0107 prigodnim proizvodom, vinom &#8220;Pelje\u0161ki most&#8221;, proslavlja ovaj zna\u010dajan doga\u0111aj. Napravljeno je od gro\u017e\u0111a sorte plavac mali s ju\u017enih polo\u017eaja s velikim brojem sun\u010danih sati. Vino je tamne rubin boje, izra\u017eenih aroma crnog bobi\u010dastog vo\u0107a i suhih \u0161ljiva. Ugodnih je tanina i skladne kiseline.<\/p><p>Preporu\u010da se uz tjesteninu, meso i plavu ribu.<\/p><p>Temperatura serviranja 18-20\u00baC.<\/p><\/div>\t\t\t\t\t\t\t\t<\/div>\n\t\t\t\t\t<\/div>\n\t\t<\/div>\n\t\t\t\t\t<\/div>\n\t\t<\/section>\n\t\t\t\t\t<\/div>\n\t\t<\/div>\n\t\t\t\t\t<\/div>\n\t\t<\/section>\n\t\t\t\t<\/div>\n\t\t","protected":false},"excerpt":{"rendered":"<p>2022 Pelje\u0161ki most Pelje\u0161ki most, 0,75 l, cijena: 10 eura, godina: 2022 Poslu\u017euje se uz laganija mesna i riblja jela, te sireve nje\u017enijeg okusa. Sorta: Plavac mali Tip vina: Kvalitetno&hellip;<\/p>\n","protected":false},"author":1,"featured_media":0,"parent":20370,"menu_order":0,"comment_status":"closed","ping_status":"closed","template":"","meta":{"footnotes":""},"class_list":["post-20512","page","type-page","status-publish","hentry"],"_links":{"self":[{"href":"https:\/\/studioeditori.com\/putnikovic\/wp-json\/wp\/v2\/pages\/20512","targetHints":{"allow":["GET"]}}],"collection":[{"href":"https:\/\/studioeditori.com\/putnikovic\/wp-json\/wp\/v2\/pages"}],"about":[{"href":"https:\/\/studioeditori.com\/putnikovic\/wp-json\/wp\/v2\/types\/page"}],"author":[{"embeddable":true,"href":"https:\/\/studioeditori.com\/putnikovic\/wp-json\/wp\/v2\/users\/1"}],"replies":[{"embeddable":true,"href":"https:\/\/studioeditori.com\/putnikovic\/wp-json\/wp\/v2\/comments?post=20512"}],"version-history":[{"count":13,"href":"https:\/\/studioeditori.com\/putnikovic\/wp-json\/wp\/v2\/pages\/20512\/revisions"}],"predecessor-version":[{"id":21014,"href":"https:\/\/studioeditori.com\/putnikovic\/wp-json\/wp\/v2\/pages\/20512\/revisions\/21014"}],"up":[{"embeddable":true,"href":"https:\/\/studioeditori.com\/putnikovic\/wp-json\/wp\/v2\/pages\/20370"}],"wp:attachment":[{"href":"https:\/\/studioeditori.com\/putnikovic\/wp-json\/wp\/v2\/media?parent=20512"}],"curies":[{"name":"wp","href":"https:\/\/api.w.org\/{rel}","templated":true}]}}