{"id":20523,"date":"2022-03-29T19:40:59","date_gmt":"2022-03-29T19:40:59","guid":{"rendered":"https:\/\/studioeditori.com\/putnikovic\/?page_id=20523"},"modified":"2025-01-23T07:52:52","modified_gmt":"2025-01-23T07:52:52","slug":"sveta-ana","status":"publish","type":"page","link":"https:\/\/studioeditori.com\/putnikovic\/bijela-vina\/sveta-ana\/","title":{"rendered":"Sveta Ana"},"content":{"rendered":"\t\t<div data-elementor-type=\"wp-page\" data-elementor-id=\"20523\" class=\"elementor elementor-20523\" data-elementor-post-type=\"page\">\n\t\t\t\t\t\t<section class=\"elementor-section-with-custom-width elementor-section elementor-top-section elementor-element elementor-element-5950d8c9 elementor-section-stretched elementor-reverse-mobile elementor-section-content-middle elementor-section-boxed elementor-section-height-default elementor-section-height-default sc_fly_static\" data-id=\"5950d8c9\" data-element_type=\"section\" data-settings=\"{&quot;stretch_section&quot;:&quot;section-stretched&quot;,&quot;background_background&quot;:&quot;classic&quot;}\">\n\t\t\t\t\t\t<div class=\"elementor-container elementor-column-gap-no\">\n\t\t\t\t\t<div class=\"elementor-column elementor-col-50 elementor-top-column elementor-element elementor-element-5a75bac4 sc_content_align_inherit sc_layouts_column_icons_position_left sc_fly_static\" data-id=\"5a75bac4\" data-element_type=\"column\">\n\t\t\t<div class=\"elementor-widget-wrap elementor-element-populated\">\n\t\t\t\t\t\t<section class=\"elementor-section elementor-inner-section elementor-element elementor-element-d8af090 elementor-section-content-middle elementor-section-boxed elementor-section-height-default elementor-section-height-default sc_fly_static\" data-id=\"d8af090\" data-element_type=\"section\">\n\t\t\t\t\t\t<div class=\"elementor-container elementor-column-gap-no\">\n\t\t\t\t\t<div class=\"elementor-column elementor-col-100 elementor-inner-column elementor-element elementor-element-35bbdac sc_content_align_inherit sc_layouts_column_icons_position_left sc_fly_static\" data-id=\"35bbdac\" data-element_type=\"column\">\n\t\t\t<div class=\"elementor-widget-wrap elementor-element-populated\">\n\t\t\t\t\t\t<div class=\"elementor-element elementor-element-c6d9113 sc_fly_static elementor-widget elementor-widget-image\" data-id=\"c6d9113\" data-element_type=\"widget\" data-widget_type=\"image.default\">\n\t\t\t\t\t\t\t\t\t\t\t\t\t\t\t<img fetchpriority=\"high\" decoding=\"async\" width=\"682\" height=\"1024\" src=\"https:\/\/studioeditori.com\/putnikovic\/wp-content\/uploads\/2025\/01\/sveta-ana-11-682x1024.jpg\" class=\"attachment-large size-large wp-image-21016\" alt=\"\" srcset=\"https:\/\/studioeditori.com\/putnikovic\/wp-content\/uploads\/2025\/01\/sveta-ana-11-682x1024.jpg 682w, https:\/\/studioeditori.com\/putnikovic\/wp-content\/uploads\/2025\/01\/sveta-ana-11-200x300.jpg 200w, https:\/\/studioeditori.com\/putnikovic\/wp-content\/uploads\/2025\/01\/sveta-ana-11-768x1154.jpg 768w, https:\/\/studioeditori.com\/putnikovic\/wp-content\/uploads\/2025\/01\/sveta-ana-11-370x556.jpg 370w, https:\/\/studioeditori.com\/putnikovic\/wp-content\/uploads\/2025\/01\/sveta-ana-11-840x1262.jpg 840w, https:\/\/studioeditori.com\/putnikovic\/wp-content\/uploads\/2025\/01\/sveta-ana-11-410x616.jpg 410w, https:\/\/studioeditori.com\/putnikovic\/wp-content\/uploads\/2025\/01\/sveta-ana-11-600x901.jpg 600w, https:\/\/studioeditori.com\/putnikovic\/wp-content\/uploads\/2025\/01\/sveta-ana-11.jpg 852w\" sizes=\"(max-width: 682px) 100vw, 682px\" \/>\t\t\t\t\t\t\t\t\t\t\t\t\t\t\t<\/div>\n\t\t\t\t<div class=\"elementor-element elementor-element-6b186b4 sc_fly_static elementor-widget elementor-widget-image\" data-id=\"6b186b4\" data-element_type=\"widget\" data-widget_type=\"image.default\">\n\t\t\t\t\t\t\t\t\t\t\t\t\t\t\t<img decoding=\"async\" width=\"682\" height=\"1024\" src=\"https:\/\/studioeditori.com\/putnikovic\/wp-content\/uploads\/2025\/01\/sveta-ana-22-682x1024.jpg\" class=\"attachment-large size-large wp-image-21017\" alt=\"\" srcset=\"https:\/\/studioeditori.com\/putnikovic\/wp-content\/uploads\/2025\/01\/sveta-ana-22-682x1024.jpg 682w, https:\/\/studioeditori.com\/putnikovic\/wp-content\/uploads\/2025\/01\/sveta-ana-22-200x300.jpg 200w, https:\/\/studioeditori.com\/putnikovic\/wp-content\/uploads\/2025\/01\/sveta-ana-22-768x1154.jpg 768w, https:\/\/studioeditori.com\/putnikovic\/wp-content\/uploads\/2025\/01\/sveta-ana-22-370x556.jpg 370w, https:\/\/studioeditori.com\/putnikovic\/wp-content\/uploads\/2025\/01\/sveta-ana-22-840x1262.jpg 840w, https:\/\/studioeditori.com\/putnikovic\/wp-content\/uploads\/2025\/01\/sveta-ana-22-410x616.jpg 410w, https:\/\/studioeditori.com\/putnikovic\/wp-content\/uploads\/2025\/01\/sveta-ana-22-600x901.jpg 600w, https:\/\/studioeditori.com\/putnikovic\/wp-content\/uploads\/2025\/01\/sveta-ana-22.jpg 852w\" sizes=\"(max-width: 682px) 100vw, 682px\" \/>\t\t\t\t\t\t\t\t\t\t\t\t\t\t\t<\/div>\n\t\t\t\t\t<\/div>\n\t\t<\/div>\n\t\t\t\t\t<\/div>\n\t\t<\/section>\n\t\t\t\t\t<\/div>\n\t\t<\/div>\n\t\t\t\t<div class=\"elementor-column elementor-col-50 elementor-top-column elementor-element elementor-element-2a863cad sc_content_align_inherit sc_layouts_column_icons_position_left sc_fly_static\" data-id=\"2a863cad\" data-element_type=\"column\" data-settings=\"{&quot;background_background&quot;:&quot;classic&quot;}\">\n\t\t\t<div class=\"elementor-widget-wrap elementor-element-populated\">\n\t\t\t\t\t\t<div class=\"elementor-element elementor-element-70b37b82 sc_fly_static elementor-widget elementor-widget-heading\" data-id=\"70b37b82\" data-element_type=\"widget\" data-widget_type=\"heading.default\">\n\t\t\t\t\t<p class=\"elementor-heading-title elementor-size-default\">2023<\/p>\t\t\t\t<\/div>\n\t\t\t\t<div class=\"elementor-element elementor-element-1140c84e sc_fly_static elementor-widget elementor-widget-heading\" data-id=\"1140c84e\" data-element_type=\"widget\" data-widget_type=\"heading.default\">\n\t\t\t\t\t<h2 class=\"elementor-heading-title elementor-size-default\">Sveta Ana<\/h2>\t\t\t\t<\/div>\n\t\t\t\t<div class=\"elementor-element elementor-element-36cc89f sc_fly_static elementor-widget elementor-widget-text-editor\" data-id=\"36cc89f\" data-element_type=\"widget\" data-widget_type=\"text-editor.default\">\n\t\t\t\t\t\t\t\t\t<p>Sv.Ana, 0,75, cijena:\u00a0 12 eura godina: 2023<\/p>\t\t\t\t\t\t\t\t<\/div>\n\t\t\t\t<div class=\"elementor-element elementor-element-e3980cc sc_fly_static elementor-widget elementor-widget-text-editor\" data-id=\"e3980cc\" data-element_type=\"widget\" data-widget_type=\"text-editor.default\">\n\t\t\t\t\t\t\t\t\t<p>Sveta Ana je svijetlo\u017eute do slamnato \u017eute boje, razvijene i bogate sortne arome, a okus je skladan, topao i pun.<span class=\"Apple-converted-space\">\u00a0<\/span><\/p>\t\t\t\t\t\t\t\t<\/div>\n\t\t\t\t<div class=\"elementor-element elementor-element-cf1c2a0 sc_fly_static elementor-widget elementor-widget-text-editor\" data-id=\"cf1c2a0\" data-element_type=\"widget\" data-widget_type=\"text-editor.default\">\n\t\t\t\t\t\t\t\t\t<table class=\"woocommerce-product-attributes shop_attributes table\"><tbody><tr class=\"woocommerce-product-attributes-item woocommerce-product-attributes-item--attribute_tip-vina\"><th class=\"woocommerce-product-attributes-item__label\">Sorta:<\/th><td class=\"woocommerce-product-attributes-item__value\">Bijelo-mara\u0161tina<\/td><\/tr><tr class=\"woocommerce-product-attributes-item woocommerce-product-attributes-item--attribute_sorta\"><th class=\"woocommerce-product-attributes-item__label\">Tip vina:<\/th><td class=\"woocommerce-product-attributes-item__value\">Vrhunsko suho bijelo vino<\/td><\/tr><tr class=\"woocommerce-product-attributes-item woocommerce-product-attributes-item--attribute_godina\"><th class=\"woocommerce-product-attributes-item__label\">Lokalitet:<\/th><td class=\"woocommerce-product-attributes-item__value\">Putnikovi\u0107i<\/td><\/tr><tr class=\"woocommerce-product-attributes-item woocommerce-product-attributes-item--attribute_alkohol\"><th class=\"woocommerce-product-attributes-item__label\">Boja:<\/th><td class=\"woocommerce-product-attributes-item__value\">Zlatna<\/td><\/tr><tr class=\"woocommerce-product-attributes-item woocommerce-product-attributes-item--attribute_sadr%c5%beaj\"><th class=\"woocommerce-product-attributes-item__label\">Opis:<\/th><td class=\"woocommerce-product-attributes-item__value\">Vo\u0107ne i cvijetne arome<\/td><\/tr><tr class=\"woocommerce-product-attributes-item woocommerce-product-attributes-item--attribute_lokalitet\"><th class=\"woocommerce-product-attributes-item__label\">Okus:<\/th><td class=\"woocommerce-product-attributes-item__value\">Citrusi, limun, prezrelo vo\u0107e, vrhnje<\/td><\/tr><tr class=\"woocommerce-product-attributes-item woocommerce-product-attributes-item--attribute_lokalitet\"><th class=\"woocommerce-product-attributes-item__label\">Alkohol:<\/th><td class=\"woocommerce-product-attributes-item__value\">12,5 %<\/td><\/tr><tr class=\"woocommerce-product-attributes-item woocommerce-product-attributes-item--attribute_lokalitet\"><th class=\"woocommerce-product-attributes-item__label\">Ostatak \u0161e\u0107era:<\/th><td class=\"woocommerce-product-attributes-item__value\">&lt;2<\/td><\/tr><tr><th>Tijelo:<\/th><td>Puno<\/td><\/tr><tr><th>Vinifikacija:<\/th><td>Maceracija 48 sati, fermentacija 14 dana<\/td><\/tr><tr><th>Dozrijevanje:<\/th><td>6 mjeseci u boci<\/td><\/tr><tr><th>Prijedlozi serviranja:<\/th><td>Kamenice, \u0161kampi, bijelo meso<\/td><\/tr><tr><th>Temperatura konzumacije:<\/th><td>10 \u00b0C<\/td><\/tr><tr><th>Nagrade:<\/th><td>Zlatna medalja, Sabatina 1996.<\/td><\/tr><tr><th>Zanimljivosti:<\/th><td><p>Sveta Ana je najpoznatije vino PZ Putnikovi\u0107a, i prvo vino koje je PZ Putnikovi\u0107 fla\u0161irao.<\/p><p>Za\u0161ti\u0107ena oznaka izvornosti<\/p><\/td><\/tr><\/tbody><\/table>\t\t\t\t\t\t\t\t<\/div>\n\t\t\t\t<div class=\"elementor-element elementor-element-26494f7 sc_fly_static elementor-widget elementor-widget-spacer\" data-id=\"26494f7\" data-element_type=\"widget\" data-widget_type=\"spacer.default\">\n\t\t\t\t\t\t\t<div class=\"elementor-spacer\">\n\t\t\t<div class=\"elementor-spacer-inner\"><\/div>\n\t\t<\/div>\n\t\t\t\t\t\t<\/div>\n\t\t\t\t<div class=\"elementor-element elementor-element-3491ec7 sc_fly_static elementor-widget elementor-widget-wc-add-to-cart\" data-id=\"3491ec7\" data-element_type=\"widget\" data-widget_type=\"wc-add-to-cart.default\">\n\t\t\t\t\t\t\t\t\t\t<a rel=\"nofollow\" href=\"?add-to-cart=20790\" data-quantity=\"1\" data-product_id=\"20790\" class=\"product_type_simple add_to_cart_button ajax_add_to_cart elementor-button elementor-size-lg\" role=\"button\">\n\t\t\t\t\t\t<span class=\"elementor-button-content-wrapper\">\n\t\t\t\t\t\t\t\t\t<span class=\"elementor-button-text\">KUPI<\/span>\n\t\t\t\t\t<\/span>\n\t\t\t\t\t<\/a>\n\t\t\t\t\t\t\t\t<\/div>\n\t\t\t\t\t<\/div>\n\t\t<\/div>\n\t\t\t\t\t<\/div>\n\t\t<\/section>\n\t\t\t\t<section class=\"elementor-section elementor-top-section elementor-element elementor-element-e8c8fcd elementor-section-boxed elementor-section-height-default elementor-section-height-default sc_fly_static\" data-id=\"e8c8fcd\" data-element_type=\"section\">\n\t\t\t\t\t\t<div class=\"elementor-container elementor-column-gap-extended\">\n\t\t\t\t\t<div class=\"elementor-column elementor-col-100 elementor-top-column elementor-element elementor-element-af8d1a9 sc_content_align_inherit sc_layouts_column_icons_position_left sc_fly_static\" data-id=\"af8d1a9\" data-element_type=\"column\">\n\t\t\t<div class=\"elementor-widget-wrap elementor-element-populated\">\n\t\t\t\t\t\t<div class=\"elementor-element elementor-element-73bb3d0 sc_fly_static elementor-widget elementor-widget-heading\" data-id=\"73bb3d0\" data-element_type=\"widget\" data-widget_type=\"heading.default\">\n\t\t\t\t\t<p class=\"elementor-heading-title elementor-size-default\">Opis vina<\/p>\t\t\t\t<\/div>\n\t\t\t\t<div class=\"elementor-element elementor-element-6c39c14 sc_fly_static elementor-widget elementor-widget-heading\" data-id=\"6c39c14\" data-element_type=\"widget\" data-widget_type=\"heading.default\">\n\t\t\t\t\t<h2 class=\"elementor-heading-title elementor-size-default\">Sveta Ana<\/h2>\t\t\t\t<\/div>\n\t\t\t\t<section class=\"elementor-section elementor-inner-section elementor-element elementor-element-39d975a elementor-section-boxed elementor-section-height-default elementor-section-height-default sc_fly_static\" data-id=\"39d975a\" data-element_type=\"section\">\n\t\t\t\t\t\t<div class=\"elementor-container elementor-column-gap-extended\">\n\t\t\t\t\t<div class=\"elementor-column elementor-col-100 elementor-inner-column elementor-element elementor-element-1e43ee6 sc_content_align_inherit sc_layouts_column_icons_position_left sc_fly_static\" data-id=\"1e43ee6\" data-element_type=\"column\">\n\t\t\t<div class=\"elementor-widget-wrap elementor-element-populated\">\n\t\t\t\t\t\t<div class=\"elementor-element elementor-element-0d133d5 sc_fly_static elementor-widget elementor-widget-text-editor\" data-id=\"0d133d5\" data-element_type=\"widget\" data-widget_type=\"text-editor.default\">\n\t\t\t\t\t\t\t\t\t<div class=\"legend-line review-line icon-orestoranu\"><p>Sveta Ana je izuzetno vino pelje\u0161kog poluotoka, a proizvodi se od sorte gro\u017e\u0111a mara\u0161tina. Nedaleko mjesta Putnikovi\u0107 vinogradi okru\u017euju crkvicu posve\u0107enu Svetoj Ani. Vinogradi su stariji od 30 godina. Prema predaji crkvicu su sagradili vinogradari da ih za\u0161titi od svih neda\u0107a koje mogu pogoditi vinovu lozu. Po njoj je i ovo vino specifi\u010dnog okusa i fine sortne arome dobilo ime. To je najpoznatije vino PZ Putnikovi\u0107a jer je to prvo vino koje je zadruga stavila u boce (fla\u0161irala).<\/p><p>Godi\u0161nja proizvodnja: 8500 litara<\/p><p><em><strong>Prizanja:<\/strong><\/em><\/p><p><em>Zlatna diploma &#8211; \u0161ampion, Sabatina 1996., Zadru\u017eni savez Dalmacije<\/em><\/p><p>Sveta Ana je svijetlo\u017eute do slamnato \u017eute boje, razvijene i bogate sortne arome, a okus je skladan, topao i pun. Sadr\u017ei 12,5 % alkohola. Slu\u017ei se uz sva jela od plodova mora, posebno uz kamenice i dagnje, te uz najbolju bijelu morsku ribu i rakove, kao i uz fina jela od bijelog mesa. Serviranje: 10 \u00b0C.<\/p><\/div>\t\t\t\t\t\t\t\t<\/div>\n\t\t\t\t\t<\/div>\n\t\t<\/div>\n\t\t\t\t\t<\/div>\n\t\t<\/section>\n\t\t\t\t\t<\/div>\n\t\t<\/div>\n\t\t\t\t\t<\/div>\n\t\t<\/section>\n\t\t\t\t<\/div>\n\t\t","protected":false},"excerpt":{"rendered":"<p>2023 Sveta Ana Sv.Ana, 0,75, cijena:\u00a0 12 eura godina: 2023 Sveta Ana je svijetlo\u017eute do slamnato \u017eute boje, razvijene i bogate sortne arome, a okus je skladan, topao i pun.\u00a0&hellip;<\/p>\n","protected":false},"author":1,"featured_media":0,"parent":20403,"menu_order":0,"comment_status":"closed","ping_status":"closed","template":"","meta":{"footnotes":""},"class_list":["post-20523","page","type-page","status-publish","hentry"],"_links":{"self":[{"href":"https:\/\/studioeditori.com\/putnikovic\/wp-json\/wp\/v2\/pages\/20523","targetHints":{"allow":["GET"]}}],"collection":[{"href":"https:\/\/studioeditori.com\/putnikovic\/wp-json\/wp\/v2\/pages"}],"about":[{"href":"https:\/\/studioeditori.com\/putnikovic\/wp-json\/wp\/v2\/types\/page"}],"author":[{"embeddable":true,"href":"https:\/\/studioeditori.com\/putnikovic\/wp-json\/wp\/v2\/users\/1"}],"replies":[{"embeddable":true,"href":"https:\/\/studioeditori.com\/putnikovic\/wp-json\/wp\/v2\/comments?post=20523"}],"version-history":[{"count":14,"href":"https:\/\/studioeditori.com\/putnikovic\/wp-json\/wp\/v2\/pages\/20523\/revisions"}],"predecessor-version":[{"id":21129,"href":"https:\/\/studioeditori.com\/putnikovic\/wp-json\/wp\/v2\/pages\/20523\/revisions\/21129"}],"up":[{"embeddable":true,"href":"https:\/\/studioeditori.com\/putnikovic\/wp-json\/wp\/v2\/pages\/20403"}],"wp:attachment":[{"href":"https:\/\/studioeditori.com\/putnikovic\/wp-json\/wp\/v2\/media?parent=20523"}],"curies":[{"name":"wp","href":"https:\/\/api.w.org\/{rel}","templated":true}]}}