{"id":20576,"date":"2022-03-29T20:13:25","date_gmt":"2022-03-29T20:13:25","guid":{"rendered":"https:\/\/studioeditori.com\/putnikovic\/?page_id=20576"},"modified":"2024-11-28T20:08:51","modified_gmt":"2024-11-28T20:08:51","slug":"marastina-1-litra","status":"publish","type":"page","link":"https:\/\/studioeditori.com\/putnikovic\/kvalitetna-litrena-vina\/marastina-1-litra\/","title":{"rendered":"Mara\u0161tina 1 litra"},"content":{"rendered":"\t\t<div data-elementor-type=\"wp-page\" data-elementor-id=\"20576\" class=\"elementor elementor-20576\" data-elementor-post-type=\"page\">\n\t\t\t\t\t\t<section class=\"elementor-section-with-custom-width elementor-section elementor-top-section elementor-element elementor-element-5950d8c9 elementor-section-stretched elementor-reverse-mobile elementor-section-content-middle elementor-section-boxed elementor-section-height-default elementor-section-height-default sc_fly_static\" data-id=\"5950d8c9\" data-element_type=\"section\" data-settings=\"{&quot;stretch_section&quot;:&quot;section-stretched&quot;,&quot;background_background&quot;:&quot;classic&quot;}\">\n\t\t\t\t\t\t<div class=\"elementor-container elementor-column-gap-no\">\n\t\t\t\t\t<div class=\"elementor-column elementor-col-50 elementor-top-column elementor-element elementor-element-5a75bac4 sc_content_align_inherit sc_layouts_column_icons_position_left sc_fly_static\" data-id=\"5a75bac4\" data-element_type=\"column\">\n\t\t\t<div class=\"elementor-widget-wrap elementor-element-populated\">\n\t\t\t\t\t\t<section class=\"elementor-section elementor-inner-section elementor-element elementor-element-d8af090 elementor-section-content-middle elementor-section-boxed elementor-section-height-default elementor-section-height-default sc_fly_static\" data-id=\"d8af090\" data-element_type=\"section\">\n\t\t\t\t\t\t<div class=\"elementor-container elementor-column-gap-no\">\n\t\t\t\t\t<div class=\"elementor-column elementor-col-100 elementor-inner-column elementor-element elementor-element-35bbdac sc_content_align_inherit sc_layouts_column_icons_position_left sc_fly_static\" data-id=\"35bbdac\" data-element_type=\"column\">\n\t\t\t<div class=\"elementor-widget-wrap elementor-element-populated\">\n\t\t\t\t\t\t<div class=\"elementor-element elementor-element-c6d9113 sc_fly_static elementor-widget elementor-widget-image\" data-id=\"c6d9113\" data-element_type=\"widget\" data-widget_type=\"image.default\">\n\t\t\t\t\t\t\t\t\t\t\t\t\t\t\t<img fetchpriority=\"high\" decoding=\"async\" width=\"683\" height=\"1024\" src=\"https:\/\/studioeditori.com\/putnikovic\/wp-content\/uploads\/2022\/03\/marastina-1-683x1024.png\" class=\"attachment-large size-large wp-image-20019\" alt=\"\" srcset=\"https:\/\/studioeditori.com\/putnikovic\/wp-content\/uploads\/2022\/03\/marastina-1-683x1024.png 683w, https:\/\/studioeditori.com\/putnikovic\/wp-content\/uploads\/2022\/03\/marastina-1-200x300.png 200w, https:\/\/studioeditori.com\/putnikovic\/wp-content\/uploads\/2022\/03\/marastina-1-768x1151.png 768w, https:\/\/studioeditori.com\/putnikovic\/wp-content\/uploads\/2022\/03\/marastina-1-1025x1536.png 1025w, https:\/\/studioeditori.com\/putnikovic\/wp-content\/uploads\/2022\/03\/marastina-1-370x554.png 370w, https:\/\/studioeditori.com\/putnikovic\/wp-content\/uploads\/2022\/03\/marastina-1-840x1259.png 840w, https:\/\/studioeditori.com\/putnikovic\/wp-content\/uploads\/2022\/03\/marastina-1-410x614.png 410w, https:\/\/studioeditori.com\/putnikovic\/wp-content\/uploads\/2022\/03\/marastina-1-600x899.png 600w, https:\/\/studioeditori.com\/putnikovic\/wp-content\/uploads\/2022\/03\/marastina-1.png 1200w\" sizes=\"(max-width: 683px) 100vw, 683px\" \/>\t\t\t\t\t\t\t\t\t\t\t\t\t\t\t<\/div>\n\t\t\t\t\t<\/div>\n\t\t<\/div>\n\t\t\t\t\t<\/div>\n\t\t<\/section>\n\t\t\t\t\t<\/div>\n\t\t<\/div>\n\t\t\t\t<div class=\"elementor-column elementor-col-50 elementor-top-column elementor-element elementor-element-2a863cad sc_content_align_inherit sc_layouts_column_icons_position_left sc_fly_static\" data-id=\"2a863cad\" data-element_type=\"column\" data-settings=\"{&quot;background_background&quot;:&quot;classic&quot;}\">\n\t\t\t<div class=\"elementor-widget-wrap elementor-element-populated\">\n\t\t\t\t\t\t<div class=\"elementor-element elementor-element-1140c84e sc_fly_static elementor-widget elementor-widget-heading\" data-id=\"1140c84e\" data-element_type=\"widget\" data-widget_type=\"heading.default\">\n\t\t\t\t\t<h2 class=\"elementor-heading-title elementor-size-default\">Mara\u0161tina<\/h2>\t\t\t\t<\/div>\n\t\t\t\t<div class=\"elementor-element elementor-element-36cc89f sc_fly_static elementor-widget elementor-widget-text-editor\" data-id=\"36cc89f\" data-element_type=\"widget\" data-widget_type=\"text-editor.default\">\n\t\t\t\t\t\t\t\t\t<p>je kvalitetno suho vino sorte mara\u0161tina (rukatac), dobiveno iz vinograda iz okolice mjesta Putnikovi\u0107i. Odlikuje ga lijepa slamnato-\u017euta boja, izra\u017eena aroma i ugodnih je kiselina. Ovo je vino za svaku priliku i ugodno dru\u0161tvo.<\/p>\t\t\t\t\t\t\t\t<\/div>\n\t\t\t\t<div class=\"elementor-element elementor-element-a7ab4bd sc_fly_static elementor-widget elementor-widget-wc-add-to-cart\" data-id=\"a7ab4bd\" data-element_type=\"widget\" data-widget_type=\"wc-add-to-cart.default\">\n\t\t\t\t\t\t\t\t\t\t<a rel=\"nofollow\" href=\"https:\/\/studioeditori.com\/putnikovic\/?post_type=product&amp;p=20798\" data-quantity=\"1\" data-product_id=\"20798\" class=\"product_type_simple ajax_add_to_cart elementor-button elementor-size-lg\" role=\"button\">\n\t\t\t\t\t\t<span class=\"elementor-button-content-wrapper\">\n\t\t\t\t\t\t\t\t\t<span class=\"elementor-button-text\">KUPI<\/span>\n\t\t\t\t\t<\/span>\n\t\t\t\t\t<\/a>\n\t\t\t\t\t\t\t\t<\/div>\n\t\t\t\t\t<\/div>\n\t\t<\/div>\n\t\t\t\t\t<\/div>\n\t\t<\/section>\n\t\t\t\t<\/div>\n\t\t","protected":false},"excerpt":{"rendered":"<p>Mara\u0161tina je kvalitetno suho vino sorte mara\u0161tina (rukatac), dobiveno iz vinograda iz okolice mjesta Putnikovi\u0107i. Odlikuje ga lijepa slamnato-\u017euta boja, izra\u017eena aroma i ugodnih je kiselina. Ovo je vino za&hellip;<\/p>\n","protected":false},"author":1,"featured_media":0,"parent":20411,"menu_order":0,"comment_status":"closed","ping_status":"closed","template":"","meta":{"footnotes":""},"class_list":["post-20576","page","type-page","status-publish","hentry"],"_links":{"self":[{"href":"https:\/\/studioeditori.com\/putnikovic\/wp-json\/wp\/v2\/pages\/20576","targetHints":{"allow":["GET"]}}],"collection":[{"href":"https:\/\/studioeditori.com\/putnikovic\/wp-json\/wp\/v2\/pages"}],"about":[{"href":"https:\/\/studioeditori.com\/putnikovic\/wp-json\/wp\/v2\/types\/page"}],"author":[{"embeddable":true,"href":"https:\/\/studioeditori.com\/putnikovic\/wp-json\/wp\/v2\/users\/1"}],"replies":[{"embeddable":true,"href":"https:\/\/studioeditori.com\/putnikovic\/wp-json\/wp\/v2\/comments?post=20576"}],"version-history":[{"count":7,"href":"https:\/\/studioeditori.com\/putnikovic\/wp-json\/wp\/v2\/pages\/20576\/revisions"}],"predecessor-version":[{"id":20835,"href":"https:\/\/studioeditori.com\/putnikovic\/wp-json\/wp\/v2\/pages\/20576\/revisions\/20835"}],"up":[{"embeddable":true,"href":"https:\/\/studioeditori.com\/putnikovic\/wp-json\/wp\/v2\/pages\/20411"}],"wp:attachment":[{"href":"https:\/\/studioeditori.com\/putnikovic\/wp-json\/wp\/v2\/media?parent=20576"}],"curies":[{"name":"wp","href":"https:\/\/api.w.org\/{rel}","templated":true}]}}