{"id":21021,"date":"2025-01-23T11:25:26","date_gmt":"2025-01-23T11:25:26","guid":{"rendered":"https:\/\/studioeditori.com\/putnikovic\/?page_id=21021"},"modified":"2025-01-23T11:30:48","modified_gmt":"2025-01-23T11:30:48","slug":"rose","status":"publish","type":"page","link":"https:\/\/studioeditori.com\/putnikovic\/rose-vina\/rose\/","title":{"rendered":"Rose"},"content":{"rendered":"\t\t<div data-elementor-type=\"wp-page\" data-elementor-id=\"21021\" class=\"elementor elementor-21021\" data-elementor-post-type=\"page\">\n\t\t\t\t\t\t<section class=\"elementor-section-with-custom-width elementor-section elementor-top-section elementor-element elementor-element-2e074a1 elementor-section-stretched elementor-reverse-mobile elementor-section-content-middle elementor-section-boxed elementor-section-height-default elementor-section-height-default sc_fly_static\" data-id=\"2e074a1\" data-element_type=\"section\" data-settings=\"{&quot;stretch_section&quot;:&quot;section-stretched&quot;,&quot;background_background&quot;:&quot;classic&quot;}\">\n\t\t\t\t\t\t<div class=\"elementor-container elementor-column-gap-no\">\n\t\t\t\t\t<div class=\"elementor-column elementor-col-50 elementor-top-column elementor-element elementor-element-422d49d sc_content_align_inherit sc_layouts_column_icons_position_left sc_fly_static\" data-id=\"422d49d\" data-element_type=\"column\">\n\t\t\t<div class=\"elementor-widget-wrap elementor-element-populated\">\n\t\t\t\t\t\t<section class=\"elementor-section elementor-inner-section elementor-element elementor-element-74ecca3 elementor-section-content-middle elementor-section-boxed elementor-section-height-default elementor-section-height-default sc_fly_static\" data-id=\"74ecca3\" data-element_type=\"section\">\n\t\t\t\t\t\t<div class=\"elementor-container elementor-column-gap-no\">\n\t\t\t\t\t<div class=\"elementor-column elementor-col-100 elementor-inner-column elementor-element elementor-element-7499168 sc_content_align_inherit sc_layouts_column_icons_position_left sc_fly_static\" data-id=\"7499168\" data-element_type=\"column\">\n\t\t\t<div class=\"elementor-widget-wrap elementor-element-populated\">\n\t\t\t\t\t\t<div class=\"elementor-element elementor-element-8f60ab1 sc_fly_static elementor-widget elementor-widget-image\" data-id=\"8f60ab1\" data-element_type=\"widget\" data-widget_type=\"image.default\">\n\t\t\t\t\t\t\t\t\t\t\t\t\t\t\t<img fetchpriority=\"high\" decoding=\"async\" width=\"682\" height=\"1024\" src=\"https:\/\/studioeditori.com\/putnikovic\/wp-content\/uploads\/2025\/01\/rose-11-682x1024.jpg\" class=\"attachment-large size-large wp-image-21023\" alt=\"\" srcset=\"https:\/\/studioeditori.com\/putnikovic\/wp-content\/uploads\/2025\/01\/rose-11-682x1024.jpg 682w, https:\/\/studioeditori.com\/putnikovic\/wp-content\/uploads\/2025\/01\/rose-11-200x300.jpg 200w, https:\/\/studioeditori.com\/putnikovic\/wp-content\/uploads\/2025\/01\/rose-11-768x1154.jpg 768w, https:\/\/studioeditori.com\/putnikovic\/wp-content\/uploads\/2025\/01\/rose-11-370x556.jpg 370w, https:\/\/studioeditori.com\/putnikovic\/wp-content\/uploads\/2025\/01\/rose-11-840x1262.jpg 840w, https:\/\/studioeditori.com\/putnikovic\/wp-content\/uploads\/2025\/01\/rose-11-410x616.jpg 410w, https:\/\/studioeditori.com\/putnikovic\/wp-content\/uploads\/2025\/01\/rose-11-600x901.jpg 600w, https:\/\/studioeditori.com\/putnikovic\/wp-content\/uploads\/2025\/01\/rose-11.jpg 852w\" sizes=\"(max-width: 682px) 100vw, 682px\" \/>\t\t\t\t\t\t\t\t\t\t\t\t\t\t\t<\/div>\n\t\t\t\t<div class=\"elementor-element elementor-element-17e2bdd sc_fly_static elementor-widget elementor-widget-image\" data-id=\"17e2bdd\" data-element_type=\"widget\" data-widget_type=\"image.default\">\n\t\t\t\t\t\t\t\t\t\t\t\t\t\t\t<img decoding=\"async\" width=\"682\" height=\"1024\" src=\"https:\/\/studioeditori.com\/putnikovic\/wp-content\/uploads\/2025\/01\/rose-22-682x1024.jpg\" class=\"attachment-large size-large wp-image-21024\" alt=\"\" srcset=\"https:\/\/studioeditori.com\/putnikovic\/wp-content\/uploads\/2025\/01\/rose-22-682x1024.jpg 682w, https:\/\/studioeditori.com\/putnikovic\/wp-content\/uploads\/2025\/01\/rose-22-200x300.jpg 200w, https:\/\/studioeditori.com\/putnikovic\/wp-content\/uploads\/2025\/01\/rose-22-768x1154.jpg 768w, https:\/\/studioeditori.com\/putnikovic\/wp-content\/uploads\/2025\/01\/rose-22-370x556.jpg 370w, https:\/\/studioeditori.com\/putnikovic\/wp-content\/uploads\/2025\/01\/rose-22-840x1262.jpg 840w, https:\/\/studioeditori.com\/putnikovic\/wp-content\/uploads\/2025\/01\/rose-22-410x616.jpg 410w, https:\/\/studioeditori.com\/putnikovic\/wp-content\/uploads\/2025\/01\/rose-22-600x901.jpg 600w, https:\/\/studioeditori.com\/putnikovic\/wp-content\/uploads\/2025\/01\/rose-22.jpg 852w\" sizes=\"(max-width: 682px) 100vw, 682px\" \/>\t\t\t\t\t\t\t\t\t\t\t\t\t\t\t<\/div>\n\t\t\t\t\t<\/div>\n\t\t<\/div>\n\t\t\t\t\t<\/div>\n\t\t<\/section>\n\t\t\t\t\t<\/div>\n\t\t<\/div>\n\t\t\t\t<div class=\"elementor-column elementor-col-50 elementor-top-column elementor-element elementor-element-55ff279 sc_content_align_inherit sc_layouts_column_icons_position_left sc_fly_static\" data-id=\"55ff279\" data-element_type=\"column\" data-settings=\"{&quot;background_background&quot;:&quot;classic&quot;}\">\n\t\t\t<div class=\"elementor-widget-wrap elementor-element-populated\">\n\t\t\t\t\t\t<div class=\"elementor-element elementor-element-f81a897 sc_fly_static elementor-widget elementor-widget-heading\" data-id=\"f81a897\" data-element_type=\"widget\" data-widget_type=\"heading.default\">\n\t\t\t\t\t<p class=\"elementor-heading-title elementor-size-default\">2023<\/p>\t\t\t\t<\/div>\n\t\t\t\t<div class=\"elementor-element elementor-element-f0ce2eb sc_fly_static elementor-widget elementor-widget-heading\" data-id=\"f0ce2eb\" data-element_type=\"widget\" data-widget_type=\"heading.default\">\n\t\t\t\t\t<h2 class=\"elementor-heading-title elementor-size-default\">Rose<\/h2>\t\t\t\t<\/div>\n\t\t\t\t<div class=\"elementor-element elementor-element-728124f sc_fly_static elementor-widget elementor-widget-text-editor\" data-id=\"728124f\" data-element_type=\"widget\" data-widget_type=\"text-editor.default\">\n\t\t\t\t\t\t\t\t\t<p>Rose, 0,75, cijena: 10 eura godina: 2023<\/p>\t\t\t\t\t\t\t\t<\/div>\n\t\t\t\t<div class=\"elementor-element elementor-element-5bab543 sc_fly_static elementor-widget elementor-widget-text-editor\" data-id=\"5bab543\" data-element_type=\"widget\" data-widget_type=\"text-editor.default\">\n\t\t\t\t\t\t\t\t\t<table class=\"woocommerce-product-attributes shop_attributes table\"><tbody><tr class=\"woocommerce-product-attributes-item woocommerce-product-attributes-item--attribute_tip-vina\"><th class=\"woocommerce-product-attributes-item__label\">Sorta:<\/th><td class=\"woocommerce-product-attributes-item__value\">Plavac mali<\/td><\/tr><tr class=\"woocommerce-product-attributes-item woocommerce-product-attributes-item--attribute_sorta\"><th class=\"woocommerce-product-attributes-item__label\">Tip vina:<\/th><td class=\"woocommerce-product-attributes-item__value\">Kvalitetno suho ru\u017ei\u010dasto vino<\/td><\/tr><tr class=\"woocommerce-product-attributes-item woocommerce-product-attributes-item--attribute_godina\"><th class=\"woocommerce-product-attributes-item__label\">Lokalitet:<\/th><td class=\"woocommerce-product-attributes-item__value\">Putnikovi\u0107i<\/td><\/tr><tr class=\"woocommerce-product-attributes-item woocommerce-product-attributes-item--attribute_alkohol\"><th class=\"woocommerce-product-attributes-item__label\">Boja:<\/th><td class=\"woocommerce-product-attributes-item__value\">Ru\u017ei\u010dasto<\/td><\/tr><tr class=\"woocommerce-product-attributes-item woocommerce-product-attributes-item--attribute_sadr%c5%beaj\"><th class=\"woocommerce-product-attributes-item__label\">Opis:<\/th><td class=\"woocommerce-product-attributes-item__value\">Lagano i prpo\u0161no<\/td><\/tr><tr class=\"woocommerce-product-attributes-item woocommerce-product-attributes-item--attribute_lokalitet\"><th class=\"woocommerce-product-attributes-item__label\">Okus:<\/th><td class=\"woocommerce-product-attributes-item__value\">Tamno bobi\u010dasto vo\u0107e i suhe \u0161ljive<\/td><\/tr><tr class=\"woocommerce-product-attributes-item woocommerce-product-attributes-item--attribute_lokalitet\"><th class=\"woocommerce-product-attributes-item__label\">Alkohol:<\/th><td class=\"woocommerce-product-attributes-item__value\">12 %<\/td><\/tr><tr class=\"woocommerce-product-attributes-item woocommerce-product-attributes-item--attribute_lokalitet\"><th class=\"woocommerce-product-attributes-item__label\">Ostatak \u0161e\u0107era:<\/th><td class=\"woocommerce-product-attributes-item__value\">&lt;2<\/td><\/tr><tr><th>Tijelo:<\/th><td>Lagano<\/td><\/tr><tr><th>Vinifikacija:<\/th><td>Maceracija 2 sata, fermentacija 10 dana<\/td><\/tr><tr><th>Prijedlozi serviranja:<\/th><td>Aperitivi, \u0161koljke, deserti<\/td><\/tr><tr><th>Temperatura konzumacije:<\/th><td>11-13 \u00b0C<\/td><\/tr><tr><th>Zanimljivosti:<\/th><td>Roze se radi od gro\u017e\u0111a koje se sadi na specifi\u010dnom tlu koje se zove rendzina.<\/td><\/tr><\/tbody><\/table>\t\t\t\t\t\t\t\t<\/div>\n\t\t\t\t<div class=\"elementor-element elementor-element-d1a4817 sc_fly_static elementor-widget elementor-widget-spacer\" data-id=\"d1a4817\" data-element_type=\"widget\" data-widget_type=\"spacer.default\">\n\t\t\t\t\t\t\t<div class=\"elementor-spacer\">\n\t\t\t<div class=\"elementor-spacer-inner\"><\/div>\n\t\t<\/div>\n\t\t\t\t\t\t<\/div>\n\t\t\t\t<div class=\"elementor-element elementor-element-9ff5ac2 sc_fly_static elementor-widget elementor-widget-wc-add-to-cart\" data-id=\"9ff5ac2\" data-element_type=\"widget\" data-widget_type=\"wc-add-to-cart.default\">\n\t\t\t\t\t\t\t\t\t\t<a rel=\"nofollow\" href=\"?add-to-cart=21031\" data-quantity=\"1\" data-product_id=\"21031\" class=\"product_type_simple add_to_cart_button ajax_add_to_cart elementor-button elementor-size-lg\" role=\"button\">\n\t\t\t\t\t\t<span class=\"elementor-button-content-wrapper\">\n\t\t\t\t\t\t\t\t\t<span class=\"elementor-button-text\">KUPI<\/span>\n\t\t\t\t\t<\/span>\n\t\t\t\t\t<\/a>\n\t\t\t\t\t\t\t\t<\/div>\n\t\t\t\t\t<\/div>\n\t\t<\/div>\n\t\t\t\t\t<\/div>\n\t\t<\/section>\n\t\t\t\t<\/div>\n\t\t","protected":false},"excerpt":{"rendered":"<p>2023 Rose Rose, 0,75, cijena: 10 eura godina: 2023 Sorta: Plavac mali Tip vina: Kvalitetno suho ru\u017ei\u010dasto vino Lokalitet: Putnikovi\u0107i Boja: Ru\u017ei\u010dasto Opis: Lagano i prpo\u0161no Okus: Tamno bobi\u010dasto vo\u0107e&hellip;<\/p>\n","protected":false},"author":1,"featured_media":0,"parent":20936,"menu_order":0,"comment_status":"closed","ping_status":"closed","template":"","meta":{"footnotes":""},"class_list":["post-21021","page","type-page","status-publish","hentry"],"_links":{"self":[{"href":"https:\/\/studioeditori.com\/putnikovic\/wp-json\/wp\/v2\/pages\/21021","targetHints":{"allow":["GET"]}}],"collection":[{"href":"https:\/\/studioeditori.com\/putnikovic\/wp-json\/wp\/v2\/pages"}],"about":[{"href":"https:\/\/studioeditori.com\/putnikovic\/wp-json\/wp\/v2\/types\/page"}],"author":[{"embeddable":true,"href":"https:\/\/studioeditori.com\/putnikovic\/wp-json\/wp\/v2\/users\/1"}],"replies":[{"embeddable":true,"href":"https:\/\/studioeditori.com\/putnikovic\/wp-json\/wp\/v2\/comments?post=21021"}],"version-history":[{"count":7,"href":"https:\/\/studioeditori.com\/putnikovic\/wp-json\/wp\/v2\/pages\/21021\/revisions"}],"predecessor-version":[{"id":21035,"href":"https:\/\/studioeditori.com\/putnikovic\/wp-json\/wp\/v2\/pages\/21021\/revisions\/21035"}],"up":[{"embeddable":true,"href":"https:\/\/studioeditori.com\/putnikovic\/wp-json\/wp\/v2\/pages\/20936"}],"wp:attachment":[{"href":"https:\/\/studioeditori.com\/putnikovic\/wp-json\/wp\/v2\/media?parent=21021"}],"curies":[{"name":"wp","href":"https:\/\/api.w.org\/{rel}","templated":true}]}}