{"id":21044,"date":"2025-01-23T11:41:13","date_gmt":"2025-01-23T11:41:13","guid":{"rendered":"https:\/\/studioeditori.com\/putnikovic\/?page_id=21044"},"modified":"2025-05-15T12:43:38","modified_gmt":"2025-05-15T12:43:38","slug":"comes-puncte","status":"publish","type":"page","link":"https:\/\/studioeditori.com\/putnikovic\/pjenusavo-vino\/comes-puncte\/","title":{"rendered":"Comes Puncte"},"content":{"rendered":"\t\t<div data-elementor-type=\"wp-page\" data-elementor-id=\"21044\" class=\"elementor elementor-21044\" data-elementor-post-type=\"page\">\n\t\t\t\t\t\t<section class=\"elementor-section-with-custom-width elementor-section elementor-top-section elementor-element elementor-element-2e074a1 elementor-section-stretched elementor-reverse-mobile elementor-section-content-middle elementor-section-boxed elementor-section-height-default elementor-section-height-default sc_fly_static\" data-id=\"2e074a1\" data-element_type=\"section\" data-settings=\"{&quot;stretch_section&quot;:&quot;section-stretched&quot;,&quot;background_background&quot;:&quot;classic&quot;}\">\n\t\t\t\t\t\t<div class=\"elementor-container elementor-column-gap-no\">\n\t\t\t\t\t<div class=\"elementor-column elementor-col-50 elementor-top-column elementor-element elementor-element-422d49d sc_content_align_inherit sc_layouts_column_icons_position_left sc_fly_static\" data-id=\"422d49d\" data-element_type=\"column\">\n\t\t\t<div class=\"elementor-widget-wrap elementor-element-populated\">\n\t\t\t\t\t\t<section class=\"elementor-section elementor-inner-section elementor-element elementor-element-74ecca3 elementor-section-content-middle elementor-section-boxed elementor-section-height-default elementor-section-height-default sc_fly_static\" data-id=\"74ecca3\" data-element_type=\"section\">\n\t\t\t\t\t\t<div class=\"elementor-container elementor-column-gap-no\">\n\t\t\t\t\t<div class=\"elementor-column elementor-col-100 elementor-inner-column elementor-element elementor-element-7499168 sc_content_align_inherit sc_layouts_column_icons_position_left sc_fly_static\" data-id=\"7499168\" data-element_type=\"column\">\n\t\t\t<div class=\"elementor-widget-wrap elementor-element-populated\">\n\t\t\t\t\t\t<div class=\"elementor-element elementor-element-8f60ab1 sc_fly_static elementor-widget elementor-widget-image\" data-id=\"8f60ab1\" data-element_type=\"widget\" data-widget_type=\"image.default\">\n\t\t\t\t\t\t\t\t\t\t\t\t\t\t\t<img fetchpriority=\"high\" decoding=\"async\" width=\"773\" height=\"1024\" src=\"https:\/\/studioeditori.com\/putnikovic\/wp-content\/uploads\/2025\/01\/pjenusavo-773x1024.jpeg\" class=\"attachment-large size-large wp-image-21236\" alt=\"\" srcset=\"https:\/\/studioeditori.com\/putnikovic\/wp-content\/uploads\/2025\/01\/pjenusavo-773x1024.jpeg 773w, https:\/\/studioeditori.com\/putnikovic\/wp-content\/uploads\/2025\/01\/pjenusavo-226x300.jpeg 226w, https:\/\/studioeditori.com\/putnikovic\/wp-content\/uploads\/2025\/01\/pjenusavo-768x1018.jpeg 768w, https:\/\/studioeditori.com\/putnikovic\/wp-content\/uploads\/2025\/01\/pjenusavo-370x490.jpeg 370w, https:\/\/studioeditori.com\/putnikovic\/wp-content\/uploads\/2025\/01\/pjenusavo-840x1113.jpeg 840w, https:\/\/studioeditori.com\/putnikovic\/wp-content\/uploads\/2025\/01\/pjenusavo-410x543.jpeg 410w, https:\/\/studioeditori.com\/putnikovic\/wp-content\/uploads\/2025\/01\/pjenusavo-600x795.jpeg 600w, https:\/\/studioeditori.com\/putnikovic\/wp-content\/uploads\/2025\/01\/pjenusavo.jpeg 966w\" sizes=\"(max-width: 773px) 100vw, 773px\" \/>\t\t\t\t\t\t\t\t\t\t\t\t\t\t\t<\/div>\n\t\t\t\t<div class=\"elementor-element elementor-element-40ec0ac sc_fly_static elementor-widget elementor-widget-image\" data-id=\"40ec0ac\" data-element_type=\"widget\" data-widget_type=\"image.default\">\n\t\t\t\t\t\t\t\t\t\t\t\t\t\t\t<img decoding=\"async\" width=\"771\" height=\"1024\" src=\"https:\/\/studioeditori.com\/putnikovic\/wp-content\/uploads\/2025\/05\/pjenusavo-2-771x1024.jpeg\" class=\"attachment-large size-large wp-image-21237\" alt=\"\" srcset=\"https:\/\/studioeditori.com\/putnikovic\/wp-content\/uploads\/2025\/05\/pjenusavo-2-771x1024.jpeg 771w, https:\/\/studioeditori.com\/putnikovic\/wp-content\/uploads\/2025\/05\/pjenusavo-2-226x300.jpeg 226w, https:\/\/studioeditori.com\/putnikovic\/wp-content\/uploads\/2025\/05\/pjenusavo-2-768x1020.jpeg 768w, https:\/\/studioeditori.com\/putnikovic\/wp-content\/uploads\/2025\/05\/pjenusavo-2-370x491.jpeg 370w, https:\/\/studioeditori.com\/putnikovic\/wp-content\/uploads\/2025\/05\/pjenusavo-2-840x1115.jpeg 840w, https:\/\/studioeditori.com\/putnikovic\/wp-content\/uploads\/2025\/05\/pjenusavo-2-410x544.jpeg 410w, https:\/\/studioeditori.com\/putnikovic\/wp-content\/uploads\/2025\/05\/pjenusavo-2-600x797.jpeg 600w, https:\/\/studioeditori.com\/putnikovic\/wp-content\/uploads\/2025\/05\/pjenusavo-2.jpeg 964w\" sizes=\"(max-width: 771px) 100vw, 771px\" \/>\t\t\t\t\t\t\t\t\t\t\t\t\t\t\t<\/div>\n\t\t\t\t\t<\/div>\n\t\t<\/div>\n\t\t\t\t\t<\/div>\n\t\t<\/section>\n\t\t\t\t\t<\/div>\n\t\t<\/div>\n\t\t\t\t<div class=\"elementor-column elementor-col-50 elementor-top-column elementor-element elementor-element-55ff279 sc_content_align_inherit sc_layouts_column_icons_position_left sc_fly_static\" data-id=\"55ff279\" data-element_type=\"column\" data-settings=\"{&quot;background_background&quot;:&quot;classic&quot;}\">\n\t\t\t<div class=\"elementor-widget-wrap elementor-element-populated\">\n\t\t\t\t\t\t<div class=\"elementor-element elementor-element-f81a897 sc_fly_static elementor-widget elementor-widget-heading\" data-id=\"f81a897\" data-element_type=\"widget\" data-widget_type=\"heading.default\">\n\t\t\t\t\t<p class=\"elementor-heading-title elementor-size-default\">2023<\/p>\t\t\t\t<\/div>\n\t\t\t\t<div class=\"elementor-element elementor-element-f0ce2eb sc_fly_static elementor-widget elementor-widget-heading\" data-id=\"f0ce2eb\" data-element_type=\"widget\" data-widget_type=\"heading.default\">\n\t\t\t\t\t<h2 class=\"elementor-heading-title elementor-size-default\">Comes Puncte<\/h2>\t\t\t\t<\/div>\n\t\t\t\t<div class=\"elementor-element elementor-element-728124f sc_fly_static elementor-widget elementor-widget-text-editor\" data-id=\"728124f\" data-element_type=\"widget\" data-widget_type=\"text-editor.default\">\n\t\t\t\t\t\t\t\t\t<p class=\"Standard\">Comes Puncte, pjenu\u0161avo vino, 0,75 l, cijena: 20 eura, godina: 2023<\/p>\t\t\t\t\t\t\t\t<\/div>\n\t\t\t\t<div class=\"elementor-element elementor-element-5bab543 sc_fly_static elementor-widget elementor-widget-text-editor\" data-id=\"5bab543\" data-element_type=\"widget\" data-widget_type=\"text-editor.default\">\n\t\t\t\t\t\t\t\t\t<table class=\"woocommerce-product-attributes shop_attributes table\"><tbody><tr class=\"woocommerce-product-attributes-item woocommerce-product-attributes-item--attribute_tip-vina\"><th class=\"woocommerce-product-attributes-item__label\"><span style=\"font-weight: 300;\">Sorta:<\/span><\/th><td class=\"woocommerce-product-attributes-item__value\">Bijelo-mara\u0161tina<\/td><\/tr><tr class=\"woocommerce-product-attributes-item woocommerce-product-attributes-item--attribute_godina\"><th class=\"woocommerce-product-attributes-item__label\"><span style=\"font-weight: 300;\">Lokalitet:<\/span><\/th><td class=\"woocommerce-product-attributes-item__value\">Putnikovi\u0107i<\/td><\/tr><tr class=\"woocommerce-product-attributes-item woocommerce-product-attributes-item--attribute_alkohol\"><th class=\"woocommerce-product-attributes-item__label\"><span style=\"font-weight: 300;\">Boja:<\/span><\/th><td class=\"woocommerce-product-attributes-item__value\">Svijetlo \u017euta<\/td><\/tr><tr class=\"woocommerce-product-attributes-item woocommerce-product-attributes-item--attribute_sadr%c5%beaj\"><th class=\"woocommerce-product-attributes-item__label\"><span style=\"font-weight: 300;\">Opis:<\/span><\/th><td class=\"woocommerce-product-attributes-item__value\">Lagano i prpo\u0161no<\/td><\/tr><tr class=\"woocommerce-product-attributes-item woocommerce-product-attributes-item--attribute_lokalitet\"><th class=\"woocommerce-product-attributes-item__label\"><span style=\"font-weight: 300;\">Okus:<\/span><\/th><td class=\"woocommerce-product-attributes-item__value\">Citrusi, limun, prezrelo vo\u0107e, vrhnje<\/td><\/tr><tr class=\"woocommerce-product-attributes-item woocommerce-product-attributes-item--attribute_lokalitet\"><th class=\"woocommerce-product-attributes-item__label\"><span style=\"font-weight: 300;\">Alkohol:<\/span><\/th><td class=\"woocommerce-product-attributes-item__value\">12 %<\/td><\/tr><tr class=\"woocommerce-product-attributes-item woocommerce-product-attributes-item--attribute_lokalitet\"><th class=\"woocommerce-product-attributes-item__label\"><span style=\"font-weight: 300;\">Ostatak \u0161e\u0107era:<\/span><\/th><td class=\"woocommerce-product-attributes-item__value\">7<\/td><\/tr><tr><th><span style=\"font-weight: 300;\">Tijelo:<\/span><\/th><td>Lagano<\/td><\/tr><tr><th><span style=\"font-weight: 300;\">Vinifikacija:<\/span><\/th><td>Maceracija 10-12 dana, prva fermentacija 10 dana, fermentacija u boci 1 mjesec<\/td><\/tr><tr><th><span style=\"font-weight: 300;\">Prijedlozi serviranja:<\/span><\/th><td>Aperitivi, \u0161koljke, deserti<\/td><\/tr><tr><th><span style=\"font-weight: 300;\">Temperatura konzumacije:<\/span><\/th><td>6-8 \u00b0C<\/td><\/tr><tr><th><span style=\"font-weight: 300;\">Zanimljivosti:<\/span><\/th><td><p>Comes Puncte je latinski za Pelje\u0161ki knez.<\/p><p>\u00a0<\/p><\/td><\/tr><\/tbody><\/table>\t\t\t\t\t\t\t\t<\/div>\n\t\t\t\t<div class=\"elementor-element elementor-element-d1a4817 sc_fly_static elementor-widget elementor-widget-spacer\" data-id=\"d1a4817\" data-element_type=\"widget\" data-widget_type=\"spacer.default\">\n\t\t\t\t\t\t\t<div class=\"elementor-spacer\">\n\t\t\t<div class=\"elementor-spacer-inner\"><\/div>\n\t\t<\/div>\n\t\t\t\t\t\t<\/div>\n\t\t\t\t<div class=\"elementor-element elementor-element-9ff5ac2 sc_fly_static elementor-widget elementor-widget-wc-add-to-cart\" data-id=\"9ff5ac2\" data-element_type=\"widget\" data-widget_type=\"wc-add-to-cart.default\">\n\t\t\t\t\t\t\t\t\t\t<a rel=\"nofollow\" href=\"?add-to-cart=21052\" data-quantity=\"1\" data-product_id=\"21052\" class=\"product_type_simple add_to_cart_button ajax_add_to_cart elementor-button elementor-size-lg\" role=\"button\">\n\t\t\t\t\t\t<span class=\"elementor-button-content-wrapper\">\n\t\t\t\t\t\t\t\t\t<span class=\"elementor-button-text\">KUPI<\/span>\n\t\t\t\t\t<\/span>\n\t\t\t\t\t<\/a>\n\t\t\t\t\t\t\t\t<\/div>\n\t\t\t\t\t<\/div>\n\t\t<\/div>\n\t\t\t\t\t<\/div>\n\t\t<\/section>\n\t\t\t\t<\/div>\n\t\t","protected":false},"excerpt":{"rendered":"<p>2023 Comes Puncte Comes Puncte, pjenu\u0161avo vino, 0,75 l, cijena: 20 eura, godina: 2023 Sorta: Bijelo-mara\u0161tina Lokalitet: Putnikovi\u0107i Boja: Svijetlo \u017euta Opis: Lagano i prpo\u0161no Okus: Citrusi, limun, prezrelo vo\u0107e,&hellip;<\/p>\n","protected":false},"author":1,"featured_media":0,"parent":21042,"menu_order":0,"comment_status":"closed","ping_status":"closed","template":"","meta":{"footnotes":""},"class_list":["post-21044","page","type-page","status-publish","hentry"],"_links":{"self":[{"href":"https:\/\/studioeditori.com\/putnikovic\/wp-json\/wp\/v2\/pages\/21044","targetHints":{"allow":["GET"]}}],"collection":[{"href":"https:\/\/studioeditori.com\/putnikovic\/wp-json\/wp\/v2\/pages"}],"about":[{"href":"https:\/\/studioeditori.com\/putnikovic\/wp-json\/wp\/v2\/types\/page"}],"author":[{"embeddable":true,"href":"https:\/\/studioeditori.com\/putnikovic\/wp-json\/wp\/v2\/users\/1"}],"replies":[{"embeddable":true,"href":"https:\/\/studioeditori.com\/putnikovic\/wp-json\/wp\/v2\/comments?post=21044"}],"version-history":[{"count":10,"href":"https:\/\/studioeditori.com\/putnikovic\/wp-json\/wp\/v2\/pages\/21044\/revisions"}],"predecessor-version":[{"id":21240,"href":"https:\/\/studioeditori.com\/putnikovic\/wp-json\/wp\/v2\/pages\/21044\/revisions\/21240"}],"up":[{"embeddable":true,"href":"https:\/\/studioeditori.com\/putnikovic\/wp-json\/wp\/v2\/pages\/21042"}],"wp:attachment":[{"href":"https:\/\/studioeditori.com\/putnikovic\/wp-json\/wp\/v2\/media?parent=21044"}],"curies":[{"name":"wp","href":"https:\/\/api.w.org\/{rel}","templated":true}]}}