{"id":21084,"date":"2025-01-23T19:46:47","date_gmt":"2025-01-23T19:46:47","guid":{"rendered":"https:\/\/studioeditori.com\/putnikovic\/?page_id=21084"},"modified":"2025-05-15T12:48:14","modified_gmt":"2025-05-15T12:48:14","slug":"posip","status":"publish","type":"page","link":"https:\/\/studioeditori.com\/putnikovic\/bijela-vina\/posip\/","title":{"rendered":"Po\u0161ip"},"content":{"rendered":"\t\t<div data-elementor-type=\"wp-page\" data-elementor-id=\"21084\" class=\"elementor elementor-21084\" data-elementor-post-type=\"page\">\n\t\t\t\t\t\t<section class=\"elementor-section-with-custom-width elementor-section elementor-top-section elementor-element elementor-element-5950d8c9 elementor-section-stretched elementor-reverse-mobile elementor-section-content-middle elementor-section-boxed elementor-section-height-default elementor-section-height-default sc_fly_static\" data-id=\"5950d8c9\" data-element_type=\"section\" data-settings=\"{&quot;stretch_section&quot;:&quot;section-stretched&quot;,&quot;background_background&quot;:&quot;classic&quot;}\">\n\t\t\t\t\t\t<div class=\"elementor-container elementor-column-gap-no\">\n\t\t\t\t\t<div class=\"elementor-column elementor-col-50 elementor-top-column elementor-element elementor-element-5a75bac4 sc_content_align_inherit sc_layouts_column_icons_position_left sc_fly_static\" data-id=\"5a75bac4\" data-element_type=\"column\">\n\t\t\t<div class=\"elementor-widget-wrap elementor-element-populated\">\n\t\t\t\t\t\t<section class=\"elementor-section elementor-inner-section elementor-element elementor-element-d8af090 elementor-section-content-middle elementor-section-boxed elementor-section-height-default elementor-section-height-default sc_fly_static\" data-id=\"d8af090\" data-element_type=\"section\">\n\t\t\t\t\t\t<div class=\"elementor-container elementor-column-gap-no\">\n\t\t\t\t\t<div class=\"elementor-column elementor-col-100 elementor-inner-column elementor-element elementor-element-35bbdac sc_content_align_inherit sc_layouts_column_icons_position_left sc_fly_static\" data-id=\"35bbdac\" data-element_type=\"column\">\n\t\t\t<div class=\"elementor-widget-wrap elementor-element-populated\">\n\t\t\t\t\t\t<div class=\"elementor-element elementor-element-c6d9113 sc_fly_static elementor-widget elementor-widget-image\" data-id=\"c6d9113\" data-element_type=\"widget\" data-widget_type=\"image.default\">\n\t\t\t\t\t\t\t\t\t\t\t\t\t\t\t<img fetchpriority=\"high\" decoding=\"async\" width=\"773\" height=\"1024\" src=\"https:\/\/studioeditori.com\/putnikovic\/wp-content\/uploads\/2025\/01\/posip-773x1024.jpeg\" class=\"attachment-large size-large wp-image-21251\" alt=\"\" srcset=\"https:\/\/studioeditori.com\/putnikovic\/wp-content\/uploads\/2025\/01\/posip-773x1024.jpeg 773w, https:\/\/studioeditori.com\/putnikovic\/wp-content\/uploads\/2025\/01\/posip-226x300.jpeg 226w, https:\/\/studioeditori.com\/putnikovic\/wp-content\/uploads\/2025\/01\/posip-768x1018.jpeg 768w, https:\/\/studioeditori.com\/putnikovic\/wp-content\/uploads\/2025\/01\/posip-370x490.jpeg 370w, https:\/\/studioeditori.com\/putnikovic\/wp-content\/uploads\/2025\/01\/posip-840x1113.jpeg 840w, https:\/\/studioeditori.com\/putnikovic\/wp-content\/uploads\/2025\/01\/posip-410x543.jpeg 410w, https:\/\/studioeditori.com\/putnikovic\/wp-content\/uploads\/2025\/01\/posip-600x795.jpeg 600w, https:\/\/studioeditori.com\/putnikovic\/wp-content\/uploads\/2025\/01\/posip.jpeg 966w\" sizes=\"(max-width: 773px) 100vw, 773px\" \/>\t\t\t\t\t\t\t\t\t\t\t\t\t\t\t<\/div>\n\t\t\t\t<div class=\"elementor-element elementor-element-5f0b03f sc_fly_static elementor-widget elementor-widget-image\" data-id=\"5f0b03f\" data-element_type=\"widget\" data-widget_type=\"image.default\">\n\t\t\t\t\t\t\t\t\t\t\t\t\t\t\t<img decoding=\"async\" width=\"773\" height=\"1024\" src=\"https:\/\/studioeditori.com\/putnikovic\/wp-content\/uploads\/2025\/05\/posip-2-773x1024.jpeg\" class=\"attachment-large size-large wp-image-21252\" alt=\"\" srcset=\"https:\/\/studioeditori.com\/putnikovic\/wp-content\/uploads\/2025\/05\/posip-2-773x1024.jpeg 773w, https:\/\/studioeditori.com\/putnikovic\/wp-content\/uploads\/2025\/05\/posip-2-226x300.jpeg 226w, https:\/\/studioeditori.com\/putnikovic\/wp-content\/uploads\/2025\/05\/posip-2-768x1018.jpeg 768w, https:\/\/studioeditori.com\/putnikovic\/wp-content\/uploads\/2025\/05\/posip-2-370x490.jpeg 370w, https:\/\/studioeditori.com\/putnikovic\/wp-content\/uploads\/2025\/05\/posip-2-840x1113.jpeg 840w, https:\/\/studioeditori.com\/putnikovic\/wp-content\/uploads\/2025\/05\/posip-2-410x543.jpeg 410w, https:\/\/studioeditori.com\/putnikovic\/wp-content\/uploads\/2025\/05\/posip-2-600x795.jpeg 600w, https:\/\/studioeditori.com\/putnikovic\/wp-content\/uploads\/2025\/05\/posip-2.jpeg 966w\" sizes=\"(max-width: 773px) 100vw, 773px\" \/>\t\t\t\t\t\t\t\t\t\t\t\t\t\t\t<\/div>\n\t\t\t\t\t<\/div>\n\t\t<\/div>\n\t\t\t\t\t<\/div>\n\t\t<\/section>\n\t\t\t\t\t<\/div>\n\t\t<\/div>\n\t\t\t\t<div class=\"elementor-column elementor-col-50 elementor-top-column elementor-element elementor-element-2a863cad sc_content_align_inherit sc_layouts_column_icons_position_left sc_fly_static\" data-id=\"2a863cad\" data-element_type=\"column\" data-settings=\"{&quot;background_background&quot;:&quot;classic&quot;}\">\n\t\t\t<div class=\"elementor-widget-wrap elementor-element-populated\">\n\t\t\t\t\t\t<div class=\"elementor-element elementor-element-70b37b82 sc_fly_static elementor-widget elementor-widget-heading\" data-id=\"70b37b82\" data-element_type=\"widget\" data-widget_type=\"heading.default\">\n\t\t\t\t\t<p class=\"elementor-heading-title elementor-size-default\">2023<\/p>\t\t\t\t<\/div>\n\t\t\t\t<div class=\"elementor-element elementor-element-1140c84e sc_fly_static elementor-widget elementor-widget-heading\" data-id=\"1140c84e\" data-element_type=\"widget\" data-widget_type=\"heading.default\">\n\t\t\t\t\t<h2 class=\"elementor-heading-title elementor-size-default\">Po\u0161ip<\/h2>\t\t\t\t<\/div>\n\t\t\t\t<div class=\"elementor-element elementor-element-36cc89f sc_fly_static elementor-widget elementor-widget-text-editor\" data-id=\"36cc89f\" data-element_type=\"widget\" data-widget_type=\"text-editor.default\">\n\t\t\t\t\t\t\t\t\t<p>Po\u0161ip, 0,75, cijena:\u00a0 12 eura, godina: 2023<\/p>\t\t\t\t\t\t\t\t<\/div>\n\t\t\t\t<div class=\"elementor-element elementor-element-cf1c2a0 sc_fly_static elementor-widget elementor-widget-text-editor\" data-id=\"cf1c2a0\" data-element_type=\"widget\" data-widget_type=\"text-editor.default\">\n\t\t\t\t\t\t\t\t\t<table class=\"woocommerce-product-attributes shop_attributes table\"><tbody><tr class=\"woocommerce-product-attributes-item woocommerce-product-attributes-item--attribute_tip-vina\"><th class=\"woocommerce-product-attributes-item__label\">Sorta:<\/th><td class=\"woocommerce-product-attributes-item__value\">Bijelo-po\u0161ip<\/td><\/tr><tr class=\"woocommerce-product-attributes-item woocommerce-product-attributes-item--attribute_sorta\"><th class=\"woocommerce-product-attributes-item__label\">Tip vina:<\/th><td class=\"woocommerce-product-attributes-item__value\">Kvalitetno suho bijelo vino<\/td><\/tr><tr class=\"woocommerce-product-attributes-item woocommerce-product-attributes-item--attribute_godina\"><th class=\"woocommerce-product-attributes-item__label\">Lokalitet:<\/th><td class=\"woocommerce-product-attributes-item__value\">Putnikovi\u0107i<\/td><\/tr><tr class=\"woocommerce-product-attributes-item woocommerce-product-attributes-item--attribute_alkohol\"><th class=\"woocommerce-product-attributes-item__label\">Boja:<\/th><td class=\"woocommerce-product-attributes-item__value\">Zlatna<\/td><\/tr><tr class=\"woocommerce-product-attributes-item woocommerce-product-attributes-item--attribute_sadr%c5%beaj\"><th class=\"woocommerce-product-attributes-item__label\">Opis:<\/th><td class=\"woocommerce-product-attributes-item__value\">Vo\u0107ne i cvijetne arome<\/td><\/tr><tr class=\"woocommerce-product-attributes-item woocommerce-product-attributes-item--attribute_lokalitet\"><th class=\"woocommerce-product-attributes-item__label\">Okus:<\/th><td class=\"woocommerce-product-attributes-item__value\">Citrusi, limun, prezrelo vo\u0107e, vrhnje<\/td><\/tr><tr class=\"woocommerce-product-attributes-item woocommerce-product-attributes-item--attribute_lokalitet\"><th class=\"woocommerce-product-attributes-item__label\">Alkohol:<\/th><td class=\"woocommerce-product-attributes-item__value\">13 %<\/td><\/tr><tr class=\"woocommerce-product-attributes-item woocommerce-product-attributes-item--attribute_lokalitet\"><th class=\"woocommerce-product-attributes-item__label\">Ostatak \u0161e\u0107era:<\/th><td class=\"woocommerce-product-attributes-item__value\">&lt;2<\/td><\/tr><tr><th>Tijelo:<\/th><td>Puno<\/td><\/tr><tr><th>Vinifikacija:<\/th><td>Maceracija 24-36 sati, fermentacija 14 dana<\/td><\/tr><tr><th>Dozrijevanje:<\/th><td>6 mjeseci u boci<\/td><\/tr><tr><th>Prijedlozi serviranja:<\/th><td>\u0160kampi, \u0161koljke, bijelo meso<\/td><\/tr><tr><th>Temperatura konzumacije:<\/th><td>10 \u00b0C<\/td><\/tr><tr><th>Zanimljivosti:<\/th><td>Za\u0161ti\u0107ena oznaka izvornosti<\/td><\/tr><\/tbody><\/table>\t\t\t\t\t\t\t\t<\/div>\n\t\t\t\t<div class=\"elementor-element elementor-element-26494f7 sc_fly_static elementor-widget elementor-widget-spacer\" data-id=\"26494f7\" data-element_type=\"widget\" data-widget_type=\"spacer.default\">\n\t\t\t\t\t\t\t<div class=\"elementor-spacer\">\n\t\t\t<div class=\"elementor-spacer-inner\"><\/div>\n\t\t<\/div>\n\t\t\t\t\t\t<\/div>\n\t\t\t\t<div class=\"elementor-element elementor-element-3491ec7 sc_fly_static elementor-widget elementor-widget-wc-add-to-cart\" data-id=\"3491ec7\" data-element_type=\"widget\" data-widget_type=\"wc-add-to-cart.default\">\n\t\t\t\t\t\t\t\t\t\t<a rel=\"nofollow\" href=\"?add-to-cart=20790\" data-quantity=\"1\" data-product_id=\"20790\" class=\"product_type_simple add_to_cart_button ajax_add_to_cart elementor-button elementor-size-lg\" role=\"button\">\n\t\t\t\t\t\t<span class=\"elementor-button-content-wrapper\">\n\t\t\t\t\t\t\t\t\t<span class=\"elementor-button-text\">KUPI<\/span>\n\t\t\t\t\t<\/span>\n\t\t\t\t\t<\/a>\n\t\t\t\t\t\t\t\t<\/div>\n\t\t\t\t\t<\/div>\n\t\t<\/div>\n\t\t\t\t\t<\/div>\n\t\t<\/section>\n\t\t\t\t<\/div>\n\t\t","protected":false},"excerpt":{"rendered":"<p>2023 Po\u0161ip Po\u0161ip, 0,75, cijena:\u00a0 12 eura, godina: 2023 Sorta: Bijelo-po\u0161ip Tip vina: Kvalitetno suho bijelo vino Lokalitet: Putnikovi\u0107i Boja: Zlatna Opis: Vo\u0107ne i cvijetne arome Okus: Citrusi, limun, prezrelo&hellip;<\/p>\n","protected":false},"author":1,"featured_media":0,"parent":20403,"menu_order":0,"comment_status":"closed","ping_status":"closed","template":"","meta":{"footnotes":""},"class_list":["post-21084","page","type-page","status-publish","hentry"],"_links":{"self":[{"href":"https:\/\/studioeditori.com\/putnikovic\/wp-json\/wp\/v2\/pages\/21084","targetHints":{"allow":["GET"]}}],"collection":[{"href":"https:\/\/studioeditori.com\/putnikovic\/wp-json\/wp\/v2\/pages"}],"about":[{"href":"https:\/\/studioeditori.com\/putnikovic\/wp-json\/wp\/v2\/types\/page"}],"author":[{"embeddable":true,"href":"https:\/\/studioeditori.com\/putnikovic\/wp-json\/wp\/v2\/users\/1"}],"replies":[{"embeddable":true,"href":"https:\/\/studioeditori.com\/putnikovic\/wp-json\/wp\/v2\/comments?post=21084"}],"version-history":[{"count":10,"href":"https:\/\/studioeditori.com\/putnikovic\/wp-json\/wp\/v2\/pages\/21084\/revisions"}],"predecessor-version":[{"id":21255,"href":"https:\/\/studioeditori.com\/putnikovic\/wp-json\/wp\/v2\/pages\/21084\/revisions\/21255"}],"up":[{"embeddable":true,"href":"https:\/\/studioeditori.com\/putnikovic\/wp-json\/wp\/v2\/pages\/20403"}],"wp:attachment":[{"href":"https:\/\/studioeditori.com\/putnikovic\/wp-json\/wp\/v2\/media?parent=21084"}],"curies":[{"name":"wp","href":"https:\/\/api.w.org\/{rel}","templated":true}]}}