{"id":877,"date":"2024-12-02T11:06:05","date_gmt":"2024-12-02T11:06:05","guid":{"rendered":"https:\/\/studioeditori.com\/sea\/?page_id=877"},"modified":"2024-12-03T09:09:15","modified_gmt":"2024-12-03T09:09:15","slug":"postani-partner-become-a-partner","status":"publish","type":"page","link":"https:\/\/studioeditori.com\/sea\/postani-partner-become-a-partner\/","title":{"rendered":"Postani partner &#8211; Become a partner"},"content":{"rendered":"\t\t<div data-elementor-type=\"wp-page\" data-elementor-id=\"877\" class=\"elementor elementor-877\" data-elementor-post-type=\"page\">\n\t\t\t\t<div class=\"elementor-element elementor-element-ee93c86 e-con-full e-flex e-con e-parent\" data-id=\"ee93c86\" data-element_type=\"container\" data-settings=\"{&quot;background_background&quot;:&quot;slideshow&quot;,&quot;background_slideshow_gallery&quot;:[{&quot;id&quot;:883,&quot;url&quot;:&quot;https:\\\/\\\/studioeditori.com\\\/sea\\\/wp-content\\\/uploads\\\/2024\\\/12\\\/two-business-woman-shaking-hands-during-a-meeting-to-sign-agreement-and-become-a-business-partner.jpg&quot;}],&quot;background_slideshow_loop&quot;:&quot;yes&quot;,&quot;background_slideshow_slide_duration&quot;:5000,&quot;background_slideshow_slide_transition&quot;:&quot;fade&quot;,&quot;background_slideshow_transition_duration&quot;:500}\">\n\t\t\t\t<\/div>\n\t\t<div class=\"elementor-element elementor-element-ad64511 e-flex e-con-boxed e-con e-parent\" data-id=\"ad64511\" data-element_type=\"container\">\n\t\t\t\t\t<div class=\"e-con-inner\">\n\t\t\t\t<div class=\"elementor-element elementor-element-2d40838 elementor-widget elementor-widget-spacer\" data-id=\"2d40838\" data-element_type=\"widget\" data-widget_type=\"spacer.default\">\n\t\t\t\t<div class=\"elementor-widget-container\">\n\t\t\t\t\t<div class=\"elementor-spacer\">\n\t\t\t<div class=\"elementor-spacer-inner\"><\/div>\n\t\t<\/div>\n\t\t\t\t<\/div>\n\t\t\t\t<\/div>\n\t\t\t\t<div class=\"elementor-element elementor-element-18d97f9 elementor-widget elementor-widget-text-editor\" data-id=\"18d97f9\" data-element_type=\"widget\" data-widget_type=\"text-editor.default\">\n\t\t\t\t<div class=\"elementor-widget-container\">\n\t\t\t\t\t\t\t<p style=\"font-weight: 400;\">Postanite veleprodajni partner za hidromasa\u017ene kade bilo gdje u Europi.<\/p><h3 style=\"font-weight: 400;\"><strong>Postanite na\u0161 partner<\/strong><\/h3><p style=\"font-weight: 400;\">U \u00a0SeaSpa-u svoje klijente stavljamo u sredi\u0161te svega \u0161to radimo, uvijek inoviraju\u0107i kako bismo vam ponudili vrhunske proizvode. Na\u0161 stru\u010dni tim podr\u017eat \u0107e vas na svakom koraku nude\u0107i redovite posjete, kao i pru\u017eaju\u0107i mogu\u0107nosti prodaje, marketinga, rada i obuke.<\/p><figure id=\"attachment_885\" aria-describedby=\"caption-attachment-885\" style=\"width: 2000px\" class=\"wp-caption alignnone\"><img fetchpriority=\"high\" decoding=\"async\" class=\"wp-image-885 size-full\" src=\"https:\/\/studioeditori.com\/sea\/wp-content\/uploads\/2024\/12\/modern-jacuzzi-in-wellness-spa-resort.jpg\" alt=\"Modern jacuzzi in wellness spa resort\" width=\"2000\" height=\"1333\" srcset=\"https:\/\/studioeditori.com\/sea\/wp-content\/uploads\/2024\/12\/modern-jacuzzi-in-wellness-spa-resort.jpg 2000w, https:\/\/studioeditori.com\/sea\/wp-content\/uploads\/2024\/12\/modern-jacuzzi-in-wellness-spa-resort-300x200.jpg 300w, https:\/\/studioeditori.com\/sea\/wp-content\/uploads\/2024\/12\/modern-jacuzzi-in-wellness-spa-resort-1024x682.jpg 1024w, https:\/\/studioeditori.com\/sea\/wp-content\/uploads\/2024\/12\/modern-jacuzzi-in-wellness-spa-resort-768x512.jpg 768w, https:\/\/studioeditori.com\/sea\/wp-content\/uploads\/2024\/12\/modern-jacuzzi-in-wellness-spa-resort-1536x1024.jpg 1536w, https:\/\/studioeditori.com\/sea\/wp-content\/uploads\/2024\/12\/modern-jacuzzi-in-wellness-spa-resort-600x400.jpg 600w\" sizes=\"(max-width: 2000px) 100vw, 2000px\" \/><figcaption id=\"caption-attachment-885\" class=\"wp-caption-text\">\u00a0<\/figcaption><\/figure><p style=\"font-weight: 400;\">Ne samo da nudimo najbolju podr\u0161ku na\u0161im partnerima, ve\u0107 stalno nadilazimo o\u010dekivanja da bismo vas podr\u017eali u prodaji, marketingu i doga\u0111ajima.<\/p><p><img decoding=\"async\" class=\"size-full wp-image-886\" src=\"https:\/\/studioeditori.com\/sea\/wp-content\/uploads\/2024\/12\/woman-in-jacuzzi-.jpg\" alt=\"Woman in jacuzzi.\" width=\"2000\" height=\"1499\" srcset=\"https:\/\/studioeditori.com\/sea\/wp-content\/uploads\/2024\/12\/woman-in-jacuzzi-.jpg 2000w, https:\/\/studioeditori.com\/sea\/wp-content\/uploads\/2024\/12\/woman-in-jacuzzi--300x225.jpg 300w, https:\/\/studioeditori.com\/sea\/wp-content\/uploads\/2024\/12\/woman-in-jacuzzi--1024x767.jpg 1024w, https:\/\/studioeditori.com\/sea\/wp-content\/uploads\/2024\/12\/woman-in-jacuzzi--768x576.jpg 768w, https:\/\/studioeditori.com\/sea\/wp-content\/uploads\/2024\/12\/woman-in-jacuzzi--1536x1151.jpg 1536w, https:\/\/studioeditori.com\/sea\/wp-content\/uploads\/2024\/12\/woman-in-jacuzzi--600x450.jpg 600w\" sizes=\"(max-width: 2000px) 100vw, 2000px\" \/><\/p><p style=\"font-weight: 400;\">Sada je vrijeme da se pridru\u017eite mre\u017ei SeaSpa partnera, koji nudi globalni izbor visokokvalitetnih proizvoda usmjerenih na pobolj\u0161anje zdravlja i dobrobiti.<\/p><p style=\"font-weight: 400;\">Svoje kupce stavljamo u sredi\u0161te svega \u0161to radimo, uvijek inoviraju\u0107i kako bismo vam ponudili vrhunske proizvode visoke kvalitete. S na\u0161im partnerima imamo iskren i otvoren odnos.<\/p><p style=\"font-weight: 400;\">Podr\u017eat \u0107emo vas na svakom koraku i pru\u017eiti podr\u0161ku u prodaji, marketingu, operacijama i doga\u0111ajima.<\/p><p style=\"font-weight: 400;\">\u00a0<\/p><p style=\"font-weight: 400;\">\u00a0Ako ste zainteresirani za pridru\u017eivanje veleprodaji hidromasa\u017ene kade u Europi, obratite nam se.\u00a0<\/p><ul><li>info@seaspa.eu<\/li><li>+385 (0)98 603636<\/li><\/ul><p style=\"font-weight: 400;\">Kao partner mo\u017eete zatra\u017eiti datum isporuke kada naru\u010dujete svoju hidromasa\u017enu kadu ili mo\u017eete kupiti Direkt Kontejner, izravno na svoje skladi\u0161te, a na\u0161 tim za logistiku \u0107e pripremiti svu potrebnu dokumentaciju.<\/p><p style=\"font-weight: 400;\">U mogu\u0107nosti smo ponuditi razli\u010dite mogu\u0107nosti isporuke, osmi\u0161ljene kako bi pomogle u va\u0161em vlastitom poslovnom modelu.<\/p><p style=\"font-weight: 400;\">Preuzimanje iz na\u0161eg skladi\u0161ta i mi \u0107emo ga utovariti na va\u0161e vozilo.<\/p>\t\t\t\t\t\t<\/div>\n\t\t\t\t<\/div>\n\t\t\t\t\t<\/div>\n\t\t\t\t<\/div>\n\t\t\t\t<\/div>\n\t\t","protected":false},"excerpt":{"rendered":"<p>Postanite veleprodajni partner za hidromasa\u017ene kade bilo gdje u Europi. Postanite na\u0161 partner U \u00a0SeaSpa-u svoje klijente stavljamo u sredi\u0161te svega \u0161to radimo, uvijek inoviraju\u0107i kako bismo vam ponudili vrhunske proizvode. Na\u0161 stru\u010dni tim podr\u017eat \u0107e vas na svakom koraku nude\u0107i redovite posjete, kao i pru\u017eaju\u0107i mogu\u0107nosti prodaje, marketinga, rada i obuke. Ne samo da [&hellip;]<\/p>\n","protected":false},"author":1,"featured_media":0,"parent":0,"menu_order":0,"comment_status":"closed","ping_status":"closed","template":"","meta":{"footnotes":""},"class_list":["post-877","page","type-page","status-publish","hentry"],"_links":{"self":[{"href":"https:\/\/studioeditori.com\/sea\/wp-json\/wp\/v2\/pages\/877","targetHints":{"allow":["GET"]}}],"collection":[{"href":"https:\/\/studioeditori.com\/sea\/wp-json\/wp\/v2\/pages"}],"about":[{"href":"https:\/\/studioeditori.com\/sea\/wp-json\/wp\/v2\/types\/page"}],"author":[{"embeddable":true,"href":"https:\/\/studioeditori.com\/sea\/wp-json\/wp\/v2\/users\/1"}],"replies":[{"embeddable":true,"href":"https:\/\/studioeditori.com\/sea\/wp-json\/wp\/v2\/comments?post=877"}],"version-history":[{"count":7,"href":"https:\/\/studioeditori.com\/sea\/wp-json\/wp\/v2\/pages\/877\/revisions"}],"predecessor-version":[{"id":892,"href":"https:\/\/studioeditori.com\/sea\/wp-json\/wp\/v2\/pages\/877\/revisions\/892"}],"wp:attachment":[{"href":"https:\/\/studioeditori.com\/sea\/wp-json\/wp\/v2\/media?parent=877"}],"curies":[{"name":"wp","href":"https:\/\/api.w.org\/{rel}","templated":true}]}}