{"id":124,"date":"2019-04-22T13:30:55","date_gmt":"2019-04-22T13:30:55","guid":{"rendered":"http:\/\/okthemes.com\/sarasdemo\/?page_id=124"},"modified":"2026-04-12T18:09:35","modified_gmt":"2026-04-12T18:09:35","slug":"posjeti","status":"publish","type":"page","link":"https:\/\/studioeditori.com\/vino\/posjeti\/","title":{"rendered":"Ku\u0161aonica"},"content":{"rendered":"<p>[vc_row full_width=&#8221;stretch_row&#8221; css=&#8221;.vc_custom_1558017414911{padding-top: 7em !important;padding-bottom: 7em !important;background-color: #000000 !important;}&#8221;][vc_column][vc_row_inner css=&#8221;.vc_custom_1558018656615{margin-bottom: 4em !important;}&#8221;][vc_column_inner width=&#8221;1\/6&#8243;][\/vc_column_inner][vc_column_inner width=&#8221;2\/3&#8243; css=&#8221;.vc_custom_1557826948613{padding-right: 10% !important;padding-left: 10% !important;}&#8221;]\n\t<div class=\"title-subtitle-box  \" style=\" text-align: center;\">\n\t\t<h5 style=\" color:#ffffff;  font-style: normal;\" class=\"special-title\" >Do\u017eivite Primo\u0161ten na autenti\u010dan na\u010din \u2013 kroz vino koje je nastalo upravo ovdje, izme\u0111u kamena i mora.<\/h5>\n\t<\/div> [\/vc_column_inner][vc_column_inner width=&#8221;1\/6&#8243;][\/vc_column_inner][\/vc_row_inner][vc_single_image image=&#8221;4115&#8243; img_size=&#8221;full&#8221;][\/vc_column][\/vc_row][vc_row css=&#8221;.vc_custom_1557916487722{padding-top: 7em !important;padding-bottom: 7em !important;}&#8221;][vc_column width=&#8221;1\/6&#8243;][\/vc_column][vc_column width=&#8221;2\/3&#8243;]\n\t<div class=\"title-subtitle-box  vc_custom_1776013663869\" style=\" text-align: center;\">\n\t\t<h2 style=\" font-style: normal;\" class=\"special-title\" >\n\t\t<span style=\"\">Vino i spiza<\/span>Okusi za ku\u0161anje<\/h2>\n\t\t<span class=\"gg-horizontal-line\"  ><\/span>\n\t\t<div class=\"box-description\"><p style=\"text-align: center;\">Smje\u0161tena u srcu Primo\u0161tena, na korak od vinograda koji su stolje\u0107ima oblikovali krajolik i \u017eivot ovoga kraja, ku\u0161aonica <strong data-start=\"254\" data-end=\"269\">Vina s mora<\/strong> nudi jedinstveno iskustvo upoznavanja dalmatinskih vina.<\/p>\n<\/div>\n\t<\/div> [\/vc_column][vc_column width=&#8221;1\/6&#8243;][\/vc_column][\/vc_row][vc_row css=&#8221;.vc_custom_1557829989576{padding-bottom: 8em !important;}&#8221;][vc_column][vc_row_inner equal_height=&#8221;yes&#8221; content_placement=&#8221;middle&#8221; css=&#8221;.vc_custom_1776014409557{background-position: center !important;background-repeat: no-repeat !important;background-size: cover !important;}&#8221;][vc_column_inner width=&#8221;1\/2&#8243; css=&#8221;.vc_custom_1557830097099{padding-top: 15% !important;padding-right: 15% !important;padding-bottom: 15% !important;padding-left: 15% !important;background-color: #ffffff !important;}&#8221;]\n\t<div class=\"title-subtitle-box  \" style=\" text-align: left;\">\n\t\t<h1 style=\" font-style: normal;\" class=\"special-title\" >\n\t\t<span style=\"\">Visit<\/span>Posjetite nas<\/h1>\n\t\t<span class=\"gg-horizontal-line\"  ><\/span>\n\t\t<div class=\"box-description\"><p data-start=\"330\" data-end=\"630\">U ugodnom ambijentu mo\u017eete ku\u0161ati autohtone sorte poput <strong data-start=\"386\" data-end=\"396\">Babi\u0107a<\/strong>, koji je za\u0161titni znak primo\u0161tenskog vinogorja, ali i druga vina koja odi\u0161u mirisima i okusima Mediterana. Svaka \u010da\u0161a pri\u010da pri\u010du o kamenu, moru i suncu \u2013 o vinima nastalim na surovom dalmatinskom kr\u0161u, a oplemenjenim rukom vinara.<\/p>\n<p data-start=\"632\" data-end=\"902\">Osim ku\u0161anja, u na\u0161em <strong data-start=\"654\" data-end=\"672\">vinoteka shopu<\/strong> mo\u017eete ponijeti boce vina ku\u0107i ili kao poklon \u2013 elegantno upakirane, s da\u0161kom Dalmacije u svakoj kapljici. Na\u0161i djelatnici rado \u0107e vas provesti kroz ponudu, ispri\u010dati pri\u010de o vinima i predlo\u017eiti savr\u0161eno sljubljivanje s hranom.<\/p>\n<p data-start=\"904\" data-end=\"1008\">Do\u017eivite Primo\u0161ten na autenti\u010dan na\u010din \u2013 kroz vino koje je nastalo upravo ovdje, izme\u0111u kamena i mora.<\/p>\n<\/div>\n\t<\/div> [\/vc_column_inner][vc_column_inner width=&#8221;1\/2&#8243; css=&#8221;.vc_custom_1776014385993{padding-top: 0px !important;padding-right: 0px !important;padding-bottom: 0px !important;padding-left: 0px !important;background-position: center !important;background-repeat: no-repeat !important;background-size: cover !important;}&#8221;][vc_single_image image=&#8221;4108&#8243; img_size=&#8221;full&#8221; css=&#8221;.vc_custom_1776014449757{margin-bottom: 0px !important;background-position: 0 0 !important;background-repeat: repeat !important;}&#8221;][\/vc_column_inner][\/vc_row_inner][\/vc_column][\/vc_row][vc_row css=&#8221;.vc_custom_1557923235427{padding-bottom: 7em !important;}&#8221;][vc_column width=&#8221;1\/6&#8243;][\/vc_column][vc_column width=&#8221;2\/3&#8243;]\n\t<div class=\"title-subtitle-box  vc_custom_1776014480504\" style=\" text-align: center;\">\n\t\t<h2 style=\" font-style: normal;\" class=\"special-title\" >\n\t\t<span style=\"\">Pratite nas<\/span>Doga\u0111anja<\/h2>\n\t\t<span class=\"gg-horizontal-line\"  ><\/span>\n\t<\/div> [\/vc_column][vc_column width=&#8221;1\/6&#8243;][\/vc_column][\/vc_row][vc_row full_width=&#8221;stretch_row_content&#8221; gap=&#8221;15&#8243; equal_height=&#8221;yes&#8221; css=&#8221;.vc_custom_1776014584899{padding-right: 5% !important;padding-left: 5% !important;}&#8221;][vc_column width=&#8221;1\/2&#8243; css=&#8221;.vc_custom_1559125109464{padding-top: 0px !important;padding-right: 0px !important;padding-bottom: 0px !important;padding-left: 0px !important;}&#8221; offset=&#8221;vc_col-lg-4&#8243;]\n\t<div class=\"featured-image-box  text-align-center overlay_style_1  vc_custom_1776014693492\">\n\t\t<figure class=\"\">\n\t\t\t<div class=\"image-wrapper\">\n\t\t\t<img loading=\"lazy\" decoding=\"async\" width=\"600\" height=\"750\" src=\"https:\/\/studioeditori.com\/vino\/wp-content\/uploads\/2026\/04\/aktivnost1.jpg\" class=\"vc_single_image-img attachment-full\" alt=\"\" srcset=\"https:\/\/studioeditori.com\/vino\/wp-content\/uploads\/2026\/04\/aktivnost1.jpg 600w, https:\/\/studioeditori.com\/vino\/wp-content\/uploads\/2026\/04\/aktivnost1-240x300.jpg 240w\" sizes=\"auto, (max-width: 600px) 100vw, 600px\" \/>\n\t\t\t<\/div>\n\t\t<figcaption>\n\t\t\t<h4><span>Aktivnosti<\/span> Degustacija novog vina<\/h4>\n\t\t\t<p>Lorem ipsum dolor sit amet, consectetur adipiscing elit. Quisque ultricies ligula ac nulla congue.<\/p>\n\t\t\t\n\t\t<\/figcaption>\n\t\t<\/figure>\n\t<\/div> [\/vc_column][vc_column width=&#8221;1\/2&#8243; css=&#8221;.vc_custom_1559125124929{padding-top: 0px !important;padding-right: 0px !important;padding-bottom: 0px !important;padding-left: 0px !important;}&#8221; offset=&#8221;vc_col-lg-4&#8243;]\n\t<div class=\"featured-image-box  text-align-center overlay_style_1  vc_custom_1776014710557\">\n\t\t<figure class=\"\">\n\t\t\t<div class=\"image-wrapper\">\n\t\t\t<img loading=\"lazy\" decoding=\"async\" width=\"600\" height=\"750\" src=\"https:\/\/studioeditori.com\/vino\/wp-content\/uploads\/2026\/04\/aktivnost2.jpg\" class=\"vc_single_image-img attachment-full\" alt=\"\" srcset=\"https:\/\/studioeditori.com\/vino\/wp-content\/uploads\/2026\/04\/aktivnost2.jpg 600w, https:\/\/studioeditori.com\/vino\/wp-content\/uploads\/2026\/04\/aktivnost2-240x300.jpg 240w\" sizes=\"auto, (max-width: 600px) 100vw, 600px\" \/>\n\t\t\t<\/div>\n\t\t<figcaption>\n\t\t\t<h4><span>Doga\u0111anja<\/span> Mala \u0161kola vina<\/h4>\n\t\t\t<p>Lorem ipsum dolor sit amet, consectetur adipiscing elit. Quisque ultricies ligula ac nulla congue.<\/p>\n\t\t\t\n\t\t<\/figcaption>\n\t\t<\/figure>\n\t<\/div> [\/vc_column][vc_column width=&#8221;1\/2&#8243; css=&#8221;.vc_custom_1559125139590{padding-top: 0px !important;padding-right: 0px !important;padding-bottom: 0px !important;padding-left: 0px !important;}&#8221; offset=&#8221;vc_col-lg-4&#8243;]\n\t<div class=\"featured-image-box  text-align-center overlay_style_1  vc_custom_1776014854367\">\n\t\t<figure class=\"\">\n\t\t\t<div class=\"image-wrapper\">\n\t\t\t<img loading=\"lazy\" decoding=\"async\" width=\"600\" height=\"750\" src=\"https:\/\/studioeditori.com\/vino\/wp-content\/uploads\/2026\/04\/aktivnoist3.jpg\" class=\"vc_single_image-img attachment-full\" alt=\"\" srcset=\"https:\/\/studioeditori.com\/vino\/wp-content\/uploads\/2026\/04\/aktivnoist3.jpg 600w, https:\/\/studioeditori.com\/vino\/wp-content\/uploads\/2026\/04\/aktivnoist3-240x300.jpg 240w\" sizes=\"auto, (max-width: 600px) 100vw, 600px\" \/>\n\t\t\t<\/div>\n\t\t<figcaption>\n\t\t\t<h4><span>Aktivnost<\/span> Kuhanje i maslina<\/h4>\n\t\t\t<p>Lorem ipsum dolor sit amet, consectetur adipiscing elit. Quisque ultricies ligula ac nulla congue.<\/p>\n\t\t\t\n\t\t<\/figcaption>\n\t\t<\/figure>\n\t<\/div> [\/vc_column][\/vc_row][vc_row css=&#8221;.vc_custom_1559125150858{padding-top: 4em !important;padding-bottom: 7em !important;}&#8221;][vc_column width=&#8221;1\/6&#8243;][\/vc_column][vc_column width=&#8221;2\/3&#8243;]\n\t<div class=\"title-subtitle-box  vc_custom_1776016578151\" style=\" text-align: center;\">\n\t\t<h2 style=\" font-style: normal;\" class=\"special-title\" >Kako do nas<\/h2>\n\t\t<span class=\"gg-horizontal-line\"  ><\/span>\n\t\t<div class=\"box-description\"><div class=\"_tooltip\" style=\"text-align: center;\" title=\"\"><span class=\"naziv\">POLJOPRIVREDNA ZADRUGA MOTIKA <\/span><\/div>\n<div class=\"_tooltip\" style=\"text-align: center;\" title=\"\"><span class=\"naziv\">za poljoprivredu, trgovinu i ugostiteljstvo<\/span><\/div>\n<div style=\"text-align: center;\">Splitska 83, Primo\u0161ten<\/div>\n<div>\n<p style=\"text-align: center;\">Email: <a href=\"mailto:tastings.vinasmora@gmail.com\">tastings.vinasmora@gmail.com<\/a><\/p>\n<p style=\"text-align: center;\">WhatsApp<span class=\"Apple-converted-space\">\u00a0 <\/span>+385993110181<\/p>\n<\/div>\n<\/div>\n\t<\/div> [vc_empty_space][vc_gmaps link=&#8221;#E-8_JTNDaWZyYW1lJTIwc3JjJTNEJTIyaHR0cHMlM0ElMkYlMkZ3d3cuZ29vZ2xlLmNvbSUyRm1hcHMlMkZlbWJlZCUzRnBiJTNEJTIxMW0xOCUyMTFtMTIlMjExbTMlMjExZDIyNjQ4LjIyODQxMzY0NDU0JTIxMmQxNS45MzQzMjgxODk4NDcwODMlMjEzZDQzLjU3NDk5MTU0MjgxMDg5JTIxMm0zJTIxMWYwJTIxMmYwJTIxM2YwJTIxM20yJTIxMWkxMDI0JTIxMmk3NjglMjE0ZjEzLjElMjEzbTMlMjExbTIlMjExczB4MTMzNTIyOWI4MDFkZTJhYiUyNTNBMHhhYmMzNDk4NmI0MDcwNTEwJTIxMnNVbC4lMjUyMFNwbGl0c2thJTI1MjA4MyUyNTJDJTI1MjAyMjIwMiUyNTJDJTI1MjBQcmltbyUyNUM1JTI1QTF0ZW4lMjE1ZTAlMjEzbTIlMjExc2VuJTIxMnNociUyMTR2MTc1ODQ3ODAwNzM0MiUyMTVtMiUyMTFzZW4lMjEyc2hyJTIyJTIwd2lkdGglM0QlMjI2MDAlMjIlMjBoZWlnaHQlM0QlMjI0NTAlMjIlMjBzdHlsZSUzRCUyMmJvcmRlciUzQTAlM0IlMjIlMjBhbGxvd2Z1bGxzY3JlZW4lM0QlMjIlMjIlMjBsb2FkaW5nJTNEJTIybGF6eSUyMiUyMHJlZmVycmVycG9saWN5JTNEJTIybm8tcmVmZXJyZXItd2hlbi1kb3duZ3JhZGUlMjIlM0UlM0MlMkZpZnJhbWUlM0U=&#8221;][\/vc_column][vc_column width=&#8221;1\/6&#8243;][\/vc_column][\/vc_row][vc_row css=&#8221;.vc_custom_1557923328876{margin-bottom: 6em !important;}&#8221;][vc_column width=&#8221;1\/6&#8243;][\/vc_column][vc_column width=&#8221;1\/6&#8243;][\/vc_column][\/vc_row]<\/p>\n","protected":false},"excerpt":{"rendered":"<p>[vc_row full_width=&#8221;stretch_row&#8221; css=&#8221;.vc_custom_1558017414911{padding-top: 7em !important;padding-bottom: 7em !important;background-color: #000000 !important;}&#8221;][vc_column][vc_row_inner css=&#8221;.vc_custom_1558018656615{margin-bottom: 4em !important;}&#8221;][vc_column_inner width=&#8221;1\/6&#8243;][\/vc_column_inner][vc_column_inner width=&#8221;2\/3&#8243; css=&#8221;.vc_custom_1557826948613{padding-right: 10% !important;padding-left: 10% !important;}&#8221;][\/vc_column_inner][vc_column_inner width=&#8221;1\/6&#8243;][\/vc_column_inner][\/vc_row_inner][vc_single_image image=&#8221;4115&#8243; img_size=&#8221;full&#8221;][\/vc_column][\/vc_row][vc_row css=&#8221;.vc_custom_1557916487722{padding-top: 7em !important;padding-bottom: 7em !important;}&#8221;][vc_column width=&#8221;1\/6&#8243;][\/vc_column][vc_column width=&#8221;2\/3&#8243;][\/vc_column][vc_column width=&#8221;1\/6&#8243;][\/vc_column][\/vc_row][vc_row css=&#8221;.vc_custom_1557829989576{padding-bottom: 8em !important;}&#8221;][vc_column][vc_row_inner equal_height=&#8221;yes&#8221; content_placement=&#8221;middle&#8221; css=&#8221;.vc_custom_1776014409557{background-position: center !important;background-repeat: no-repeat !important;background-size: cover !important;}&#8221;][vc_column_inner width=&#8221;1\/2&#8243; css=&#8221;.vc_custom_1557830097099{padding-top: 15% !important;padding-right: 15% !important;padding-bottom: 15% !important;padding-left: 15% !important;background-color: #ffffff !important;}&#8221;][\/vc_column_inner][vc_column_inner width=&#8221;1\/2&#8243;<\/p>\n<p class=\"more-link-wrapper\"><a class=\"btn btn-primary\" href=\"https:\/\/studioeditori.com\/vino\/posjeti\/\">Read More<\/a><\/p>\n","protected":false},"author":1,"featured_media":4036,"parent":0,"menu_order":0,"comment_status":"closed","ping_status":"closed","template":"","meta":{"_themeisle_gutenberg_block_has_review":false,"footnotes":""},"class_list":["post-124","page","type-page","status-publish","has-post-thumbnail","hentry","has_thumb"],"_links":{"self":[{"href":"https:\/\/studioeditori.com\/vino\/wp-json\/wp\/v2\/pages\/124","targetHints":{"allow":["GET"]}}],"collection":[{"href":"https:\/\/studioeditori.com\/vino\/wp-json\/wp\/v2\/pages"}],"about":[{"href":"https:\/\/studioeditori.com\/vino\/wp-json\/wp\/v2\/types\/page"}],"author":[{"embeddable":true,"href":"https:\/\/studioeditori.com\/vino\/wp-json\/wp\/v2\/users\/1"}],"replies":[{"embeddable":true,"href":"https:\/\/studioeditori.com\/vino\/wp-json\/wp\/v2\/comments?post=124"}],"version-history":[{"count":6,"href":"https:\/\/studioeditori.com\/vino\/wp-json\/wp\/v2\/pages\/124\/revisions"}],"predecessor-version":[{"id":4116,"href":"https:\/\/studioeditori.com\/vino\/wp-json\/wp\/v2\/pages\/124\/revisions\/4116"}],"wp:featuredmedia":[{"embeddable":true,"href":"https:\/\/studioeditori.com\/vino\/wp-json\/wp\/v2\/media\/4036"}],"wp:attachment":[{"href":"https:\/\/studioeditori.com\/vino\/wp-json\/wp\/v2\/media?parent=124"}],"curies":[{"name":"wp","href":"https:\/\/api.w.org\/{rel}","templated":true}]}}