{"id":4100,"date":"2026-04-12T18:16:12","date_gmt":"2026-04-12T18:16:12","guid":{"rendered":"https:\/\/studioeditori.com\/vino\/?page_id=4100"},"modified":"2026-04-12T19:24:11","modified_gmt":"2026-04-12T19:24:11","slug":"vina-s-mora","status":"publish","type":"page","link":"https:\/\/studioeditori.com\/vino\/vina-s-mora\/","title":{"rendered":"Vina S Mora"},"content":{"rendered":"<p>[vc_row full_width=&#8221;stretch_row&#8221; css=&#8221;.vc_custom_1776018509519{padding-top: 0em !important;padding-bottom: 10em !important;background-color: #000000 !important;}&#8221;][vc_column]\n\t<blockquote style=\"color: #ffffff;\" class=\"gg-vc-quote font_size_small vc_custom_1757926185304\">\n\tPo\u0161tuj tradiciju. Sa\u010duvaj prirodu. Proizvedi vino koje istinski odra\u017eava kraj iz kojeg dolazi.\n\t<cite>Na\u0161a filozofija je jednostavna<\/cite>\n\t<\/blockquote>[vc_row_inner equal_height=&#8221;yes&#8221; content_placement=&#8221;middle&#8221; css=&#8221;.vc_custom_1556093058576{padding-top: 8em !important;}&#8221;][vc_column_inner width=&#8221;1\/2&#8243;][vc_single_image image=&#8221;4094&#8243; img_size=&#8221;full&#8221; css=&#8221;.vc_custom_1776018529800{margin-bottom: 0px !important;}&#8221;][\/vc_column_inner][vc_column_inner width=&#8221;1\/2&#8243; css=&#8221;.vc_custom_1556093129663{padding: 15% !important;background-color: #ffffff !important;}&#8221;]\n\t<div class=\"title-subtitle-box  \" style=\" text-align: left;\">\n\t\t<h1 style=\" font-style: normal;\" class=\"special-title\" >\n\t\t<span style=\"\">Okus i U\u017eitak<\/span>Vina s Mora<\/h1>\n\t\t<span class=\"gg-horizontal-line\"  ><\/span>\n\t\t<div class=\"box-description\"><p data-start=\"121\" data-end=\"317\">Dobrodo\u0161li u <strong data-start=\"134\" data-end=\"148\">Vinas Mora<\/strong>, vinariju koja nastaje iz povijesnih vinograda Primo\u0161tena i njegove okolice \u2013 mjesta gdje su kamen, sunce, more i vjetar stolje\u0107ima oblikovali jedinstven karakter vina.<\/p>\n<p data-start=\"319\" data-end=\"548\">Na surovom, ali plemenitom tlu, vinova loza pronalazi snagu da razvije duboku aromu, izra\u017eenu mineralnost i autenti\u010dnost koju je mogu\u0107e prona\u0107i samo u vinima s mora. Ovdje priroda diktira ritam, a \u010dovjek ga s po\u0161tovanjem slijedi.<\/p>\n<p data-start=\"550\" data-end=\"764\">U srcu na\u0161e pri\u010de nalazi se <strong data-start=\"578\" data-end=\"603\">autohtona sorta Babi\u0107<\/strong>, ponos dalmatinske vinarske tradicije. Uz nju njegujemo i druge lokalne sorte koje odra\u017eavaju bogatstvo mediteranskog terroira i dugu vinsku ba\u0161tinu ovog kraja.<\/p>\n<\/div>\n\t<\/div> [vc_empty_space][\/vc_column_inner][\/vc_row_inner][\/vc_column][\/vc_row][vc_row full_width=&#8221;stretch_row&#8221; css=&#8221;.vc_custom_1776019576115{padding-top: 7em !important;background-color: #ffffff !important;}&#8221;][vc_column][vc_row_inner][vc_column_inner width=&#8221;1\/4&#8243;][\/vc_column_inner][vc_column_inner width=&#8221;1\/2&#8243;]\n\t<div class=\"title-subtitle-box  vc_custom_1757927338900\" style=\" text-align: center;\">\n\t\t<h1 style=\" font-style: normal;\" class=\"special-title\" >\n\t\t<span style=\"\">U\u017eivajte u okusu pravog vina<\/span>Na\u0161a vina<\/h1>\n\t\t<span class=\"gg-horizontal-line\"  ><\/span>\n\t\t<div class=\"box-description\"><p>Lorem ipsum dolor sit amet, consectetur adipiscing elit, sed do eiusmod tempor ut labore et dolore magna aliqua.<\/p>\n<\/div>\n\t<\/div> [\/vc_column_inner][vc_column_inner width=&#8221;1\/4&#8243;][\/vc_column_inner][\/vc_row_inner][vc_single_image image=&#8221;4098&#8243; img_size=&#8221;full&#8221; css=&#8221;.vc_custom_1776019943980{padding-bottom: 30px !important;}&#8221;][vc_row_inner][vc_column_inner]\n\t<div class=\"product-presentation \">\n\t\t<div class=\"swiper-container product-presentation-container\" data-uid=\"swiper-1208113960\"  >\n\t\t\t<div class=\"swiper-wrapper\"><div class=\"swiper-slide swiper-no-swiping\" data-title=\" Andreis\"\"><div class=\"presentation-box product-pres-img\"> <img decoding=\"async\" class=\"wp-post-image \" src=\"https:\/\/studioeditori.com\/vino\/wp-content\/uploads\/2026\/04\/andreis-1.jpg\" alt=\"\" \/> <\/div><div class=\"presentation-box product-pres-data\"><h4>Andreis<\/h4><ul class=\"product-pres-data-list\"><li>Andreis je prvo vino iz na\u0161e linije monoteritorijalnih vina \u2013 dolazi s jednog vinograda posa\u0111enog na velikoj vapnena\u010dkoj formaciji koja je melioracijom razbijena u sitno kamenje.\nTakvo tlo omogu\u0107uje bolju drena\u017eu i manji stres za lozu u usporedbi s na\u0161im tradicionalnim vinogradima.\n<\/li><li>Sorta Babi\u0107.\nLoza je uzgajana na \u017eici, a fermentacija se odvija djelomi\u010dno na poko\u017eici, u trajanju od 1 do 4 dana.<\/li><li>Vino je odle\u017eavalo dijelom u hrastovim ba\u010dvama, a dijelom u polietilenskim spremnicima\nNefiltrirano i nepro\u010di\u0161\u0107eno \u2013 Andreis predstavlja \u010disto\u0107u sorte i terroira u svom najizvornijem obliku.\n<\/li><\/ul><\/div><\/div><div class=\"swiper-slide swiper-no-swiping\" data-title=\" Barbba\"\"><div class=\"presentation-box product-pres-img\"> <img decoding=\"async\" class=\"wp-post-image \" src=\"https:\/\/studioeditori.com\/vino\/wp-content\/uploads\/2026\/04\/barbba.jpg\" alt=\"\" \/> <\/div><div class=\"presentation-box product-pres-data\"><h4>Barbba<\/h4><ul class=\"product-pres-data-list\"><li>Barbba je vino nastalo kao autenti\u010dan blend lokalnih bijelih ( Mara\u0161tina i Debit - 35%) i crnih sorti (Plavina, Lasin, Plavac i Babi\u0107 - 65%).<\/li><li>Gro\u017e\u0111e je macerirano manje od jednog popodneva, a fermentacija je prirodna, bez intervencija i kontrole.\n<\/li><li>Vino nije filtrirano, \u0161to mu daje rusti\u010dan karakter i izra\u017eava terroir dalmatinske obale u svom iskonskom obliku.ole.\n<\/li><\/ul><\/div><\/div><div class=\"swiper-slide swiper-no-swiping\" data-title=\" Kaamen\"\"><div class=\"presentation-box product-pres-img\"> <img decoding=\"async\" class=\"wp-post-image \" src=\"https:\/\/studioeditori.com\/vino\/wp-content\/uploads\/2026\/04\/kaamen.jpg\" alt=\"\" \/> <\/div><div class=\"presentation-box product-pres-data\"><h4>Kaamen<\/h4><ul class=\"product-pres-data-list\"><li>Kaamen je na\u0161a oda tradiciji vinogradarstva i vina Primo\u0161tena.\nNastalo od gro\u017e\u0111a s \u010ditavog podru\u010dja- od vinograda uz samu morsku obalu do onih na 500m nadmorske visine- ovo vino obuhva\u0107a sve \u0161to ovaj kraj jest : kamen, sunce, more, vjetar i povijest.\n\n<\/li><li>Trsovi stari izme\u0111u 10 i 100godina daju gro\u017e\u0111e koje nosi slojevitost i dubinu generacija vinogradarskog naslje\u0111a.\nKaamen je na\u0161e \u201evillage\u201c vino, koje uklju\u010duje i gro\u017e\u0111e s pozicija koje bismo mogli nazvati \u201epremier cru\u201c i \u201egrand cru\u201c- vinograde s izrazitim potencijalom i osobno\u0161\u0107u.<\/li><li>Ra\u0111eno tradicionalnim na\u010dinima, bez intervencija, Kaamen nije samo vino- ono je zrcalo godine i prikaz kompletnog terroir-a.\nTransparentno, iskreno i kompleksno, stvoreno da poka\u017ee identitet mjesta s kojeg dolazi.\n<\/li><\/ul><\/div><\/div><div class=\"swiper-slide swiper-no-swiping\" data-title=\" Kaamen II\"\"><div class=\"presentation-box product-pres-img\"> <img decoding=\"async\" class=\"wp-post-image \" src=\"https:\/\/studioeditori.com\/vino\/wp-content\/uploads\/2026\/04\/kaamen2.jpg\" alt=\"\" \/> <\/div><div class=\"presentation-box product-pres-data\"><h4>Kaamen II<\/h4><ul class=\"product-pres-data-list\"><li>Kaamen II dolazi iz vinograda smje\u0161tenih na srednjim do vi\u0161im nadmorskim visinama (200-400m), gdje klima, vjetar i kamenito tlo stvaraju idealne uvjete za autenti\u010dno izra\u017eavanje sorte Babi\u0107.\nTrsovi stari izme\u0111u 25-60 godina uzgajaju se tradicionalno, u niskom grmolikom uzgoju (\u201ebush vineyards\u201c), \u0161to omogu\u0107ava bolju prilagodbu surovim uvjetima dalmatinskog kr\u0161a.\n<\/li><li>Vino nastaje prirodnom fermentacijom, bez enolo\u0161kih intervencija, s kratkim kontaktom s poko\u017eicom gro\u017e\u0111a (1-4 dana), \u0161to mu daje finesu i delikatnost uz o\u010duvanje svje\u017eine i izra\u017eajnosti terroir-a.\nDozrijevanje se odvija djelomi\u010dno u ve\u0107 kori\u0161tenim hrastovim ba\u010dvama, a djelomi\u010dno u polietilenskim spremnicima, \u010dime se posti\u017ee \u010disto\u0107a izraza sorte i vinograda.\n<\/li><li>KaamenII je vino koje po\u0161tuje prirodu, odra\u017eava podneblje i govori jezikom kamena-precizno, iskreno i s karakterom.<\/li><\/ul><\/div><\/div><div class=\"swiper-slide swiper-no-swiping\" data-title=\" Kaamen III\"\"><div class=\"presentation-box product-pres-img\"> <img decoding=\"async\" class=\"wp-post-image \" src=\"https:\/\/studioeditori.com\/vino\/wp-content\/uploads\/2026\/04\/kaamen3.jpg\" alt=\"\" \/> <\/div><div class=\"presentation-box product-pres-data\"><h4>Kaamen III<\/h4><ul class=\"product-pres-data-list\"><li>Kaamen III nastaje isklju\u010divo od gro\u017e\u0111a s najstarijih vinograda na povijesnim \u201egrand cru\u201c lokalitetima Primo\u0161tena i okolice- s ekstremnih polo\u017eaja na stjenovitim padinama uz more i visinskih vinograda do 400m nadmorske visine. Ovi polo\u017eaji, oblikovani vjetrom, solju i suncem, daju gro\u017e\u0111e iznimne koncentracije i karaktera.<\/li><li>Trsovi stari i do 100godina, iz vinograda s iznimno niskom prinosima, donose dubinu, slojevitost i izra\u017eajnost autohtone sorte Babi\u0107.\nFermentacija se odvija spontano, bez ikakve intervencije, uz nje\u017eni kontakt s poko\u017eicom od 1-4 dana \u2013 dovoljno da se iz gro\u017e\u0111a izvuku autenti\u010dne arome, boja i struktura, ali da se zadr\u017ei elegancija i svje\u017eina.<\/li><li>Vino potom dozrijeva djelomi\u010dno u ve\u0107 kori\u0161tenim hrastovim ba\u010dvana, a djelomi\u010dno u neutralnim spremnicima od polietilena, kako bi se o\u010duvao izvorni karakter sorte i tla\nNe filtrirano. Ne dora\u0111eno.<\/li><\/ul><\/div><\/div>\n\t\t\t<\/div>\n\t\t<\/div><div class=\"presentation-pagination-container swiper-pagination-container\"><\/div>\n\t\t<div class=\"presentation-button-container swiper-nav-container\">\n\t\t<div id=\"btn-next-swiper-1208113960\" class=\"swiper-nav-next\"><svg id=\"swiper-arrow-right\" viewBox=\"0 0 50 12\" width=\"100%\" height=\"100%\"><path fill-rule=\"evenodd\" d=\"M48.078 6.096H.008v.966h48.07l-4.254 4.255.683.683 5.541-5.538L44.507.924l-.683.683z\"><\/path><\/svg><\/div>\n\t\t<div id=\"btn-prev-swiper-1208113960\" class=\"swiper-nav-prev\"><svg id=\"swiper-arrow-left\" viewBox=\"0 0 50 12\" width=\"100%\" height=\"100%\"><path fill-rule=\"evenodd\" d=\"M1.922 5.904h48.07v-.966H1.922L6.176.683 5.493 0-.048 5.538l5.541 5.538.683-.683z\"><\/path><\/svg><\/div>\n\t\t<\/div>\n\t<\/div>[\/vc_column_inner][\/vc_row_inner][vc_row_inner][vc_column_inner width=&#8221;1\/3&#8243;]\n\t<div class=\"featured-image-box  text-align-center normal_box  \">\n\t\t<figure class=\"\">\n\t\t\t<div class=\"image-wrapper\">\n\t\t\t<img loading=\"lazy\" decoding=\"async\" width=\"836\" height=\"1205\" src=\"https:\/\/studioeditori.com\/vino\/wp-content\/uploads\/2026\/04\/kaamen.jpg\" class=\"vc_single_image-img attachment-full\" alt=\"\" srcset=\"https:\/\/studioeditori.com\/vino\/wp-content\/uploads\/2026\/04\/kaamen.jpg 836w, https:\/\/studioeditori.com\/vino\/wp-content\/uploads\/2026\/04\/kaamen-208x300.jpg 208w, https:\/\/studioeditori.com\/vino\/wp-content\/uploads\/2026\/04\/kaamen-710x1024.jpg 710w, https:\/\/studioeditori.com\/vino\/wp-content\/uploads\/2026\/04\/kaamen-768x1107.jpg 768w\" sizes=\"auto, (max-width: 836px) 100vw, 836px\" \/>\n\t\t\t<\/div>\n\t\t<figcaption>\n\t\t<div class=\"inner-box\">\n\t\t\t<h4><span>Vino<\/span> kaamen<\/h4>\n\t\t\t<a class=\"gg-special-link special-hover underline_effect\" href=\"https:\/\/studioeditori.com\/vino\/\" title=\"Naslovna\" target=\"_self\">Naslovna<\/a>\n\t\t<\/div>\n\t\t<\/figcaption>\n\t\t<\/figure>\n\t<\/div> [\/vc_column_inner][vc_column_inner width=&#8221;1\/3&#8243;]\n\t<div class=\"featured-image-box  text-align-center normal_box  \">\n\t\t<figure class=\"\">\n\t\t\t<div class=\"image-wrapper\">\n\t\t\t<img loading=\"lazy\" decoding=\"async\" width=\"836\" height=\"1205\" src=\"https:\/\/studioeditori.com\/vino\/wp-content\/uploads\/2026\/04\/kaamen2.jpg\" class=\"vc_single_image-img attachment-full\" alt=\"\" srcset=\"https:\/\/studioeditori.com\/vino\/wp-content\/uploads\/2026\/04\/kaamen2.jpg 836w, https:\/\/studioeditori.com\/vino\/wp-content\/uploads\/2026\/04\/kaamen2-208x300.jpg 208w, https:\/\/studioeditori.com\/vino\/wp-content\/uploads\/2026\/04\/kaamen2-710x1024.jpg 710w, https:\/\/studioeditori.com\/vino\/wp-content\/uploads\/2026\/04\/kaamen2-768x1107.jpg 768w\" sizes=\"auto, (max-width: 836px) 100vw, 836px\" \/>\n\t\t\t<\/div>\n\t\t<figcaption>\n\t\t<div class=\"inner-box\">\n\t\t\t<h4><span>Vino<\/span> kaamen II<\/h4>\n\t\t\t\n\t\t<\/div>\n\t\t<\/figcaption>\n\t\t<\/figure>\n\t<\/div> [\/vc_column_inner][vc_column_inner width=&#8221;1\/3&#8243;]\n\t<div class=\"featured-image-box  text-align-center normal_box  \">\n\t\t<figure class=\"\">\n\t\t\t<div class=\"image-wrapper\">\n\t\t\t<img loading=\"lazy\" decoding=\"async\" width=\"836\" height=\"1205\" src=\"https:\/\/studioeditori.com\/vino\/wp-content\/uploads\/2026\/04\/kaamen3.jpg\" class=\"vc_single_image-img attachment-full\" alt=\"\" srcset=\"https:\/\/studioeditori.com\/vino\/wp-content\/uploads\/2026\/04\/kaamen3.jpg 836w, https:\/\/studioeditori.com\/vino\/wp-content\/uploads\/2026\/04\/kaamen3-208x300.jpg 208w, https:\/\/studioeditori.com\/vino\/wp-content\/uploads\/2026\/04\/kaamen3-710x1024.jpg 710w, https:\/\/studioeditori.com\/vino\/wp-content\/uploads\/2026\/04\/kaamen3-768x1107.jpg 768w\" sizes=\"auto, (max-width: 836px) 100vw, 836px\" \/>\n\t\t\t<\/div>\n\t\t<figcaption>\n\t\t<div class=\"inner-box\">\n\t\t\t<h4><span>Vino<\/span> kaamen III<\/h4>\n\t\t\t\n\t\t<\/div>\n\t\t<\/figcaption>\n\t\t<\/figure>\n\t<\/div> [\/vc_column_inner][\/vc_row_inner][vc_row_inner][vc_column_inner width=&#8221;1\/3&#8243;]\n\t<div class=\"featured-image-box  text-align-center normal_box  \">\n\t\t<figure class=\"\">\n\t\t\t<div class=\"image-wrapper\">\n\t\t\t<img loading=\"lazy\" decoding=\"async\" width=\"836\" height=\"1205\" src=\"https:\/\/studioeditori.com\/vino\/wp-content\/uploads\/2026\/04\/barbba.jpg\" class=\"vc_single_image-img attachment-full\" alt=\"\" srcset=\"https:\/\/studioeditori.com\/vino\/wp-content\/uploads\/2026\/04\/barbba.jpg 836w, https:\/\/studioeditori.com\/vino\/wp-content\/uploads\/2026\/04\/barbba-208x300.jpg 208w, https:\/\/studioeditori.com\/vino\/wp-content\/uploads\/2026\/04\/barbba-710x1024.jpg 710w, https:\/\/studioeditori.com\/vino\/wp-content\/uploads\/2026\/04\/barbba-768x1107.jpg 768w\" sizes=\"auto, (max-width: 836px) 100vw, 836px\" \/>\n\t\t\t<\/div>\n\t\t<figcaption>\n\t\t<div class=\"inner-box\">\n\t\t\t<h4><span>Vino<\/span> barbba<\/h4>\n\t\t\t\n\t\t<\/div>\n\t\t<\/figcaption>\n\t\t<\/figure>\n\t<\/div> [\/vc_column_inner][vc_column_inner width=&#8221;1\/3&#8243;]\n\t<div class=\"featured-image-box  text-align-center normal_box  \">\n\t\t<figure class=\"\">\n\t\t\t<div class=\"image-wrapper\">\n\t\t\t<img loading=\"lazy\" decoding=\"async\" width=\"836\" height=\"1205\" src=\"https:\/\/studioeditori.com\/vino\/wp-content\/uploads\/2026\/04\/andreis-1.jpg\" class=\"vc_single_image-img attachment-full\" alt=\"\" srcset=\"https:\/\/studioeditori.com\/vino\/wp-content\/uploads\/2026\/04\/andreis-1.jpg 836w, https:\/\/studioeditori.com\/vino\/wp-content\/uploads\/2026\/04\/andreis-1-208x300.jpg 208w, https:\/\/studioeditori.com\/vino\/wp-content\/uploads\/2026\/04\/andreis-1-710x1024.jpg 710w, https:\/\/studioeditori.com\/vino\/wp-content\/uploads\/2026\/04\/andreis-1-768x1107.jpg 768w\" sizes=\"auto, (max-width: 836px) 100vw, 836px\" \/>\n\t\t\t<\/div>\n\t\t<figcaption>\n\t\t<div class=\"inner-box\">\n\t\t\t<h4><span>Vino<\/span> Andreis<\/h4>\n\t\t\t\n\t\t<\/div>\n\t\t<\/figcaption>\n\t\t<\/figure>\n\t<\/div> [\/vc_column_inner][vc_column_inner width=&#8221;1\/3&#8243;][\/vc_column_inner][\/vc_row_inner][\/vc_column][\/vc_row][vc_row css=&#8221;.vc_custom_1558468673987{padding-top: 7em !important;padding-bottom: 7em !important;}&#8221;][vc_column]\n\t<div class=\"title-subtitle-box  \" style=\" text-align: center;\">\n\t\t<h1 style=\" font-style: normal;\" class=\"special-title\" >Ljepota i trud<\/h1>\n\t\t<span class=\"gg-horizontal-line\"  ><\/span>\n\t<\/div> [vc_empty_space][vc_media_grid element_width=&#8221;2&#8243; grid_id=&#8221;vc_gid:1776019789954-41a66dddd9fba07c22642125224c5840-3&#8243; include=&#8221;4072,4071,4070,4069,4067,4051,4131,4132,4134,4136,4137,4138,4140,4141,4142,4143,4144,4145&#8243;][\/vc_column][\/vc_row][vc_row full_width=&#8221;stretch_row_content&#8221; css=&#8221;.vc_custom_1776018665175{background: #000000 url(https:\/\/studioeditori.com\/vino\/wp-content\/uploads\/2026\/04\/WhatsApp-Image-2026-04-09-at-15.57.33-2.jpeg?id=4095) !important;background-position: center !important;background-repeat: no-repeat !important;background-size: cover !important;}&#8221;][vc_column][vc_row_inner css=&#8221;.vc_custom_1757934889089{background-position: 0 0 !important;background-repeat: no-repeat !important;}&#8221;][vc_column_inner width=&#8221;1\/2&#8243;][\/vc_column_inner][vc_column_inner width=&#8221;1\/2&#8243;][vc_empty_space height=&#8221;700px&#8221;][\/vc_column_inner][\/vc_row_inner][\/vc_column][\/vc_row][vc_row][vc_column][vc_empty_space height=&#8221;80px&#8221;][\/vc_column][\/vc_row][vc_row][vc_column width=&#8221;1\/2&#8243;][vc_column_text]<\/p>\n<div class=\"_tooltip\" title=\"\"><span class=\"naziv\">POLJOPRIVREDNA ZADRUGA MOTIKA <\/span><\/div>\n<div class=\"_tooltip\" title=\"\"><span class=\"naziv\">za poljoprivredu, trgovinu i ugostiteljstvo<\/span><\/div>\n<div>Splitska 83, Primo\u0161ten<\/div>\n<div>\n<p>Email: <a href=\"mailto:tastings.vinasmora@gmail.com\">tastings.vinasmora@gmail.com<\/a><\/p>\n<p>WhatsApp<span class=\"Apple-converted-space\">\u00a0 <\/span>+385993110181<\/p>\n<p><a href=\"https:\/\/g.co\/kgs\/bYgC3j8\">https:\/\/g.co\/kgs\/bYgC3j8<\/a><span class=\"Apple-converted-space\">\u00a0<\/span><\/p>\n<p><a href=\"https:\/\/www.instagram.com\/vinasmora?igsh=b21haXp1MHJmdDA1\">https:\/\/www.instagram.com\/vinasmora?igsh=b21haXp1MHJmdDA1<\/a><\/p>\n<p><a href=\"https:\/\/web.facebook.com\/spizasmora\/\">https:\/\/web.facebook.com\/spizasmora\/<\/a><\/div>\n<p>[\/vc_column_text][vc_gmaps link=&#8221;#E-8_JTNDaWZyYW1lJTIwc3JjJTNEJTIyaHR0cHMlM0ElMkYlMkZ3d3cuZ29vZ2xlLmNvbSUyRm1hcHMlMkZlbWJlZCUzRnBiJTNEJTIxMW0xOCUyMTFtMTIlMjExbTMlMjExZDIyNjQ4LjIyODQxMzY0NDU0JTIxMmQxNS45MzQzMjgxODk4NDcwODMlMjEzZDQzLjU3NDk5MTU0MjgxMDg5JTIxMm0zJTIxMWYwJTIxMmYwJTIxM2YwJTIxM20yJTIxMWkxMDI0JTIxMmk3NjglMjE0ZjEzLjElMjEzbTMlMjExbTIlMjExczB4MTMzNTIyOWI4MDFkZTJhYiUyNTNBMHhhYmMzNDk4NmI0MDcwNTEwJTIxMnNVbC4lMjUyMFNwbGl0c2thJTI1MjA4MyUyNTJDJTI1MjAyMjIwMiUyNTJDJTI1MjBQcmltbyUyNUM1JTI1QTF0ZW4lMjE1ZTAlMjEzbTIlMjExc2VuJTIxMnNociUyMTR2MTc1ODQ3ODAwNzM0MiUyMTVtMiUyMTFzZW4lMjEyc2hyJTIyJTIwd2lkdGglM0QlMjI2MDAlMjIlMjBoZWlnaHQlM0QlMjI0NTAlMjIlMjBzdHlsZSUzRCUyMmJvcmRlciUzQTAlM0IlMjIlMjBhbGxvd2Z1bGxzY3JlZW4lM0QlMjIlMjIlMjBsb2FkaW5nJTNEJTIybGF6eSUyMiUyMHJlZmVycmVycG9saWN5JTNEJTIybm8tcmVmZXJyZXItd2hlbi1kb3duZ3JhZGUlMjIlM0UlM0MlMkZpZnJhbWUlM0U=&#8221;][\/vc_column][vc_column width=&#8221;1\/2&#8243;]<div role=\"form\" class=\"wpcf7\" id=\"wpcf7-f3854-o1\" lang=\"en-US\" dir=\"ltr\">\n<div class=\"screen-reader-response\"><p role=\"status\" aria-live=\"polite\" aria-atomic=\"true\"><\/p> <ul><\/ul><\/div>\n<form action=\"\/vino\/wp-json\/wp\/v2\/pages\/4100#wpcf7-f3854-o1\" method=\"post\" class=\"wpcf7-form init\" novalidate=\"novalidate\" data-status=\"init\">\n<div style=\"display: none;\">\n<input type=\"hidden\" name=\"_wpcf7\" value=\"3854\" \/>\n<input type=\"hidden\" name=\"_wpcf7_version\" value=\"5.3.2\" \/>\n<input type=\"hidden\" name=\"_wpcf7_locale\" value=\"en_US\" \/>\n<input type=\"hidden\" name=\"_wpcf7_unit_tag\" value=\"wpcf7-f3854-o1\" \/>\n<input type=\"hidden\" name=\"_wpcf7_container_post\" value=\"0\" \/>\n<input type=\"hidden\" name=\"_wpcf7_posted_data_hash\" value=\"\" \/>\n<\/div>\n<p><label> Va\u0161e ime (potrebno)<br \/>\n    <span class=\"wpcf7-form-control-wrap your-name\"><input type=\"text\" name=\"your-name\" value=\"\" size=\"40\" class=\"wpcf7-form-control wpcf7-text wpcf7-validates-as-required\" aria-required=\"true\" aria-invalid=\"false\" \/><\/span> <\/label><\/p>\n<p><label> Va\u0161 Email (potrebno)<br \/>\n    <span class=\"wpcf7-form-control-wrap your-email\"><input type=\"email\" name=\"your-email\" value=\"\" size=\"40\" class=\"wpcf7-form-control wpcf7-text wpcf7-email wpcf7-validates-as-required wpcf7-validates-as-email\" aria-required=\"true\" aria-invalid=\"false\" \/><\/span> <\/label><\/p>\n<p><label> Naslov<br \/>\n    <span class=\"wpcf7-form-control-wrap your-subject\"><input type=\"text\" name=\"your-subject\" value=\"\" size=\"40\" class=\"wpcf7-form-control wpcf7-text\" aria-invalid=\"false\" \/><\/span> <\/label><\/p>\n<p><label> Va\u0161a poruka<br \/>\n    <span class=\"wpcf7-form-control-wrap your-message\"><textarea name=\"your-message\" cols=\"40\" rows=\"10\" class=\"wpcf7-form-control wpcf7-textarea\" aria-invalid=\"false\"><\/textarea><\/span> <\/label><\/p>\n<p><span class=\"wpcf7-form-control-wrap checkbox-577\"><span class=\"wpcf7-form-control wpcf7-checkbox wpcf7-validates-as-required\"><span class=\"wpcf7-list-item first last\"><input type=\"checkbox\" name=\"checkbox-577[]\" value=\"Check here to indicate that you have read and agree to the terms of privacy policy\" \/><span class=\"wpcf7-list-item-label\">Check here to indicate that you have read and agree to the terms of privacy policy<\/span><\/span><\/span><\/span><\/p>\n<p><input type=\"submit\" value=\"Po\u0161alji\" class=\"wpcf7-form-control wpcf7-submit\" \/><\/p>\n<div class=\"wpcf7-response-output\" aria-hidden=\"true\"><\/div><\/form><\/div>[\/vc_column][\/vc_row]<\/p>\n","protected":false},"excerpt":{"rendered":"<p>[vc_row full_width=&#8221;stretch_row&#8221; css=&#8221;.vc_custom_1776018509519{padding-top: 0em !important;padding-bottom: 10em !important;background-color: #000000 !important;}&#8221;][vc_column][vc_row_inner equal_height=&#8221;yes&#8221; content_placement=&#8221;middle&#8221; css=&#8221;.vc_custom_1556093058576{padding-top: 8em !important;}&#8221;][vc_column_inner width=&#8221;1\/2&#8243;][vc_single_image image=&#8221;4094&#8243; img_size=&#8221;full&#8221; css=&#8221;.vc_custom_1776018529800{margin-bottom: 0px !important;}&#8221;][\/vc_column_inner][vc_column_inner width=&#8221;1\/2&#8243; css=&#8221;.vc_custom_1556093129663{padding: 15% !important;background-color: #ffffff !important;}&#8221;][vc_empty_space][\/vc_column_inner][\/vc_row_inner][\/vc_column][\/vc_row][vc_row full_width=&#8221;stretch_row&#8221; css=&#8221;.vc_custom_1776019576115{padding-top: 7em !important;background-color: #ffffff !important;}&#8221;][vc_column][vc_row_inner][vc_column_inner width=&#8221;1\/4&#8243;][\/vc_column_inner][vc_column_inner width=&#8221;1\/2&#8243;][\/vc_column_inner][vc_column_inner width=&#8221;1\/4&#8243;][\/vc_column_inner][\/vc_row_inner][vc_single_image image=&#8221;4098&#8243; img_size=&#8221;full&#8221; css=&#8221;.vc_custom_1776019943980{padding-bottom: 30px !important;}&#8221;][vc_row_inner][vc_column_inner][\/vc_column_inner][\/vc_row_inner][vc_row_inner][vc_column_inner width=&#8221;1\/3&#8243;][\/vc_column_inner][vc_column_inner width=&#8221;1\/3&#8243;][\/vc_column_inner][vc_column_inner width=&#8221;1\/3&#8243;][\/vc_column_inner][\/vc_row_inner][vc_row_inner][vc_column_inner width=&#8221;1\/3&#8243;][\/vc_column_inner][vc_column_inner width=&#8221;1\/3&#8243;][\/vc_column_inner][vc_column_inner width=&#8221;1\/3&#8243;][\/vc_column_inner][\/vc_row_inner][\/vc_column][\/vc_row][vc_row css=&#8221;.vc_custom_1558468673987{padding-top: 7em !important;padding-bottom: 7em !important;}&#8221;][vc_column][vc_empty_space][vc_media_grid element_width=&#8221;2&#8243; grid_id=&#8221;vc_gid:1776019789954-41a66dddd9fba07c22642125224c5840-3&#8243; include=&#8221;4072,4071,4070,4069,4067,4051,4131,4132,4134,4136,4137,4138,4140,4141,4142,4143,4144,4145&#8243;][\/vc_column][\/vc_row][vc_row full_width=&#8221;stretch_row_content&#8221;<\/p>\n<p class=\"more-link-wrapper\"><a class=\"btn btn-primary\" href=\"https:\/\/studioeditori.com\/vino\/vina-s-mora\/\">Read More<\/a><\/p>\n","protected":false},"author":1,"featured_media":0,"parent":0,"menu_order":0,"comment_status":"closed","ping_status":"closed","template":"","meta":{"_themeisle_gutenberg_block_has_review":false,"footnotes":""},"class_list":["post-4100","page","type-page","status-publish","hentry"],"_links":{"self":[{"href":"https:\/\/studioeditori.com\/vino\/wp-json\/wp\/v2\/pages\/4100","targetHints":{"allow":["GET"]}}],"collection":[{"href":"https:\/\/studioeditori.com\/vino\/wp-json\/wp\/v2\/pages"}],"about":[{"href":"https:\/\/studioeditori.com\/vino\/wp-json\/wp\/v2\/types\/page"}],"author":[{"embeddable":true,"href":"https:\/\/studioeditori.com\/vino\/wp-json\/wp\/v2\/users\/1"}],"replies":[{"embeddable":true,"href":"https:\/\/studioeditori.com\/vino\/wp-json\/wp\/v2\/comments?post=4100"}],"version-history":[{"count":23,"href":"https:\/\/studioeditori.com\/vino\/wp-json\/wp\/v2\/pages\/4100\/revisions"}],"predecessor-version":[{"id":4173,"href":"https:\/\/studioeditori.com\/vino\/wp-json\/wp\/v2\/pages\/4100\/revisions\/4173"}],"wp:attachment":[{"href":"https:\/\/studioeditori.com\/vino\/wp-json\/wp\/v2\/media?parent=4100"}],"curies":[{"name":"wp","href":"https:\/\/api.w.org\/{rel}","templated":true}]}}