{"id":4130,"date":"2026-04-12T19:26:59","date_gmt":"2026-04-12T19:26:59","guid":{"rendered":"https:\/\/studioeditori.com\/vino\/?page_id=4130"},"modified":"2026-04-12T19:33:43","modified_gmt":"2026-04-12T19:33:43","slug":"spiza-s-mora","status":"publish","type":"page","link":"https:\/\/studioeditori.com\/vino\/spiza-s-mora\/","title":{"rendered":"Spiza S Mora"},"content":{"rendered":"<p>[vc_row full_width=&#8221;stretch_row&#8221; css=&#8221;.vc_custom_1776018509519{padding-top: 0em !important;padding-bottom: 10em !important;background-color: #000000 !important;}&#8221;][vc_column]\n\t<blockquote style=\"color: #ffffff;\" class=\"gg-vc-quote font_size_small vc_custom_1776022401989\">\n\tJednostavno. Prirodno. Mediteranski.\n\t<cite>Masline, namazi, maslinovo ulje i slane srdele,...<\/cite>\n\t<\/blockquote>[vc_row_inner equal_height=&#8221;yes&#8221; content_placement=&#8221;middle&#8221; css=&#8221;.vc_custom_1556093058576{padding-top: 8em !important;}&#8221;][vc_column_inner width=&#8221;1\/2&#8243;][vc_single_image image=&#8221;4177&#8243; img_size=&#8221;full&#8221; css=&#8221;.vc_custom_1776022116505{margin-bottom: 0px !important;}&#8221;][\/vc_column_inner][vc_column_inner width=&#8221;1\/2&#8243; css=&#8221;.vc_custom_1556093129663{padding: 15% !important;background-color: #ffffff !important;}&#8221;]\n\t<div class=\"title-subtitle-box  \" style=\" text-align: left;\">\n\t\t<h1 style=\" font-style: normal;\" class=\"special-title\" >\n\t\t<span style=\"\">Hrana i more<\/span>Spiza s Mora<\/h1>\n\t\t<span class=\"gg-horizontal-line\"  ><\/span>\n\t\t<div class=\"box-description\"><p data-start=\"121\" data-end=\"317\">Svaki proizvod u liniji <strong data-start=\"650\" data-end=\"666\">Spiza s mora<\/strong> odabran je s naglaskom na prirodne sastojke, autenti\u010dan okus i provjerenu kvalitetu. Masline se biraju prema puno\u0107i arome i teksturi, namazi se pripremaju tako da zadr\u017ee karakter masline u svom najbogatijem obliku, dok maslinovo ulje odra\u017eava ravnote\u017eu svje\u017eine i blage pikantnosti tipi\u010dne za mediteranski terroir. Slane srdele, pripremljene prema tradicionalnim metodama, donose prepoznatljiv okus mora i predstavljaju nezaobilazan dio mediteranske prehrane.<\/p>\n<\/div>\n\t<\/div> [vc_empty_space][\/vc_column_inner][\/vc_row_inner][\/vc_column][\/vc_row][vc_row full_width=&#8221;stretch_row&#8221; css=&#8221;.vc_custom_1758477734052{margin-top: 14em !important;padding-bottom: 14em !important;background-image: url(https:\/\/studioeditori.com\/vino\/wp-content\/uploads\/2025\/09\/IMG_0231-scaled-e1758477724848.jpg?id=4085) !important;background-position: center !important;background-repeat: no-repeat !important;background-size: cover !important;}&#8221; el_class=&#8221;no-overflow&#8221;][vc_column][vc_row_inner content_placement=&#8221;top&#8221;][vc_column_inner width=&#8221;1\/3&#8243; css=&#8221;.vc_custom_1556101439033{margin-top: -7em !important;padding-top: 15% !important;padding-right: 15% !important;padding-bottom: 15% !important;padding-left: 15% !important;background-color: #ffffff !important;}&#8221;][vc_single_image image=&#8221;4091&#8243;]\n\t<div class=\"title-subtitle-box  \" style=\" text-align: left;\">\n\t\t<h1 style=\" font-style: normal;\" class=\"special-title\" >\n\t\t<span style=\"\">Istra\u017ei<\/span>Spiza s mora<\/h1>\n\t\t<span class=\"gg-horizontal-line\"  ><\/span>\n\t\t<div class=\"box-description\"><p>Doma\u0107e s ljubavlju \u2013 iz maslina, sunca i kamena, autenti\u010dni proizvodi s obale.<\/p>\n<p>U na\u0161oj ponudi nalaze se lokalni i autohtoni proizvodi, nastali s puno pa\u017enje i ljubavi, u suradnji s malim proizvo\u0111a\u010dima iz okolice<\/p>\n<p>Bilo da istra\u017eujete lokalne delicije, tra\u017eite ne\u0161to posebno ili jednostavno volite iskonske okuse \u2013 Spizas Mora u Primo\u0161tenu vas \u010deka da nas otkrijete<\/p>\n<\/div>\n\t<\/div> [\/vc_column_inner][vc_column_inner width=&#8221;1\/3&#8243; css=&#8221;.vc_custom_1776022293700{margin-top: -7em !important;padding-top: 15% !important;padding-right: 15% !important;padding-bottom: 15% !important;padding-left: 15% !important;background-color: #0a0a0a !important;}&#8221;]\n\t<div class=\"title-subtitle-box  vc_custom_1758524143158\" style=\" text-align: left;\">\n\t\t<h1 style=\" color:#ffffff;  font-style: normal;\" class=\"special-title\" >Proizvodi<\/h1>\n\t<\/div> [vc_toggle title=&#8221;Maslinovo ulje (ekstra djevi\u010dansko, ekolo\u0161ko)&#8221; style=&#8221;arrow&#8221; custom_font_container=&#8221;tag:h5|font_size:18|text_align:left|color:%23ffffff&#8221; custom_google_fonts=&#8221;font_family:Playfair%20Display%3Aregular%2Citalic%2C700%2C700italic%2C900%2C900italic|font_style:400%20regular%3A400%3Anormal&#8221; use_custom_heading=&#8221;true&#8221;]<\/p>\n<div class=\"wrap-info-bot margin-left-160\">\n<p><b><i>Maslinovo ulje (ekstra djevi\u010dansko, ekolo\u0161ko) \u2013 <\/i><\/b><i>vrhunskog okusa i bogate arome, na\u0161e maslinovo ulje dolazi iz dalmatinskih maslinika, uzgojeno prirodno i s ljubavlju.<\/i><\/p>\n<p><i>Savr\u0161eno za salate, riblja jela, te za svakodnevno u\u017eivanje.<\/i><\/div>\n<p>[\/vc_toggle][vc_toggle title=&#8221;Tapenada od zelenih maslina&#8221; style=&#8221;arrow&#8221; custom_font_container=&#8221;tag:h5|font_size:18|text_align:left|color:%23ffffff&#8221; custom_google_fonts=&#8221;font_family:Playfair%20Display%3Aregular%2Citalic%2C700%2C700italic%2C900%2C900italic|font_style:400%20regular%3A400%3Anormal&#8221; use_custom_heading=&#8221;true&#8221;]<\/p>\n<div class=\"wrap-info-bot margin-left-160\">\n<p><b><i>Tapenada od zelenih maslina<\/i><\/b><i> \u2013 blago kremasta i svje\u017ea, ova tapenada donosipunu aromu zelenih maslina. Idealan namaz za bruschette, sendvi\u010de ili kao dodatak jelima.<\/i><\/div>\n<p>[\/vc_toggle][vc_toggle title=&#8221;Tapenada od crnih maslina&#8221; style=&#8221;arrow&#8221; custom_font_container=&#8221;tag:h5|font_size:18|text_align:left|color:%23ffffff&#8221; custom_google_fonts=&#8221;font_family:Playfair%20Display%3Aregular%2Citalic%2C700%2C700italic%2C900%2C900italic|font_style:400%20regular%3A400%3Anormal&#8221; use_custom_heading=&#8221;true&#8221;]<\/p>\n<div class=\"wrap-info-bot margin-left-160\">\n<p><b><i>Tapenada od crnih maslina<\/i><\/b><i> \u2013 bogata, intenzivna i karakteristi\u010dnog mediteranskog okusa. Tapenada od crnih maslina idealna je kao namaz uz sireve, ribu i mesne plate.<\/i><\/div>\n<p>[\/vc_toggle][vc_toggle title=&#8221;Zelene masline&#8221; style=&#8221;arrow&#8221; custom_font_container=&#8221;tag:h5|font_size:18|text_align:left|color:%23ffffff&#8221; custom_google_fonts=&#8221;font_family:Playfair%20Display%3Aregular%2Citalic%2C700%2C700italic%2C900%2C900italic|font_style:400%20regular%3A400%3Anormal&#8221; use_custom_heading=&#8221;true&#8221;]<\/p>\n<div class=\"wrap-info-bot margin-left-160\">\n<p><b><i>Zelene masline<\/i><\/b><i> \u2013 hrskave i so\u010dne, na\u0161e zelene masline prava su mediteranska delicija.<\/i><\/p>\n<p><i>Idealne za grickanje, salate ili kao predjelo.<\/i><\/div>\n<p>[\/vc_toggle][vc_toggle title=&#8221;Crne masline&#8221; style=&#8221;arrow&#8221; custom_font_container=&#8221;tag:h5|font_size:18|text_align:left|color:%23ffffff&#8221; custom_google_fonts=&#8221;font_family:Playfair%20Display%3Aregular%2Citalic%2C700%2C700italic%2C900%2C900italic|font_style:400%20regular%3A400%3Anormal&#8221; use_custom_heading=&#8221;true&#8221;]<\/p>\n<div class=\"wrap-info-bot margin-left-160\">\n<p><b><i>Crne masline<\/i><\/b><i> \u2013 zrele, mesnate i punog okusa, ove crne masline dolaze iz dalmatinskih maslinika. Savr\u0161ene su za pizze, salate ili tradicionalne dalmatinske recepte.<\/i><\/div>\n<p>[\/vc_toggle][vc_toggle title=&#8221;Masline punjene bademom&#8221; style=&#8221;arrow&#8221; custom_font_container=&#8221;tag:h5|font_size:18|text_align:left|color:%23ffffff&#8221; custom_google_fonts=&#8221;font_family:Playfair%20Display%3Aregular%2Citalic%2C700%2C700italic%2C900%2C900italic|font_style:400%20regular%3A400%3Anormal&#8221; use_custom_heading=&#8221;true&#8221;]<\/p>\n<div class=\"wrap-info-bot margin-left-160\">\n<p><b><i>Masline punjene bademom<\/i><\/b><i> \u2013 spoj masline i badema pru\u017ea jedinstven okus i teksturu. Prava mediteranska delicija, idealna kao predjelo ili dodatak vrhunskim ve\u010derama.<\/i><\/div>\n<p>[\/vc_toggle][vc_toggle title=&#8221;Masline punjene paprikom&#8221; style=&#8221;arrow&#8221; custom_font_container=&#8221;tag:h5|font_size:18|text_align:left|color:%23ffffff&#8221; custom_google_fonts=&#8221;font_family:Playfair%20Display%3Aregular%2Citalic%2C700%2C700italic%2C900%2C900italic|font_style:400%20regular%3A400%3Anormal&#8221; use_custom_heading=&#8221;true&#8221;]<\/p>\n<div class=\"wrap-info-bot margin-left-160\">\n<p><b><i>Masline punjene paprikom<\/i><\/b><i> \u2013 blaga pikantnost paprike u kombinaciji sa so\u010dnim maslinama \u010dini ovaj proizvod savr\u0161enim za ljubitelje izra\u017eenih okusa. Izvrsno se sla\u017eu uz sir i vino.<\/i><\/div>\n<p>[\/vc_toggle][\/vc_column_inner][vc_column_inner width=&#8221;1\/3&#8243; css=&#8221;.vc_custom_1612445418309{margin-top: -7em !important;padding-top: 15% !important;padding-right: 15% !important;padding-bottom: 15% !important;padding-left: 15% !important;background-color: #5c0d1b !important;}&#8221;]\n\t<div class=\"title-subtitle-box  vc_custom_1758524394272\" style=\" text-align: left;\">\n\t\t<h1 style=\" color:#ffffff;  font-style: normal;\" class=\"special-title\" >D\u017eemovi<\/h1>\n\t<\/div> [vc_toggle title=&#8221;D\u017eem od naran\u010de&#8221; style=&#8221;arrow&#8221; custom_font_container=&#8221;tag:h5|font_size:18|text_align:left|color:%23ffffff&#8221; custom_google_fonts=&#8221;font_family:Playfair%20Display%3Aregular%2Citalic%2C700%2C700italic%2C900%2C900italic|font_style:400%20regular%3A400%3Anormal&#8221; use_custom_heading=&#8221;true&#8221;]<\/p>\n<div class=\"wrap-info-bot margin-left-160\">\n<p><b><i>D\u017eem od naran\u010de <\/i><\/b><i>\u2013 aromati\u010dan i blago gorkast, na\u0161 d\u017eem od doma\u0107ih naran\u010di donosi osvje\u017eavaju\u0107i okus Dalmacije. Savr\u0161en uz tost, fritule, pala\u010dinke ili sireve.<\/i><\/div>\n<p>[\/vc_toggle][vc_toggle title=&#8221;D\u017eem od smokve&#8221; style=&#8221;arrow&#8221; custom_font_container=&#8221;tag:h5|font_size:18|text_align:left|color:%23ffffff&#8221; custom_google_fonts=&#8221;font_family:Playfair%20Display%3Aregular%2Citalic%2C700%2C700italic%2C900%2C900italic|font_style:400%20regular%3A400%3Anormal&#8221; use_custom_heading=&#8221;true&#8221;]<\/p>\n<div class=\"wrap-info-bot margin-left-160\">\n<div class=\"wrap-info-bot margin-left-160\">\n<p><b><i>D\u017eem od smokve<\/i><\/b><i> \u2013 gusti, slatki d\u017eem od zrelih dalmatinskih smokava.<\/i><\/p>\n<p><i>Idealan uz sir, mesne plate ili kao zdrav slatki zalogaj.<\/i><\/div>\n<\/div>\n<p>[\/vc_toggle][vc_toggle title=&#8221;D\u017eem od vi\u0161nje&#8221; style=&#8221;arrow&#8221; custom_font_container=&#8221;tag:h5|font_size:18|text_align:left|color:%23ffffff&#8221; custom_google_fonts=&#8221;font_family:Playfair%20Display%3Aregular%2Citalic%2C700%2C700italic%2C900%2C900italic|font_style:400%20regular%3A400%3Anormal&#8221; use_custom_heading=&#8221;true&#8221;]<\/p>\n<div class=\"wrap-info-bot margin-left-160\">\n<p><b><i>D\u017eem od vi\u0161nje<\/i><\/b><i> \u2013 pun, vo\u0107ni okus doma\u0107ih vi\u0161anja sa savr\u0161enim balansom slatko\u0107e i kiselosti. Odli\u010dan za kola\u010de, pala\u010dinke ili jutarnji zalogaj.<\/i><\/div>\n<p>[\/vc_toggle][vc_toggle title=&#8221;D\u017eem od smokve i vi\u0161nje&#8221; style=&#8221;arrow&#8221; custom_font_container=&#8221;tag:h5|font_size:18|text_align:left|color:%23ffffff&#8221; custom_google_fonts=&#8221;font_family:Playfair%20Display%3Aregular%2Citalic%2C700%2C700italic%2C900%2C900italic|font_style:400%20regular%3A400%3Anormal&#8221; use_custom_heading=&#8221;true&#8221;]<\/p>\n<div class=\"wrap-info-bot margin-left-160\">\n<p><b><i>D\u017eem od smokve i vi\u0161nje<\/i><\/b><i> \u2013 fantasti\u010dan spoj slatko\u0107e smokve i svje\u017eine vi\u0161nje stvara jedinstveni, bogati vo\u0107ni d\u017eem. Idealan za ljubitelje zanimljivih okusa i gurmanskih kombinacija<\/i><\/div>\n<p>[\/vc_toggle][vc_toggle title=&#8221;D\u017eem od smokve i aronije&#8221; style=&#8221;arrow&#8221; custom_font_container=&#8221;tag:h5|font_size:18|text_align:left|color:%23ffffff&#8221; custom_google_fonts=&#8221;font_family:Playfair%20Display%3Aregular%2Citalic%2C700%2C700italic%2C900%2C900italic|font_style:400%20regular%3A400%3Anormal&#8221; use_custom_heading=&#8221;true&#8221;]<\/p>\n<div class=\"wrap-info-bot margin-left-160\">\n<p><b><i>D\u017eem od smokve i aronije<\/i><\/b><i> \u2013 bogata slatko\u0107a smokve u savr\u0161enoj harmoniji s blagom gor\u010dinom i anitioksidativnim svojstvima aronije.<\/i><\/div>\n<p>[\/vc_toggle][\/vc_column_inner][\/vc_row_inner][\/vc_column][\/vc_row][vc_row][vc_column][vc_empty_space height=&#8221;80px&#8221;][\/vc_column][\/vc_row][vc_row][vc_column width=&#8221;1\/2&#8243;][vc_column_text]<\/p>\n<div class=\"_tooltip\" title=\"\"><span class=\"naziv\">POLJOPRIVREDNA ZADRUGA MOTIKA <\/span><\/div>\n<div class=\"_tooltip\" title=\"\"><span class=\"naziv\">za poljoprivredu, trgovinu i ugostiteljstvo<\/span><\/div>\n<div>Splitska 83, Primo\u0161ten<\/div>\n<div>\n<p>Email: <a href=\"mailto:tastings.vinasmora@gmail.com\">tastings.vinasmora@gmail.com<\/a><\/p>\n<p>WhatsApp<span class=\"Apple-converted-space\">\u00a0 <\/span>+385993110181<\/p>\n<p><a href=\"https:\/\/g.co\/kgs\/bYgC3j8\">https:\/\/g.co\/kgs\/bYgC3j8<\/a><span class=\"Apple-converted-space\">\u00a0<\/span><\/p>\n<p><a href=\"https:\/\/www.instagram.com\/vinasmora?igsh=b21haXp1MHJmdDA1\">https:\/\/www.instagram.com\/vinasmora?igsh=b21haXp1MHJmdDA1<\/a><\/p>\n<p><a href=\"https:\/\/web.facebook.com\/spizasmora\/\">https:\/\/web.facebook.com\/spizasmora\/<\/a><\/div>\n<p>[\/vc_column_text][vc_gmaps link=&#8221;#E-8_JTNDaWZyYW1lJTIwc3JjJTNEJTIyaHR0cHMlM0ElMkYlMkZ3d3cuZ29vZ2xlLmNvbSUyRm1hcHMlMkZlbWJlZCUzRnBiJTNEJTIxMW0xOCUyMTFtMTIlMjExbTMlMjExZDIyNjQ4LjIyODQxMzY0NDU0JTIxMmQxNS45MzQzMjgxODk4NDcwODMlMjEzZDQzLjU3NDk5MTU0MjgxMDg5JTIxMm0zJTIxMWYwJTIxMmYwJTIxM2YwJTIxM20yJTIxMWkxMDI0JTIxMmk3NjglMjE0ZjEzLjElMjEzbTMlMjExbTIlMjExczB4MTMzNTIyOWI4MDFkZTJhYiUyNTNBMHhhYmMzNDk4NmI0MDcwNTEwJTIxMnNVbC4lMjUyMFNwbGl0c2thJTI1MjA4MyUyNTJDJTI1MjAyMjIwMiUyNTJDJTI1MjBQcmltbyUyNUM1JTI1QTF0ZW4lMjE1ZTAlMjEzbTIlMjExc2VuJTIxMnNociUyMTR2MTc1ODQ3ODAwNzM0MiUyMTVtMiUyMTFzZW4lMjEyc2hyJTIyJTIwd2lkdGglM0QlMjI2MDAlMjIlMjBoZWlnaHQlM0QlMjI0NTAlMjIlMjBzdHlsZSUzRCUyMmJvcmRlciUzQTAlM0IlMjIlMjBhbGxvd2Z1bGxzY3JlZW4lM0QlMjIlMjIlMjBsb2FkaW5nJTNEJTIybGF6eSUyMiUyMHJlZmVycmVycG9saWN5JTNEJTIybm8tcmVmZXJyZXItd2hlbi1kb3duZ3JhZGUlMjIlM0UlM0MlMkZpZnJhbWUlM0U=&#8221;][\/vc_column][vc_column width=&#8221;1\/2&#8243;]<div role=\"form\" class=\"wpcf7\" id=\"wpcf7-f3854-o1\" lang=\"en-US\" dir=\"ltr\">\n<div class=\"screen-reader-response\"><p role=\"status\" aria-live=\"polite\" aria-atomic=\"true\"><\/p> <ul><\/ul><\/div>\n<form action=\"\/vino\/wp-json\/wp\/v2\/pages\/4130#wpcf7-f3854-o1\" method=\"post\" class=\"wpcf7-form init\" novalidate=\"novalidate\" data-status=\"init\">\n<div style=\"display: none;\">\n<input type=\"hidden\" name=\"_wpcf7\" value=\"3854\" \/>\n<input type=\"hidden\" name=\"_wpcf7_version\" value=\"5.3.2\" \/>\n<input type=\"hidden\" name=\"_wpcf7_locale\" value=\"en_US\" \/>\n<input type=\"hidden\" name=\"_wpcf7_unit_tag\" value=\"wpcf7-f3854-o1\" \/>\n<input type=\"hidden\" name=\"_wpcf7_container_post\" value=\"0\" \/>\n<input type=\"hidden\" name=\"_wpcf7_posted_data_hash\" value=\"\" \/>\n<\/div>\n<p><label> Va\u0161e ime (potrebno)<br \/>\n    <span class=\"wpcf7-form-control-wrap your-name\"><input type=\"text\" name=\"your-name\" value=\"\" size=\"40\" class=\"wpcf7-form-control wpcf7-text wpcf7-validates-as-required\" aria-required=\"true\" aria-invalid=\"false\" \/><\/span> <\/label><\/p>\n<p><label> Va\u0161 Email (potrebno)<br \/>\n    <span class=\"wpcf7-form-control-wrap your-email\"><input type=\"email\" name=\"your-email\" value=\"\" size=\"40\" class=\"wpcf7-form-control wpcf7-text wpcf7-email wpcf7-validates-as-required wpcf7-validates-as-email\" aria-required=\"true\" aria-invalid=\"false\" \/><\/span> <\/label><\/p>\n<p><label> Naslov<br \/>\n    <span class=\"wpcf7-form-control-wrap your-subject\"><input type=\"text\" name=\"your-subject\" value=\"\" size=\"40\" class=\"wpcf7-form-control wpcf7-text\" aria-invalid=\"false\" \/><\/span> <\/label><\/p>\n<p><label> Va\u0161a poruka<br \/>\n    <span class=\"wpcf7-form-control-wrap your-message\"><textarea name=\"your-message\" cols=\"40\" rows=\"10\" class=\"wpcf7-form-control wpcf7-textarea\" aria-invalid=\"false\"><\/textarea><\/span> <\/label><\/p>\n<p><span class=\"wpcf7-form-control-wrap checkbox-577\"><span class=\"wpcf7-form-control wpcf7-checkbox wpcf7-validates-as-required\"><span class=\"wpcf7-list-item first last\"><input type=\"checkbox\" name=\"checkbox-577[]\" value=\"Check here to indicate that you have read and agree to the terms of privacy policy\" \/><span class=\"wpcf7-list-item-label\">Check here to indicate that you have read and agree to the terms of privacy policy<\/span><\/span><\/span><\/span><\/p>\n<p><input type=\"submit\" value=\"Po\u0161alji\" class=\"wpcf7-form-control wpcf7-submit\" \/><\/p>\n<div class=\"wpcf7-response-output\" aria-hidden=\"true\"><\/div><\/form><\/div>[\/vc_column][\/vc_row]<\/p>\n","protected":false},"excerpt":{"rendered":"<p>[vc_row full_width=&#8221;stretch_row&#8221; css=&#8221;.vc_custom_1776018509519{padding-top: 0em !important;padding-bottom: 10em !important;background-color: #000000 !important;}&#8221;][vc_column][vc_row_inner equal_height=&#8221;yes&#8221; content_placement=&#8221;middle&#8221; css=&#8221;.vc_custom_1556093058576{padding-top: 8em !important;}&#8221;][vc_column_inner width=&#8221;1\/2&#8243;][vc_single_image image=&#8221;4177&#8243; img_size=&#8221;full&#8221; css=&#8221;.vc_custom_1776022116505{margin-bottom: 0px !important;}&#8221;][\/vc_column_inner][vc_column_inner width=&#8221;1\/2&#8243; css=&#8221;.vc_custom_1556093129663{padding: 15% !important;background-color: #ffffff !important;}&#8221;][vc_empty_space][\/vc_column_inner][\/vc_row_inner][\/vc_column][\/vc_row][vc_row full_width=&#8221;stretch_row&#8221; css=&#8221;.vc_custom_1758477734052{margin-top: 14em !important;padding-bottom: 14em !important;background-image: url(https:\/\/studioeditori.com\/vino\/wp-content\/uploads\/2025\/09\/IMG_0231-scaled-e1758477724848.jpg?id=4085) !important;background-position: center !important;background-repeat: no-repeat !important;background-size: cover !important;}&#8221; el_class=&#8221;no-overflow&#8221;][vc_column][vc_row_inner content_placement=&#8221;top&#8221;][vc_column_inner width=&#8221;1\/3&#8243; css=&#8221;.vc_custom_1556101439033{margin-top: -7em !important;padding-top: 15% !important;padding-right: 15% !important;padding-bottom: 15% !important;padding-left: 15% !important;background-color: #ffffff<\/p>\n<p class=\"more-link-wrapper\"><a class=\"btn btn-primary\" href=\"https:\/\/studioeditori.com\/vino\/spiza-s-mora\/\">Read More<\/a><\/p>\n","protected":false},"author":1,"featured_media":0,"parent":0,"menu_order":0,"comment_status":"closed","ping_status":"closed","template":"","meta":{"_themeisle_gutenberg_block_has_review":false,"footnotes":""},"class_list":["post-4130","page","type-page","status-publish","hentry"],"_links":{"self":[{"href":"https:\/\/studioeditori.com\/vino\/wp-json\/wp\/v2\/pages\/4130","targetHints":{"allow":["GET"]}}],"collection":[{"href":"https:\/\/studioeditori.com\/vino\/wp-json\/wp\/v2\/pages"}],"about":[{"href":"https:\/\/studioeditori.com\/vino\/wp-json\/wp\/v2\/types\/page"}],"author":[{"embeddable":true,"href":"https:\/\/studioeditori.com\/vino\/wp-json\/wp\/v2\/users\/1"}],"replies":[{"embeddable":true,"href":"https:\/\/studioeditori.com\/vino\/wp-json\/wp\/v2\/comments?post=4130"}],"version-history":[{"count":3,"href":"https:\/\/studioeditori.com\/vino\/wp-json\/wp\/v2\/pages\/4130\/revisions"}],"predecessor-version":[{"id":4178,"href":"https:\/\/studioeditori.com\/vino\/wp-json\/wp\/v2\/pages\/4130\/revisions\/4178"}],"wp:attachment":[{"href":"https:\/\/studioeditori.com\/vino\/wp-json\/wp\/v2\/media?parent=4130"}],"curies":[{"name":"wp","href":"https:\/\/api.w.org\/{rel}","templated":true}]}}