{"id":218,"date":"2024-01-31T16:00:10","date_gmt":"2024-01-31T16:00:10","guid":{"rendered":"https:\/\/studioeditori.com\/zoda\/?page_id=218"},"modified":"2024-02-01T14:09:32","modified_gmt":"2024-02-01T14:09:32","slug":"o-nama","status":"publish","type":"page","link":"https:\/\/studioeditori.com\/zoda\/o-nama\/","title":{"rendered":"o nama"},"content":{"rendered":"\t\t<div data-elementor-type=\"wp-page\" data-elementor-id=\"218\" class=\"elementor elementor-218\" data-elementor-post-type=\"page\">\n\t\t\t\t\t\t<section class=\"elementor-section elementor-top-section elementor-element elementor-element-fbb459e elementor-section-height-min-height elementor-section-content-middle elementor-section-boxed elementor-section-height-default elementor-section-items-middle\" data-id=\"fbb459e\" data-element_type=\"section\" data-settings=\"{&quot;background_background&quot;:&quot;classic&quot;}\">\n\t\t\t\t\t\t\t<div class=\"elementor-background-overlay\"><\/div>\n\t\t\t\t\t\t\t<div class=\"elementor-container elementor-column-gap-no\">\n\t\t\t\t\t<div class=\"elementor-column elementor-col-100 elementor-top-column elementor-element elementor-element-7784b05e elementor-invisible\" data-id=\"7784b05e\" data-element_type=\"column\" data-settings=\"{&quot;animation&quot;:&quot;fadeInUp&quot;}\">\n\t\t\t<div class=\"elementor-widget-wrap elementor-element-populated\">\n\t\t\t\t\t\t<div class=\"elementor-element elementor-element-59ed8283 elementor-icon-list--layout-inline elementor-list-item-link-full_width elementor-widget elementor-widget-icon-list\" data-id=\"59ed8283\" data-element_type=\"widget\" data-widget_type=\"icon-list.default\">\n\t\t\t\t<div class=\"elementor-widget-container\">\n\t\t\t<link rel=\"stylesheet\" href=\"https:\/\/studioeditori.com\/zoda\/wp-content\/plugins\/elementor\/assets\/css\/widget-icon-list.min.css\">\t\t<ul class=\"elementor-icon-list-items elementor-inline-items\">\n\t\t\t\t\t\t\t<li class=\"elementor-icon-list-item elementor-inline-item\">\n\t\t\t\t\t\t\t\t\t\t\t<a href=\"#\">\n\n\t\t\t\t\t\t\t\t\t\t\t<span class=\"elementor-icon-list-text\">Home<\/span>\n\t\t\t\t\t\t\t\t\t\t\t<\/a>\n\t\t\t\t\t\t\t\t\t<\/li>\n\t\t\t\t\t\t\t\t<li class=\"elementor-icon-list-item elementor-inline-item\">\n\t\t\t\t\t\t\t\t\t\t\t<a href=\"#\">\n\n\t\t\t\t\t\t\t\t\t\t\t\t<span class=\"elementor-icon-list-icon\">\n\t\t\t\t\t\t\t<svg aria-hidden=\"true\" class=\"e-font-icon-svg e-fas-angle-right\" viewBox=\"0 0 256 512\" xmlns=\"http:\/\/www.w3.org\/2000\/svg\"><path d=\"M224.3 273l-136 136c-9.4 9.4-24.6 9.4-33.9 0l-22.6-22.6c-9.4-9.4-9.4-24.6 0-33.9l96.4-96.4-96.4-96.4c-9.4-9.4-9.4-24.6 0-33.9L54.3 103c9.4-9.4 24.6-9.4 33.9 0l136 136c9.5 9.4 9.5 24.6.1 34z\"><\/path><\/svg>\t\t\t\t\t\t<\/span>\n\t\t\t\t\t\t\t\t\t\t<span class=\"elementor-icon-list-text\"><\/span>\n\t\t\t\t\t\t\t\t\t\t\t<\/a>\n\t\t\t\t\t\t\t\t\t<\/li>\n\t\t\t\t\t\t<\/ul>\n\t\t\t\t<\/div>\n\t\t\t\t<\/div>\n\t\t\t\t\t<\/div>\n\t\t<\/div>\n\t\t\t\t\t<\/div>\n\t\t<\/section>\n\t\t\t\t<section class=\"elementor-section elementor-top-section elementor-element elementor-element-240dde7e elementor-section-boxed elementor-section-height-default elementor-section-height-default elementor-invisible\" data-id=\"240dde7e\" data-element_type=\"section\" data-settings=\"{&quot;animation&quot;:&quot;fadeInUp&quot;}\">\n\t\t\t\t\t\t<div class=\"elementor-container elementor-column-gap-no\">\n\t\t\t\t\t<div class=\"elementor-column elementor-col-50 elementor-top-column elementor-element elementor-element-352ed33\" data-id=\"352ed33\" data-element_type=\"column\">\n\t\t\t<div class=\"elementor-widget-wrap elementor-element-populated\">\n\t\t\t\t\t\t<div class=\"elementor-element elementor-element-5e81e37d elementor-widget__width-auto elementor-widget elementor-widget-heading\" data-id=\"5e81e37d\" data-element_type=\"widget\" data-widget_type=\"heading.default\">\n\t\t\t\t<div class=\"elementor-widget-container\">\n\t\t\t<style>\/*! elementor - v3.20.0 - 26-03-2024 *\/\n.elementor-heading-title{padding:0;margin:0;line-height:1}.elementor-widget-heading .elementor-heading-title[class*=elementor-size-]>a{color:inherit;font-size:inherit;line-height:inherit}.elementor-widget-heading .elementor-heading-title.elementor-size-small{font-size:15px}.elementor-widget-heading .elementor-heading-title.elementor-size-medium{font-size:19px}.elementor-widget-heading .elementor-heading-title.elementor-size-large{font-size:29px}.elementor-widget-heading .elementor-heading-title.elementor-size-xl{font-size:39px}.elementor-widget-heading .elementor-heading-title.elementor-size-xxl{font-size:59px}<\/style><span class=\"elementor-heading-title elementor-size-default\">O nama<\/span>\t\t<\/div>\n\t\t\t\t<\/div>\n\t\t\t\t<div class=\"elementor-element elementor-element-77e60a3a elementor-widget elementor-widget-heading\" data-id=\"77e60a3a\" data-element_type=\"widget\" data-widget_type=\"heading.default\">\n\t\t\t\t<div class=\"elementor-widget-container\">\n\t\t\t<h2 class=\"elementor-heading-title elementor-size-default\">ZODA<\/h2>\t\t<\/div>\n\t\t\t\t<\/div>\n\t\t\t\t<div class=\"elementor-element elementor-element-5167c400 elementor-widget elementor-widget-heading\" data-id=\"5167c400\" data-element_type=\"widget\" data-widget_type=\"heading.default\">\n\t\t\t\t<div class=\"elementor-widget-container\">\n\t\t\t<h6 class=\"elementor-heading-title elementor-size-default\">Zoda d.o.o. je tvrtka koja se bavi uvozom, veleprodajom i distribucijom prehrambenih i neprehrambenih artikala. Osnovana je 2008. godine.<\/h6>\t\t<\/div>\n\t\t\t\t<\/div>\n\t\t\t\t<div class=\"elementor-element elementor-element-7dc5a979 elementor-widget elementor-widget-text-editor\" data-id=\"7dc5a979\" data-element_type=\"widget\" data-widget_type=\"text-editor.default\">\n\t\t\t\t<div class=\"elementor-widget-container\">\n\t\t\t<style>\/*! elementor - v3.20.0 - 26-03-2024 *\/\n.elementor-widget-text-editor.elementor-drop-cap-view-stacked .elementor-drop-cap{background-color:#69727d;color:#fff}.elementor-widget-text-editor.elementor-drop-cap-view-framed .elementor-drop-cap{color:#69727d;border:3px solid;background-color:transparent}.elementor-widget-text-editor:not(.elementor-drop-cap-view-default) .elementor-drop-cap{margin-top:8px}.elementor-widget-text-editor:not(.elementor-drop-cap-view-default) .elementor-drop-cap-letter{width:1em;height:1em}.elementor-widget-text-editor .elementor-drop-cap{float:left;text-align:center;line-height:1;font-size:50px}.elementor-widget-text-editor .elementor-drop-cap-letter{display:inline-block}<\/style>\t\t\t\t<p>Sa svoja 2 skladista u Splitu i Zagrebu vrsimo prodaju i distribuciju na podru\u010dju cijele Hrvatske.\u00a0Opskrbljujemo profesionalne kupce, maloprodajne tvrtke, hotelijere, ugostiteljstvo, odnosno pravne osobe i obrtnike.<br \/>Osim veleprodaje, takodjer imamo maloprodajnu trgovinu za nase fizicke kupce.<\/p>\t\t\t\t\t\t<\/div>\n\t\t\t\t<\/div>\n\t\t\t\t\t<\/div>\n\t\t<\/div>\n\t\t\t\t<div class=\"elementor-column elementor-col-50 elementor-top-column elementor-element elementor-element-4a1c7670\" data-id=\"4a1c7670\" data-element_type=\"column\">\n\t\t\t<div class=\"elementor-widget-wrap elementor-element-populated\">\n\t\t\t\t\t\t<div class=\"elementor-element elementor-element-5da265d4 elementor-widget elementor-widget-image\" data-id=\"5da265d4\" data-element_type=\"widget\" data-widget_type=\"image.default\">\n\t\t\t\t<div class=\"elementor-widget-container\">\n\t\t\t<style>\/*! elementor - v3.20.0 - 26-03-2024 *\/\n.elementor-widget-image{text-align:center}.elementor-widget-image a{display:inline-block}.elementor-widget-image a img[src$=\".svg\"]{width:48px}.elementor-widget-image img{vertical-align:middle;display:inline-block}<\/style>\t\t\t\t\t\t\t\t\t\t<img fetchpriority=\"high\" decoding=\"async\" width=\"800\" height=\"533\" src=\"https:\/\/studioeditori.com\/zoda\/wp-content\/uploads\/2024\/02\/happy-woman-using-mobile-app-on-her-phone-while-shopping-in-supermarket--1024x682.jpg\" class=\"attachment-large size-large wp-image-323\" alt=\"Happy woman using mobile app on her phone while shopping in supermarket.\" srcset=\"https:\/\/studioeditori.com\/zoda\/wp-content\/uploads\/2024\/02\/happy-woman-using-mobile-app-on-her-phone-while-shopping-in-supermarket--1024x682.jpg 1024w, https:\/\/studioeditori.com\/zoda\/wp-content\/uploads\/2024\/02\/happy-woman-using-mobile-app-on-her-phone-while-shopping-in-supermarket--300x200.jpg 300w, https:\/\/studioeditori.com\/zoda\/wp-content\/uploads\/2024\/02\/happy-woman-using-mobile-app-on-her-phone-while-shopping-in-supermarket--768x512.jpg 768w, https:\/\/studioeditori.com\/zoda\/wp-content\/uploads\/2024\/02\/happy-woman-using-mobile-app-on-her-phone-while-shopping-in-supermarket--1536x1024.jpg 1536w, https:\/\/studioeditori.com\/zoda\/wp-content\/uploads\/2024\/02\/happy-woman-using-mobile-app-on-her-phone-while-shopping-in-supermarket--600x400.jpg 600w, https:\/\/studioeditori.com\/zoda\/wp-content\/uploads\/2024\/02\/happy-woman-using-mobile-app-on-her-phone-while-shopping-in-supermarket-.jpg 2000w\" sizes=\"(max-width: 800px) 100vw, 800px\" \/>\t\t\t\t\t\t\t\t\t\t\t\t\t<\/div>\n\t\t\t\t<\/div>\n\t\t\t\t\t<\/div>\n\t\t<\/div>\n\t\t\t\t\t<\/div>\n\t\t<\/section>\n\t\t\t\t<section class=\"elementor-section elementor-top-section elementor-element elementor-element-12ed899a elementor-section-full_width elementor-section-height-default elementor-section-height-default\" data-id=\"12ed899a\" data-element_type=\"section\" data-settings=\"{&quot;background_background&quot;:&quot;classic&quot;}\">\n\t\t\t\t\t\t<div class=\"elementor-container elementor-column-gap-no\">\n\t\t\t\t\t<div class=\"elementor-column elementor-col-100 elementor-top-column elementor-element elementor-element-4a585467\" data-id=\"4a585467\" data-element_type=\"column\">\n\t\t\t<div class=\"elementor-widget-wrap elementor-element-populated\">\n\t\t\t\t\t\t<section class=\"elementor-section elementor-inner-section elementor-element elementor-element-aca41ae elementor-section-boxed elementor-section-height-default elementor-section-height-default elementor-invisible\" data-id=\"aca41ae\" data-element_type=\"section\" data-settings=\"{&quot;animation&quot;:&quot;fadeIn&quot;}\">\n\t\t\t\t\t\t<div class=\"elementor-container elementor-column-gap-no\">\n\t\t\t\t\t<div class=\"elementor-column elementor-col-50 elementor-inner-column elementor-element elementor-element-6e5b1678\" data-id=\"6e5b1678\" data-element_type=\"column\">\n\t\t\t<div class=\"elementor-widget-wrap elementor-element-populated\">\n\t\t\t\t\t\t<div class=\"elementor-element elementor-element-78c21bf6 elementor-widget elementor-widget-text-editor\" data-id=\"78c21bf6\" data-element_type=\"widget\" data-widget_type=\"text-editor.default\">\n\t\t\t\t<div class=\"elementor-widget-container\">\n\t\t\t\t\t\t\t<p>\u00a0<\/p><p>Uz kvalitetnu uslugu, veleprodajnim kupcima se prodaje i distribuira sirok asortiman artikala, \u0161to uklju\u010duje profesionalni asortiman za ugostitelje i hotelijere koji \u010dine zna\u010dajan segment poslovanja, kozmetiku i kemiju, pica te prehrambene artikle. U sklopu svog prodajnog asortimana nudimo i artikle vlastite robne marke.<\/p><p>Klju\u010d na\u0161eg uspjeha je u personaliziranom pristupu klijentima kojima nudimo pa\u017eljivo odabranu selekciju visoko kvalitetnih proizvoda po iznimno konkurentnim cijenama.<\/p><p>Ukoliko i Vi zelite postati dio nasih kupaca, slobodno nas kontaktirajte, te se uvjerite u kvalitetu proizvoda i najkonkurentnije cijene na hrvatskom trzistu.<\/p>\t\t\t\t\t\t<\/div>\n\t\t\t\t<\/div>\n\t\t\t\t\t<\/div>\n\t\t<\/div>\n\t\t\t\t<div class=\"elementor-column elementor-col-50 elementor-inner-column elementor-element elementor-element-28502250\" data-id=\"28502250\" data-element_type=\"column\">\n\t\t\t<div class=\"elementor-widget-wrap elementor-element-populated\">\n\t\t\t\t\t\t<div class=\"elementor-element elementor-element-4be64f0 elementor-widget elementor-widget-image\" data-id=\"4be64f0\" data-element_type=\"widget\" data-widget_type=\"image.default\">\n\t\t\t\t<div class=\"elementor-widget-container\">\n\t\t\t\t\t\t\t\t\t\t\t\t\t<img decoding=\"async\" width=\"800\" height=\"533\" src=\"https:\/\/studioeditori.com\/zoda\/wp-content\/uploads\/2024\/02\/stacked-shelves-in-distribution-warehouse-1024x682.jpg\" class=\"attachment-large size-large wp-image-324\" alt=\"Stacked shelves in distribution warehouse\" srcset=\"https:\/\/studioeditori.com\/zoda\/wp-content\/uploads\/2024\/02\/stacked-shelves-in-distribution-warehouse-1024x682.jpg 1024w, https:\/\/studioeditori.com\/zoda\/wp-content\/uploads\/2024\/02\/stacked-shelves-in-distribution-warehouse-300x200.jpg 300w, https:\/\/studioeditori.com\/zoda\/wp-content\/uploads\/2024\/02\/stacked-shelves-in-distribution-warehouse-768x512.jpg 768w, https:\/\/studioeditori.com\/zoda\/wp-content\/uploads\/2024\/02\/stacked-shelves-in-distribution-warehouse-1536x1024.jpg 1536w, https:\/\/studioeditori.com\/zoda\/wp-content\/uploads\/2024\/02\/stacked-shelves-in-distribution-warehouse-600x400.jpg 600w, https:\/\/studioeditori.com\/zoda\/wp-content\/uploads\/2024\/02\/stacked-shelves-in-distribution-warehouse.jpg 2000w\" sizes=\"(max-width: 800px) 100vw, 800px\" \/>\t\t\t\t\t\t\t\t\t\t\t\t\t<\/div>\n\t\t\t\t<\/div>\n\t\t\t\t\t<\/div>\n\t\t<\/div>\n\t\t\t\t\t<\/div>\n\t\t<\/section>\n\t\t\t\t\t<\/div>\n\t\t<\/div>\n\t\t\t\t\t<\/div>\n\t\t<\/section>\n\t\t\t\t<\/div>\n\t\t","protected":false},"excerpt":{"rendered":"<p>Home O nama ZODA Zoda d.o.o. je tvrtka koja se bavi uvozom, veleprodajom i distribucijom prehrambenih i neprehrambenih artikala. Osnovana je 2008. godine. Sa svoja 2 skladista u Splitu i Zagrebu vrsimo prodaju i distribuciju na podru\u010dju cijele Hrvatske.\u00a0Opskrbljujemo profesionalne kupce, maloprodajne tvrtke, hotelijere, ugostiteljstvo, odnosno pravne osobe i obrtnike.Osim veleprodaje, takodjer imamo maloprodajnu trgovinu [&hellip;]<\/p>\n","protected":false},"author":1,"featured_media":0,"parent":0,"menu_order":0,"comment_status":"closed","ping_status":"closed","template":"elementor_header_footer","meta":{"footnotes":""},"class_list":["post-218","page","type-page","status-publish","hentry"],"_links":{"self":[{"href":"https:\/\/studioeditori.com\/zoda\/wp-json\/wp\/v2\/pages\/218","targetHints":{"allow":["GET"]}}],"collection":[{"href":"https:\/\/studioeditori.com\/zoda\/wp-json\/wp\/v2\/pages"}],"about":[{"href":"https:\/\/studioeditori.com\/zoda\/wp-json\/wp\/v2\/types\/page"}],"author":[{"embeddable":true,"href":"https:\/\/studioeditori.com\/zoda\/wp-json\/wp\/v2\/users\/1"}],"replies":[{"embeddable":true,"href":"https:\/\/studioeditori.com\/zoda\/wp-json\/wp\/v2\/comments?post=218"}],"version-history":[{"count":13,"href":"https:\/\/studioeditori.com\/zoda\/wp-json\/wp\/v2\/pages\/218\/revisions"}],"predecessor-version":[{"id":327,"href":"https:\/\/studioeditori.com\/zoda\/wp-json\/wp\/v2\/pages\/218\/revisions\/327"}],"wp:attachment":[{"href":"https:\/\/studioeditori.com\/zoda\/wp-json\/wp\/v2\/media?parent=218"}],"curies":[{"name":"wp","href":"https:\/\/api.w.org\/{rel}","templated":true}]}}