{"id":391,"date":"2024-02-03T16:09:54","date_gmt":"2024-02-03T16:09:54","guid":{"rendered":"https:\/\/studioeditori.com\/zoda\/?page_id=391"},"modified":"2024-02-08T18:36:35","modified_gmt":"2024-02-08T18:36:35","slug":"kategorije-proizvoda","status":"publish","type":"page","link":"https:\/\/studioeditori.com\/zoda\/kategorije-proizvoda\/","title":{"rendered":"Kategorije proizvoda"},"content":{"rendered":"\t\t<div data-elementor-type=\"wp-page\" data-elementor-id=\"391\" class=\"elementor elementor-391\" data-elementor-post-type=\"page\">\n\t\t\t\t<div class=\"elementor-element elementor-element-c3acfc6 e-flex e-con-boxed e-con e-parent\" data-id=\"c3acfc6\" data-element_type=\"container\" data-core-v316-plus=\"true\">\n\t\t\t\t\t<div class=\"e-con-inner\">\n\t\t\t\t<div class=\"elementor-element elementor-element-c1ecbca elementor-widget elementor-widget-spacer\" data-id=\"c1ecbca\" data-element_type=\"widget\" data-widget_type=\"spacer.default\">\n\t\t\t\t<div class=\"elementor-widget-container\">\n\t\t\t<style>\/*! elementor - v3.20.0 - 26-03-2024 *\/\n.elementor-column .elementor-spacer-inner{height:var(--spacer-size)}.e-con{--container-widget-width:100%}.e-con-inner>.elementor-widget-spacer,.e-con>.elementor-widget-spacer{width:var(--container-widget-width,var(--spacer-size));--align-self:var(--container-widget-align-self,initial);--flex-shrink:0}.e-con-inner>.elementor-widget-spacer>.elementor-widget-container,.e-con>.elementor-widget-spacer>.elementor-widget-container{height:100%;width:100%}.e-con-inner>.elementor-widget-spacer>.elementor-widget-container>.elementor-spacer,.e-con>.elementor-widget-spacer>.elementor-widget-container>.elementor-spacer{height:100%}.e-con-inner>.elementor-widget-spacer>.elementor-widget-container>.elementor-spacer>.elementor-spacer-inner,.e-con>.elementor-widget-spacer>.elementor-widget-container>.elementor-spacer>.elementor-spacer-inner{height:var(--container-widget-height,var(--spacer-size))}.e-con-inner>.elementor-widget-spacer.elementor-widget-empty,.e-con>.elementor-widget-spacer.elementor-widget-empty{position:relative;min-height:22px;min-width:22px}.e-con-inner>.elementor-widget-spacer.elementor-widget-empty .elementor-widget-empty-icon,.e-con>.elementor-widget-spacer.elementor-widget-empty .elementor-widget-empty-icon{position:absolute;top:0;bottom:0;left:0;right:0;margin:auto;padding:0;width:22px;height:22px}<\/style>\t\t<div class=\"elementor-spacer\">\n\t\t\t<div class=\"elementor-spacer-inner\"><\/div>\n\t\t<\/div>\n\t\t\t\t<\/div>\n\t\t\t\t<\/div>\n\t\t\t\t<div class=\"elementor-element elementor-element-c6d1fa4 elementor-widget elementor-widget-heading\" data-id=\"c6d1fa4\" data-element_type=\"widget\" data-widget_type=\"heading.default\">\n\t\t\t\t<div class=\"elementor-widget-container\">\n\t\t\t<style>\/*! elementor - v3.20.0 - 26-03-2024 *\/\n.elementor-heading-title{padding:0;margin:0;line-height:1}.elementor-widget-heading .elementor-heading-title[class*=elementor-size-]>a{color:inherit;font-size:inherit;line-height:inherit}.elementor-widget-heading .elementor-heading-title.elementor-size-small{font-size:15px}.elementor-widget-heading .elementor-heading-title.elementor-size-medium{font-size:19px}.elementor-widget-heading .elementor-heading-title.elementor-size-large{font-size:29px}.elementor-widget-heading .elementor-heading-title.elementor-size-xl{font-size:39px}.elementor-widget-heading .elementor-heading-title.elementor-size-xxl{font-size:59px}<\/style><h2 class=\"elementor-heading-title elementor-size-default\"><div data-id=\"678013b0\" data-element_type=\"widget\" data-widget_type=\"heading.default\" style=\"flex-basis: var(--flex-basis); flex-grow: var(--flex-grow); flex-shrink: var(--flex-shrink); order: var(--order); align-self: var(--align-self); flex-direction: var(--flex-direction); flex-wrap: var(--flex-wrap); justify-content: var(--justify-content); align-items: var(--align-items); align-content: var(--align-content); gap: var(--gap); --swiper-theme-color: #000; --swiper-navigation-size: 44px; --swiper-pagination-bullet-size: 6px; --swiper-pagination-bullet-horizontal-gap: 6px; --widgets-spacing: 20px 20px; width: 1170px; margin-block-end: 20px; text-align: center; color: rgb(113, 112, 112); font-family: &quot;Nunito Sans&quot;, sans-serif; font-size: 16px; font-weight: 400; letter-spacing: normal; text-transform: none; white-space-collapse: collapse; background-color: rgb(255, 250, 244);\"><div style=\"transition: background .3s,border .3s,border-radius .3s,box-shadow .3s,transform var(--e-transform-transition-duration,.4s);\"><h2 style=\"font-family: var( --e-global-typography-secondary-font-family ), Sans-serif; font-weight: var( --e-global-typography-secondary-font-weight ); line-height: var( --e-global-typography-secondary-line-height ); font-size: var( --e-global-typography-secondary-font-size ); text-transform: var( --e-global-typography-secondary-text-transform ); letter-spacing: var( --e-global-typography-secondary-letter-spacing );\">PREGLED PROIZVODA PO KATEGORIJAMa<\/h2><\/div><\/div><\/h2>\t\t<\/div>\n\t\t\t\t<\/div>\n\t\t\t\t<div class=\"elementor-element elementor-element-959399f elementor-grid-4 elementor-grid-tablet-3 elementor-grid-mobile-2 elementor-products-grid elementor-wc-products elementor-widget elementor-widget-wc-categories\" data-id=\"959399f\" data-element_type=\"widget\" data-widget_type=\"wc-categories.default\">\n\t\t\t\t<div class=\"elementor-widget-container\">\n\t\t\t<link rel=\"stylesheet\" href=\"https:\/\/studioeditori.com\/zoda\/wp-content\/plugins\/elementor-pro\/assets\/css\/widget-woocommerce.min.css\"><div class=\"woocommerce columns-4\"><ul class=\"products elementor-grid columns-4\">\n<li class=\"product-category product first\">\n\t<a aria-label=\"Posjetite kategoriju proizvoda Vla\u017ene maramice\" href=\"https:\/\/studioeditori.com\/zoda\/kategorija-proizvoda\/vlazne-maramice\/\"><img fetchpriority=\"high\" decoding=\"async\" src=\"https:\/\/studioeditori.com\/zoda\/wp-content\/uploads\/2024\/02\/using-wet-wipe-at-workplace-300x300.jpg\" alt=\"Vla\u017ene maramice\" width=\"300\" height=\"300\" srcset=\"https:\/\/studioeditori.com\/zoda\/wp-content\/uploads\/2024\/02\/using-wet-wipe-at-workplace-300x300.jpg 300w, https:\/\/studioeditori.com\/zoda\/wp-content\/uploads\/2024\/02\/using-wet-wipe-at-workplace-150x150.jpg 150w, https:\/\/studioeditori.com\/zoda\/wp-content\/uploads\/2024\/02\/using-wet-wipe-at-workplace-100x100.jpg 100w\" sizes=\"(max-width: 300px) 100vw, 300px\" \/>\t\t<h2 class=\"woocommerce-loop-category__title\">\n\t\t\tVla\u017ene maramice <mark class=\"count\">(13)<\/mark>\t\t<\/h2>\n\t\t<\/a><\/li>\n<li class=\"product-category product\">\n\t<a aria-label=\"Posjetite kategoriju proizvoda Profesionalni pribor za \u010di\u0161\u0107enje\" href=\"https:\/\/studioeditori.com\/zoda\/kategorija-proizvoda\/profesionalni-pribor-za-ciscenje\/\"><img decoding=\"async\" src=\"https:\/\/studioeditori.com\/zoda\/wp-content\/uploads\/2024\/02\/basket-with-cleaning-products-on-blue-background-cleaning-with-supplies-cleaning-service-300x300.jpg\" alt=\"Profesionalni pribor za \u010di\u0161\u0107enje\" width=\"300\" height=\"300\" srcset=\"https:\/\/studioeditori.com\/zoda\/wp-content\/uploads\/2024\/02\/basket-with-cleaning-products-on-blue-background-cleaning-with-supplies-cleaning-service-300x300.jpg 300w, https:\/\/studioeditori.com\/zoda\/wp-content\/uploads\/2024\/02\/basket-with-cleaning-products-on-blue-background-cleaning-with-supplies-cleaning-service-150x150.jpg 150w, https:\/\/studioeditori.com\/zoda\/wp-content\/uploads\/2024\/02\/basket-with-cleaning-products-on-blue-background-cleaning-with-supplies-cleaning-service-100x100.jpg 100w\" sizes=\"(max-width: 300px) 100vw, 300px\" \/>\t\t<h2 class=\"woocommerce-loop-category__title\">\n\t\t\tProfesionalni pribor za \u010di\u0161\u0107enje\t\t<\/h2>\n\t\t<\/a><\/li>\n<li class=\"product-category product\">\n\t<a aria-label=\"Posjetite kategoriju proizvoda Papirna konfekcija\" href=\"https:\/\/studioeditori.com\/zoda\/kategorija-proizvoda\/papirna-konfekcija\/\"><img decoding=\"async\" src=\"https:\/\/studioeditori.com\/zoda\/wp-content\/uploads\/2024\/02\/kitchen-paper-roll-on-a-pink-background-300x300.jpg\" alt=\"Papirna konfekcija\" width=\"300\" height=\"300\" srcset=\"https:\/\/studioeditori.com\/zoda\/wp-content\/uploads\/2024\/02\/kitchen-paper-roll-on-a-pink-background-300x300.jpg 300w, https:\/\/studioeditori.com\/zoda\/wp-content\/uploads\/2024\/02\/kitchen-paper-roll-on-a-pink-background-150x150.jpg 150w, https:\/\/studioeditori.com\/zoda\/wp-content\/uploads\/2024\/02\/kitchen-paper-roll-on-a-pink-background-100x100.jpg 100w\" sizes=\"(max-width: 300px) 100vw, 300px\" \/>\t\t<h2 class=\"woocommerce-loop-category__title\">\n\t\t\tPapirna konfekcija <mark class=\"count\">(1)<\/mark>\t\t<\/h2>\n\t\t<\/a><\/li>\n<li class=\"product-category product last\">\n\t<a aria-label=\"Posjetite kategoriju proizvoda Ostalo\" href=\"https:\/\/studioeditori.com\/zoda\/kategorija-proizvoda\/ostalo\/\"><img loading=\"lazy\" decoding=\"async\" src=\"https:\/\/studioeditori.com\/zoda\/wp-content\/uploads\/2024\/02\/online-shopping-mixed-race-woman-credit-card-smartphone--300x300.jpg\" alt=\"Ostalo\" width=\"300\" height=\"300\" srcset=\"https:\/\/studioeditori.com\/zoda\/wp-content\/uploads\/2024\/02\/online-shopping-mixed-race-woman-credit-card-smartphone--300x300.jpg 300w, https:\/\/studioeditori.com\/zoda\/wp-content\/uploads\/2024\/02\/online-shopping-mixed-race-woman-credit-card-smartphone--150x150.jpg 150w, https:\/\/studioeditori.com\/zoda\/wp-content\/uploads\/2024\/02\/online-shopping-mixed-race-woman-credit-card-smartphone--100x100.jpg 100w\" sizes=\"(max-width: 300px) 100vw, 300px\" \/>\t\t<h2 class=\"woocommerce-loop-category__title\">\n\t\t\tOstalo <mark class=\"count\">(3)<\/mark>\t\t<\/h2>\n\t\t<\/a><\/li>\n<li class=\"product-category product first\">\n\t<a aria-label=\"Posjetite kategoriju proizvoda Njega i Kozmetika\" href=\"https:\/\/studioeditori.com\/zoda\/kategorija-proizvoda\/njega-i-kozmetika\/\"><img loading=\"lazy\" decoding=\"async\" src=\"https:\/\/studioeditori.com\/zoda\/wp-content\/uploads\/2024\/02\/composition-with-winter-cosmetics-on-white-background-300x300.jpg\" alt=\"Njega i Kozmetika\" width=\"300\" height=\"300\" srcset=\"https:\/\/studioeditori.com\/zoda\/wp-content\/uploads\/2024\/02\/composition-with-winter-cosmetics-on-white-background-300x300.jpg 300w, https:\/\/studioeditori.com\/zoda\/wp-content\/uploads\/2024\/02\/composition-with-winter-cosmetics-on-white-background-150x150.jpg 150w, https:\/\/studioeditori.com\/zoda\/wp-content\/uploads\/2024\/02\/composition-with-winter-cosmetics-on-white-background-100x100.jpg 100w\" sizes=\"(max-width: 300px) 100vw, 300px\" \/>\t\t<h2 class=\"woocommerce-loop-category__title\">\n\t\t\tNjega i Kozmetika <mark class=\"count\">(50)<\/mark>\t\t<\/h2>\n\t\t<\/a><\/li>\n<li class=\"product-category product\">\n\t<a aria-label=\"Posjetite kategoriju proizvoda Ku\u0107anstvo: Pribor za \u010di\u0161\u0107enje\" href=\"https:\/\/studioeditori.com\/zoda\/kategorija-proizvoda\/kucanstvo-pribor-za-ciscenje\/\"><img loading=\"lazy\" decoding=\"async\" src=\"https:\/\/studioeditori.com\/zoda\/wp-content\/uploads\/2024\/02\/home-cleaning-with-cleaning-items-on-blue-background-300x300.jpg\" alt=\"Ku\u0107anstvo: Pribor za \u010di\u0161\u0107enje\" width=\"300\" height=\"300\" srcset=\"https:\/\/studioeditori.com\/zoda\/wp-content\/uploads\/2024\/02\/home-cleaning-with-cleaning-items-on-blue-background-300x300.jpg 300w, https:\/\/studioeditori.com\/zoda\/wp-content\/uploads\/2024\/02\/home-cleaning-with-cleaning-items-on-blue-background-150x150.jpg 150w, https:\/\/studioeditori.com\/zoda\/wp-content\/uploads\/2024\/02\/home-cleaning-with-cleaning-items-on-blue-background-100x100.jpg 100w\" sizes=\"(max-width: 300px) 100vw, 300px\" \/>\t\t<h2 class=\"woocommerce-loop-category__title\">\n\t\t\tKu\u0107anstvo: Pribor za \u010di\u0161\u0107enje <mark class=\"count\">(16)<\/mark>\t\t<\/h2>\n\t\t<\/a><\/li>\n<li class=\"product-category product\">\n\t<a aria-label=\"Posjetite kategoriju proizvoda Izdvojeni proizvodi\" href=\"https:\/\/studioeditori.com\/zoda\/kategorija-proizvoda\/izdvojeni-proizvodi\/\"><img loading=\"lazy\" decoding=\"async\" src=\"https:\/\/studioeditori.com\/zoda\/wp-content\/uploads\/2024\/02\/like-the-look-of-this-300x300.jpg\" alt=\"Izdvojeni proizvodi\" width=\"300\" height=\"300\" srcset=\"https:\/\/studioeditori.com\/zoda\/wp-content\/uploads\/2024\/02\/like-the-look-of-this-300x300.jpg 300w, https:\/\/studioeditori.com\/zoda\/wp-content\/uploads\/2024\/02\/like-the-look-of-this-150x150.jpg 150w, https:\/\/studioeditori.com\/zoda\/wp-content\/uploads\/2024\/02\/like-the-look-of-this-100x100.jpg 100w\" sizes=\"(max-width: 300px) 100vw, 300px\" \/>\t\t<h2 class=\"woocommerce-loop-category__title\">\n\t\t\tIzdvojeni proizvodi <mark class=\"count\">(4)<\/mark>\t\t<\/h2>\n\t\t<\/a><\/li>\n<li class=\"product-category product last\">\n\t<a aria-label=\"Posjetite kategoriju proizvoda Hotelska kozmetika\" href=\"https:\/\/studioeditori.com\/zoda\/kategorija-proizvoda\/hotelska-kozmetika\/\"><img loading=\"lazy\" decoding=\"async\" src=\"https:\/\/studioeditori.com\/zoda\/wp-content\/uploads\/2024\/02\/maid-preparing-cosmetics-set-in-hotel-room-300x300.jpg\" alt=\"Hotelska kozmetika\" width=\"300\" height=\"300\" srcset=\"https:\/\/studioeditori.com\/zoda\/wp-content\/uploads\/2024\/02\/maid-preparing-cosmetics-set-in-hotel-room-300x300.jpg 300w, https:\/\/studioeditori.com\/zoda\/wp-content\/uploads\/2024\/02\/maid-preparing-cosmetics-set-in-hotel-room-150x150.jpg 150w, https:\/\/studioeditori.com\/zoda\/wp-content\/uploads\/2024\/02\/maid-preparing-cosmetics-set-in-hotel-room-100x100.jpg 100w\" sizes=\"(max-width: 300px) 100vw, 300px\" \/>\t\t<h2 class=\"woocommerce-loop-category__title\">\n\t\t\tHotelska kozmetika <mark class=\"count\">(36)<\/mark>\t\t<\/h2>\n\t\t<\/a><\/li>\n<li class=\"product-category product first\">\n\t<a aria-label=\"Posjetite kategoriju proizvoda \u010detkice za zube\" href=\"https:\/\/studioeditori.com\/zoda\/kategorija-proizvoda\/njega-i-kozmetika\/cetkice-za-zube\/\"><img loading=\"lazy\" decoding=\"async\" src=\"https:\/\/studioeditori.com\/zoda\/wp-content\/uploads\/woocommerce-placeholder-300x300.png\" alt=\"\u010detkice za zube\" width=\"300\" height=\"300\" \/>\t\t<h2 class=\"woocommerce-loop-category__title\">\n\t\t\t\u010detkice za zube <mark class=\"count\">(3)<\/mark>\t\t<\/h2>\n\t\t<\/a><\/li>\n<li class=\"product-category product\">\n\t<a aria-label=\"Posjetite kategoriju proizvoda \u010cetkice\" href=\"https:\/\/studioeditori.com\/zoda\/kategorija-proizvoda\/njega-i-kozmetika\/cetkice\/\"><img loading=\"lazy\" decoding=\"async\" src=\"https:\/\/studioeditori.com\/zoda\/wp-content\/uploads\/2024\/02\/cetkica-300x300.gif\" alt=\"\u010cetkice\" width=\"300\" height=\"300\" srcset=\"https:\/\/studioeditori.com\/zoda\/wp-content\/uploads\/2024\/02\/cetkica-300x300.gif 300w, https:\/\/studioeditori.com\/zoda\/wp-content\/uploads\/2024\/02\/cetkica-150x150.gif 150w, https:\/\/studioeditori.com\/zoda\/wp-content\/uploads\/2024\/02\/cetkica-100x100.gif 100w\" sizes=\"(max-width: 300px) 100vw, 300px\" \/>\t\t<h2 class=\"woocommerce-loop-category__title\">\n\t\t\t\u010cetkice\t\t<\/h2>\n\t\t<\/a><\/li>\n<\/ul>\n<\/div>\t\t<\/div>\n\t\t\t\t<\/div>\n\t\t\t\t\t<\/div>\n\t\t\t\t<\/div>\n\t\t\t\t<\/div>\n\t\t","protected":false},"excerpt":{"rendered":"<p>PREGLED PROIZVODA PO KATEGORIJAMa<\/p>\n","protected":false},"author":1,"featured_media":0,"parent":0,"menu_order":0,"comment_status":"closed","ping_status":"closed","template":"","meta":{"footnotes":""},"class_list":["post-391","page","type-page","status-publish","hentry"],"_links":{"self":[{"href":"https:\/\/studioeditori.com\/zoda\/wp-json\/wp\/v2\/pages\/391","targetHints":{"allow":["GET"]}}],"collection":[{"href":"https:\/\/studioeditori.com\/zoda\/wp-json\/wp\/v2\/pages"}],"about":[{"href":"https:\/\/studioeditori.com\/zoda\/wp-json\/wp\/v2\/types\/page"}],"author":[{"embeddable":true,"href":"https:\/\/studioeditori.com\/zoda\/wp-json\/wp\/v2\/users\/1"}],"replies":[{"embeddable":true,"href":"https:\/\/studioeditori.com\/zoda\/wp-json\/wp\/v2\/comments?post=391"}],"version-history":[{"count":16,"href":"https:\/\/studioeditori.com\/zoda\/wp-json\/wp\/v2\/pages\/391\/revisions"}],"predecessor-version":[{"id":440,"href":"https:\/\/studioeditori.com\/zoda\/wp-json\/wp\/v2\/pages\/391\/revisions\/440"}],"wp:attachment":[{"href":"https:\/\/studioeditori.com\/zoda\/wp-json\/wp\/v2\/media?parent=391"}],"curies":[{"name":"wp","href":"https:\/\/api.w.org\/{rel}","templated":true}]}}