{"id":572,"date":"2024-02-18T16:05:24","date_gmt":"2024-02-18T16:05:24","guid":{"rendered":"https:\/\/studioeditori.com\/zoda\/?page_id=572"},"modified":"2024-02-18T17:57:49","modified_gmt":"2024-02-18T17:57:49","slug":"cetkice","status":"publish","type":"page","link":"https:\/\/studioeditori.com\/zoda\/cetkice\/","title":{"rendered":"\u010cetkice"},"content":{"rendered":"\t\t<div data-elementor-type=\"wp-page\" data-elementor-id=\"572\" class=\"elementor elementor-572\" data-elementor-post-type=\"page\">\n\t\t\t\t\t\t<section class=\"elementor-section elementor-top-section elementor-element elementor-element-31942945 elementor-section-height-min-height elementor-section-content-middle elementor-section-boxed elementor-section-height-default elementor-section-items-middle\" data-id=\"31942945\" data-element_type=\"section\" data-settings=\"{&quot;background_background&quot;:&quot;classic&quot;}\">\n\t\t\t\t\t\t\t<div class=\"elementor-background-overlay\"><\/div>\n\t\t\t\t\t\t\t<div class=\"elementor-container elementor-column-gap-no\">\n\t\t\t\t\t<div class=\"elementor-column elementor-col-100 elementor-top-column elementor-element elementor-element-5813d59e elementor-invisible\" data-id=\"5813d59e\" data-element_type=\"column\" data-settings=\"{&quot;animation&quot;:&quot;fadeInUp&quot;}\">\n\t\t\t<div class=\"elementor-widget-wrap elementor-element-populated\">\n\t\t\t\t\t\t<div class=\"elementor-element elementor-element-2e1e06d4 elementor-icon-list--layout-inline elementor-list-item-link-full_width elementor-widget elementor-widget-icon-list\" data-id=\"2e1e06d4\" data-element_type=\"widget\" data-widget_type=\"icon-list.default\">\n\t\t\t\t<div class=\"elementor-widget-container\">\n\t\t\t<link rel=\"stylesheet\" href=\"https:\/\/studioeditori.com\/zoda\/wp-content\/plugins\/elementor\/assets\/css\/widget-icon-list.min.css\">\t\t<ul class=\"elementor-icon-list-items elementor-inline-items\">\n\t\t\t\t\t\t\t<li class=\"elementor-icon-list-item elementor-inline-item\">\n\t\t\t\t\t\t\t\t\t\t\t<a href=\"#\">\n\n\t\t\t\t\t\t\t\t\t\t\t<span class=\"elementor-icon-list-text\">Home<\/span>\n\t\t\t\t\t\t\t\t\t\t\t<\/a>\n\t\t\t\t\t\t\t\t\t<\/li>\n\t\t\t\t\t\t\t\t<li class=\"elementor-icon-list-item elementor-inline-item\">\n\t\t\t\t\t\t\t\t\t\t\t<a href=\"#\">\n\n\t\t\t\t\t\t\t\t\t\t\t\t<span class=\"elementor-icon-list-icon\">\n\t\t\t\t\t\t\t<svg aria-hidden=\"true\" class=\"e-font-icon-svg e-fas-angle-right\" viewBox=\"0 0 256 512\" xmlns=\"http:\/\/www.w3.org\/2000\/svg\"><path d=\"M224.3 273l-136 136c-9.4 9.4-24.6 9.4-33.9 0l-22.6-22.6c-9.4-9.4-9.4-24.6 0-33.9l96.4-96.4-96.4-96.4c-9.4-9.4-9.4-24.6 0-33.9L54.3 103c9.4-9.4 24.6-9.4 33.9 0l136 136c9.5 9.4 9.5 24.6.1 34z\"><\/path><\/svg>\t\t\t\t\t\t<\/span>\n\t\t\t\t\t\t\t\t\t\t<span class=\"elementor-icon-list-text\"><\/span>\n\t\t\t\t\t\t\t\t\t\t\t<\/a>\n\t\t\t\t\t\t\t\t\t<\/li>\n\t\t\t\t\t\t<\/ul>\n\t\t\t\t<\/div>\n\t\t\t\t<\/div>\n\t\t\t\t\t<\/div>\n\t\t<\/div>\n\t\t\t\t\t<\/div>\n\t\t<\/section>\n\t\t\t\t<section class=\"elementor-section elementor-top-section elementor-element elementor-element-1667fba elementor-section-boxed elementor-section-height-default elementor-section-height-default elementor-invisible\" data-id=\"1667fba\" data-element_type=\"section\" data-settings=\"{&quot;animation&quot;:&quot;fadeInUp&quot;}\">\n\t\t\t\t\t\t<div class=\"elementor-container elementor-column-gap-no\">\n\t\t\t\t\t<div class=\"elementor-column elementor-col-50 elementor-top-column elementor-element elementor-element-fb92e7d\" data-id=\"fb92e7d\" data-element_type=\"column\">\n\t\t\t<div class=\"elementor-widget-wrap elementor-element-populated\">\n\t\t\t\t\t\t<div class=\"elementor-element elementor-element-7a01e0a9 elementor-widget__width-auto elementor-widget elementor-widget-heading\" data-id=\"7a01e0a9\" data-element_type=\"widget\" data-widget_type=\"heading.default\">\n\t\t\t\t<div class=\"elementor-widget-container\">\n\t\t\t<style>\/*! elementor - v3.20.0 - 26-03-2024 *\/\n.elementor-heading-title{padding:0;margin:0;line-height:1}.elementor-widget-heading .elementor-heading-title[class*=elementor-size-]>a{color:inherit;font-size:inherit;line-height:inherit}.elementor-widget-heading .elementor-heading-title.elementor-size-small{font-size:15px}.elementor-widget-heading .elementor-heading-title.elementor-size-medium{font-size:19px}.elementor-widget-heading .elementor-heading-title.elementor-size-large{font-size:29px}.elementor-widget-heading .elementor-heading-title.elementor-size-xl{font-size:39px}.elementor-widget-heading .elementor-heading-title.elementor-size-xxl{font-size:59px}<\/style><span class=\"elementor-heading-title elementor-size-default\">Bbrite<\/span>\t\t<\/div>\n\t\t\t\t<\/div>\n\t\t\t\t<div class=\"elementor-element elementor-element-772d2b1a elementor-widget elementor-widget-heading\" data-id=\"772d2b1a\" data-element_type=\"widget\" data-widget_type=\"heading.default\">\n\t\t\t\t<div class=\"elementor-widget-container\">\n\t\t\t<h2 class=\"elementor-heading-title elementor-size-default\">\u010cetkice s mjera\u010dem vremena<\/h2>\t\t<\/div>\n\t\t\t\t<\/div>\n\t\t\t\t<div class=\"elementor-element elementor-element-2035eac6 elementor-widget elementor-widget-heading\" data-id=\"2035eac6\" data-element_type=\"widget\" data-widget_type=\"heading.default\">\n\t\t\t\t<div class=\"elementor-widget-container\">\n\t\t\t<h6 class=\"elementor-heading-title elementor-size-default\">Dizajnirano\nda se nau\u010di djecu koliko dugo moraju prati zube. Ova \u010detkica na<\/h6>\t\t<\/div>\n\t\t\t\t<\/div>\n\t\t\t\t<div class=\"elementor-element elementor-element-314d0dec elementor-widget elementor-widget-text-editor\" data-id=\"314d0dec\" data-element_type=\"widget\" data-widget_type=\"text-editor.default\">\n\t\t\t\t<div class=\"elementor-widget-container\">\n\t\t\t<style>\/*! elementor - v3.20.0 - 26-03-2024 *\/\n.elementor-widget-text-editor.elementor-drop-cap-view-stacked .elementor-drop-cap{background-color:#69727d;color:#fff}.elementor-widget-text-editor.elementor-drop-cap-view-framed .elementor-drop-cap{color:#69727d;border:3px solid;background-color:transparent}.elementor-widget-text-editor:not(.elementor-drop-cap-view-default) .elementor-drop-cap{margin-top:8px}.elementor-widget-text-editor:not(.elementor-drop-cap-view-default) .elementor-drop-cap-letter{width:1em;height:1em}.elementor-widget-text-editor .elementor-drop-cap{float:left;text-align:center;line-height:1;font-size:50px}.elementor-widget-text-editor .elementor-drop-cap-letter{display:inline-block}<\/style>\t\t\t\t<p>Ova \u010detkica na tajmer treperi 2 minute. Pritisnite tipku za aktivirati. Automatski se gasi. Baterije su uklju\u010dene u proizvodi i nezamjenjive.<\/p><p>\u010cini \u010detkanje zabavnim dijelom dnevne rutine! Ergonomski dizajnirana ru\u010dka za bolju kontrolu. Na kraju zaobljene Tynex\u00ae \u010dekinje od DuPonta\u2122. Zubari preporu\u010duju mijenjanje va\u0161e \u010detkice svako 3 mjeseca.<\/p><p>Nadzirite \u010detkanje kako bi osigurali pravilnu tehniku \u010detkanja. Nemojte \u017evakati \u010dekinje. Samo za \u010detkanje zubi. Ova \u010detkica za zube nije igra\u010dka i uvijek se treba koristiti uz nadzor.\u00a0<\/p>\t\t\t\t\t\t<\/div>\n\t\t\t\t<\/div>\n\t\t\t\t\t<\/div>\n\t\t<\/div>\n\t\t\t\t<div class=\"elementor-column elementor-col-50 elementor-top-column elementor-element elementor-element-28ccee51\" data-id=\"28ccee51\" data-element_type=\"column\">\n\t\t\t<div class=\"elementor-widget-wrap elementor-element-populated\">\n\t\t\t\t\t\t<div class=\"elementor-element elementor-element-5018010 elementor-widget elementor-widget-video\" data-id=\"5018010\" data-element_type=\"widget\" data-settings=\"{&quot;youtube_url&quot;:&quot;https:\\\/\\\/youtu.be\\\/eqXYI6J9oJs?feature=shared&quot;,&quot;autoplay&quot;:&quot;yes&quot;,&quot;video_type&quot;:&quot;youtube&quot;,&quot;controls&quot;:&quot;yes&quot;}\" data-widget_type=\"video.default\">\n\t\t\t\t<div class=\"elementor-widget-container\">\n\t\t\t<style>\/*! elementor - v3.20.0 - 26-03-2024 *\/\n.elementor-widget-video .elementor-widget-container{overflow:hidden;transform:translateZ(0)}.elementor-widget-video .elementor-wrapper{aspect-ratio:var(--video-aspect-ratio)}.elementor-widget-video .elementor-wrapper iframe,.elementor-widget-video .elementor-wrapper video{height:100%;width:100%;display:flex;border:none;background-color:#000}@supports not (aspect-ratio:1\/1){.elementor-widget-video .elementor-wrapper{position:relative;overflow:hidden;height:0;padding-bottom:calc(100% \/ var(--video-aspect-ratio))}.elementor-widget-video .elementor-wrapper iframe,.elementor-widget-video .elementor-wrapper video{position:absolute;top:0;right:0;bottom:0;left:0}}.elementor-widget-video .elementor-open-inline .elementor-custom-embed-image-overlay{position:absolute;top:0;right:0;bottom:0;left:0;background-size:cover;background-position:50%}.elementor-widget-video .elementor-custom-embed-image-overlay{cursor:pointer;text-align:center}.elementor-widget-video .elementor-custom-embed-image-overlay:hover .elementor-custom-embed-play i{opacity:1}.elementor-widget-video .elementor-custom-embed-image-overlay img{display:block;width:100%;aspect-ratio:var(--video-aspect-ratio);-o-object-fit:cover;object-fit:cover;-o-object-position:center center;object-position:center center}@supports not (aspect-ratio:1\/1){.elementor-widget-video .elementor-custom-embed-image-overlay{position:relative;overflow:hidden;height:0;padding-bottom:calc(100% \/ var(--video-aspect-ratio))}.elementor-widget-video .elementor-custom-embed-image-overlay img{position:absolute;top:0;right:0;bottom:0;left:0}}.elementor-widget-video .e-hosted-video .elementor-video{-o-object-fit:cover;object-fit:cover}.e-con-inner>.elementor-widget-video,.e-con>.elementor-widget-video{width:var(--container-widget-width);--flex-grow:var(--container-widget-flex-grow)}<\/style>\t\t<div class=\"elementor-wrapper elementor-open-inline\">\n\t\t\t<div class=\"elementor-video\"><\/div>\t\t<\/div>\n\t\t\t\t<\/div>\n\t\t\t\t<\/div>\n\t\t\t\t\t<\/div>\n\t\t<\/div>\n\t\t\t\t\t<\/div>\n\t\t<\/section>\n\t\t\t\t<section class=\"elementor-section elementor-top-section elementor-element elementor-element-54532cc6 elementor-section-boxed elementor-section-height-default elementor-section-height-default\" data-id=\"54532cc6\" data-element_type=\"section\">\n\t\t\t\t\t\t<div class=\"elementor-container elementor-column-gap-no\">\n\t\t\t\t\t<div class=\"elementor-column elementor-col-100 elementor-top-column elementor-element elementor-element-4c1fd611\" data-id=\"4c1fd611\" data-element_type=\"column\">\n\t\t\t<div class=\"elementor-widget-wrap elementor-element-populated\">\n\t\t\t\t\t\t<div class=\"elementor-element elementor-element-5872027 elementor-grid-4 elementor-grid-tablet-3 elementor-grid-mobile-2 elementor-products-grid elementor-wc-products elementor-widget elementor-widget-woocommerce-products\" data-id=\"5872027\" data-element_type=\"widget\" data-widget_type=\"woocommerce-products.default\">\n\t\t\t\t<div class=\"elementor-widget-container\">\n\t\t\t<link rel=\"stylesheet\" href=\"https:\/\/studioeditori.com\/zoda\/wp-content\/plugins\/elementor-pro\/assets\/css\/widget-woocommerce.min.css\"><div class=\"woocommerce columns-4 \"><ul class=\"products elementor-grid columns-4\">\n<li class=\"product type-product post-614 status-publish first instock product_cat-cetkice-za-zube has-post-thumbnail shipping-taxable purchasable product-type-simple\">\n\t<a href=\"https:\/\/studioeditori.com\/zoda\/proizvod\/cetkica-za-zube-morski-pas\/\" class=\"woocommerce-LoopProduct-link woocommerce-loop-product__link\"><img fetchpriority=\"high\" decoding=\"async\" width=\"300\" height=\"300\" src=\"https:\/\/studioeditori.com\/zoda\/wp-content\/uploads\/2024\/02\/cetkica4-300x300.jpg\" class=\"attachment-woocommerce_thumbnail size-woocommerce_thumbnail\" alt=\"\u010detkica za zube - morski pas\" srcset=\"https:\/\/studioeditori.com\/zoda\/wp-content\/uploads\/2024\/02\/cetkica4-300x300.jpg 300w, https:\/\/studioeditori.com\/zoda\/wp-content\/uploads\/2024\/02\/cetkica4-150x150.jpg 150w, https:\/\/studioeditori.com\/zoda\/wp-content\/uploads\/2024\/02\/cetkica4-768x768.jpg 768w, https:\/\/studioeditori.com\/zoda\/wp-content\/uploads\/2024\/02\/cetkica4-600x600.jpg 600w, https:\/\/studioeditori.com\/zoda\/wp-content\/uploads\/2024\/02\/cetkica4-100x100.jpg 100w, https:\/\/studioeditori.com\/zoda\/wp-content\/uploads\/2024\/02\/cetkica4.jpg 1000w\" sizes=\"(max-width: 300px) 100vw, 300px\" \/><h2 class=\"woocommerce-loop-product__title\">\u010detkica za zube &#8211; morski pas<\/h2>\n<\/a><a href=\"\/zoda\/wp-json\/wp\/v2\/pages\/572?add-to-cart=614\" aria-describedby=\"woocommerce_loop_add_to_cart_link_describedby_614\" data-quantity=\"1\" class=\"button product_type_simple add_to_cart_button ajax_add_to_cart\" data-product_id=\"614\" data-product_sku=\"cetkica-za-zube-morski-pas\" aria-label=\"Dodaj u ko\u0161aricu: &ldquo;\u010detkica za zube - morski pas&rdquo;\" rel=\"nofollow\" data-success_message=\"&quot;\u010detkica za zube - morski pas&quot; je dodan u va\u0161u ko\u0161aricu\" role=\"button\">Dodaj u ko\u0161aricu<\/a>\t<span id=\"woocommerce_loop_add_to_cart_link_describedby_614\" class=\"screen-reader-text\">\n\t\t\t<\/span>\n<\/li>\n<li class=\"product type-product post-609 status-publish instock product_cat-cetkice-za-zube has-post-thumbnail shipping-taxable purchasable product-type-simple\">\n\t<a href=\"https:\/\/studioeditori.com\/zoda\/proizvod\/cetkica-za-zube\/\" class=\"woocommerce-LoopProduct-link woocommerce-loop-product__link\"><img decoding=\"async\" width=\"300\" height=\"300\" src=\"https:\/\/studioeditori.com\/zoda\/wp-content\/uploads\/2024\/02\/cetkica2-300x300.jpg\" class=\"attachment-woocommerce_thumbnail size-woocommerce_thumbnail\" alt=\"\u010cetkica za zube - majmun\u010di\u0107\" srcset=\"https:\/\/studioeditori.com\/zoda\/wp-content\/uploads\/2024\/02\/cetkica2-300x300.jpg 300w, https:\/\/studioeditori.com\/zoda\/wp-content\/uploads\/2024\/02\/cetkica2-150x150.jpg 150w, https:\/\/studioeditori.com\/zoda\/wp-content\/uploads\/2024\/02\/cetkica2-768x768.jpg 768w, https:\/\/studioeditori.com\/zoda\/wp-content\/uploads\/2024\/02\/cetkica2-600x600.jpg 600w, https:\/\/studioeditori.com\/zoda\/wp-content\/uploads\/2024\/02\/cetkica2-100x100.jpg 100w, https:\/\/studioeditori.com\/zoda\/wp-content\/uploads\/2024\/02\/cetkica2.jpg 1000w\" sizes=\"(max-width: 300px) 100vw, 300px\" \/><h2 class=\"woocommerce-loop-product__title\">\u010cetkica za zube &#8211; majmun\u010di\u0107<\/h2>\n<\/a><a href=\"\/zoda\/wp-json\/wp\/v2\/pages\/572?add-to-cart=609\" aria-describedby=\"woocommerce_loop_add_to_cart_link_describedby_609\" data-quantity=\"1\" class=\"button product_type_simple add_to_cart_button ajax_add_to_cart\" data-product_id=\"609\" data-product_sku=\"cetkica-za-zube\" aria-label=\"Dodaj u ko\u0161aricu: &ldquo;\u010cetkica za zube - majmun\u010di\u0107&rdquo;\" rel=\"nofollow\" data-success_message=\"&quot;\u010cetkica za zube - majmun\u010di\u0107&quot; je dodan u va\u0161u ko\u0161aricu\" role=\"button\">Dodaj u ko\u0161aricu<\/a>\t<span id=\"woocommerce_loop_add_to_cart_link_describedby_609\" class=\"screen-reader-text\">\n\t\t\t<\/span>\n<\/li>\n<li class=\"product type-product post-592 status-publish instock product_cat-cetkice-za-zube product_cat-ostalo has-post-thumbnail shipping-taxable purchasable product-type-simple\">\n\t<a href=\"https:\/\/studioeditori.com\/zoda\/proizvod\/cetkica-lav\/\" class=\"woocommerce-LoopProduct-link woocommerce-loop-product__link\"><img decoding=\"async\" width=\"300\" height=\"300\" src=\"https:\/\/studioeditori.com\/zoda\/wp-content\/uploads\/2024\/02\/cetkica1-300x300.jpg\" class=\"attachment-woocommerce_thumbnail size-woocommerce_thumbnail\" alt=\"\u010cetkica lav\" srcset=\"https:\/\/studioeditori.com\/zoda\/wp-content\/uploads\/2024\/02\/cetkica1-300x300.jpg 300w, https:\/\/studioeditori.com\/zoda\/wp-content\/uploads\/2024\/02\/cetkica1-150x150.jpg 150w, https:\/\/studioeditori.com\/zoda\/wp-content\/uploads\/2024\/02\/cetkica1-768x768.jpg 768w, https:\/\/studioeditori.com\/zoda\/wp-content\/uploads\/2024\/02\/cetkica1-600x600.jpg 600w, https:\/\/studioeditori.com\/zoda\/wp-content\/uploads\/2024\/02\/cetkica1-100x100.jpg 100w, https:\/\/studioeditori.com\/zoda\/wp-content\/uploads\/2024\/02\/cetkica1.jpg 1000w\" sizes=\"(max-width: 300px) 100vw, 300px\" \/><h2 class=\"woocommerce-loop-product__title\">\u010cetkica lav<\/h2>\n<\/a><a href=\"\/zoda\/wp-json\/wp\/v2\/pages\/572?add-to-cart=592\" aria-describedby=\"woocommerce_loop_add_to_cart_link_describedby_592\" data-quantity=\"1\" class=\"button product_type_simple add_to_cart_button ajax_add_to_cart\" data-product_id=\"592\" data-product_sku=\"cetkica-lav\" aria-label=\"Dodaj u ko\u0161aricu: &ldquo;\u010cetkica lav&rdquo;\" rel=\"nofollow\" data-success_message=\"&quot;\u010cetkica lav&quot; je dodan u va\u0161u ko\u0161aricu\" role=\"button\">Dodaj u ko\u0161aricu<\/a>\t<span id=\"woocommerce_loop_add_to_cart_link_describedby_592\" class=\"screen-reader-text\">\n\t\t\t<\/span>\n<\/li>\n<\/ul>\n<\/div>\t\t<\/div>\n\t\t\t\t<\/div>\n\t\t\t\t\t<\/div>\n\t\t<\/div>\n\t\t\t\t\t<\/div>\n\t\t<\/section>\n\t\t\t\t<\/div>\n\t\t","protected":false},"excerpt":{"rendered":"<p>Home Bbrite \u010cetkice s mjera\u010dem vremena Dizajnirano da se nau\u010di djecu koliko dugo moraju prati zube. Ova \u010detkica na Ova \u010detkica na tajmer treperi 2 minute. Pritisnite tipku za aktivirati. Automatski se gasi. Baterije su uklju\u010dene u proizvodi i nezamjenjive. \u010cini \u010detkanje zabavnim dijelom dnevne rutine! Ergonomski dizajnirana ru\u010dka za bolju kontrolu. Na kraju zaobljene [&hellip;]<\/p>\n","protected":false},"author":1,"featured_media":0,"parent":0,"menu_order":0,"comment_status":"closed","ping_status":"closed","template":"elementor_header_footer","meta":{"footnotes":""},"class_list":["post-572","page","type-page","status-publish","hentry"],"_links":{"self":[{"href":"https:\/\/studioeditori.com\/zoda\/wp-json\/wp\/v2\/pages\/572","targetHints":{"allow":["GET"]}}],"collection":[{"href":"https:\/\/studioeditori.com\/zoda\/wp-json\/wp\/v2\/pages"}],"about":[{"href":"https:\/\/studioeditori.com\/zoda\/wp-json\/wp\/v2\/types\/page"}],"author":[{"embeddable":true,"href":"https:\/\/studioeditori.com\/zoda\/wp-json\/wp\/v2\/users\/1"}],"replies":[{"embeddable":true,"href":"https:\/\/studioeditori.com\/zoda\/wp-json\/wp\/v2\/comments?post=572"}],"version-history":[{"count":20,"href":"https:\/\/studioeditori.com\/zoda\/wp-json\/wp\/v2\/pages\/572\/revisions"}],"predecessor-version":[{"id":619,"href":"https:\/\/studioeditori.com\/zoda\/wp-json\/wp\/v2\/pages\/572\/revisions\/619"}],"wp:attachment":[{"href":"https:\/\/studioeditori.com\/zoda\/wp-json\/wp\/v2\/media?parent=572"}],"curies":[{"name":"wp","href":"https:\/\/api.w.org\/{rel}","templated":true}]}}