{"id":151,"date":"2024-01-24T12:49:06","date_gmt":"2024-01-24T12:49:06","guid":{"rendered":"https:\/\/studioeditori.com\/zoda\/?post_type=product&#038;p=151"},"modified":"2024-02-19T16:13:32","modified_gmt":"2024-02-19T16:13:32","slug":"bebi-vl-mar-cream-72-1","status":"publish","type":"product","link":"https:\/\/studioeditori.com\/zoda\/proizvod\/bebi-vl-mar-cream-72-1\/","title":{"rendered":"BEBI VLa\u017ena maramica CREAM 72\/1"},"content":{"rendered":"<p><b>Vla\u017ene maramice Bebi cream dermatolo\u0161ki su testirane nje\u017eno \u010diste i njeguju bebinu ko\u017eu. <\/b><\/p>\n<p><b>Iznimno su mekane i nje\u017ene.<\/b><\/p>\n<p><b>Bez parabena ia alkohola. <\/b><\/p>\n<p><b>72\/1<\/b><\/p>\n","protected":false},"excerpt":{"rendered":"<p>Vla\u017ene maramice Bebi cream dermatolo\u0161ki su testirane nje\u017eno \u010diste i njeguju bebinu ko\u017eu. Iznimno su mekane i nje\u017ene. Bez parabena ia alkohola. 72\/1<\/p>\n","protected":false},"featured_media":332,"comment_status":"open","ping_status":"closed","template":"","meta":[],"product_brand":[],"product_cat":[34,26],"product_tag":[],"class_list":{"0":"post-151","1":"product","2":"type-product","3":"status-publish","4":"has-post-thumbnail","6":"product_cat-akcija","7":"product_cat-vlazne-maramice","9":"first","10":"instock","11":"shipping-taxable","12":"purchasable","13":"product-type-simple"},"_links":{"self":[{"href":"https:\/\/studioeditori.com\/zoda\/wp-json\/wp\/v2\/product\/151","targetHints":{"allow":["GET"]}}],"collection":[{"href":"https:\/\/studioeditori.com\/zoda\/wp-json\/wp\/v2\/product"}],"about":[{"href":"https:\/\/studioeditori.com\/zoda\/wp-json\/wp\/v2\/types\/product"}],"replies":[{"embeddable":true,"href":"https:\/\/studioeditori.com\/zoda\/wp-json\/wp\/v2\/comments?post=151"}],"wp:featuredmedia":[{"embeddable":true,"href":"https:\/\/studioeditori.com\/zoda\/wp-json\/wp\/v2\/media\/332"}],"wp:attachment":[{"href":"https:\/\/studioeditori.com\/zoda\/wp-json\/wp\/v2\/media?parent=151"}],"wp:term":[{"taxonomy":"product_brand","embeddable":true,"href":"https:\/\/studioeditori.com\/zoda\/wp-json\/wp\/v2\/product_brand?post=151"},{"taxonomy":"product_cat","embeddable":true,"href":"https:\/\/studioeditori.com\/zoda\/wp-json\/wp\/v2\/product_cat?post=151"},{"taxonomy":"product_tag","embeddable":true,"href":"https:\/\/studioeditori.com\/zoda\/wp-json\/wp\/v2\/product_tag?post=151"}],"curies":[{"name":"wp","href":"https:\/\/api.w.org\/{rel}","templated":true}]}}