{"id":255,"date":"2024-02-01T09:42:36","date_gmt":"2024-02-01T09:42:36","guid":{"rendered":"https:\/\/studioeditori.com\/zoda\/?post_type=product&#038;p=255"},"modified":"2024-02-19T16:12:26","modified_gmt":"2024-02-19T16:12:26","slug":"happy-vlazne-maramice-kamilica-102-1","status":"publish","type":"product","link":"https:\/\/studioeditori.com\/zoda\/proizvod\/happy-vlazne-maramice-kamilica-102-1\/","title":{"rendered":"HAPPY vla\u017ene maramice kamilica 102\/1"},"content":{"rendered":"<p><b>Happy vla\u017ene maramice sa ekstraktom kamilice-Namijenjene su za \u010di\u0161\u010denje i njegu ko\u017ee. Posebno su meke i imaju veliku mo\u0107 upijanja.<span class=\"Apple-converted-space\">\u00a0 <\/span>Kamilica pru\u017ea za\u0161titu nje\u017enoj ko\u017ei, dok vla\u017ene maramice istovremeno \u010diste i osiguravaju vla\u017enost. Dermatolo\u0161ki su testirane i ne sadr\u017ee paraben i alkohol. 102\/1<\/b><\/p>\n","protected":false},"excerpt":{"rendered":"<p>Happy vla\u017ene maramice sa ekstraktom kamilice-Namijenjene su za \u010di\u0161\u010denje i njegu ko\u017ee. Posebno su meke i imaju veliku mo\u0107 upijanja.\u00a0 Kamilica pru\u017ea za\u0161titu nje\u017enoj ko\u017ei, dok vla\u017ene maramice istovremeno \u010diste i osiguravaju vla\u017enost. Dermatolo\u0161ki su testirane i ne sadr\u017ee paraben i alkohol. 102\/1<\/p>\n","protected":false},"featured_media":187,"comment_status":"open","ping_status":"closed","template":"","meta":[],"product_brand":[],"product_cat":[27,26],"product_tag":[],"class_list":{"0":"post-255","1":"product","2":"type-product","3":"status-publish","4":"has-post-thumbnail","6":"product_cat-njega-i-kozmetika","7":"product_cat-vlazne-maramice","9":"first","10":"instock","11":"shipping-taxable","12":"purchasable","13":"product-type-simple"},"_links":{"self":[{"href":"https:\/\/studioeditori.com\/zoda\/wp-json\/wp\/v2\/product\/255","targetHints":{"allow":["GET"]}}],"collection":[{"href":"https:\/\/studioeditori.com\/zoda\/wp-json\/wp\/v2\/product"}],"about":[{"href":"https:\/\/studioeditori.com\/zoda\/wp-json\/wp\/v2\/types\/product"}],"replies":[{"embeddable":true,"href":"https:\/\/studioeditori.com\/zoda\/wp-json\/wp\/v2\/comments?post=255"}],"wp:featuredmedia":[{"embeddable":true,"href":"https:\/\/studioeditori.com\/zoda\/wp-json\/wp\/v2\/media\/187"}],"wp:attachment":[{"href":"https:\/\/studioeditori.com\/zoda\/wp-json\/wp\/v2\/media?parent=255"}],"wp:term":[{"taxonomy":"product_brand","embeddable":true,"href":"https:\/\/studioeditori.com\/zoda\/wp-json\/wp\/v2\/product_brand?post=255"},{"taxonomy":"product_cat","embeddable":true,"href":"https:\/\/studioeditori.com\/zoda\/wp-json\/wp\/v2\/product_cat?post=255"},{"taxonomy":"product_tag","embeddable":true,"href":"https:\/\/studioeditori.com\/zoda\/wp-json\/wp\/v2\/product_tag?post=255"}],"curies":[{"name":"wp","href":"https:\/\/api.w.org\/{rel}","templated":true}]}}