{"id":257,"date":"2024-02-01T09:46:05","date_gmt":"2024-02-01T09:46:05","guid":{"rendered":"https:\/\/studioeditori.com\/zoda\/?post_type=product&#038;p=257"},"modified":"2024-02-19T16:11:48","modified_gmt":"2024-02-19T16:11:48","slug":"happy-vlazne-maramice-aloe-vera-72-1","status":"publish","type":"product","link":"https:\/\/studioeditori.com\/zoda\/proizvod\/happy-vlazne-maramice-aloe-vera-72-1\/","title":{"rendered":"HAPPY Vla\u017ene maramice aloe vera 72\/1"},"content":{"rendered":"<p><b>Happy vla\u017ene maramice sa ekstraktom aloe vere-Namijenjene su za \u010di\u0161\u010denje i njegu ko\u017ee. Posebno su meke i imaju veliku mo\u0107 upijanja. Dermatolo\u0161ki su testirane i ne sadr\u017ee paraben i alkohol. 72\/1<\/b><\/p>\n<p>&nbsp;<\/p>\n","protected":false},"excerpt":{"rendered":"<p>Happy vla\u017ene maramice sa ekstraktom aloe vere-Namijenjene su za \u010di\u0161\u010denje i njegu ko\u017ee. Posebno su meke i imaju veliku mo\u0107 upijanja. Dermatolo\u0161ki su testirane i ne sadr\u017ee paraben i alkohol. 72\/1 &nbsp;<\/p>\n","protected":false},"featured_media":183,"comment_status":"open","ping_status":"closed","template":"","meta":[],"product_brand":[],"product_cat":[27,26],"product_tag":[],"class_list":{"0":"post-257","1":"product","2":"type-product","3":"status-publish","4":"has-post-thumbnail","6":"product_cat-njega-i-kozmetika","7":"product_cat-vlazne-maramice","9":"first","10":"instock","11":"shipping-taxable","12":"purchasable","13":"product-type-simple"},"_links":{"self":[{"href":"https:\/\/studioeditori.com\/zoda\/wp-json\/wp\/v2\/product\/257","targetHints":{"allow":["GET"]}}],"collection":[{"href":"https:\/\/studioeditori.com\/zoda\/wp-json\/wp\/v2\/product"}],"about":[{"href":"https:\/\/studioeditori.com\/zoda\/wp-json\/wp\/v2\/types\/product"}],"replies":[{"embeddable":true,"href":"https:\/\/studioeditori.com\/zoda\/wp-json\/wp\/v2\/comments?post=257"}],"wp:featuredmedia":[{"embeddable":true,"href":"https:\/\/studioeditori.com\/zoda\/wp-json\/wp\/v2\/media\/183"}],"wp:attachment":[{"href":"https:\/\/studioeditori.com\/zoda\/wp-json\/wp\/v2\/media?parent=257"}],"wp:term":[{"taxonomy":"product_brand","embeddable":true,"href":"https:\/\/studioeditori.com\/zoda\/wp-json\/wp\/v2\/product_brand?post=257"},{"taxonomy":"product_cat","embeddable":true,"href":"https:\/\/studioeditori.com\/zoda\/wp-json\/wp\/v2\/product_cat?post=257"},{"taxonomy":"product_tag","embeddable":true,"href":"https:\/\/studioeditori.com\/zoda\/wp-json\/wp\/v2\/product_tag?post=257"}],"curies":[{"name":"wp","href":"https:\/\/api.w.org\/{rel}","templated":true}]}}