{"id":260,"date":"2024-02-01T09:48:33","date_gmt":"2024-02-01T09:48:33","guid":{"rendered":"https:\/\/studioeditori.com\/zoda\/?post_type=product&#038;p=260"},"modified":"2024-02-19T16:07:47","modified_gmt":"2024-02-19T16:07:47","slug":"my-hero-lavanda-vlazna-maramica-50-1","status":"publish","type":"product","link":"https:\/\/studioeditori.com\/zoda\/proizvod\/my-hero-lavanda-vlazna-maramica-50-1\/","title":{"rendered":"MY HERO LAVANDA VLa\u017ena maramica 50\/1"},"content":{"rendered":"<p><b>MyHero universal vla\u017ene maramice sa mirisom<span class=\"Apple-converted-space\">\u00a0 <\/span>lavande namijenjene su za \u010di\u0161\u0107enje svih perivih povr\u0161ina u ku\u0107anstvu, ostavljaju\u0107i svje\u017e i umiruju\u0107i miris. Nije pogodno za ekrane i tkanine. Nakon upotrebe nije potrebno povr\u0161ine dodatno brisati ni ispirati.50\/1<\/b><\/p>\n","protected":false},"excerpt":{"rendered":"<p>MyHero universal vla\u017ene maramice sa mirisom\u00a0 lavande namijenjene su za \u010di\u0161\u0107enje svih perivih povr\u0161ina u ku\u0107anstvu, ostavljaju\u0107i svje\u017e i umiruju\u0107i miris. Nije pogodno za ekrane i tkanine. Nakon upotrebe nije potrebno povr\u0161ine dodatno brisati ni ispirati.50\/1<\/p>\n","protected":false},"featured_media":252,"comment_status":"open","ping_status":"closed","template":"","meta":[],"product_brand":[],"product_cat":[33,27,26],"product_tag":[],"class_list":{"0":"post-260","1":"product","2":"type-product","3":"status-publish","4":"has-post-thumbnail","6":"product_cat-izdvojeni-proizvodi","7":"product_cat-njega-i-kozmetika","8":"product_cat-vlazne-maramice","10":"first","11":"instock","12":"shipping-taxable","13":"purchasable","14":"product-type-simple"},"_links":{"self":[{"href":"https:\/\/studioeditori.com\/zoda\/wp-json\/wp\/v2\/product\/260","targetHints":{"allow":["GET"]}}],"collection":[{"href":"https:\/\/studioeditori.com\/zoda\/wp-json\/wp\/v2\/product"}],"about":[{"href":"https:\/\/studioeditori.com\/zoda\/wp-json\/wp\/v2\/types\/product"}],"replies":[{"embeddable":true,"href":"https:\/\/studioeditori.com\/zoda\/wp-json\/wp\/v2\/comments?post=260"}],"wp:featuredmedia":[{"embeddable":true,"href":"https:\/\/studioeditori.com\/zoda\/wp-json\/wp\/v2\/media\/252"}],"wp:attachment":[{"href":"https:\/\/studioeditori.com\/zoda\/wp-json\/wp\/v2\/media?parent=260"}],"wp:term":[{"taxonomy":"product_brand","embeddable":true,"href":"https:\/\/studioeditori.com\/zoda\/wp-json\/wp\/v2\/product_brand?post=260"},{"taxonomy":"product_cat","embeddable":true,"href":"https:\/\/studioeditori.com\/zoda\/wp-json\/wp\/v2\/product_cat?post=260"},{"taxonomy":"product_tag","embeddable":true,"href":"https:\/\/studioeditori.com\/zoda\/wp-json\/wp\/v2\/product_tag?post=260"}],"curies":[{"name":"wp","href":"https:\/\/api.w.org\/{rel}","templated":true}]}}