{"id":261,"date":"2024-02-01T10:04:13","date_gmt":"2024-02-01T10:04:13","guid":{"rendered":"https:\/\/studioeditori.com\/zoda\/?post_type=product&#038;p=261"},"modified":"2024-02-19T16:07:25","modified_gmt":"2024-02-19T16:07:25","slug":"my-hero-drvo-vlazna-maramica-50-1","status":"publish","type":"product","link":"https:\/\/studioeditori.com\/zoda\/proizvod\/my-hero-drvo-vlazna-maramica-50-1\/","title":{"rendered":"MY HERO drvo VLa\u017ena maramica 50\/1"},"content":{"rendered":"<p><b>MyHero furniture- vla\u017ene maramice za drvo-njeguje drvene povr\u0161ine i vra\u0107a im sjaj. Nakon upotrebe nije potrebno pov\u0161ine dodatno brisati ni ispirati. 50\/1<\/b><\/p>\n","protected":false},"excerpt":{"rendered":"<p>MyHero furniture- vla\u017ene maramice za drvo-njeguje drvene povr\u0161ine i vra\u0107a im sjaj. Nakon upotrebe nije potrebno pov\u0161ine dodatno brisati ni ispirati. 50\/1<\/p>\n","protected":false},"featured_media":254,"comment_status":"open","ping_status":"closed","template":"","meta":[],"product_brand":[],"product_cat":[34,27,26],"product_tag":[],"class_list":{"0":"post-261","1":"product","2":"type-product","3":"status-publish","4":"has-post-thumbnail","6":"product_cat-akcija","7":"product_cat-njega-i-kozmetika","8":"product_cat-vlazne-maramice","10":"first","11":"instock","12":"shipping-taxable","13":"purchasable","14":"product-type-simple"},"_links":{"self":[{"href":"https:\/\/studioeditori.com\/zoda\/wp-json\/wp\/v2\/product\/261","targetHints":{"allow":["GET"]}}],"collection":[{"href":"https:\/\/studioeditori.com\/zoda\/wp-json\/wp\/v2\/product"}],"about":[{"href":"https:\/\/studioeditori.com\/zoda\/wp-json\/wp\/v2\/types\/product"}],"replies":[{"embeddable":true,"href":"https:\/\/studioeditori.com\/zoda\/wp-json\/wp\/v2\/comments?post=261"}],"wp:featuredmedia":[{"embeddable":true,"href":"https:\/\/studioeditori.com\/zoda\/wp-json\/wp\/v2\/media\/254"}],"wp:attachment":[{"href":"https:\/\/studioeditori.com\/zoda\/wp-json\/wp\/v2\/media?parent=261"}],"wp:term":[{"taxonomy":"product_brand","embeddable":true,"href":"https:\/\/studioeditori.com\/zoda\/wp-json\/wp\/v2\/product_brand?post=261"},{"taxonomy":"product_cat","embeddable":true,"href":"https:\/\/studioeditori.com\/zoda\/wp-json\/wp\/v2\/product_cat?post=261"},{"taxonomy":"product_tag","embeddable":true,"href":"https:\/\/studioeditori.com\/zoda\/wp-json\/wp\/v2\/product_tag?post=261"}],"curies":[{"name":"wp","href":"https:\/\/api.w.org\/{rel}","templated":true}]}}