{"id":262,"date":"2024-02-01T10:06:57","date_gmt":"2024-02-01T10:06:57","guid":{"rendered":"https:\/\/studioeditori.com\/zoda\/?post_type=product&#038;p=262"},"modified":"2024-02-19T08:52:58","modified_gmt":"2024-02-19T08:52:58","slug":"clean-bath-sredstvo-za-ciscenje-kupaonice-i-sanitarija-750ml","status":"publish","type":"product","link":"https:\/\/studioeditori.com\/zoda\/proizvod\/clean-bath-sredstvo-za-ciscenje-kupaonice-i-sanitarija-750ml\/","title":{"rendered":"Clean bath sredstvo za \u010di\u0161\u0107enje kupaonice i sanitarija, 750ml"},"content":{"rendered":"<p><b>Proizvod je namjenjen za svakodnevno odr\u017eavanje i \u010di\u0161\u0107enje kupaonica i sanitarija. Pogodno za razne povr\u0161ine: kerami\u010dke, zidne i podne plo\u010dice, umivaonike, kade, tu\u0161 kabine i ostale povr\u0161ine od kroma, nehr\u0111aju\u0107eg \u010delika, akril plastike. Posjeduje odli\u010dnu sposobnost otklanjanja bakterija i ostalih ne\u010disto\u0107a. Sredstvo je namijenjeno za op\u0107u i profesionalnu upotrebu. Pakiranja mogu\u0107a: 750ml, 5 l ili 10l<\/b><\/p>\n","protected":false},"excerpt":{"rendered":"<p>Proizvod je namjenjen za svakodnevno odr\u017eavanje i \u010di\u0161\u0107enje kupaonica i sanitarija. Pogodno za razne povr\u0161ine: kerami\u010dke, zidne i podne plo\u010dice, umivaonike, kade, tu\u0161 kabine i ostale povr\u0161ine od kroma, nehr\u0111aju\u0107eg \u010delika, akril plastike. Posjeduje odli\u010dnu sposobnost otklanjanja bakterija i ostalih ne\u010disto\u0107a. Sredstvo je namijenjeno za op\u0107u i profesionalnu upotrebu. Pakiranja mogu\u0107a: 750ml, 5 l ili [&hellip;]<\/p>\n","protected":false},"featured_media":239,"comment_status":"open","ping_status":"closed","template":"","meta":[],"product_brand":[],"product_cat":[34,28],"product_tag":[],"class_list":{"0":"post-262","1":"product","2":"type-product","3":"status-publish","4":"has-post-thumbnail","6":"product_cat-akcija","7":"product_cat-kucanstvo-pribor-za-ciscenje","9":"first","10":"instock","11":"shipping-taxable","12":"purchasable","13":"product-type-simple"},"_links":{"self":[{"href":"https:\/\/studioeditori.com\/zoda\/wp-json\/wp\/v2\/product\/262","targetHints":{"allow":["GET"]}}],"collection":[{"href":"https:\/\/studioeditori.com\/zoda\/wp-json\/wp\/v2\/product"}],"about":[{"href":"https:\/\/studioeditori.com\/zoda\/wp-json\/wp\/v2\/types\/product"}],"replies":[{"embeddable":true,"href":"https:\/\/studioeditori.com\/zoda\/wp-json\/wp\/v2\/comments?post=262"}],"wp:featuredmedia":[{"embeddable":true,"href":"https:\/\/studioeditori.com\/zoda\/wp-json\/wp\/v2\/media\/239"}],"wp:attachment":[{"href":"https:\/\/studioeditori.com\/zoda\/wp-json\/wp\/v2\/media?parent=262"}],"wp:term":[{"taxonomy":"product_brand","embeddable":true,"href":"https:\/\/studioeditori.com\/zoda\/wp-json\/wp\/v2\/product_brand?post=262"},{"taxonomy":"product_cat","embeddable":true,"href":"https:\/\/studioeditori.com\/zoda\/wp-json\/wp\/v2\/product_cat?post=262"},{"taxonomy":"product_tag","embeddable":true,"href":"https:\/\/studioeditori.com\/zoda\/wp-json\/wp\/v2\/product_tag?post=262"}],"curies":[{"name":"wp","href":"https:\/\/api.w.org\/{rel}","templated":true}]}}