{"id":263,"date":"2024-02-01T10:07:45","date_gmt":"2024-02-01T10:07:45","guid":{"rendered":"https:\/\/studioeditori.com\/zoda\/?post_type=product&#038;p=263"},"modified":"2024-02-19T16:06:59","modified_gmt":"2024-02-19T16:06:59","slug":"clean-cid-sredstvo-za-uklanjanje-plijesni-i-gljivica-750ml","status":"publish","type":"product","link":"https:\/\/studioeditori.com\/zoda\/proizvod\/clean-cid-sredstvo-za-uklanjanje-plijesni-i-gljivica-750ml\/","title":{"rendered":"Clean Cid sredstvo za uklanjanje plijesni i gljivica, 750ml"},"content":{"rendered":"<p><b>Idealno sredstvo za uklanjanje plijesni i gljivica s tvrdih povr\u0161ina. Sredstvo je posebno u\u010dinkovito u kupaonicama, silikonskim podru\u010djima, fugama te unutarnjim i vanjskim zidnim podlogama. Zahvaluiju\u0107i posebnoj formul iribanje te ru\u010dno uklanjanje nije potrebno. Pogodno za \u010di\u0161\u0107enje klima ure\u0111aja. Sredstvo je namijenjeno za op\u0107u i profesionalnu uporebu.<\/b><\/p>\n","protected":false},"excerpt":{"rendered":"<p>Idealno sredstvo za uklanjanje plijesni i gljivica s tvrdih povr\u0161ina. Sredstvo je posebno u\u010dinkovito u kupaonicama, silikonskim podru\u010djima, fugama te unutarnjim i vanjskim zidnim podlogama. Zahvaluiju\u0107i posebnoj formul iribanje te ru\u010dno uklanjanje nije potrebno. Pogodno za \u010di\u0161\u0107enje klima ure\u0111aja. Sredstvo je namijenjeno za op\u0107u i profesionalnu uporebu.<\/p>\n","protected":false},"featured_media":243,"comment_status":"open","ping_status":"closed","template":"","meta":[],"product_brand":[],"product_cat":[34,33,28],"product_tag":[],"class_list":{"0":"post-263","1":"product","2":"type-product","3":"status-publish","4":"has-post-thumbnail","6":"product_cat-akcija","7":"product_cat-izdvojeni-proizvodi","8":"product_cat-kucanstvo-pribor-za-ciscenje","10":"first","11":"instock","12":"shipping-taxable","13":"purchasable","14":"product-type-simple"},"_links":{"self":[{"href":"https:\/\/studioeditori.com\/zoda\/wp-json\/wp\/v2\/product\/263","targetHints":{"allow":["GET"]}}],"collection":[{"href":"https:\/\/studioeditori.com\/zoda\/wp-json\/wp\/v2\/product"}],"about":[{"href":"https:\/\/studioeditori.com\/zoda\/wp-json\/wp\/v2\/types\/product"}],"replies":[{"embeddable":true,"href":"https:\/\/studioeditori.com\/zoda\/wp-json\/wp\/v2\/comments?post=263"}],"wp:featuredmedia":[{"embeddable":true,"href":"https:\/\/studioeditori.com\/zoda\/wp-json\/wp\/v2\/media\/243"}],"wp:attachment":[{"href":"https:\/\/studioeditori.com\/zoda\/wp-json\/wp\/v2\/media?parent=263"}],"wp:term":[{"taxonomy":"product_brand","embeddable":true,"href":"https:\/\/studioeditori.com\/zoda\/wp-json\/wp\/v2\/product_brand?post=263"},{"taxonomy":"product_cat","embeddable":true,"href":"https:\/\/studioeditori.com\/zoda\/wp-json\/wp\/v2\/product_cat?post=263"},{"taxonomy":"product_tag","embeddable":true,"href":"https:\/\/studioeditori.com\/zoda\/wp-json\/wp\/v2\/product_tag?post=263"}],"curies":[{"name":"wp","href":"https:\/\/api.w.org\/{rel}","templated":true}]}}