{"id":266,"date":"2024-02-01T10:09:10","date_gmt":"2024-02-01T10:09:10","guid":{"rendered":"https:\/\/studioeditori.com\/zoda\/?post_type=product&#038;p=266"},"modified":"2024-02-19T16:04:37","modified_gmt":"2024-02-19T16:04:37","slug":"clean-kitchen-plus-sredstvo-za-ciscenje-kuhinjskih-povrsina-750ml","status":"publish","type":"product","link":"https:\/\/studioeditori.com\/zoda\/proizvod\/clean-kitchen-plus-sredstvo-za-ciscenje-kuhinjskih-povrsina-750ml\/","title":{"rendered":"Clean kitchen plus, sredstvo za \u010di\u0161\u0107enje kuhinjskih povr\u0161ina, 750ml"},"content":{"rendered":"<p><b>Idealno sredstvo za redovito odr\u017eavanje i \u010di\u0161\u0107enje kuhinjskih povr\u0161ina od nehr\u0111aju\u0107eg \u010delika. Odr\u017eava sjaj te otklanja masno\u0107u na inox povr\u0161inama. Specijalno sredstvo za \u010di\u0161\u0107enje blagih naslaga masno\u0107e na povr\u0161inama namijenjenim za pripremu i serviranje hrane. Sredstvo je namijenjeno za op\u0107u i profesionalnu uporabu. Pakiranja mogu\u0107a: 750ml, 5 l ili 10l<\/b><\/p>\n","protected":false},"excerpt":{"rendered":"<p>Idealno sredstvo za redovito odr\u017eavanje i \u010di\u0161\u0107enje kuhinjskih povr\u0161ina od nehr\u0111aju\u0107eg \u010delika. Odr\u017eava sjaj te otklanja masno\u0107u na inox povr\u0161inama. Specijalno sredstvo za \u010di\u0161\u0107enje blagih naslaga masno\u0107e na povr\u0161inama namijenjenim za pripremu i serviranje hrane. Sredstvo je namijenjeno za op\u0107u i profesionalnu uporabu. Pakiranja mogu\u0107a: 750ml, 5 l ili 10l<\/p>\n","protected":false},"featured_media":242,"comment_status":"open","ping_status":"closed","template":"","meta":[],"product_brand":[],"product_cat":[34,28],"product_tag":[],"class_list":{"0":"post-266","1":"product","2":"type-product","3":"status-publish","4":"has-post-thumbnail","6":"product_cat-akcija","7":"product_cat-kucanstvo-pribor-za-ciscenje","9":"first","10":"instock","11":"shipping-taxable","12":"purchasable","13":"product-type-simple"},"_links":{"self":[{"href":"https:\/\/studioeditori.com\/zoda\/wp-json\/wp\/v2\/product\/266","targetHints":{"allow":["GET"]}}],"collection":[{"href":"https:\/\/studioeditori.com\/zoda\/wp-json\/wp\/v2\/product"}],"about":[{"href":"https:\/\/studioeditori.com\/zoda\/wp-json\/wp\/v2\/types\/product"}],"replies":[{"embeddable":true,"href":"https:\/\/studioeditori.com\/zoda\/wp-json\/wp\/v2\/comments?post=266"}],"wp:featuredmedia":[{"embeddable":true,"href":"https:\/\/studioeditori.com\/zoda\/wp-json\/wp\/v2\/media\/242"}],"wp:attachment":[{"href":"https:\/\/studioeditori.com\/zoda\/wp-json\/wp\/v2\/media?parent=266"}],"wp:term":[{"taxonomy":"product_brand","embeddable":true,"href":"https:\/\/studioeditori.com\/zoda\/wp-json\/wp\/v2\/product_brand?post=266"},{"taxonomy":"product_cat","embeddable":true,"href":"https:\/\/studioeditori.com\/zoda\/wp-json\/wp\/v2\/product_cat?post=266"},{"taxonomy":"product_tag","embeddable":true,"href":"https:\/\/studioeditori.com\/zoda\/wp-json\/wp\/v2\/product_tag?post=266"}],"curies":[{"name":"wp","href":"https:\/\/api.w.org\/{rel}","templated":true}]}}