{"id":267,"date":"2024-02-01T10:10:34","date_gmt":"2024-02-01T10:10:34","guid":{"rendered":"https:\/\/studioeditori.com\/zoda\/?post_type=product&#038;p=267"},"modified":"2024-02-19T16:03:53","modified_gmt":"2024-02-19T16:03:53","slug":"clean-universal-sredstvo-za-svakodnevno-ciscenje-i-odrzavanje-namjestaja-i-ureda-750ml","status":"publish","type":"product","link":"https:\/\/studioeditori.com\/zoda\/proizvod\/clean-universal-sredstvo-za-svakodnevno-ciscenje-i-odrzavanje-namjestaja-i-ureda-750ml\/","title":{"rendered":"Clean universal, sredstvo za svakodnevno \u010di\u0161\u0107enje i odr\u017eavanje namje\u0161taja i ureda, 750ml"},"content":{"rendered":"<p><b>Proizvod je namijenjen za \u010di\u0161\u0107enje namje\u0161taja, drvene i plasti\u010dne stolarije, rukohvata, poliranih povr\u0161ina, prekida\u010da, ra\u010dunalne opreme. Ostavlja osvje\u017eavaju\u0107i miris bez alergena. Pogodno za primjenu na svim glatkim povr\u0161inama kao \u0161to su drvo, keramika, povr\u0161ine od plastike, metala, stakla, mramora i akrila. Pakiranja mogu\u0107a: 750ml, 5 l ili 10l<\/b><\/p>\n","protected":false},"excerpt":{"rendered":"<p>Proizvod je namijenjen za \u010di\u0161\u0107enje namje\u0161taja, drvene i plasti\u010dne stolarije, rukohvata, poliranih povr\u0161ina, prekida\u010da, ra\u010dunalne opreme. Ostavlja osvje\u017eavaju\u0107i miris bez alergena. Pogodno za primjenu na svim glatkim povr\u0161inama kao \u0161to su drvo, keramika, povr\u0161ine od plastike, metala, stakla, mramora i akrila. Pakiranja mogu\u0107a: 750ml, 5 l ili 10l<\/p>\n","protected":false},"featured_media":244,"comment_status":"open","ping_status":"closed","template":"","meta":[],"product_brand":[],"product_cat":[34,33,28],"product_tag":[],"class_list":{"0":"post-267","1":"product","2":"type-product","3":"status-publish","4":"has-post-thumbnail","6":"product_cat-akcija","7":"product_cat-izdvojeni-proizvodi","8":"product_cat-kucanstvo-pribor-za-ciscenje","10":"first","11":"instock","12":"shipping-taxable","13":"purchasable","14":"product-type-simple"},"_links":{"self":[{"href":"https:\/\/studioeditori.com\/zoda\/wp-json\/wp\/v2\/product\/267","targetHints":{"allow":["GET"]}}],"collection":[{"href":"https:\/\/studioeditori.com\/zoda\/wp-json\/wp\/v2\/product"}],"about":[{"href":"https:\/\/studioeditori.com\/zoda\/wp-json\/wp\/v2\/types\/product"}],"replies":[{"embeddable":true,"href":"https:\/\/studioeditori.com\/zoda\/wp-json\/wp\/v2\/comments?post=267"}],"wp:featuredmedia":[{"embeddable":true,"href":"https:\/\/studioeditori.com\/zoda\/wp-json\/wp\/v2\/media\/244"}],"wp:attachment":[{"href":"https:\/\/studioeditori.com\/zoda\/wp-json\/wp\/v2\/media?parent=267"}],"wp:term":[{"taxonomy":"product_brand","embeddable":true,"href":"https:\/\/studioeditori.com\/zoda\/wp-json\/wp\/v2\/product_brand?post=267"},{"taxonomy":"product_cat","embeddable":true,"href":"https:\/\/studioeditori.com\/zoda\/wp-json\/wp\/v2\/product_cat?post=267"},{"taxonomy":"product_tag","embeddable":true,"href":"https:\/\/studioeditori.com\/zoda\/wp-json\/wp\/v2\/product_tag?post=267"}],"curies":[{"name":"wp","href":"https:\/\/api.w.org\/{rel}","templated":true}]}}