{"id":268,"date":"2024-02-01T10:13:03","date_gmt":"2024-02-01T10:13:03","guid":{"rendered":"https:\/\/studioeditori.com\/zoda\/?post_type=product&#038;p=268"},"modified":"2024-02-19T16:03:39","modified_gmt":"2024-02-19T16:03:39","slug":"clean-bliss-sredstvo-za-pranje-svih-staklenih-povrsina-750ml","status":"publish","type":"product","link":"https:\/\/studioeditori.com\/zoda\/proizvod\/clean-bliss-sredstvo-za-pranje-svih-staklenih-povrsina-750ml\/","title":{"rendered":"Clean Bliss sredstvo za pranje svih staklenih povr\u0161ina, 750ml"},"content":{"rendered":"<p><b>Proizvod je namjenjen za u\u010dinkovito \u010di\u0161\u0107enje stakla i svih glatkih povr\u0161ina koji onemogu\u0107avaju nakupljanje pra\u0161ine<span class=\"Apple-converted-space\">\u00a0 <\/span>kroz dulje vrijeme, sprije\u010dava magljenje stakla i osigurava kristalni i dugotrajan sjaj svim staklenim i glatkim povr\u0161inama.<span class=\"Apple-converted-space\">\u00a0 <\/span>Ostavlja povr\u0161ine bez tragova brisanja. Proizvod je namijenjen za op\u0107u i profesionalnu upotrebu. Pakiranja mogu\u0107a: 750ml, 5 l ili 10l<\/b><\/p>\n","protected":false},"excerpt":{"rendered":"<p>Proizvod je namjenjen za u\u010dinkovito \u010di\u0161\u0107enje stakla i svih glatkih povr\u0161ina koji onemogu\u0107avaju nakupljanje pra\u0161ine\u00a0 kroz dulje vrijeme, sprije\u010dava magljenje stakla i osigurava kristalni i dugotrajan sjaj svim staklenim i glatkim povr\u0161inama.\u00a0 Ostavlja povr\u0161ine bez tragova brisanja. Proizvod je namijenjen za op\u0107u i profesionalnu upotrebu. Pakiranja mogu\u0107a: 750ml, 5 l ili 10l<\/p>\n","protected":false},"featured_media":328,"comment_status":"open","ping_status":"closed","template":"","meta":[],"product_brand":[],"product_cat":[34,28],"product_tag":[],"class_list":{"0":"post-268","1":"product","2":"type-product","3":"status-publish","4":"has-post-thumbnail","6":"product_cat-akcija","7":"product_cat-kucanstvo-pribor-za-ciscenje","9":"first","10":"instock","11":"shipping-taxable","12":"purchasable","13":"product-type-simple"},"_links":{"self":[{"href":"https:\/\/studioeditori.com\/zoda\/wp-json\/wp\/v2\/product\/268","targetHints":{"allow":["GET"]}}],"collection":[{"href":"https:\/\/studioeditori.com\/zoda\/wp-json\/wp\/v2\/product"}],"about":[{"href":"https:\/\/studioeditori.com\/zoda\/wp-json\/wp\/v2\/types\/product"}],"replies":[{"embeddable":true,"href":"https:\/\/studioeditori.com\/zoda\/wp-json\/wp\/v2\/comments?post=268"}],"wp:featuredmedia":[{"embeddable":true,"href":"https:\/\/studioeditori.com\/zoda\/wp-json\/wp\/v2\/media\/328"}],"wp:attachment":[{"href":"https:\/\/studioeditori.com\/zoda\/wp-json\/wp\/v2\/media?parent=268"}],"wp:term":[{"taxonomy":"product_brand","embeddable":true,"href":"https:\/\/studioeditori.com\/zoda\/wp-json\/wp\/v2\/product_brand?post=268"},{"taxonomy":"product_cat","embeddable":true,"href":"https:\/\/studioeditori.com\/zoda\/wp-json\/wp\/v2\/product_cat?post=268"},{"taxonomy":"product_tag","embeddable":true,"href":"https:\/\/studioeditori.com\/zoda\/wp-json\/wp\/v2\/product_tag?post=268"}],"curies":[{"name":"wp","href":"https:\/\/api.w.org\/{rel}","templated":true}]}}