{"id":331,"date":"2024-02-01T14:37:29","date_gmt":"2024-02-01T14:37:29","guid":{"rendered":"https:\/\/studioeditori.com\/zoda\/?post_type=product&#038;p=331"},"modified":"2024-02-19T16:02:13","modified_gmt":"2024-02-19T16:02:13","slug":"my-hero-omeksivac","status":"publish","type":"product","link":"https:\/\/studioeditori.com\/zoda\/proizvod\/my-hero-omeksivac\/","title":{"rendered":"MyHero &#8211; OMEK\u0160IVA\u010c \u2013 ORIGINAL"},"content":{"rendered":"<p><b>KONCENTRIRANI OMEK\u0160IVA\u010c.<\/b> Tkanine tretirane ovim omek\u0161iva\u010dem bit \u0107e meke i mirisne, a ujedno i olak\u0161ava<span class=\"Apple-converted-space\">\u00a0 <\/span>gla\u010danje. Omek\u0161iva\u010d tako\u0111er smanjuje stati\u010dki elektricitet. Upute za uporabu : Dozirati pri zadnjem ispiranju bez razrje\u0111ivanja. Za strojno pranje: Ulijte dvije \u0161alice proizvoda u spremnik perilice za omek\u0161avanje. Za ru\u010dno pranje: ulijte jednu \u0161alicu proizvoda u 5l vode od zadnjeg ispiranja. Nemojte nanositi izravno na rublje. Mjere opreza: Dr\u017eati podalje od djece. Dr\u017eati dalje od o\u010diju. Ako proizvod dospije u o\u010di temeljito isperite vodom. Osobe s osjetljivom ili o\u0161te\u0107enom ko\u017eom trebaju izbjegavati dulji kontakt s proizvodom. Ne gutati. Ako se proizvod proguta, odmah potra\u017eite savjet lije\u010dnika.<\/p>\n","protected":false},"excerpt":{"rendered":"<p>KONCENTRIRANI OMEK\u0160IVA\u010c. Tkanine tretirane ovim omek\u0161iva\u010dem bit \u0107e meke i mirisne, a ujedno i olak\u0161ava\u00a0 gla\u010danje. Omek\u0161iva\u010d tako\u0111er smanjuje stati\u010dki elektricitet. Upute za uporabu : Dozirati pri zadnjem ispiranju bez razrje\u0111ivanja. Za strojno pranje: Ulijte dvije \u0161alice proizvoda u spremnik perilice za omek\u0161avanje. Za ru\u010dno pranje: ulijte jednu \u0161alicu proizvoda u 5l vode od zadnjeg [&hellip;]<\/p>\n","protected":false},"featured_media":334,"comment_status":"open","ping_status":"closed","template":"","meta":[],"product_brand":[],"product_cat":[28],"product_tag":[],"class_list":{"0":"post-331","1":"product","2":"type-product","3":"status-publish","4":"has-post-thumbnail","6":"product_cat-kucanstvo-pribor-za-ciscenje","8":"first","9":"instock","10":"shipping-taxable","11":"purchasable","12":"product-type-simple"},"_links":{"self":[{"href":"https:\/\/studioeditori.com\/zoda\/wp-json\/wp\/v2\/product\/331","targetHints":{"allow":["GET"]}}],"collection":[{"href":"https:\/\/studioeditori.com\/zoda\/wp-json\/wp\/v2\/product"}],"about":[{"href":"https:\/\/studioeditori.com\/zoda\/wp-json\/wp\/v2\/types\/product"}],"replies":[{"embeddable":true,"href":"https:\/\/studioeditori.com\/zoda\/wp-json\/wp\/v2\/comments?post=331"}],"wp:featuredmedia":[{"embeddable":true,"href":"https:\/\/studioeditori.com\/zoda\/wp-json\/wp\/v2\/media\/334"}],"wp:attachment":[{"href":"https:\/\/studioeditori.com\/zoda\/wp-json\/wp\/v2\/media?parent=331"}],"wp:term":[{"taxonomy":"product_brand","embeddable":true,"href":"https:\/\/studioeditori.com\/zoda\/wp-json\/wp\/v2\/product_brand?post=331"},{"taxonomy":"product_cat","embeddable":true,"href":"https:\/\/studioeditori.com\/zoda\/wp-json\/wp\/v2\/product_cat?post=331"},{"taxonomy":"product_tag","embeddable":true,"href":"https:\/\/studioeditori.com\/zoda\/wp-json\/wp\/v2\/product_tag?post=331"}],"curies":[{"name":"wp","href":"https:\/\/api.w.org\/{rel}","templated":true}]}}