{"id":340,"date":"2024-02-01T14:39:49","date_gmt":"2024-02-01T14:39:49","guid":{"rendered":"https:\/\/studioeditori.com\/zoda\/?post_type=product&#038;p=340"},"modified":"2024-02-19T16:01:34","modified_gmt":"2024-02-19T16:01:34","slug":"myhero-osvjezivac-za-wc-skoljku","status":"publish","type":"product","link":"https:\/\/studioeditori.com\/zoda\/proizvod\/myhero-osvjezivac-za-wc-skoljku\/","title":{"rendered":"MyHero osvje\u017eiva\u010d za WC \u0161koljku"},"content":{"rendered":"<p><b>MyHero osvje\u017eiva\u010d za WC \u0161koljku<\/b> pru\u017ea dugotrajan svje\u017ei miris u va\u0161oj kupaonici. Mo\u017ee nadra\u017eiti ko\u017eu i o\u010di, \u010duvajte ga u ambala\u017ei. Nosite za\u0161titne rukavice. U slu\u010daju dodira s ko\u017eom, operite s puno sapuna i vode. U slu\u010daju kontakta s o\u010dima, isperite o\u010di vodom nekoliko minuta. Pitajte lije\u010dnika za medicinski savjet ako je potrebno.<\/p>\n","protected":false},"excerpt":{"rendered":"<p>MyHero osvje\u017eiva\u010d za WC \u0161koljku pru\u017ea dugotrajan svje\u017ei miris u va\u0161oj kupaonici. Mo\u017ee nadra\u017eiti ko\u017eu i o\u010di, \u010duvajte ga u ambala\u017ei. Nosite za\u0161titne rukavice. U slu\u010daju dodira s ko\u017eom, operite s puno sapuna i vode. U slu\u010daju kontakta s o\u010dima, isperite o\u010di vodom nekoliko minuta. Pitajte lije\u010dnika za medicinski savjet ako je potrebno.<\/p>\n","protected":false},"featured_media":336,"comment_status":"open","ping_status":"closed","template":"","meta":[],"product_brand":[],"product_cat":[28],"product_tag":[],"class_list":{"0":"post-340","1":"product","2":"type-product","3":"status-publish","4":"has-post-thumbnail","6":"product_cat-kucanstvo-pribor-za-ciscenje","8":"first","9":"instock","10":"shipping-taxable","11":"purchasable","12":"product-type-simple"},"_links":{"self":[{"href":"https:\/\/studioeditori.com\/zoda\/wp-json\/wp\/v2\/product\/340","targetHints":{"allow":["GET"]}}],"collection":[{"href":"https:\/\/studioeditori.com\/zoda\/wp-json\/wp\/v2\/product"}],"about":[{"href":"https:\/\/studioeditori.com\/zoda\/wp-json\/wp\/v2\/types\/product"}],"replies":[{"embeddable":true,"href":"https:\/\/studioeditori.com\/zoda\/wp-json\/wp\/v2\/comments?post=340"}],"wp:featuredmedia":[{"embeddable":true,"href":"https:\/\/studioeditori.com\/zoda\/wp-json\/wp\/v2\/media\/336"}],"wp:attachment":[{"href":"https:\/\/studioeditori.com\/zoda\/wp-json\/wp\/v2\/media?parent=340"}],"wp:term":[{"taxonomy":"product_brand","embeddable":true,"href":"https:\/\/studioeditori.com\/zoda\/wp-json\/wp\/v2\/product_brand?post=340"},{"taxonomy":"product_cat","embeddable":true,"href":"https:\/\/studioeditori.com\/zoda\/wp-json\/wp\/v2\/product_cat?post=340"},{"taxonomy":"product_tag","embeddable":true,"href":"https:\/\/studioeditori.com\/zoda\/wp-json\/wp\/v2\/product_tag?post=340"}],"curies":[{"name":"wp","href":"https:\/\/api.w.org\/{rel}","templated":true}]}}