{"id":341,"date":"2024-02-01T14:41:27","date_gmt":"2024-02-01T14:41:27","guid":{"rendered":"https:\/\/studioeditori.com\/zoda\/?post_type=product&#038;p=341"},"modified":"2024-02-19T16:00:01","modified_gmt":"2024-02-19T16:00:01","slug":"bebi-vlazna-maramica-water-72-1","status":"publish","type":"product","link":"https:\/\/studioeditori.com\/zoda\/proizvod\/bebi-vlazna-maramica-water-72-1\/","title":{"rendered":"BEBI VLa\u017ena maramica water 72\/1"},"content":{"rendered":"<p><b>Vla\u017ene maramice Bebi pure water sadr\u017ee 99% vode. Dermatolo\u0161ki su testirane, nje\u017eno \u010diste i njeguju bebinu ko\u017eu. Iznimno su mekane i nje\u017ene. Bez parabena i alkohola. 72\/1<\/b><\/p>\n","protected":false},"excerpt":{"rendered":"<p>Vla\u017ene maramice Bebi pure water sadr\u017ee 99% vode. Dermatolo\u0161ki su testirane, nje\u017eno \u010diste i njeguju bebinu ko\u017eu. Iznimno su mekane i nje\u017ene. Bez parabena i alkohola. 72\/1<\/p>\n","protected":false},"featured_media":333,"comment_status":"open","ping_status":"closed","template":"","meta":[],"product_brand":[],"product_cat":[34,27,26],"product_tag":[],"class_list":{"0":"post-341","1":"product","2":"type-product","3":"status-publish","4":"has-post-thumbnail","6":"product_cat-akcija","7":"product_cat-njega-i-kozmetika","8":"product_cat-vlazne-maramice","10":"first","11":"instock","12":"shipping-taxable","13":"purchasable","14":"product-type-simple"},"_links":{"self":[{"href":"https:\/\/studioeditori.com\/zoda\/wp-json\/wp\/v2\/product\/341","targetHints":{"allow":["GET"]}}],"collection":[{"href":"https:\/\/studioeditori.com\/zoda\/wp-json\/wp\/v2\/product"}],"about":[{"href":"https:\/\/studioeditori.com\/zoda\/wp-json\/wp\/v2\/types\/product"}],"replies":[{"embeddable":true,"href":"https:\/\/studioeditori.com\/zoda\/wp-json\/wp\/v2\/comments?post=341"}],"wp:featuredmedia":[{"embeddable":true,"href":"https:\/\/studioeditori.com\/zoda\/wp-json\/wp\/v2\/media\/333"}],"wp:attachment":[{"href":"https:\/\/studioeditori.com\/zoda\/wp-json\/wp\/v2\/media?parent=341"}],"wp:term":[{"taxonomy":"product_brand","embeddable":true,"href":"https:\/\/studioeditori.com\/zoda\/wp-json\/wp\/v2\/product_brand?post=341"},{"taxonomy":"product_cat","embeddable":true,"href":"https:\/\/studioeditori.com\/zoda\/wp-json\/wp\/v2\/product_cat?post=341"},{"taxonomy":"product_tag","embeddable":true,"href":"https:\/\/studioeditori.com\/zoda\/wp-json\/wp\/v2\/product_tag?post=341"}],"curies":[{"name":"wp","href":"https:\/\/api.w.org\/{rel}","templated":true}]}}