{"id":474,"date":"2024-02-17T12:10:18","date_gmt":"2024-02-17T12:10:18","guid":{"rendered":"https:\/\/studioeditori.com\/zoda\/?post_type=product&#038;p=474"},"modified":"2024-02-19T15:19:32","modified_gmt":"2024-02-19T15:19:32","slug":"pure-white-sampon-za-kosu-i-tijelo-vrecica","status":"publish","type":"product","link":"https:\/\/studioeditori.com\/zoda\/proizvod\/pure-white-sampon-za-kosu-i-tijelo-vrecica\/","title":{"rendered":"Pure white \u0160ampon za kosu i tijelo, vre\u0107ica"},"content":{"rendered":"<p>\u0160ampon za kosu i tijelu Linija Pure White mijenja kromatske kontraste u minimalan i elegantan stil. Bijelo kao povjerenje, nada, pozitivnost, svijest, optimizam pod svaku cijenu. Ponekad treba znati ukloniti i pojednostaviti maksimalno da bi se uhvatila bit stvari.<\/p>\n","protected":false},"excerpt":{"rendered":"<p>\u0160ampon za kosu i tijelu Linija Pure White mijenja kromatske kontraste u minimalan i elegantan stil. Bijelo kao povjerenje, nada, pozitivnost, svijest, optimizam pod svaku cijenu. Ponekad treba znati ukloniti i pojednostaviti maksimalno da bi se uhvatila bit stvari.<\/p>\n","protected":false},"featured_media":475,"comment_status":"open","ping_status":"closed","template":"","meta":[],"product_brand":[],"product_cat":[30,27],"product_tag":[],"class_list":{"0":"post-474","1":"product","2":"type-product","3":"status-publish","4":"has-post-thumbnail","6":"product_cat-hotelska-kozmetika","7":"product_cat-njega-i-kozmetika","9":"first","10":"instock","11":"shipping-taxable","12":"purchasable","13":"product-type-simple"},"_links":{"self":[{"href":"https:\/\/studioeditori.com\/zoda\/wp-json\/wp\/v2\/product\/474","targetHints":{"allow":["GET"]}}],"collection":[{"href":"https:\/\/studioeditori.com\/zoda\/wp-json\/wp\/v2\/product"}],"about":[{"href":"https:\/\/studioeditori.com\/zoda\/wp-json\/wp\/v2\/types\/product"}],"replies":[{"embeddable":true,"href":"https:\/\/studioeditori.com\/zoda\/wp-json\/wp\/v2\/comments?post=474"}],"wp:featuredmedia":[{"embeddable":true,"href":"https:\/\/studioeditori.com\/zoda\/wp-json\/wp\/v2\/media\/475"}],"wp:attachment":[{"href":"https:\/\/studioeditori.com\/zoda\/wp-json\/wp\/v2\/media?parent=474"}],"wp:term":[{"taxonomy":"product_brand","embeddable":true,"href":"https:\/\/studioeditori.com\/zoda\/wp-json\/wp\/v2\/product_brand?post=474"},{"taxonomy":"product_cat","embeddable":true,"href":"https:\/\/studioeditori.com\/zoda\/wp-json\/wp\/v2\/product_cat?post=474"},{"taxonomy":"product_tag","embeddable":true,"href":"https:\/\/studioeditori.com\/zoda\/wp-json\/wp\/v2\/product_tag?post=474"}],"curies":[{"name":"wp","href":"https:\/\/api.w.org\/{rel}","templated":true}]}}