{"id":504,"date":"2024-02-17T12:38:29","date_gmt":"2024-02-17T12:38:29","guid":{"rendered":"https:\/\/studioeditori.com\/zoda\/?post_type=product&#038;p=504"},"modified":"2024-02-19T15:11:57","modified_gmt":"2024-02-19T15:11:57","slug":"regenerator-za-kosu","status":"publish","type":"product","link":"https:\/\/studioeditori.com\/zoda\/proizvod\/regenerator-za-kosu\/","title":{"rendered":"Regenerator za kosu"},"content":{"rendered":"<p>Regenerator za kosu<br \/>S organskim arganovim uljem.<br \/>Ulje argana, poznato i omiljeno u cijelom svijetu, u osnovi je ove elegantne, profinjene i senzualne linije toaletnih potrep\u0161tina stvorenih za hotele. Njegov aktivni sastojak, zapravo, djeluje omek\u0161avaju\u0107e, hidratantno i protiv starenja, \u0161to ga \u010dini pravim eliksirom ljepote za ko\u017eu.<\/p>\n","protected":false},"excerpt":{"rendered":"<p>Regenerator za kosuS organskim arganovim uljem.Ulje argana, poznato i omiljeno u cijelom svijetu, u osnovi je ove elegantne, profinjene i senzualne linije toaletnih potrep\u0161tina stvorenih za hotele. Njegov aktivni sastojak, zapravo, djeluje omek\u0161avaju\u0107e, hidratantno i protiv starenja, \u0161to ga \u010dini pravim eliksirom ljepote za ko\u017eu.<\/p>\n","protected":false},"featured_media":505,"comment_status":"open","ping_status":"closed","template":"","meta":[],"product_brand":[],"product_cat":[30,27],"product_tag":[],"class_list":{"0":"post-504","1":"product","2":"type-product","3":"status-publish","4":"has-post-thumbnail","6":"product_cat-hotelska-kozmetika","7":"product_cat-njega-i-kozmetika","9":"first","10":"instock","11":"shipping-taxable","12":"purchasable","13":"product-type-simple"},"_links":{"self":[{"href":"https:\/\/studioeditori.com\/zoda\/wp-json\/wp\/v2\/product\/504","targetHints":{"allow":["GET"]}}],"collection":[{"href":"https:\/\/studioeditori.com\/zoda\/wp-json\/wp\/v2\/product"}],"about":[{"href":"https:\/\/studioeditori.com\/zoda\/wp-json\/wp\/v2\/types\/product"}],"replies":[{"embeddable":true,"href":"https:\/\/studioeditori.com\/zoda\/wp-json\/wp\/v2\/comments?post=504"}],"wp:featuredmedia":[{"embeddable":true,"href":"https:\/\/studioeditori.com\/zoda\/wp-json\/wp\/v2\/media\/505"}],"wp:attachment":[{"href":"https:\/\/studioeditori.com\/zoda\/wp-json\/wp\/v2\/media?parent=504"}],"wp:term":[{"taxonomy":"product_brand","embeddable":true,"href":"https:\/\/studioeditori.com\/zoda\/wp-json\/wp\/v2\/product_brand?post=504"},{"taxonomy":"product_cat","embeddable":true,"href":"https:\/\/studioeditori.com\/zoda\/wp-json\/wp\/v2\/product_cat?post=504"},{"taxonomy":"product_tag","embeddable":true,"href":"https:\/\/studioeditori.com\/zoda\/wp-json\/wp\/v2\/product_tag?post=504"}],"curies":[{"name":"wp","href":"https:\/\/api.w.org\/{rel}","templated":true}]}}