{"id":524,"date":"2024-02-17T17:18:57","date_gmt":"2024-02-17T17:18:57","guid":{"rendered":"https:\/\/studioeditori.com\/zoda\/?post_type=product&#038;p=524"},"modified":"2024-02-19T12:33:31","modified_gmt":"2024-02-19T12:33:31","slug":"oliva-tekuci-sapun-za-ruke-400ml","status":"publish","type":"product","link":"https:\/\/studioeditori.com\/zoda\/proizvod\/oliva-tekuci-sapun-za-ruke-400ml\/","title":{"rendered":"Oliva teku\u0107i sapun za ruke 400ml"},"content":{"rendered":"<p>Teku\u0107i sapun za ruke u dozatoru sa prozirnom bo\u010dnom stranom od 400 ml<br \/>S organskim uljem masline.<br \/>Ulje masline oduvijek je poznato po svojim umiruju\u0107im i hranjivim svojstvima. Danas je fokus kozmeti\u010dke znanosti na antioksidativnom djelovanju polifenola, pravog eliksira mladosti. Iskustvo ljepote i dobrobiti koje postaje funkcionalno u izvrsnim proizvodima.<br \/>Maslina je plod obilja, kontinuiranog obnavljanja, koji kombinira omek\u0161avaju\u0107a i hidratantna svojstva s antioksidativnim djelovanjem zahvaljuju\u0107i prisutnosti vitamina A, B, C, E i mineralnih soli. Dar mladosti koji se voli u cijelom svijetu.<\/p>\n","protected":false},"excerpt":{"rendered":"<p>Teku\u0107i sapun za ruke u dozatoru sa prozirnom bo\u010dnom stranom od 400 mlS organskim uljem masline.Ulje masline oduvijek je poznato po svojim umiruju\u0107im i hranjivim svojstvima. Danas je fokus kozmeti\u010dke znanosti na antioksidativnom djelovanju polifenola, pravog eliksira mladosti. Iskustvo ljepote i dobrobiti koje postaje funkcionalno u izvrsnim proizvodima.Maslina je plod obilja, kontinuiranog obnavljanja, koji kombinira [&hellip;]<\/p>\n","protected":false},"featured_media":526,"comment_status":"open","ping_status":"closed","template":"","meta":[],"product_brand":[],"product_cat":[30,27],"product_tag":[],"class_list":{"0":"post-524","1":"product","2":"type-product","3":"status-publish","4":"has-post-thumbnail","6":"product_cat-hotelska-kozmetika","7":"product_cat-njega-i-kozmetika","9":"first","10":"instock","11":"shipping-taxable","12":"purchasable","13":"product-type-simple"},"_links":{"self":[{"href":"https:\/\/studioeditori.com\/zoda\/wp-json\/wp\/v2\/product\/524","targetHints":{"allow":["GET"]}}],"collection":[{"href":"https:\/\/studioeditori.com\/zoda\/wp-json\/wp\/v2\/product"}],"about":[{"href":"https:\/\/studioeditori.com\/zoda\/wp-json\/wp\/v2\/types\/product"}],"replies":[{"embeddable":true,"href":"https:\/\/studioeditori.com\/zoda\/wp-json\/wp\/v2\/comments?post=524"}],"wp:featuredmedia":[{"embeddable":true,"href":"https:\/\/studioeditori.com\/zoda\/wp-json\/wp\/v2\/media\/526"}],"wp:attachment":[{"href":"https:\/\/studioeditori.com\/zoda\/wp-json\/wp\/v2\/media?parent=524"}],"wp:term":[{"taxonomy":"product_brand","embeddable":true,"href":"https:\/\/studioeditori.com\/zoda\/wp-json\/wp\/v2\/product_brand?post=524"},{"taxonomy":"product_cat","embeddable":true,"href":"https:\/\/studioeditori.com\/zoda\/wp-json\/wp\/v2\/product_cat?post=524"},{"taxonomy":"product_tag","embeddable":true,"href":"https:\/\/studioeditori.com\/zoda\/wp-json\/wp\/v2\/product_tag?post=524"}],"curies":[{"name":"wp","href":"https:\/\/api.w.org\/{rel}","templated":true}]}}